{"id":10179,"date":"2024-05-16T12:10:54","date_gmt":"2024-05-16T10:10:54","guid":{"rendered":"https:\/\/los-pistoleros.com\/?post_type=product&#038;p=10179"},"modified":"2026-04-02T15:43:10","modified_gmt":"2026-04-02T13:43:10","slug":"push-up-schtroumpf","status":"publish","type":"product","link":"https:\/\/los-pistoleros.com\/en\/product\/push-up-schtroumpf","title":{"rendered":"Push Up Schtroumpf"},"content":{"rendered":"<h1 data-start=\"123\" data-end=\"208\"><span role=\"text\"><strong data-start=\"126\" data-end=\"208\">Push Up Vanille \u2013 \u00c9clats de Bonbons au Chocolat au Lait Color\u00e9s (45 g \/ 80 ml)<\/strong><\/span><\/h1>\n<p data-start=\"210\" data-end=\"454\">Une glace \u00e0 la vanille onctueuse, agr\u00e9ment\u00e9e de <strong data-start=\"258\" data-end=\"297\">bonbons au chocolat au lait color\u00e9s<\/strong> pour un plaisir gourmand et ludique. Chaque bouch\u00e9e combine la douceur de la glace et le croquant des bonbons pour un effet visuel et gustatif irr\u00e9sistible.<\/p>\n<h3 data-start=\"461\" data-end=\"480\"><span role=\"text\"><strong data-start=\"465\" data-end=\"480\">Description :\u00a0<\/strong><\/span><\/h3>\n<ul data-start=\"482\" data-end=\"693\">\n<li data-start=\"482\" data-end=\"520\">Glace \u00e0 la vanille (glace de base)<\/li>\n<li data-start=\"521\" data-end=\"577\">\u00c9clats de bonbons au chocolat au lait color\u00e9s (9,6%)<\/li>\n<li data-start=\"578\" data-end=\"647\">Bonbons au chocolat au lait color\u00e9s int\u00e9gr\u00e9s dans le tube (12,2%)<\/li>\n<li data-start=\"648\" data-end=\"693\">Format individuel pratique : 45 g \/ 80 ml<\/li>\n<\/ul>\n<h3 data-start=\"700\" data-end=\"719\"><span role=\"text\"><strong data-start=\"704\" data-end=\"719\">Ingr\u00e9dients :\u00a0<\/strong><\/span><\/h3>\n<p data-start=\"721\" data-end=\"1241\">Lait \u00e9cr\u00e9m\u00e9, sucre, huile de coprah, sirop de glucose-fructose, sirop de glucose, p\u00e2te de cacao, beurre de cacao, lait entier en poudre, \u00e9mulsifiants (mono- et diglyc\u00e9rides d\u2019acides gras, l\u00e9cithines (soja)), amidon, concentr\u00e9s de jus (citron, spiruline, betterave rouge, cassis, raisin, radis), ar\u00f4me naturel de vanille, stabilisants (farine de graines de caroube, gomme guar), agents d\u2019enrobage (cire d\u2019abeille blanche et jaune, cire de carnauba, shellac, gomme arabique), extrait de malt d\u2019orge, extrait de carthame.<\/p>\n<h3 data-start=\"1248\" data-end=\"1266\"><span role=\"text\"><strong data-start=\"1252\" data-end=\"1266\">Allerg\u00e8nes :\u00a0<\/strong><\/span><\/h3>\n<p>Contient : <strong data-start=\"1281\" data-end=\"1332\">Lait, soja, c\u00e9r\u00e9ales contenant du gluten (orge)<\/strong><\/p>\n<p>Peut contenir des traces de <strong data-start=\"1365\" data-end=\"1390\">\u0153uf et fruits \u00e0 coque<\/strong><\/p>\n<h3 data-start=\"1399\" data-end=\"1430\"><span role=\"text\"><strong data-start=\"1403\" data-end=\"1430\">Valeurs nutritionnelles :\u00a0<\/strong><\/span><\/h3>\n<div class=\"TyagGW_tableContainer\">\n<div class=\"group TyagGW_tableWrapper flex flex-col-reverse w-fit\" tabindex=\"-1\">\n<table class=\"w-fit min-w-(--thread-content-width)\" style=\"height: 264px;\" width=\"418\" data-start=\"1432\" data-end=\"1773\">\n<thead data-start=\"1432\" data-end=\"1467\">\n<tr data-start=\"1432\" data-end=\"1467\">\n<th class=\"\" data-start=\"1432\" data-end=\"1445\" data-col-size=\"sm\"><\/th>\n<th class=\"\" data-start=\"1445\" data-end=\"1467\" data-col-size=\"sm\">Par portion (45 g)<\/th>\n<\/tr>\n<\/thead>\n<tbody data-start=\"1502\" data-end=\"1773\">\n<tr data-start=\"1502\" data-end=\"1535\">\n<td data-start=\"1502\" data-end=\"1512\" data-col-size=\"sm\">\u00c9nergie<\/td>\n<td data-start=\"1512\" data-end=\"1523\" data-col-size=\"sm\">251 kcal<\/td>\n<\/tr>\n<tr data-start=\"1536\" data-end=\"1571\">\n<td data-start=\"1536\" data-end=\"1555\" data-col-size=\"sm\">Mati\u00e8res grasses<\/td>\n<td data-start=\"1555\" data-end=\"1564\" data-col-size=\"sm\">11,1 g<\/td>\n<\/tr>\n<tr data-start=\"1572\" data-end=\"1612\">\n<td data-start=\"1572\" data-end=\"1599\" data-col-size=\"sm\">dont acides gras satur\u00e9s<\/td>\n<td data-start=\"1599\" data-end=\"1605\" data-col-size=\"sm\">9 g<\/td>\n<\/tr>\n<tr data-start=\"1613\" data-end=\"1643\">\n<td data-start=\"1613\" data-end=\"1624\" data-col-size=\"sm\">Glucides<\/td>\n<td data-start=\"1624\" data-end=\"1633\" data-col-size=\"sm\">34,3 g<\/td>\n<\/tr>\n<tr data-start=\"1644\" data-end=\"1677\">\n<td data-start=\"1644\" data-end=\"1658\" data-col-size=\"sm\">dont sucres<\/td>\n<td data-start=\"1658\" data-end=\"1667\" data-col-size=\"sm\">30,4 g<\/td>\n<\/tr>\n<tr data-start=\"1678\" data-end=\"1717\">\n<td data-start=\"1678\" data-end=\"1700\" data-col-size=\"sm\">Fibres alimentaires<\/td>\n<td data-start=\"1700\" data-end=\"1708\" data-col-size=\"sm\">0,6 g<\/td>\n<\/tr>\n<tr data-start=\"1718\" data-end=\"1747\">\n<td data-start=\"1718\" data-end=\"1730\" data-col-size=\"sm\">Prot\u00e9ines<\/td>\n<td data-start=\"1730\" data-end=\"1738\" data-col-size=\"sm\">3,1 g<\/td>\n<\/tr>\n<tr data-start=\"1748\" data-end=\"1773\">\n<td data-start=\"1748\" data-end=\"1754\" data-col-size=\"sm\">Sel<\/td>\n<td data-start=\"1754\" data-end=\"1763\" data-col-size=\"sm\">0,11 g<\/td>\n<\/tr>\n<\/tbody>\n<\/table>\n<\/div>\n<\/div>\n<p>&nbsp;<\/p>","protected":false},"excerpt":{"rendered":"<p>Push Up Vanille avec \u00e9clats de bonbons au chocolat au lait color\u00e9s \u2013 glace individuelle 45 g \/ 80 ml. Gourmande et ludique, parfaite pour les enfants.<\/p>","protected":false},"featured_media":10180,"template":"","meta":{"content-type":"","ocean_post_layout":"","ocean_both_sidebars_style":"","ocean_both_sidebars_content_width":0,"ocean_both_sidebars_sidebars_width":0,"ocean_sidebar":"0","ocean_second_sidebar":"0","ocean_disable_margins":"enable","ocean_add_body_class":"","ocean_shortcode_before_top_bar":"","ocean_shortcode_after_top_bar":"","ocean_shortcode_before_header":"","ocean_shortcode_after_header":"","ocean_has_shortcode":"","ocean_shortcode_after_title":"","ocean_shortcode_before_footer_widgets":"","ocean_shortcode_after_footer_widgets":"","ocean_shortcode_before_footer_bottom":"","ocean_shortcode_after_footer_bottom":"","ocean_display_top_bar":"default","ocean_display_header":"default","ocean_header_style":"","ocean_center_header_left_menu":"0","ocean_custom_header_template":"0","ocean_custom_logo":0,"ocean_custom_retina_logo":0,"ocean_custom_logo_max_width":0,"ocean_custom_logo_tablet_max_width":0,"ocean_custom_logo_mobile_max_width":0,"ocean_custom_logo_max_height":0,"ocean_custom_logo_tablet_max_height":0,"ocean_custom_logo_mobile_max_height":0,"ocean_header_custom_menu":"0","ocean_menu_typo_font_family":"0","ocean_menu_typo_font_subset":"","ocean_menu_typo_font_size":0,"ocean_menu_typo_font_size_tablet":0,"ocean_menu_typo_font_size_mobile":0,"ocean_menu_typo_font_size_unit":"px","ocean_menu_typo_font_weight":"","ocean_menu_typo_font_weight_tablet":"","ocean_menu_typo_font_weight_mobile":"","ocean_menu_typo_transform":"","ocean_menu_typo_transform_tablet":"","ocean_menu_typo_transform_mobile":"","ocean_menu_typo_line_height":0,"ocean_menu_typo_line_height_tablet":0,"ocean_menu_typo_line_height_mobile":0,"ocean_menu_typo_line_height_unit":"","ocean_menu_typo_spacing":0,"ocean_menu_typo_spacing_tablet":0,"ocean_menu_typo_spacing_mobile":0,"ocean_menu_typo_spacing_unit":"","ocean_menu_link_color":"","ocean_menu_link_color_hover":"","ocean_menu_link_color_active":"","ocean_menu_link_background":"","ocean_menu_link_hover_background":"","ocean_menu_link_active_background":"","ocean_menu_social_links_bg":"","ocean_menu_social_hover_links_bg":"","ocean_menu_social_links_color":"","ocean_menu_social_hover_links_color":"","ocean_disable_title":"default","ocean_disable_heading":"default","ocean_post_title":"","ocean_post_subheading":"","ocean_post_title_style":"","ocean_post_title_background_color":"","ocean_post_title_background":0,"ocean_post_title_bg_image_position":"","ocean_post_title_bg_image_attachment":"","ocean_post_title_bg_image_repeat":"","ocean_post_title_bg_image_size":"","ocean_post_title_height":0,"ocean_post_title_bg_overlay":0.5,"ocean_post_title_bg_overlay_color":"","ocean_disable_breadcrumbs":"default","ocean_breadcrumbs_color":"","ocean_breadcrumbs_separator_color":"","ocean_breadcrumbs_links_color":"","ocean_breadcrumbs_links_hover_color":"","ocean_display_footer_widgets":"default","ocean_display_footer_bottom":"default","ocean_custom_footer_template":"0"},"product_brand":[],"product_cat":[134,38],"product_tag":[207,163,263,165],"class_list":{"0":"post-10179","1":"product","2":"type-product","3":"status-publish","4":"has-post-thumbnail","6":"product_cat-glaces","7":"product_cat-gamme-enfants","8":"product_tag-enfant","9":"product_tag-glace","10":"product_tag-push-up","11":"product_tag-vanille","12":"product_shipping_class-freeze-product","14":"entry","15":"has-media","17":"first","18":"instock","19":"taxable","20":"shipping-taxable","21":"purchasable","22":"product-type-simple","23":"has-product-nav","24":"col","25":"span_1_of_3","26":"owp-content-center","27":"owp-thumbs-layout-horizontal","28":"owp-btn-normal","29":"owp-tabs-layout-horizontal","30":"has-no-thumbnails"},"_links":{"self":[{"href":"https:\/\/los-pistoleros.com\/en\/wp-json\/wp\/v2\/product\/10179","targetHints":{"allow":["GET"]}}],"collection":[{"href":"https:\/\/los-pistoleros.com\/en\/wp-json\/wp\/v2\/product"}],"about":[{"href":"https:\/\/los-pistoleros.com\/en\/wp-json\/wp\/v2\/types\/product"}],"wp:featuredmedia":[{"embeddable":true,"href":"https:\/\/los-pistoleros.com\/en\/wp-json\/wp\/v2\/media\/10180"}],"wp:attachment":[{"href":"https:\/\/los-pistoleros.com\/en\/wp-json\/wp\/v2\/media?parent=10179"}],"wp:term":[{"taxonomy":"product_brand","embeddable":true,"href":"https:\/\/los-pistoleros.com\/en\/wp-json\/wp\/v2\/product_brand?post=10179"},{"taxonomy":"product_cat","embeddable":true,"href":"https:\/\/los-pistoleros.com\/en\/wp-json\/wp\/v2\/product_cat?post=10179"},{"taxonomy":"product_tag","embeddable":true,"href":"https:\/\/los-pistoleros.com\/en\/wp-json\/wp\/v2\/product_tag?post=10179"}],"curies":[{"name":"wp","href":"https:\/\/api.w.org\/{rel}","templated":true}]}}