{"id":10181,"date":"2024-05-16T12:22:03","date_gmt":"2024-05-16T10:22:03","guid":{"rendered":"https:\/\/los-pistoleros.com\/?post_type=product&#038;p=10181"},"modified":"2026-04-02T15:21:18","modified_gmt":"2026-04-02T13:21:18","slug":"tube-givre-cola","status":"publish","type":"product","link":"https:\/\/los-pistoleros.com\/en\/product\/tube-givre-cola","title":{"rendered":"Cola ice pop tube"},"content":{"rendered":"<h1 data-start=\"92\" data-end=\"116\"><span role=\"text\"><strong data-start=\"95\" data-end=\"116\">Cola ice pop tube<\/strong><\/span><\/h1>\n<p data-start=\"118\" data-end=\"296\">D\u00e9couvrez les tubes givr\u00e9s cola, une glace \u00e0 l\u2019eau rafra\u00eechissante au go\u00fbt cola incontournable. Faciles \u00e0 consommer, ils sont parfaits pour une pause fra\u00eecheur rapide et ludique.<\/p>\n<p data-start=\"350\" data-end=\"496\">Avec leur format en tube et leur saveur cola, ces glaces sont id\u00e9ales pour se d\u00e9salt\u00e9rer en \u00e9t\u00e9. Un produit simple, efficace et appr\u00e9ci\u00e9 par tous.<\/p>\n<h3 data-start=\"503\" data-end=\"524\"><span role=\"text\"><strong data-start=\"507\" data-end=\"524\">Les + produit<\/strong><\/span><\/h3>\n<ul data-start=\"526\" data-end=\"654\">\n<li data-start=\"526\" data-end=\"560\">Format tube pratique et nomade<\/li>\n<li data-start=\"561\" data-end=\"586\">Saveur cola populaire<\/li>\n<li data-start=\"587\" data-end=\"611\">Glace \u00e0 l\u2019eau l\u00e9g\u00e8re<\/li>\n<li data-start=\"612\" data-end=\"654\">Id\u00e9al pour l\u2019\u00e9t\u00e9 et la vente impulsive<\/li>\n<\/ul>\n<h3 data-start=\"661\" data-end=\"680\"><span role=\"text\"><strong data-start=\"665\" data-end=\"680\">Ingr\u00e9dients :\u00a0<\/strong><\/span><\/h3>\n<p data-start=\"682\" data-end=\"860\">Eau, sucre, sirop de glucose, jus de citron \u00e0 base de concentr\u00e9, ar\u00f4mes naturels, acidifiant (acide citrique), colorant (caramel au sulfite d&rsquo;ammonium), stabilisant (gomme guar).<\/p>\n<h3 data-start=\"867\" data-end=\"885\"><span role=\"text\"><strong data-start=\"871\" data-end=\"885\">Allerg\u00e8nes :\u00a0<\/strong><\/span><\/h3>\n<p data-start=\"887\" data-end=\"966\">Peut contenir des traces de : gluten, lait, \u0153ufs, soja, fruits \u00e0 coque, s\u00e9same.<\/p>\n<p data-start=\"887\" data-end=\"966\"><strong>Are you a professional?<\/strong> : Produit id\u00e9al pour g\u00e9n\u00e9rer du volume en p\u00e9riode estivale, format ludique, co\u00fbt ma\u00eetris\u00e9 et forte rotation en point de vente.<\/p>","protected":false},"excerpt":{"rendered":"<p>Produit id\u00e9al pour g\u00e9n\u00e9rer du volume en p\u00e9riode estivale : format ludique, co\u00fbt ma\u00eetris\u00e9 et forte rotation en point de vente.<\/p>","protected":false},"featured_media":10185,"template":"","meta":{"content-type":"","ocean_post_layout":"","ocean_both_sidebars_style":"","ocean_both_sidebars_content_width":0,"ocean_both_sidebars_sidebars_width":0,"ocean_sidebar":"0","ocean_second_sidebar":"0","ocean_disable_margins":"enable","ocean_add_body_class":"","ocean_shortcode_before_top_bar":"","ocean_shortcode_after_top_bar":"","ocean_shortcode_before_header":"","ocean_shortcode_after_header":"","ocean_has_shortcode":"","ocean_shortcode_after_title":"","ocean_shortcode_before_footer_widgets":"","ocean_shortcode_after_footer_widgets":"","ocean_shortcode_before_footer_bottom":"","ocean_shortcode_after_footer_bottom":"","ocean_display_top_bar":"default","ocean_display_header":"default","ocean_header_style":"","ocean_center_header_left_menu":"0","ocean_custom_header_template":"0","ocean_custom_logo":0,"ocean_custom_retina_logo":0,"ocean_custom_logo_max_width":0,"ocean_custom_logo_tablet_max_width":0,"ocean_custom_logo_mobile_max_width":0,"ocean_custom_logo_max_height":0,"ocean_custom_logo_tablet_max_height":0,"ocean_custom_logo_mobile_max_height":0,"ocean_header_custom_menu":"0","ocean_menu_typo_font_family":"0","ocean_menu_typo_font_subset":"","ocean_menu_typo_font_size":0,"ocean_menu_typo_font_size_tablet":0,"ocean_menu_typo_font_size_mobile":0,"ocean_menu_typo_font_size_unit":"px","ocean_menu_typo_font_weight":"","ocean_menu_typo_font_weight_tablet":"","ocean_menu_typo_font_weight_mobile":"","ocean_menu_typo_transform":"","ocean_menu_typo_transform_tablet":"","ocean_menu_typo_transform_mobile":"","ocean_menu_typo_line_height":0,"ocean_menu_typo_line_height_tablet":0,"ocean_menu_typo_line_height_mobile":0,"ocean_menu_typo_line_height_unit":"","ocean_menu_typo_spacing":0,"ocean_menu_typo_spacing_tablet":0,"ocean_menu_typo_spacing_mobile":0,"ocean_menu_typo_spacing_unit":"","ocean_menu_link_color":"","ocean_menu_link_color_hover":"","ocean_menu_link_color_active":"","ocean_menu_link_background":"","ocean_menu_link_hover_background":"","ocean_menu_link_active_background":"","ocean_menu_social_links_bg":"","ocean_menu_social_hover_links_bg":"","ocean_menu_social_links_color":"","ocean_menu_social_hover_links_color":"","ocean_disable_title":"default","ocean_disable_heading":"default","ocean_post_title":"","ocean_post_subheading":"","ocean_post_title_style":"","ocean_post_title_background_color":"","ocean_post_title_background":0,"ocean_post_title_bg_image_position":"","ocean_post_title_bg_image_attachment":"","ocean_post_title_bg_image_repeat":"","ocean_post_title_bg_image_size":"","ocean_post_title_height":0,"ocean_post_title_bg_overlay":0.5,"ocean_post_title_bg_overlay_color":"","ocean_disable_breadcrumbs":"default","ocean_breadcrumbs_color":"","ocean_breadcrumbs_separator_color":"","ocean_breadcrumbs_links_color":"","ocean_breadcrumbs_links_hover_color":"","ocean_display_footer_widgets":"default","ocean_display_footer_bottom":"default","ocean_custom_footer_template":"0"},"product_brand":[],"product_cat":[134,38],"product_tag":[260,207,163,206,258,261],"class_list":{"0":"post-10181","1":"product","2":"type-product","3":"status-publish","4":"has-post-thumbnail","6":"product_cat-glaces","7":"product_cat-gamme-enfants","8":"product_tag-cola","9":"product_tag-enfant","10":"product_tag-glace","11":"product_tag-glace-a-leau","12":"product_tag-ice-stick","13":"product_tag-tube","14":"product_shipping_class-freeze-product","16":"entry","17":"has-media","19":"first","20":"instock","21":"taxable","22":"shipping-taxable","23":"purchasable","24":"product-type-simple","25":"has-product-nav","26":"col","27":"span_1_of_3","28":"owp-content-center","29":"owp-thumbs-layout-horizontal","30":"owp-btn-normal","31":"owp-tabs-layout-horizontal","32":"has-no-thumbnails"},"_links":{"self":[{"href":"https:\/\/los-pistoleros.com\/en\/wp-json\/wp\/v2\/product\/10181","targetHints":{"allow":["GET"]}}],"collection":[{"href":"https:\/\/los-pistoleros.com\/en\/wp-json\/wp\/v2\/product"}],"about":[{"href":"https:\/\/los-pistoleros.com\/en\/wp-json\/wp\/v2\/types\/product"}],"wp:featuredmedia":[{"embeddable":true,"href":"https:\/\/los-pistoleros.com\/en\/wp-json\/wp\/v2\/media\/10185"}],"wp:attachment":[{"href":"https:\/\/los-pistoleros.com\/en\/wp-json\/wp\/v2\/media?parent=10181"}],"wp:term":[{"taxonomy":"product_brand","embeddable":true,"href":"https:\/\/los-pistoleros.com\/en\/wp-json\/wp\/v2\/product_brand?post=10181"},{"taxonomy":"product_cat","embeddable":true,"href":"https:\/\/los-pistoleros.com\/en\/wp-json\/wp\/v2\/product_cat?post=10181"},{"taxonomy":"product_tag","embeddable":true,"href":"https:\/\/los-pistoleros.com\/en\/wp-json\/wp\/v2\/product_tag?post=10181"}],"curies":[{"name":"wp","href":"https:\/\/api.w.org\/{rel}","templated":true}]}}