{"id":10421,"date":"2024-06-18T11:15:31","date_gmt":"2024-06-18T09:15:31","guid":{"rendered":"https:\/\/los-pistoleros.com\/?post_type=product&#038;p=10421"},"modified":"2026-04-01T10:38:45","modified_gmt":"2026-04-01T08:38:45","slug":"glace-croquant-amande-batonnet","status":"publish","type":"product","link":"https:\/\/los-pistoleros.com\/en\/product\/glace-croquant-amande-batonnet","title":{"rendered":"Almond crunch"},"content":{"rendered":"<h1>Glace Croquant Amande<\/h1>\n<p data-start=\"126\" data-end=\"297\">D\u00e9couvrez notre glace croquant amande, un b\u00e2tonnet glac\u00e9 gourmand associant une glace vanill\u00e9e onctueuse \u00e0 un enrobage chocolat au lait et des \u00e9clats d\u2019amandes croquantes.<\/p>\n<p data-start=\"299\" data-end=\"427\">Cette glace s\u00e9duit par le contraste entre la douceur de la glace \u00e0 la vanille et le croquant du chocolat et des amandes grill\u00e9es. Une combinaison classique et tr\u00e8s appr\u00e9ci\u00e9e des amateurs de glaces gourmandes.<\/p>\n<h3 data-start=\"692\" data-end=\"713\"><span role=\"text\"><strong data-start=\"696\" data-end=\"713\">Les + produit<\/strong><\/span><\/h3>\n<ul data-start=\"715\" data-end=\"890\">\n<li data-start=\"715\" data-end=\"753\">Enrobage chocolat au lait croquant<\/li>\n<li data-start=\"754\" data-end=\"788\">\u00c9clats d\u2019amandes grill\u00e9es (7%)<\/li>\n<li data-start=\"789\" data-end=\"821\">Glace onctueuse \u00e0 la vanille<\/li>\n<li data-start=\"822\" data-end=\"857\">Format individuel 120 ml (84 g)<\/li>\n<li data-start=\"858\" data-end=\"890\">Id\u00e9al en dessert ou en snack<\/li>\n<\/ul>\n<p><strong>Ingr\u00e9dients :<\/strong> LAIT \u00e9cr\u00e9m\u00e9 reconstitu\u00e9, sucre, beurre de cacao, morceaux d&rsquo;AMANDES grill\u00e9es 7%, huile de coprah, sirop de glucose, lactos\u00e9rum en poudre (LAIT), LAIT \u00e9cr\u00e9m\u00e9 en poudre, p\u00e2te de cacao, mati\u00e8re grasse laiti\u00e8re anhydre (LAIT), \u00e9mulsifiants (mono et diglyc\u00e9rides d&rsquo;acides gras, polyricinol\u00e9atede polyglyc\u00e9rol, l\u00e9cithines), stabilisants (farine de graines de caroube, gomme guar), ar\u00f4me naturel de vanille, poudre de vanille \u00e9puis\u00e9e, ar\u00f4me naturel, extrait de carotte, extrait de vanille.<\/p>\n<p><strong>Allerg\u00e8nes : <\/strong><\/p>\n<p>Contient : lait, amandes (fruits \u00e0 coque)<br data-start=\"1241\" data-end=\"1244\" \/>Peut contenir des traces de : soja, arachides, autres fruits \u00e0 coque.<\/p>\n<h3 data-start=\"1320\" data-end=\"1363\"><span role=\"text\"><strong data-start=\"1324\" data-end=\"1363\">Valeurs nutritionnelles (pour 100g)<\/strong><\/span><\/h3>\n<ul data-start=\"1365\" data-end=\"1560\">\n<li data-start=\"1365\" data-end=\"1397\">\u00c9nergie : 345 kcal \/ 1346 kJ<\/li>\n<li data-start=\"1398\" data-end=\"1425\">Mati\u00e8res grasses : 22 g (dont acides gras satur\u00e9s : 13 g)<\/li>\n<li data-start=\"1462\" data-end=\"1481\">Glucides : 31 g (dont sucres : 28 g)<\/li>\n<li data-start=\"1505\" data-end=\"1523\">Fibres : 1,3 g<\/li>\n<li data-start=\"1524\" data-end=\"1543\">Prot\u00e9ines : 5 g<\/li>\n<li data-start=\"1544\" data-end=\"1560\">Sel : 0,16 g<\/li>\n<\/ul>","protected":false},"excerpt":{"rendered":"<p>Glace croquant amande : un b\u00e2tonnet glac\u00e9 gourmand avec enrobage chocolat et \u00e9clats d\u2019amandes.<\/p>","protected":false},"featured_media":21863,"template":"","meta":{"ocean_post_layout":"","ocean_both_sidebars_style":"","ocean_both_sidebars_content_width":0,"ocean_both_sidebars_sidebars_width":0,"ocean_sidebar":"0","ocean_second_sidebar":"0","ocean_disable_margins":"enable","ocean_add_body_class":"","ocean_shortcode_before_top_bar":"","ocean_shortcode_after_top_bar":"","ocean_shortcode_before_header":"","ocean_shortcode_after_header":"","ocean_has_shortcode":"","ocean_shortcode_after_title":"","ocean_shortcode_before_footer_widgets":"","ocean_shortcode_after_footer_widgets":"","ocean_shortcode_before_footer_bottom":"","ocean_shortcode_after_footer_bottom":"","ocean_display_top_bar":"default","ocean_display_header":"default","ocean_header_style":"","ocean_center_header_left_menu":"0","ocean_custom_header_template":"0","ocean_custom_logo":0,"ocean_custom_retina_logo":0,"ocean_custom_logo_max_width":0,"ocean_custom_logo_tablet_max_width":0,"ocean_custom_logo_mobile_max_width":0,"ocean_custom_logo_max_height":0,"ocean_custom_logo_tablet_max_height":0,"ocean_custom_logo_mobile_max_height":0,"ocean_header_custom_menu":"0","ocean_menu_typo_font_family":"0","ocean_menu_typo_font_subset":"","ocean_menu_typo_font_size":0,"ocean_menu_typo_font_size_tablet":0,"ocean_menu_typo_font_size_mobile":0,"ocean_menu_typo_font_size_unit":"px","ocean_menu_typo_font_weight":"","ocean_menu_typo_font_weight_tablet":"","ocean_menu_typo_font_weight_mobile":"","ocean_menu_typo_transform":"","ocean_menu_typo_transform_tablet":"","ocean_menu_typo_transform_mobile":"","ocean_menu_typo_line_height":0,"ocean_menu_typo_line_height_tablet":0,"ocean_menu_typo_line_height_mobile":0,"ocean_menu_typo_line_height_unit":"","ocean_menu_typo_spacing":0,"ocean_menu_typo_spacing_tablet":0,"ocean_menu_typo_spacing_mobile":0,"ocean_menu_typo_spacing_unit":"","ocean_menu_link_color":"","ocean_menu_link_color_hover":"","ocean_menu_link_color_active":"","ocean_menu_link_background":"","ocean_menu_link_hover_background":"","ocean_menu_link_active_background":"","ocean_menu_social_links_bg":"","ocean_menu_social_hover_links_bg":"","ocean_menu_social_links_color":"","ocean_menu_social_hover_links_color":"","ocean_disable_title":"default","ocean_disable_heading":"default","ocean_post_title":"","ocean_post_subheading":"","ocean_post_title_style":"","ocean_post_title_background_color":"","ocean_post_title_background":0,"ocean_post_title_bg_image_position":"","ocean_post_title_bg_image_attachment":"","ocean_post_title_bg_image_repeat":"","ocean_post_title_bg_image_size":"","ocean_post_title_height":0,"ocean_post_title_bg_overlay":0.5,"ocean_post_title_bg_overlay_color":"","ocean_disable_breadcrumbs":"default","ocean_breadcrumbs_color":"","ocean_breadcrumbs_separator_color":"","ocean_breadcrumbs_links_color":"","ocean_breadcrumbs_links_hover_color":"","ocean_display_footer_widgets":"default","ocean_display_footer_bottom":"default","ocean_custom_footer_template":"0"},"product_brand":[],"product_cat":[149,62,134],"product_tag":[255,61,163,165],"class_list":{"0":"post-10421","1":"product","2":"type-product","3":"status-publish","4":"has-post-thumbnail","6":"product_cat-chocolat","7":"product_cat-croquants","8":"product_cat-glaces","9":"product_tag-amande","10":"product_tag-croquants","11":"product_tag-glace","12":"product_tag-vanille","13":"product_shipping_class-freeze-product","15":"entry","16":"has-media","18":"first","19":"instock","20":"taxable","21":"shipping-taxable","22":"purchasable","23":"product-type-simple","24":"has-product-nav","25":"col","26":"span_1_of_3","27":"owp-content-center","28":"owp-thumbs-layout-horizontal","29":"owp-btn-normal","30":"owp-tabs-layout-horizontal","31":"has-no-thumbnails"},"_links":{"self":[{"href":"https:\/\/los-pistoleros.com\/en\/wp-json\/wp\/v2\/product\/10421","targetHints":{"allow":["GET"]}}],"collection":[{"href":"https:\/\/los-pistoleros.com\/en\/wp-json\/wp\/v2\/product"}],"about":[{"href":"https:\/\/los-pistoleros.com\/en\/wp-json\/wp\/v2\/types\/product"}],"wp:featuredmedia":[{"embeddable":true,"href":"https:\/\/los-pistoleros.com\/en\/wp-json\/wp\/v2\/media\/21863"}],"wp:attachment":[{"href":"https:\/\/los-pistoleros.com\/en\/wp-json\/wp\/v2\/media?parent=10421"}],"wp:term":[{"taxonomy":"product_brand","embeddable":true,"href":"https:\/\/los-pistoleros.com\/en\/wp-json\/wp\/v2\/product_brand?post=10421"},{"taxonomy":"product_cat","embeddable":true,"href":"https:\/\/los-pistoleros.com\/en\/wp-json\/wp\/v2\/product_cat?post=10421"},{"taxonomy":"product_tag","embeddable":true,"href":"https:\/\/los-pistoleros.com\/en\/wp-json\/wp\/v2\/product_tag?post=10421"}],"curies":[{"name":"wp","href":"https:\/\/api.w.org\/{rel}","templated":true}]}}