{"id":12542,"date":"2024-08-21T11:06:29","date_gmt":"2024-08-21T09:06:29","guid":{"rendered":"https:\/\/los-pistoleros.com\/?post_type=product&#038;p=12542"},"modified":"2026-04-02T11:20:08","modified_gmt":"2026-04-02T09:20:08","slug":"glace-croquant-caramel-batonnet","status":"publish","type":"product","link":"https:\/\/los-pistoleros.com\/en\/product\/glace-croquant-caramel-batonnet","title":{"rendered":"Caramel crunch"},"content":{"rendered":"<h1>Glace Croquant Caramel<\/h1>\n<p>D\u00e9couvrez notre glace croquant caramel, un b\u00e2tonnet glac\u00e9 ultra gourmand associant diff\u00e9rentes textures et saveurs : glace onctueuse, c\u0153ur caramel, morceaux de biscuit et enrobage croquant.<\/p>\n<p>Cette glace offre une exp\u00e9rience compl\u00e8te avec une combinaison de glace saveur cookie, glace saveur noix de p\u00e9can, une sauce caramel fondante et un enrobage croquant au chocolat blanc saveur caramel.<\/p>\n<h3 data-start=\"689\" data-end=\"710\"><span role=\"text\"><strong data-start=\"693\" data-end=\"710\">Les + produit<\/strong><\/span><\/h3>\n<ul data-start=\"712\" data-end=\"901\">\n<li data-start=\"712\" data-end=\"754\">Double saveur : cookie &amp; noix de p\u00e9can<\/li>\n<li data-start=\"755\" data-end=\"779\">C\u0153ur fondant caramel<\/li>\n<li data-start=\"780\" data-end=\"827\">Enrobage croquant au chocolat blanc caramel<\/li>\n<li data-start=\"828\" data-end=\"865\">Morceaux de biscuit croustillants<\/li>\n<li data-start=\"866\" data-end=\"901\">Format individuel 120 ml (84 g)<\/li>\n<\/ul>\n<p><strong>Ingr\u00e9dients<\/strong> : LAIT \u00e9cr\u00e9m\u00e9 reconstitu\u00e9, sucre, eau, beurre de cacao, huile de coprah, sirop de glucose, LAIT \u00e9cr\u00e9m\u00e9 en poudre, LAIT concentr\u00e9 sucr\u00e9 (LAIT entier, sucre), sirop de glucose-fructose, lactos\u00e9rum en poudre (LAIT), farine de BLE, beurre (LAIT), mati\u00e8re grasse laiti\u00e8re anhydre (LAIT), LAIT \u00e9cr\u00e9m\u00e9, lactos\u00e9rum (LAIT), \u00e9mulsifiants (mono et diglyc\u00e9rides d&rsquo;acides gras, l\u00e9cithines, polyricinol\u00e9atede polyglyc\u00e9rol), caramel (sucre), caramel (sucre, eau), sel, ar\u00f4mes naturels, stabilisants (farine de graines de caroube, gomme guar), amidon modifi\u00e9, caramel (sucre, eau), \u00e9paississant (carragh\u00e9nanes).<\/p>\n<h3 data-start=\"1256\" data-end=\"1274\"><span role=\"text\"><strong data-start=\"1260\" data-end=\"1274\">Allerg\u00e8nes<\/strong><\/span><\/h3>\n<p data-start=\"1276\" data-end=\"1380\">Contient : <strong data-start=\"1287\" data-end=\"1309\">lait, gluten (bl\u00e9)<\/strong><br data-start=\"1309\" data-end=\"1312\" \/>Peut contenir des traces de : \u0153ufs, soja, arachides, fruits \u00e0 coque.<\/p>\n<h3 data-start=\"110\" data-end=\"153\"><span role=\"text\"><strong data-start=\"114\" data-end=\"153\">Valeurs nutritionnelles (pour 100g)<\/strong><\/span><\/h3>\n<ul data-start=\"155\" data-end=\"354\">\n<li data-start=\"155\" data-end=\"187\">\u00c9nergie : 315 kcal \/ 1317 kJ<\/li>\n<li data-start=\"188\" data-end=\"215\">Mati\u00e8res grasses : 18 g (dont acides gras satur\u00e9s : 13 g)<\/li>\n<li data-start=\"252\" data-end=\"271\">Glucides : 35 g (dont sucres : 31 g)<\/li>\n<li data-start=\"295\" data-end=\"315\">Fibres : &lt; 0,5 g<\/li>\n<li data-start=\"316\" data-end=\"337\">Prot\u00e9ines : 3,2 g<\/li>\n<li data-start=\"338\" data-end=\"354\">Sel : 0,32 g<\/li>\n<\/ul>\n<p data-start=\"3653\" data-end=\"3766\"><strong>Are you a professional? <\/strong>recette riche, textures vari\u00e9es et go\u00fbt caramel tr\u00e8s attractif pour booster les ventes impulsives en vitrine.<\/p>","protected":false},"excerpt":{"rendered":"<p>Glace croquant caramel : un b\u00e2tonnet glac\u00e9 gourmand avec enrobage croquant et saveur caramel.<\/p>","protected":false},"featured_media":21865,"template":"","meta":{"ocean_post_layout":"","ocean_both_sidebars_style":"","ocean_both_sidebars_content_width":0,"ocean_both_sidebars_sidebars_width":0,"ocean_sidebar":"0","ocean_second_sidebar":"0","ocean_disable_margins":"enable","ocean_add_body_class":"","ocean_shortcode_before_top_bar":"","ocean_shortcode_after_top_bar":"","ocean_shortcode_before_header":"","ocean_shortcode_after_header":"","ocean_has_shortcode":"","ocean_shortcode_after_title":"","ocean_shortcode_before_footer_widgets":"","ocean_shortcode_after_footer_widgets":"","ocean_shortcode_before_footer_bottom":"","ocean_shortcode_after_footer_bottom":"","ocean_display_top_bar":"default","ocean_display_header":"default","ocean_header_style":"","ocean_center_header_left_menu":"0","ocean_custom_header_template":"0","ocean_custom_logo":0,"ocean_custom_retina_logo":0,"ocean_custom_logo_max_width":0,"ocean_custom_logo_tablet_max_width":0,"ocean_custom_logo_mobile_max_width":0,"ocean_custom_logo_max_height":0,"ocean_custom_logo_tablet_max_height":0,"ocean_custom_logo_mobile_max_height":0,"ocean_header_custom_menu":"0","ocean_menu_typo_font_family":"0","ocean_menu_typo_font_subset":"","ocean_menu_typo_font_size":0,"ocean_menu_typo_font_size_tablet":0,"ocean_menu_typo_font_size_mobile":0,"ocean_menu_typo_font_size_unit":"px","ocean_menu_typo_font_weight":"","ocean_menu_typo_font_weight_tablet":"","ocean_menu_typo_font_weight_mobile":"","ocean_menu_typo_transform":"","ocean_menu_typo_transform_tablet":"","ocean_menu_typo_transform_mobile":"","ocean_menu_typo_line_height":0,"ocean_menu_typo_line_height_tablet":0,"ocean_menu_typo_line_height_mobile":0,"ocean_menu_typo_line_height_unit":"","ocean_menu_typo_spacing":0,"ocean_menu_typo_spacing_tablet":0,"ocean_menu_typo_spacing_mobile":0,"ocean_menu_typo_spacing_unit":"","ocean_menu_link_color":"","ocean_menu_link_color_hover":"","ocean_menu_link_color_active":"","ocean_menu_link_background":"","ocean_menu_link_hover_background":"","ocean_menu_link_active_background":"","ocean_menu_social_links_bg":"","ocean_menu_social_hover_links_bg":"","ocean_menu_social_links_color":"","ocean_menu_social_hover_links_color":"","ocean_disable_title":"default","ocean_disable_heading":"default","ocean_post_title":"","ocean_post_subheading":"","ocean_post_title_style":"","ocean_post_title_background_color":"","ocean_post_title_background":0,"ocean_post_title_bg_image_position":"","ocean_post_title_bg_image_attachment":"","ocean_post_title_bg_image_repeat":"","ocean_post_title_bg_image_size":"","ocean_post_title_height":0,"ocean_post_title_bg_overlay":0.5,"ocean_post_title_bg_overlay_color":"","ocean_disable_breadcrumbs":"default","ocean_breadcrumbs_color":"","ocean_breadcrumbs_separator_color":"","ocean_breadcrumbs_links_color":"","ocean_breadcrumbs_links_hover_color":"","ocean_display_footer_widgets":"default","ocean_display_footer_bottom":"default","ocean_custom_footer_template":"0"},"product_brand":[],"product_cat":[62,134],"product_tag":[166,257,165],"class_list":{"0":"post-12542","1":"product","2":"type-product","3":"status-publish","4":"has-post-thumbnail","6":"product_cat-croquants","7":"product_cat-glaces","8":"product_tag-caramel","9":"product_tag-croquant","10":"product_tag-vanille","11":"product_shipping_class-freeze-product","13":"entry","14":"has-media","16":"first","17":"instock","18":"taxable","19":"shipping-taxable","20":"purchasable","21":"product-type-simple","22":"has-product-nav","23":"col","24":"span_1_of_3","25":"owp-content-center","26":"owp-thumbs-layout-horizontal","27":"owp-btn-normal","28":"owp-tabs-layout-horizontal","29":"has-no-thumbnails"},"_links":{"self":[{"href":"https:\/\/los-pistoleros.com\/en\/wp-json\/wp\/v2\/product\/12542","targetHints":{"allow":["GET"]}}],"collection":[{"href":"https:\/\/los-pistoleros.com\/en\/wp-json\/wp\/v2\/product"}],"about":[{"href":"https:\/\/los-pistoleros.com\/en\/wp-json\/wp\/v2\/types\/product"}],"wp:featuredmedia":[{"embeddable":true,"href":"https:\/\/los-pistoleros.com\/en\/wp-json\/wp\/v2\/media\/21865"}],"wp:attachment":[{"href":"https:\/\/los-pistoleros.com\/en\/wp-json\/wp\/v2\/media?parent=12542"}],"wp:term":[{"taxonomy":"product_brand","embeddable":true,"href":"https:\/\/los-pistoleros.com\/en\/wp-json\/wp\/v2\/product_brand?post=12542"},{"taxonomy":"product_cat","embeddable":true,"href":"https:\/\/los-pistoleros.com\/en\/wp-json\/wp\/v2\/product_cat?post=12542"},{"taxonomy":"product_tag","embeddable":true,"href":"https:\/\/los-pistoleros.com\/en\/wp-json\/wp\/v2\/product_tag?post=12542"}],"curies":[{"name":"wp","href":"https:\/\/api.w.org\/{rel}","templated":true}]}}