{"id":12546,"date":"2024-08-21T11:14:08","date_gmt":"2024-08-21T09:14:08","guid":{"rendered":"https:\/\/los-pistoleros.com\/?post_type=product&#038;p=12546"},"modified":"2026-03-19T12:56:40","modified_gmt":"2026-03-19T10:56:40","slug":"creme-glacee-brisures-biscuits-creme-470ml","status":"publish","type":"product","link":"https:\/\/los-pistoleros.com\/en\/product\/creme-glacee-brisures-biscuits-creme-470ml","title":{"rendered":"Pot de Cr\u00e8me Glac\u00e9e aux Brisures de Biscuits \u00e0 la Cr\u00e8me"},"content":{"rendered":"<h1>Cr\u00e8me Glac\u00e9e Brisures de Biscuits 470ml | Gourmande &amp; Croquante<\/h1>\n<p data-start=\"592\" data-end=\"753\">Une cr\u00e8me glac\u00e9e onctueuse \u00e0 base de lait entier et de cr\u00e8me fra\u00eeche, enrichie de brisures de biscuits \u00e0 la cr\u00e8me (10 %) pour une texture croquante et gourmande.<\/p>\n<p data-start=\"755\" data-end=\"850\">Un marbrage biscuit (2 %) vient compl\u00e9ter l\u2019ensemble pour une exp\u00e9rience encore plus g\u00e9n\u00e9reuse.<\/p>\n<p data-start=\"852\" data-end=\"922\">Un format 470ml id\u00e9al pour le partage ou la vente en snacking premium.<\/p>\n<h3 data-start=\"1056\" data-end=\"1072\">Ingr\u00e9dients<\/h3>\n<p data-start=\"1074\" data-end=\"1859\">Lait entier (58,9 %), cr\u00e8me fra\u00eeche 35 % MG (14,82 %), stabilisant cr\u00e8me (mono- et diglyc\u00e9rides d\u2019acides gras, farine de graine de caroube, alginate de sodium, gomme de guar, carragh\u00e9nanes), sucre, glucose, poudre de lait entier, dextrose, brisures de biscuits Or\u00e9o\u00ae avec cr\u00e8me 10 % (farine de <strong data-start=\"1368\" data-end=\"1375\">BL\u00c9<\/strong>, sucre, huile de palme, huile de colza, cacao maigre en poudre 4,5 %, amidon de <strong data-start=\"1456\" data-end=\"1463\">BL\u00c9<\/strong>, sirop de glucose-fructose, poudres \u00e0 lever, sel, \u00e9mulsifiants (<strong data-start=\"1528\" data-end=\"1536\">SOJA<\/strong>, tournesol), ar\u00f4me), marbrage biscuit 2 % (biscuits 30 % : farines de c\u00e9r\u00e9ales (<strong data-start=\"1617\" data-end=\"1666\">bl\u00e9, \u00e9peautre, orge, riz, avoine, bl\u00e9 complet<\/strong>), cassonade, beurre, huile de tournesol, miel, extrait de malt d\u2019orge, agents levants, sel, sucre, huiles v\u00e9g\u00e9tales de coco et tournesol, cacao maigre, ar\u00f4mes naturels, \u00e9mulsifiant E322, sel).<\/p>\n<h3 data-start=\"1866\" data-end=\"1882\">Allerg\u00e8nes<\/h3>\n<p data-start=\"1884\" data-end=\"1947\">Contient : <strong data-start=\"1895\" data-end=\"1947\">LAIT, GLUTEN (BL\u00c9, ORGE, \u00c9PEAUTRE, AVOINE), SOJA<\/strong><\/p>\n<p data-start=\"1949\" data-end=\"2053\">Fabriqu\u00e9 dans un laboratoire manipulant : <strong data-start=\"1991\" data-end=\"2052\">GLUTEN, ARACHIDE, \u0152UF, SOJA, LAIT, FRUITS \u00c0 COQUE, S\u00c9SAME<\/strong><\/p>\n<p data-start=\"1949\" data-end=\"2053\">Vous \u00eates un professionnel ? Contactez-nous pour conna\u00eetre nos conditions de distribution.<\/p>","protected":false},"excerpt":{"rendered":"<p data-start=\"351\" data-end=\"490\">Pot 470ml de cr\u00e8me glac\u00e9e aux brisures de biscuits \u00e0 la cr\u00e8me (10 %) avec marbrage biscuit 2 %. Texture onctueuse et inclusions croquantes.<\/p>","protected":false},"featured_media":13783,"template":"","meta":{"ocean_post_layout":"","ocean_both_sidebars_style":"","ocean_both_sidebars_content_width":0,"ocean_both_sidebars_sidebars_width":0,"ocean_sidebar":"0","ocean_second_sidebar":"0","ocean_disable_margins":"enable","ocean_add_body_class":"","ocean_shortcode_before_top_bar":"","ocean_shortcode_after_top_bar":"","ocean_shortcode_before_header":"","ocean_shortcode_after_header":"","ocean_has_shortcode":"","ocean_shortcode_after_title":"","ocean_shortcode_before_footer_widgets":"","ocean_shortcode_after_footer_widgets":"","ocean_shortcode_before_footer_bottom":"","ocean_shortcode_after_footer_bottom":"","ocean_display_top_bar":"default","ocean_display_header":"default","ocean_header_style":"","ocean_center_header_left_menu":"0","ocean_custom_header_template":"0","ocean_custom_logo":0,"ocean_custom_retina_logo":0,"ocean_custom_logo_max_width":0,"ocean_custom_logo_tablet_max_width":0,"ocean_custom_logo_mobile_max_width":0,"ocean_custom_logo_max_height":0,"ocean_custom_logo_tablet_max_height":0,"ocean_custom_logo_mobile_max_height":0,"ocean_header_custom_menu":"0","ocean_menu_typo_font_family":"0","ocean_menu_typo_font_subset":"","ocean_menu_typo_font_size":0,"ocean_menu_typo_font_size_tablet":0,"ocean_menu_typo_font_size_mobile":0,"ocean_menu_typo_font_size_unit":"px","ocean_menu_typo_font_weight":"","ocean_menu_typo_font_weight_tablet":"","ocean_menu_typo_font_weight_mobile":"","ocean_menu_typo_transform":"","ocean_menu_typo_transform_tablet":"","ocean_menu_typo_transform_mobile":"","ocean_menu_typo_line_height":0,"ocean_menu_typo_line_height_tablet":0,"ocean_menu_typo_line_height_mobile":0,"ocean_menu_typo_line_height_unit":"","ocean_menu_typo_spacing":0,"ocean_menu_typo_spacing_tablet":0,"ocean_menu_typo_spacing_mobile":0,"ocean_menu_typo_spacing_unit":"","ocean_menu_link_color":"","ocean_menu_link_color_hover":"","ocean_menu_link_color_active":"","ocean_menu_link_background":"","ocean_menu_link_hover_background":"","ocean_menu_link_active_background":"","ocean_menu_social_links_bg":"","ocean_menu_social_hover_links_bg":"","ocean_menu_social_links_color":"","ocean_menu_social_hover_links_color":"","ocean_disable_title":"default","ocean_disable_heading":"default","ocean_post_title":"","ocean_post_subheading":"","ocean_post_title_style":"","ocean_post_title_background_color":"","ocean_post_title_background":0,"ocean_post_title_bg_image_position":"","ocean_post_title_bg_image_attachment":"","ocean_post_title_bg_image_repeat":"","ocean_post_title_bg_image_size":"","ocean_post_title_height":0,"ocean_post_title_bg_overlay":0.5,"ocean_post_title_bg_overlay_color":"","ocean_disable_breadcrumbs":"default","ocean_breadcrumbs_color":"","ocean_breadcrumbs_separator_color":"","ocean_breadcrumbs_links_color":"","ocean_breadcrumbs_links_hover_color":"","ocean_display_footer_widgets":"default","ocean_display_footer_bottom":"default","ocean_custom_footer_template":"0"},"product_brand":[],"product_cat":[150,154,134,90],"product_tag":[167,163,160,168,159],"class_list":{"0":"post-12546","1":"product","2":"type-product","3":"status-publish","4":"has-post-thumbnail","6":"product_cat-cookies-cream","7":"product_cat-creme-glacee","8":"product_cat-glaces","9":"product_cat-pots-piccolo","10":"product_tag-cookiesandcream","11":"product_tag-glace","12":"product_tag-glace-en-pot","13":"product_tag-oreo","14":"product_tag-pot","15":"product_shipping_class-freeze-product","17":"entry","18":"has-media","20":"first","21":"instock","22":"sale","23":"taxable","24":"shipping-taxable","25":"purchasable","26":"product-type-simple","27":"has-product-nav","28":"col","29":"span_1_of_3","30":"owp-content-center","31":"owp-thumbs-layout-horizontal","32":"owp-btn-normal","33":"owp-tabs-layout-horizontal","34":"has-no-thumbnails"},"_links":{"self":[{"href":"https:\/\/los-pistoleros.com\/en\/wp-json\/wp\/v2\/product\/12546","targetHints":{"allow":["GET"]}}],"collection":[{"href":"https:\/\/los-pistoleros.com\/en\/wp-json\/wp\/v2\/product"}],"about":[{"href":"https:\/\/los-pistoleros.com\/en\/wp-json\/wp\/v2\/types\/product"}],"wp:featuredmedia":[{"embeddable":true,"href":"https:\/\/los-pistoleros.com\/en\/wp-json\/wp\/v2\/media\/13783"}],"wp:attachment":[{"href":"https:\/\/los-pistoleros.com\/en\/wp-json\/wp\/v2\/media?parent=12546"}],"wp:term":[{"taxonomy":"product_brand","embeddable":true,"href":"https:\/\/los-pistoleros.com\/en\/wp-json\/wp\/v2\/product_brand?post=12546"},{"taxonomy":"product_cat","embeddable":true,"href":"https:\/\/los-pistoleros.com\/en\/wp-json\/wp\/v2\/product_cat?post=12546"},{"taxonomy":"product_tag","embeddable":true,"href":"https:\/\/los-pistoleros.com\/en\/wp-json\/wp\/v2\/product_tag?post=12546"}],"curies":[{"name":"wp","href":"https:\/\/api.w.org\/{rel}","templated":true}]}}