{"id":12557,"date":"2024-08-21T11:41:32","date_gmt":"2024-08-21T09:41:32","guid":{"rendered":"https:\/\/los-pistoleros.com\/?post_type=product&#038;p=12557"},"modified":"2026-03-19T12:54:04","modified_gmt":"2026-03-19T10:54:04","slug":"creme-glacee-vanille-marbree-caramel-beurre-sale-470ml","status":"publish","type":"product","link":"https:\/\/los-pistoleros.com\/en\/product\/creme-glacee-vanille-marbree-caramel-beurre-sale-470ml","title":{"rendered":"Pot de Cr\u00e8me Glac\u00e9e Vanille Marbr\u00e9e Caramel Beurre Sal\u00e9"},"content":{"rendered":"<h1>Cr\u00e8me Glac\u00e9e Vanille &amp; Caramel Beurre Sal\u00e9 470ml<\/h1>\n<p data-start=\"601\" data-end=\"747\">Une cr\u00e8me glac\u00e9e onctueuse \u00e0 base de lait entier et de cr\u00e8me fra\u00eeche, sublim\u00e9e par une p\u00e2te de vanille (5 %) pour une saveur ronde et authentique.<\/p>\n<p data-start=\"749\" data-end=\"893\">Le marbrage caramel beurre sal\u00e9 (3 %) apporte une touche gourmande et l\u00e9g\u00e8rement sal\u00e9e qui contraste parfaitement avec la douceur de la vanille.<\/p>\n<p data-start=\"895\" data-end=\"955\">Un format 470ml id\u00e9al pour le partage ou les pauses sucr\u00e9es.<\/p>\n<h3 data-start=\"1084\" data-end=\"1100\">Ingr\u00e9dients<\/h3>\n<p data-start=\"1102\" data-end=\"1399\">Lait entier (58,9 %), cr\u00e8me fra\u00eeche 35 % MG (14,82 %), sucre cristal, glucose, poudre de lait entier, dextrose, p\u00e2te de vanille 5 %, marbrage caramel beurre sal\u00e9 3 %, \u00e9mulsifiants (mono- et diglyc\u00e9rides d\u2019acides gras, farine de graine de caroube, alginate de sodium, gomme de guar, carragh\u00e9nanes).<\/p>\n<h3 data-start=\"1406\" data-end=\"1422\">Allerg\u00e8nes<\/h3>\n<p data-start=\"1424\" data-end=\"1443\">Contient : <strong data-start=\"1435\" data-end=\"1443\">LAIT<\/strong><\/p>\n<p data-start=\"1445\" data-end=\"1549\">Fabriqu\u00e9 dans un laboratoire manipulant : <strong data-start=\"1487\" data-end=\"1548\">GLUTEN, ARACHIDE, \u0152UF, SOJA, LAIT, FRUITS \u00c0 COQUE, S\u00c9SAME<\/strong>.<\/p>\n<p data-start=\"1445\" data-end=\"1549\">Vous \u00eates un professionnel ? Contactez-nous pour conna\u00eetre nos conditions de distribution.<\/p>","protected":false},"excerpt":{"rendered":"<p data-start=\"376\" data-end=\"499\">Pot 470ml de cr\u00e8me glac\u00e9e vanille (p\u00e2te de vanille 5 %) marbr\u00e9e caramel beurre sal\u00e9 3 %. Texture onctueuse et go\u00fbt intense.<\/p>","protected":false},"featured_media":13784,"template":"","meta":{"ocean_post_layout":"","ocean_both_sidebars_style":"","ocean_both_sidebars_content_width":0,"ocean_both_sidebars_sidebars_width":0,"ocean_sidebar":"0","ocean_second_sidebar":"0","ocean_disable_margins":"enable","ocean_add_body_class":"","ocean_shortcode_before_top_bar":"","ocean_shortcode_after_top_bar":"","ocean_shortcode_before_header":"","ocean_shortcode_after_header":"","ocean_has_shortcode":"","ocean_shortcode_after_title":"","ocean_shortcode_before_footer_widgets":"","ocean_shortcode_after_footer_widgets":"","ocean_shortcode_before_footer_bottom":"","ocean_shortcode_after_footer_bottom":"","ocean_display_top_bar":"default","ocean_display_header":"default","ocean_header_style":"","ocean_center_header_left_menu":"0","ocean_custom_header_template":"0","ocean_custom_logo":0,"ocean_custom_retina_logo":0,"ocean_custom_logo_max_width":0,"ocean_custom_logo_tablet_max_width":0,"ocean_custom_logo_mobile_max_width":0,"ocean_custom_logo_max_height":0,"ocean_custom_logo_tablet_max_height":0,"ocean_custom_logo_mobile_max_height":0,"ocean_header_custom_menu":"0","ocean_menu_typo_font_family":"0","ocean_menu_typo_font_subset":"","ocean_menu_typo_font_size":0,"ocean_menu_typo_font_size_tablet":0,"ocean_menu_typo_font_size_mobile":0,"ocean_menu_typo_font_size_unit":"px","ocean_menu_typo_font_weight":"","ocean_menu_typo_font_weight_tablet":"","ocean_menu_typo_font_weight_mobile":"","ocean_menu_typo_transform":"","ocean_menu_typo_transform_tablet":"","ocean_menu_typo_transform_mobile":"","ocean_menu_typo_line_height":0,"ocean_menu_typo_line_height_tablet":0,"ocean_menu_typo_line_height_mobile":0,"ocean_menu_typo_line_height_unit":"","ocean_menu_typo_spacing":0,"ocean_menu_typo_spacing_tablet":0,"ocean_menu_typo_spacing_mobile":0,"ocean_menu_typo_spacing_unit":"","ocean_menu_link_color":"","ocean_menu_link_color_hover":"","ocean_menu_link_color_active":"","ocean_menu_link_background":"","ocean_menu_link_hover_background":"","ocean_menu_link_active_background":"","ocean_menu_social_links_bg":"","ocean_menu_social_hover_links_bg":"","ocean_menu_social_links_color":"","ocean_menu_social_hover_links_color":"","ocean_disable_title":"default","ocean_disable_heading":"default","ocean_post_title":"","ocean_post_subheading":"","ocean_post_title_style":"","ocean_post_title_background_color":"","ocean_post_title_background":0,"ocean_post_title_bg_image_position":"","ocean_post_title_bg_image_attachment":"","ocean_post_title_bg_image_repeat":"","ocean_post_title_bg_image_size":"","ocean_post_title_height":0,"ocean_post_title_bg_overlay":0.5,"ocean_post_title_bg_overlay_color":"","ocean_disable_breadcrumbs":"default","ocean_breadcrumbs_color":"","ocean_breadcrumbs_separator_color":"","ocean_breadcrumbs_links_color":"","ocean_breadcrumbs_links_hover_color":"","ocean_display_footer_widgets":"default","ocean_display_footer_bottom":"default","ocean_custom_footer_template":"0"},"product_brand":[],"product_cat":[154,134,90],"product_tag":[166,163,160,159,165],"class_list":{"0":"post-12557","1":"product","2":"type-product","3":"status-publish","4":"has-post-thumbnail","6":"product_cat-creme-glacee","7":"product_cat-glaces","8":"product_cat-pots-piccolo","9":"product_tag-caramel","10":"product_tag-glace","11":"product_tag-glace-en-pot","12":"product_tag-pot","13":"product_tag-vanille","14":"product_shipping_class-freeze-product","16":"entry","17":"has-media","19":"first","20":"instock","21":"sale","22":"taxable","23":"shipping-taxable","24":"purchasable","25":"product-type-simple","26":"has-product-nav","27":"col","28":"span_1_of_3","29":"owp-content-center","30":"owp-thumbs-layout-horizontal","31":"owp-btn-normal","32":"owp-tabs-layout-horizontal","33":"has-no-thumbnails"},"_links":{"self":[{"href":"https:\/\/los-pistoleros.com\/en\/wp-json\/wp\/v2\/product\/12557","targetHints":{"allow":["GET"]}}],"collection":[{"href":"https:\/\/los-pistoleros.com\/en\/wp-json\/wp\/v2\/product"}],"about":[{"href":"https:\/\/los-pistoleros.com\/en\/wp-json\/wp\/v2\/types\/product"}],"wp:featuredmedia":[{"embeddable":true,"href":"https:\/\/los-pistoleros.com\/en\/wp-json\/wp\/v2\/media\/13784"}],"wp:attachment":[{"href":"https:\/\/los-pistoleros.com\/en\/wp-json\/wp\/v2\/media?parent=12557"}],"wp:term":[{"taxonomy":"product_brand","embeddable":true,"href":"https:\/\/los-pistoleros.com\/en\/wp-json\/wp\/v2\/product_brand?post=12557"},{"taxonomy":"product_cat","embeddable":true,"href":"https:\/\/los-pistoleros.com\/en\/wp-json\/wp\/v2\/product_cat?post=12557"},{"taxonomy":"product_tag","embeddable":true,"href":"https:\/\/los-pistoleros.com\/en\/wp-json\/wp\/v2\/product_tag?post=12557"}],"curies":[{"name":"wp","href":"https:\/\/api.w.org\/{rel}","templated":true}]}}