{"id":12562,"date":"2024-08-21T11:56:28","date_gmt":"2024-08-21T09:56:28","guid":{"rendered":"https:\/\/los-pistoleros.com\/?post_type=product&#038;p=12562"},"modified":"2026-03-19T12:51:15","modified_gmt":"2026-03-19T10:51:15","slug":"creme-glacee-coco-marbree-noisette-470ml","status":"publish","type":"product","link":"https:\/\/los-pistoleros.com\/en\/product\/creme-glacee-coco-marbree-noisette-470ml","title":{"rendered":"Pot de Cr\u00e8me Glac\u00e9e Coco Marbr\u00e9e P\u00e2te \u00e0 Tartiner Noisette"},"content":{"rendered":"<h1>Cr\u00e8me Glac\u00e9e Coco &amp; Noisette 470ml | Marbrage Gourmand<\/h1>\n<h3 data-start=\"522\" data-end=\"575\">Cr\u00e8me Glac\u00e9e Coco Marbr\u00e9e Noisette \u2013 470ml \/ 286g<\/h3>\n<p data-start=\"577\" data-end=\"726\">Une cr\u00e8me glac\u00e9e onctueuse \u00e9labor\u00e9e \u00e0 partir de lait entier et de cr\u00e8me fra\u00eeche, associ\u00e9e \u00e0 une p\u00e2te de coco (5 %) pour une saveur exotique et douce.<\/p>\n<p data-start=\"728\" data-end=\"873\">Le marbrage de p\u00e2te \u00e0 tartiner noisette (5 %) apporte une touche chocolat\u00e9e et gourmande qui contraste parfaitement avec la fra\u00eecheur de la coco.<\/p>\n<p data-start=\"875\" data-end=\"935\">Un format 470ml id\u00e9al pour le partage ou les pauses sucr\u00e9es.<\/p>\n<h3 data-start=\"1066\" data-end=\"1082\">Ingr\u00e9dients<\/h3>\n<p data-start=\"1084\" data-end=\"1640\">Lait entier (58,9 %), cr\u00e8me fra\u00eeche 35 % MG (14,82 %), stabilisant cr\u00e8me (mono- et diglyc\u00e9rides d\u2019acides gras, farine de graine de caroube, alginate de sodium, gomme de guar, carragh\u00e9nanes), sucre cristal, glucose, poudre de lait entier, marbrage p\u00e2te \u00e0 tartiner noisette 5 % (sucre, huile de tournesol, noisettes 10 %, cacao \u00e9cr\u00e9m\u00e9 en poudre 8 %, lait \u00e9cr\u00e9m\u00e9 en poudre, prot\u00e9ines de lait, beurre de cacao, \u00e9mulsifiant : l\u00e9cithine de soja, ar\u00f4mes), dextrose, p\u00e2te de coco 5 % (sucre, sirop de glucose, eau, noix de coco s\u00e9ch\u00e9e, ar\u00f4mes, stabilisant : E466).<\/p>\n<h3 data-start=\"1647\" data-end=\"1663\">Allerg\u00e8nes<\/h3>\n<p data-start=\"1665\" data-end=\"1701\">Contient : <strong data-start=\"1676\" data-end=\"1701\">LAIT, NOISETTES, SOJA<\/strong><\/p>\n<p data-start=\"1703\" data-end=\"1807\">Fabriqu\u00e9 dans un laboratoire manipulant : <strong data-start=\"1745\" data-end=\"1806\">GLUTEN, ARACHIDE, \u0152UF, SOJA, LAIT, FRUITS \u00c0 COQUE, S\u00c9SAME<\/strong>.<\/p>\n<p data-start=\"1703\" data-end=\"1807\">Vous \u00eates un professionnel ? Contactez-nous pour conna\u00eetre nos conditions de distribution.<\/p>","protected":false},"excerpt":{"rendered":"<p>Pot 470ml de cr\u00e8me glac\u00e9e coco avec marbrage p\u00e2te \u00e0 tartiner noisette 5 %. Texture onctueuse et alliance exotique gourmande.<\/p>","protected":false},"featured_media":12588,"template":"","meta":{"ocean_post_layout":"","ocean_both_sidebars_style":"","ocean_both_sidebars_content_width":0,"ocean_both_sidebars_sidebars_width":0,"ocean_sidebar":"0","ocean_second_sidebar":"0","ocean_disable_margins":"enable","ocean_add_body_class":"","ocean_shortcode_before_top_bar":"","ocean_shortcode_after_top_bar":"","ocean_shortcode_before_header":"","ocean_shortcode_after_header":"","ocean_has_shortcode":"","ocean_shortcode_after_title":"","ocean_shortcode_before_footer_widgets":"","ocean_shortcode_after_footer_widgets":"","ocean_shortcode_before_footer_bottom":"","ocean_shortcode_after_footer_bottom":"","ocean_display_top_bar":"default","ocean_display_header":"default","ocean_header_style":"","ocean_center_header_left_menu":"0","ocean_custom_header_template":"0","ocean_custom_logo":0,"ocean_custom_retina_logo":0,"ocean_custom_logo_max_width":0,"ocean_custom_logo_tablet_max_width":0,"ocean_custom_logo_mobile_max_width":0,"ocean_custom_logo_max_height":0,"ocean_custom_logo_tablet_max_height":0,"ocean_custom_logo_mobile_max_height":0,"ocean_header_custom_menu":"0","ocean_menu_typo_font_family":"0","ocean_menu_typo_font_subset":"","ocean_menu_typo_font_size":0,"ocean_menu_typo_font_size_tablet":0,"ocean_menu_typo_font_size_mobile":0,"ocean_menu_typo_font_size_unit":"px","ocean_menu_typo_font_weight":"","ocean_menu_typo_font_weight_tablet":"","ocean_menu_typo_font_weight_mobile":"","ocean_menu_typo_transform":"","ocean_menu_typo_transform_tablet":"","ocean_menu_typo_transform_mobile":"","ocean_menu_typo_line_height":0,"ocean_menu_typo_line_height_tablet":0,"ocean_menu_typo_line_height_mobile":0,"ocean_menu_typo_line_height_unit":"","ocean_menu_typo_spacing":0,"ocean_menu_typo_spacing_tablet":0,"ocean_menu_typo_spacing_mobile":0,"ocean_menu_typo_spacing_unit":"","ocean_menu_link_color":"","ocean_menu_link_color_hover":"","ocean_menu_link_color_active":"","ocean_menu_link_background":"","ocean_menu_link_hover_background":"","ocean_menu_link_active_background":"","ocean_menu_social_links_bg":"","ocean_menu_social_hover_links_bg":"","ocean_menu_social_links_color":"","ocean_menu_social_hover_links_color":"","ocean_disable_title":"default","ocean_disable_heading":"default","ocean_post_title":"","ocean_post_subheading":"","ocean_post_title_style":"","ocean_post_title_background_color":"","ocean_post_title_background":0,"ocean_post_title_bg_image_position":"","ocean_post_title_bg_image_attachment":"","ocean_post_title_bg_image_repeat":"","ocean_post_title_bg_image_size":"","ocean_post_title_height":0,"ocean_post_title_bg_overlay":0.5,"ocean_post_title_bg_overlay_color":"","ocean_disable_breadcrumbs":"default","ocean_breadcrumbs_color":"","ocean_breadcrumbs_separator_color":"","ocean_breadcrumbs_links_color":"","ocean_breadcrumbs_links_hover_color":"","ocean_display_footer_widgets":"default","ocean_display_footer_bottom":"default","ocean_custom_footer_template":"0"},"product_brand":[],"product_cat":[149,155,154,134,90],"product_tag":[162,164,163,160,159],"class_list":{"0":"post-12562","1":"product","2":"type-product","3":"status-publish","4":"has-post-thumbnail","6":"product_cat-chocolat","7":"product_cat-coco","8":"product_cat-creme-glacee","9":"product_cat-glaces","10":"product_cat-pots-piccolo","11":"product_tag-chocolat","12":"product_tag-coco","13":"product_tag-glace","14":"product_tag-glace-en-pot","15":"product_tag-pot","16":"product_shipping_class-freeze-product","18":"entry","19":"has-media","21":"first","22":"instock","23":"sale","24":"taxable","25":"shipping-taxable","26":"purchasable","27":"product-type-simple","28":"has-product-nav","29":"col","30":"span_1_of_3","31":"owp-content-center","32":"owp-thumbs-layout-horizontal","33":"owp-btn-normal","34":"owp-tabs-layout-horizontal","35":"has-no-thumbnails"},"_links":{"self":[{"href":"https:\/\/los-pistoleros.com\/en\/wp-json\/wp\/v2\/product\/12562","targetHints":{"allow":["GET"]}}],"collection":[{"href":"https:\/\/los-pistoleros.com\/en\/wp-json\/wp\/v2\/product"}],"about":[{"href":"https:\/\/los-pistoleros.com\/en\/wp-json\/wp\/v2\/types\/product"}],"wp:featuredmedia":[{"embeddable":true,"href":"https:\/\/los-pistoleros.com\/en\/wp-json\/wp\/v2\/media\/12588"}],"wp:attachment":[{"href":"https:\/\/los-pistoleros.com\/en\/wp-json\/wp\/v2\/media?parent=12562"}],"wp:term":[{"taxonomy":"product_brand","embeddable":true,"href":"https:\/\/los-pistoleros.com\/en\/wp-json\/wp\/v2\/product_brand?post=12562"},{"taxonomy":"product_cat","embeddable":true,"href":"https:\/\/los-pistoleros.com\/en\/wp-json\/wp\/v2\/product_cat?post=12562"},{"taxonomy":"product_tag","embeddable":true,"href":"https:\/\/los-pistoleros.com\/en\/wp-json\/wp\/v2\/product_tag?post=12562"}],"curies":[{"name":"wp","href":"https:\/\/api.w.org\/{rel}","templated":true}]}}