{"id":12564,"date":"2024-08-21T11:59:17","date_gmt":"2024-08-21T09:59:17","guid":{"rendered":"https:\/\/los-pistoleros.com\/?post_type=product&#038;p=12564"},"modified":"2026-03-19T12:47:37","modified_gmt":"2026-03-19T10:47:37","slug":"creme-glacee-banane-marbree-noisette-470ml","status":"publish","type":"product","link":"https:\/\/los-pistoleros.com\/en\/product\/creme-glacee-banane-marbree-noisette-470ml","title":{"rendered":"Pot de Cr\u00e8me Glac\u00e9e Banane Marbr\u00e9e P\u00e2te \u00e0 Tartiner Noisette"},"content":{"rendered":"<h1>Cr\u00e8me Glac\u00e9e Banane &amp; Noisette 470ml | Marbrage Gourmand<\/h1>\n<p data-start=\"577\" data-end=\"714\">Une cr\u00e8me glac\u00e9e onctueuse \u00e0 base de lait entier et de cr\u00e8me fra\u00eeche, associ\u00e9e \u00e0 30 % de pur\u00e9e de banane pour un go\u00fbt intense et naturel.<\/p>\n<p data-start=\"716\" data-end=\"835\">Le tout est sublim\u00e9 par un marbrage g\u00e9n\u00e9reux de p\u00e2te \u00e0 tartiner noisette (5 %) pour une touche chocolat\u00e9e et gourmande.<\/p>\n<p data-start=\"837\" data-end=\"897\">Un format 470ml id\u00e9al pour le partage ou les pauses sucr\u00e9es.<\/p>\n<h3 data-start=\"1032\" data-end=\"1048\">Ingr\u00e9dients<\/h3>\n<p data-start=\"1050\" data-end=\"1600\">Lait entier (58,9 %), pur\u00e9e de banane 30 % (billes de banane 90 %, sucre 10 %, acide ascorbique, acide citrique), cr\u00e8me fra\u00eeche 35 % MG (14,82 %), stabilisant cr\u00e8me (mono- et diglyc\u00e9rides d\u2019acides gras, farine de graine de caroube, alginate de sodium, gomme de guar, carragh\u00e9nanes), sucre cristal, glucose, poudre de lait entier, marbrage p\u00e2te \u00e0 tartiner noisette 5 % (sucre, huile de tournesol, noisettes 10 %, cacao \u00e9cr\u00e9m\u00e9 en poudre 8 %, lait \u00e9cr\u00e9m\u00e9 en poudre, prot\u00e9ines de lait, beurre de cacao, \u00e9mulsifiant : l\u00e9cithine de soja, ar\u00f4mes), dextrose.<\/p>\n<h3 data-start=\"1607\" data-end=\"1623\">Allerg\u00e8nes<\/h3>\n<p data-start=\"1625\" data-end=\"1661\">Contient : <strong data-start=\"1636\" data-end=\"1661\">LAIT, NOISETTES, SOJA<\/strong><\/p>\n<p data-start=\"1663\" data-end=\"1767\">Fabriqu\u00e9 dans un laboratoire manipulant : <strong data-start=\"1705\" data-end=\"1766\">GLUTEN, ARACHIDE, \u0152UF, SOJA, LAIT, FRUITS \u00c0 COQUE, S\u00c9SAME<\/strong>.<\/p>\n<p data-start=\"1663\" data-end=\"1767\">","protected":false},"excerpt":{"rendered":"<p>Pot 470ml de cr\u00e8me glac\u00e9e banane (30 % pur\u00e9e) marbr\u00e9e p\u00e2te \u00e0 tartiner noisette (5 %). Texture onctueuse et marbrage gourmand.<\/p>","protected":false},"featured_media":13785,"template":"","meta":{"ocean_post_layout":"","ocean_both_sidebars_style":"","ocean_both_sidebars_content_width":0,"ocean_both_sidebars_sidebars_width":0,"ocean_sidebar":"0","ocean_second_sidebar":"0","ocean_disable_margins":"enable","ocean_add_body_class":"","ocean_shortcode_before_top_bar":"","ocean_shortcode_after_top_bar":"","ocean_shortcode_before_header":"","ocean_shortcode_after_header":"","ocean_has_shortcode":"","ocean_shortcode_after_title":"","ocean_shortcode_before_footer_widgets":"","ocean_shortcode_after_footer_widgets":"","ocean_shortcode_before_footer_bottom":"","ocean_shortcode_after_footer_bottom":"","ocean_display_top_bar":"default","ocean_display_header":"default","ocean_header_style":"","ocean_center_header_left_menu":"0","ocean_custom_header_template":"0","ocean_custom_logo":0,"ocean_custom_retina_logo":0,"ocean_custom_logo_max_width":0,"ocean_custom_logo_tablet_max_width":0,"ocean_custom_logo_mobile_max_width":0,"ocean_custom_logo_max_height":0,"ocean_custom_logo_tablet_max_height":0,"ocean_custom_logo_mobile_max_height":0,"ocean_header_custom_menu":"0","ocean_menu_typo_font_family":"0","ocean_menu_typo_font_subset":"","ocean_menu_typo_font_size":0,"ocean_menu_typo_font_size_tablet":0,"ocean_menu_typo_font_size_mobile":0,"ocean_menu_typo_font_size_unit":"px","ocean_menu_typo_font_weight":"","ocean_menu_typo_font_weight_tablet":"","ocean_menu_typo_font_weight_mobile":"","ocean_menu_typo_transform":"","ocean_menu_typo_transform_tablet":"","ocean_menu_typo_transform_mobile":"","ocean_menu_typo_line_height":0,"ocean_menu_typo_line_height_tablet":0,"ocean_menu_typo_line_height_mobile":0,"ocean_menu_typo_line_height_unit":"","ocean_menu_typo_spacing":0,"ocean_menu_typo_spacing_tablet":0,"ocean_menu_typo_spacing_mobile":0,"ocean_menu_typo_spacing_unit":"","ocean_menu_link_color":"","ocean_menu_link_color_hover":"","ocean_menu_link_color_active":"","ocean_menu_link_background":"","ocean_menu_link_hover_background":"","ocean_menu_link_active_background":"","ocean_menu_social_links_bg":"","ocean_menu_social_hover_links_bg":"","ocean_menu_social_links_color":"","ocean_menu_social_hover_links_color":"","ocean_disable_title":"default","ocean_disable_heading":"default","ocean_post_title":"","ocean_post_subheading":"","ocean_post_title_style":"","ocean_post_title_background_color":"","ocean_post_title_background":0,"ocean_post_title_bg_image_position":"","ocean_post_title_bg_image_attachment":"","ocean_post_title_bg_image_repeat":"","ocean_post_title_bg_image_size":"","ocean_post_title_height":0,"ocean_post_title_bg_overlay":0.5,"ocean_post_title_bg_overlay_color":"","ocean_disable_breadcrumbs":"default","ocean_breadcrumbs_color":"","ocean_breadcrumbs_separator_color":"","ocean_breadcrumbs_links_color":"","ocean_breadcrumbs_links_hover_color":"","ocean_display_footer_widgets":"default","ocean_display_footer_bottom":"default","ocean_custom_footer_template":"0"},"product_brand":[],"product_cat":[149,154,134,90],"product_tag":[161,162,163,160,159],"class_list":{"0":"post-12564","1":"product","2":"type-product","3":"status-publish","4":"has-post-thumbnail","6":"product_cat-chocolat","7":"product_cat-creme-glacee","8":"product_cat-glaces","9":"product_cat-pots-piccolo","10":"product_tag-banane","11":"product_tag-chocolat","12":"product_tag-glace","13":"product_tag-glace-en-pot","14":"product_tag-pot","15":"product_shipping_class-freeze-product","17":"entry","18":"has-media","20":"first","21":"instock","22":"sale","23":"taxable","24":"shipping-taxable","25":"purchasable","26":"product-type-simple","27":"has-product-nav","28":"col","29":"span_1_of_3","30":"owp-content-center","31":"owp-thumbs-layout-horizontal","32":"owp-btn-normal","33":"owp-tabs-layout-horizontal","34":"has-no-thumbnails"},"_links":{"self":[{"href":"https:\/\/los-pistoleros.com\/en\/wp-json\/wp\/v2\/product\/12564","targetHints":{"allow":["GET"]}}],"collection":[{"href":"https:\/\/los-pistoleros.com\/en\/wp-json\/wp\/v2\/product"}],"about":[{"href":"https:\/\/los-pistoleros.com\/en\/wp-json\/wp\/v2\/types\/product"}],"wp:featuredmedia":[{"embeddable":true,"href":"https:\/\/los-pistoleros.com\/en\/wp-json\/wp\/v2\/media\/13785"}],"wp:attachment":[{"href":"https:\/\/los-pistoleros.com\/en\/wp-json\/wp\/v2\/media?parent=12564"}],"wp:term":[{"taxonomy":"product_brand","embeddable":true,"href":"https:\/\/los-pistoleros.com\/en\/wp-json\/wp\/v2\/product_brand?post=12564"},{"taxonomy":"product_cat","embeddable":true,"href":"https:\/\/los-pistoleros.com\/en\/wp-json\/wp\/v2\/product_cat?post=12564"},{"taxonomy":"product_tag","embeddable":true,"href":"https:\/\/los-pistoleros.com\/en\/wp-json\/wp\/v2\/product_tag?post=12564"}],"curies":[{"name":"wp","href":"https:\/\/api.w.org\/{rel}","templated":true}]}}