{"id":1495,"date":"2022-06-17T12:17:34","date_gmt":"2022-06-17T12:17:34","guid":{"rendered":"https:\/\/los-pistoleros.ownlycake.fr\/?post_type=product&#038;p=1495"},"modified":"2026-04-02T16:50:41","modified_gmt":"2026-04-02T14:50:41","slug":"frappe-cookies-cream","status":"publish","type":"product","link":"https:\/\/los-pistoleros.com\/en\/product\/frappe-cookies-cream","title":{"rendered":"Cookies &amp; cream iced"},"content":{"rendered":"<h1>Frapp\u00e9 Cookies &amp; Cream | Boisson Glac\u00e9e aux Biscuits Cacaot\u00e9s<\/h1>\n<p data-start=\"558\" data-end=\"740\">Une pr\u00e9paration gourmande pour r\u00e9aliser facilement un <strong data-start=\"612\" data-end=\"638\">frapp\u00e9 Cookies &amp; Cream<\/strong>, associant <strong data-start=\"650\" data-end=\"691\">biscuits cacaot\u00e9s et notes de vanille<\/strong> pour une boisson glac\u00e9e onctueuse et savoureuse.<\/p>\n<p data-start=\"742\" data-end=\"854\">Sa texture cr\u00e9meuse et son go\u00fbt biscuit\u00e9 en font une boisson id\u00e9ale pour une pause rafra\u00eechissante et gourmande.<\/p>\n<p data-start=\"856\" data-end=\"965\">Fabriqu\u00e9 au Cannet<strong data-start=\"868\" data-end=\"911\">\u00a0avec du lait d\u2019origine fran\u00e7aise<\/strong>, ce frapp\u00e9 est con\u00e7u sans colorants ni conservateurs.<\/p>\n<h2 data-start=\"972\" data-end=\"1001\">Conseils de pr\u00e9paration<\/h2>\n<p data-start=\"1003\" data-end=\"1010\">Mixer :<\/p>\n<ul data-start=\"1012\" data-end=\"1088\">\n<li data-start=\"1012\" data-end=\"1039\">\n<p data-start=\"1014\" data-end=\"1039\"><strong data-start=\"1014\" data-end=\"1039\">1 pr\u00e9paration (117 g)<\/strong><\/p>\n<\/li>\n<li data-start=\"1040\" data-end=\"1060\">\n<p data-start=\"1042\" data-end=\"1060\"><strong data-start=\"1042\" data-end=\"1060\">120 ml de lait<\/strong><\/p>\n<\/li>\n<li data-start=\"1061\" data-end=\"1088\">\n<p data-start=\"1063\" data-end=\"1088\"><strong data-start=\"1063\" data-end=\"1088\">3 gla\u00e7ons (optionnel)<\/strong><\/p>\n<\/li>\n<\/ul>\n<p data-start=\"1090\" data-end=\"1142\">Mixer jusqu\u2019\u00e0 obtenir une texture frapp\u00e9e onctueuse.<\/p>\n<h3 data-start=\"1401\" data-end=\"1417\">Ingr\u00e9dients<\/h3>\n<p data-start=\"1419\" data-end=\"1622\">Lait demi-\u00e9cr\u00e9m\u00e9, biscuits Or\u00e9o\u00ae <strong data-start=\"1452\" data-end=\"1460\">17 %<\/strong> (farine et amidon de bl\u00e9, huile v\u00e9g\u00e9tale de palme, cacao, l\u00e9cithines de tournesol et soja), cr\u00e8me anglaise <strong data-start=\"1568\" data-end=\"1576\">15 %<\/strong>, cr\u00e8me liquide, sucre, lait \u00e9cr\u00e9m\u00e9 en poudre.<\/p>\n<h3 data-start=\"1629\" data-end=\"1645\">Allerg\u00e8nes<\/h3>\n<p data-start=\"1647\" data-end=\"1680\">Contient : <strong data-start=\"1658\" data-end=\"1680\">LAIT, GLUTEN, SOJA<\/strong><\/p>\n<p data-start=\"1682\" data-end=\"1758\">Peut contenir des traces de : <strong data-start=\"1712\" data-end=\"1757\">gluten, \u0153uf, fruits \u00e0 coque, soja, s\u00e9same<\/strong>.<\/p>\n<h3 data-start=\"1765\" data-end=\"1813\">Valeurs nutritionnelles moyennes pour 100 g<\/h3>\n<p data-start=\"1817\" data-end=\"1852\">\u00c9nergie : <strong data-start=\"1827\" data-end=\"1850\">948,9 kJ \/ 225 kcal<\/strong><\/p>\n<p data-start=\"1855\" data-end=\"1885\">Mati\u00e8res grasses : <strong data-start=\"1874\" data-end=\"1883\">8,6 g (<\/strong>dont acides gras satur\u00e9s : <strong data-start=\"1917\" data-end=\"1926\">5,1 g)<\/strong><\/p>\n<p data-start=\"1931\" data-end=\"1954\">Glucides : <strong data-start=\"1942\" data-end=\"1952\">31,4 g (<\/strong>dont sucres : <strong data-start=\"1973\" data-end=\"1983\">23,2 g)<\/strong><\/p>\n<p data-start=\"1988\" data-end=\"2021\">Fibres alimentaires : <strong data-start=\"2010\" data-end=\"2019\">0,6 g<\/strong><\/p>\n<p data-start=\"2024\" data-end=\"2047\">Prot\u00e9ines : <strong data-start=\"2036\" data-end=\"2045\">5,2 g<\/strong><\/p>\n<p data-start=\"2050\" data-end=\"2065\">Sel : <strong data-start=\"2056\" data-end=\"2065\">0,4 g<\/strong><\/p>\n<p data-start=\"2050\" data-end=\"2065\">","protected":false},"excerpt":{"rendered":"<p>Pr\u00e9paration pour frapp\u00e9 Cookies &amp; Cream avec biscuits cacaot\u00e9s et vanille. Une boisson gourmande et onctueuse \u00e0 mixer avec du lait et des gla\u00e7ons.<\/p>\n<p>&nbsp;<\/p>","protected":false},"featured_media":21765,"template":"","meta":{"ocean_post_layout":"","ocean_both_sidebars_style":"","ocean_both_sidebars_content_width":0,"ocean_both_sidebars_sidebars_width":0,"ocean_sidebar":"0","ocean_second_sidebar":"0","ocean_disable_margins":"enable","ocean_add_body_class":"","ocean_shortcode_before_top_bar":"","ocean_shortcode_after_top_bar":"","ocean_shortcode_before_header":"","ocean_shortcode_after_header":"","ocean_has_shortcode":"","ocean_shortcode_after_title":"","ocean_shortcode_before_footer_widgets":"","ocean_shortcode_after_footer_widgets":"","ocean_shortcode_before_footer_bottom":"","ocean_shortcode_after_footer_bottom":"","ocean_display_top_bar":"default","ocean_display_header":"default","ocean_header_style":"","ocean_center_header_left_menu":"0","ocean_custom_header_template":"0","ocean_custom_logo":0,"ocean_custom_retina_logo":0,"ocean_custom_logo_max_width":0,"ocean_custom_logo_tablet_max_width":0,"ocean_custom_logo_mobile_max_width":0,"ocean_custom_logo_max_height":0,"ocean_custom_logo_tablet_max_height":0,"ocean_custom_logo_mobile_max_height":0,"ocean_header_custom_menu":"0","ocean_menu_typo_font_family":"0","ocean_menu_typo_font_subset":"","ocean_menu_typo_font_size":0,"ocean_menu_typo_font_size_tablet":0,"ocean_menu_typo_font_size_mobile":0,"ocean_menu_typo_font_size_unit":"px","ocean_menu_typo_font_weight":"","ocean_menu_typo_font_weight_tablet":"","ocean_menu_typo_font_weight_mobile":"","ocean_menu_typo_transform":"","ocean_menu_typo_transform_tablet":"","ocean_menu_typo_transform_mobile":"","ocean_menu_typo_line_height":0,"ocean_menu_typo_line_height_tablet":0,"ocean_menu_typo_line_height_mobile":0,"ocean_menu_typo_line_height_unit":"","ocean_menu_typo_spacing":0,"ocean_menu_typo_spacing_tablet":0,"ocean_menu_typo_spacing_mobile":0,"ocean_menu_typo_spacing_unit":"","ocean_menu_link_color":"","ocean_menu_link_color_hover":"","ocean_menu_link_color_active":"","ocean_menu_link_background":"","ocean_menu_link_hover_background":"","ocean_menu_link_active_background":"","ocean_menu_social_links_bg":"","ocean_menu_social_hover_links_bg":"","ocean_menu_social_links_color":"","ocean_menu_social_hover_links_color":"","ocean_disable_title":"default","ocean_disable_heading":"default","ocean_post_title":"","ocean_post_subheading":"","ocean_post_title_style":"","ocean_post_title_background_color":"","ocean_post_title_background":0,"ocean_post_title_bg_image_position":"","ocean_post_title_bg_image_attachment":"","ocean_post_title_bg_image_repeat":"","ocean_post_title_bg_image_size":"","ocean_post_title_height":0,"ocean_post_title_bg_overlay":0.5,"ocean_post_title_bg_overlay_color":"","ocean_disable_breadcrumbs":"default","ocean_breadcrumbs_color":"","ocean_breadcrumbs_separator_color":"","ocean_breadcrumbs_links_color":"","ocean_breadcrumbs_links_hover_color":"","ocean_display_footer_widgets":"default","ocean_display_footer_bottom":"default","ocean_custom_footer_template":"0"},"product_brand":[],"product_cat":[132,150,21],"product_tag":[182,204,53],"class_list":{"0":"post-1495","1":"product","2":"type-product","3":"status-publish","4":"has-post-thumbnail","6":"product_cat-boissons","7":"product_cat-cookies-cream","8":"product_cat-smoothie-et-frappes","9":"product_tag-boissons","10":"product_tag-cookies-and-cream","11":"product_tag-smoothies-frappes","12":"product_shipping_class-freeze-product","14":"entry","15":"has-media","17":"first","18":"instock","19":"taxable","20":"shipping-taxable","21":"purchasable","22":"product-type-simple","23":"has-product-nav","24":"col","25":"span_1_of_3","26":"owp-content-center","27":"owp-thumbs-layout-horizontal","28":"owp-btn-normal","29":"owp-tabs-layout-horizontal","30":"has-no-thumbnails"},"_links":{"self":[{"href":"https:\/\/los-pistoleros.com\/en\/wp-json\/wp\/v2\/product\/1495","targetHints":{"allow":["GET"]}}],"collection":[{"href":"https:\/\/los-pistoleros.com\/en\/wp-json\/wp\/v2\/product"}],"about":[{"href":"https:\/\/los-pistoleros.com\/en\/wp-json\/wp\/v2\/types\/product"}],"wp:featuredmedia":[{"embeddable":true,"href":"https:\/\/los-pistoleros.com\/en\/wp-json\/wp\/v2\/media\/21765"}],"wp:attachment":[{"href":"https:\/\/los-pistoleros.com\/en\/wp-json\/wp\/v2\/media?parent=1495"}],"wp:term":[{"taxonomy":"product_brand","embeddable":true,"href":"https:\/\/los-pistoleros.com\/en\/wp-json\/wp\/v2\/product_brand?post=1495"},{"taxonomy":"product_cat","embeddable":true,"href":"https:\/\/los-pistoleros.com\/en\/wp-json\/wp\/v2\/product_cat?post=1495"},{"taxonomy":"product_tag","embeddable":true,"href":"https:\/\/los-pistoleros.com\/en\/wp-json\/wp\/v2\/product_tag?post=1495"}],"curies":[{"name":"wp","href":"https:\/\/api.w.org\/{rel}","templated":true}]}}