{"id":1498,"date":"2022-06-17T12:18:23","date_gmt":"2022-06-17T12:18:23","guid":{"rendered":"https:\/\/los-pistoleros.ownlycake.fr\/?post_type=product&#038;p=1498"},"modified":"2026-04-02T16:42:47","modified_gmt":"2026-04-02T14:42:47","slug":"frappe-chocolat","status":"publish","type":"product","link":"https:\/\/los-pistoleros.com\/en\/product\/frappe-chocolat","title":{"rendered":"Chocolate Iced"},"content":{"rendered":"<h1 data-start=\"207\" data-end=\"258\">Frapp\u00e9 Chocolat | Boisson Glac\u00e9e Gourmande au Cacao<\/h1>\n<p data-start=\"497\" data-end=\"626\">Une pr\u00e9paration gourmande pour r\u00e9aliser facilement un <strong data-start=\"551\" data-end=\"573\">frapp\u00e9 au chocolat<\/strong>, au go\u00fbt intense de cacao et \u00e0 la texture onctueuse.<\/p>\n<p data-start=\"628\" data-end=\"749\">Id\u00e9al pour une pause fra\u00eeche et gourmande, ce frapp\u00e9 offre un parfait \u00e9quilibre entre <strong data-start=\"714\" data-end=\"748\">cr\u00e8me, cacao et douceur sucr\u00e9e<\/strong>.<\/p>\n<p data-start=\"751\" data-end=\"861\">Fabriqu\u00e9 <strong data-start=\"760\" data-end=\"810\">en France avec de la cr\u00e8me d\u2019origine fran\u00e7aise<\/strong>, il est con\u00e7u <strong data-start=\"825\" data-end=\"860\">sans colorants ni conservateurs<\/strong>.<\/p>\n<h3 data-start=\"868\" data-end=\"897\">Conseils de pr\u00e9paration<\/h3>\n<p data-start=\"899\" data-end=\"906\">Mixer :<\/p>\n<ul data-start=\"908\" data-end=\"984\">\n<li data-start=\"908\" data-end=\"935\">\n<p data-start=\"910\" data-end=\"935\"><strong data-start=\"910\" data-end=\"935\">1 pr\u00e9paration (115 g)<\/strong><\/p>\n<\/li>\n<li data-start=\"936\" data-end=\"956\">\n<p data-start=\"938\" data-end=\"956\"><strong data-start=\"938\" data-end=\"956\">120 ml de lait<\/strong><\/p>\n<\/li>\n<li data-start=\"957\" data-end=\"984\">\n<p data-start=\"959\" data-end=\"984\"><strong data-start=\"959\" data-end=\"984\">3 gla\u00e7ons (optionnel)<\/strong><\/p>\n<\/li>\n<\/ul>\n<p data-start=\"986\" data-end=\"1038\">Mixer jusqu\u2019\u00e0 obtenir une texture frapp\u00e9e onctueuse.<\/p>\n<ul data-start=\"1068\" data-end=\"1206\">\n<li data-start=\"1169\" data-end=\"1206\">\n<p data-start=\"1171\" data-end=\"1206\">Dur\u00e9e de conservation : <strong data-start=\"1195\" data-end=\"1206\">24 mois<\/strong><\/p>\n<\/li>\n<\/ul>\n<h3 data-start=\"1303\" data-end=\"1319\">Ingr\u00e9dients<\/h3>\n<p data-start=\"1321\" data-end=\"1404\">Eau, cr\u00e8me liquide, cacao en poudre <strong data-start=\"1357\" data-end=\"1364\">5 %<\/strong>, sucre, lait \u00e9cr\u00e9m\u00e9 en poudre, glucose.<\/p>\n<h3 data-start=\"1411\" data-end=\"1427\">Allerg\u00e8nes<\/h3>\n<p data-start=\"1429\" data-end=\"1448\">Contient : <strong data-start=\"1440\" data-end=\"1448\">LAIT<\/strong><\/p>\n<p data-start=\"1450\" data-end=\"1526\">Peut contenir des traces de : <strong data-start=\"1480\" data-end=\"1525\">gluten, \u0153uf, fruits \u00e0 coque, soja, s\u00e9same<\/strong>.<\/p>\n<h3 data-start=\"1533\" data-end=\"1581\">Valeurs nutritionnelles moyennes pour 100 g<\/h3>\n<p data-start=\"1585\" data-end=\"1619\">\u00c9nergie : <strong data-start=\"1595\" data-end=\"1619\">1161,4 kJ \/ 277 kcal<\/strong><\/p>\n<p data-start=\"1622\" data-end=\"1651\">Mati\u00e8res grasses : <strong data-start=\"1641\" data-end=\"1651\">15,6 g (<\/strong>dont acides gras satur\u00e9s : <strong data-start=\"1683\" data-end=\"1692\">9,9 g)<\/strong><\/p>\n<p data-start=\"1695\" data-end=\"1716\">Glucides : <strong data-start=\"1706\" data-end=\"1716\">28,3 g (<\/strong>dont sucres : <strong data-start=\"1735\" data-end=\"1743\">27 g)<\/strong><\/p>\n<p data-start=\"1746\" data-end=\"1777\">Fibres alimentaires : <strong data-start=\"1768\" data-end=\"1777\">1,9 g<\/strong><\/p>\n<p data-start=\"1780\" data-end=\"1801\">Prot\u00e9ines : <strong data-start=\"1792\" data-end=\"1801\">4,9 g<\/strong><\/p>\n<p data-start=\"1804\" data-end=\"1819\">Sel : <strong data-start=\"1810\" data-end=\"1819\">0,1 g<\/strong><\/p>\n<p data-start=\"1804\" data-end=\"1819\">Vous \u00eates un professionnel ? Contactez-nous pour conna\u00eetre nos conditions de distribution.<\/p>","protected":false},"excerpt":{"rendered":"<p>Pr\u00e9paration pour frapp\u00e9 chocolat onctueux au cacao. Une boisson glac\u00e9e gourmande \u00e0 mixer avec du lait et des gla\u00e7ons pour une pause rafra\u00eechissante.<\/p>","protected":false},"featured_media":21766,"template":"","meta":{"ocean_post_layout":"","ocean_both_sidebars_style":"","ocean_both_sidebars_content_width":0,"ocean_both_sidebars_sidebars_width":0,"ocean_sidebar":"0","ocean_second_sidebar":"0","ocean_disable_margins":"enable","ocean_add_body_class":"","ocean_shortcode_before_top_bar":"","ocean_shortcode_after_top_bar":"","ocean_shortcode_before_header":"","ocean_shortcode_after_header":"","ocean_has_shortcode":"","ocean_shortcode_after_title":"","ocean_shortcode_before_footer_widgets":"","ocean_shortcode_after_footer_widgets":"","ocean_shortcode_before_footer_bottom":"","ocean_shortcode_after_footer_bottom":"","ocean_display_top_bar":"default","ocean_display_header":"default","ocean_header_style":"","ocean_center_header_left_menu":"0","ocean_custom_header_template":"0","ocean_custom_logo":0,"ocean_custom_retina_logo":0,"ocean_custom_logo_max_width":0,"ocean_custom_logo_tablet_max_width":0,"ocean_custom_logo_mobile_max_width":0,"ocean_custom_logo_max_height":0,"ocean_custom_logo_tablet_max_height":0,"ocean_custom_logo_mobile_max_height":0,"ocean_header_custom_menu":"0","ocean_menu_typo_font_family":"0","ocean_menu_typo_font_subset":"","ocean_menu_typo_font_size":0,"ocean_menu_typo_font_size_tablet":0,"ocean_menu_typo_font_size_mobile":0,"ocean_menu_typo_font_size_unit":"px","ocean_menu_typo_font_weight":"","ocean_menu_typo_font_weight_tablet":"","ocean_menu_typo_font_weight_mobile":"","ocean_menu_typo_transform":"","ocean_menu_typo_transform_tablet":"","ocean_menu_typo_transform_mobile":"","ocean_menu_typo_line_height":0,"ocean_menu_typo_line_height_tablet":0,"ocean_menu_typo_line_height_mobile":0,"ocean_menu_typo_line_height_unit":"","ocean_menu_typo_spacing":0,"ocean_menu_typo_spacing_tablet":0,"ocean_menu_typo_spacing_mobile":0,"ocean_menu_typo_spacing_unit":"","ocean_menu_link_color":"","ocean_menu_link_color_hover":"","ocean_menu_link_color_active":"","ocean_menu_link_background":"","ocean_menu_link_hover_background":"","ocean_menu_link_active_background":"","ocean_menu_social_links_bg":"","ocean_menu_social_hover_links_bg":"","ocean_menu_social_links_color":"","ocean_menu_social_hover_links_color":"","ocean_disable_title":"default","ocean_disable_heading":"default","ocean_post_title":"","ocean_post_subheading":"","ocean_post_title_style":"","ocean_post_title_background_color":"","ocean_post_title_background":0,"ocean_post_title_bg_image_position":"","ocean_post_title_bg_image_attachment":"","ocean_post_title_bg_image_repeat":"","ocean_post_title_bg_image_size":"","ocean_post_title_height":0,"ocean_post_title_bg_overlay":0.5,"ocean_post_title_bg_overlay_color":"","ocean_disable_breadcrumbs":"default","ocean_breadcrumbs_color":"","ocean_breadcrumbs_separator_color":"","ocean_breadcrumbs_links_color":"","ocean_breadcrumbs_links_hover_color":"","ocean_display_footer_widgets":"default","ocean_display_footer_bottom":"default","ocean_custom_footer_template":"0"},"product_brand":[],"product_cat":[132,149,21],"product_tag":[162,53],"class_list":{"0":"post-1498","1":"product","2":"type-product","3":"status-publish","4":"has-post-thumbnail","6":"product_cat-boissons","7":"product_cat-chocolat","8":"product_cat-smoothie-et-frappes","9":"product_tag-chocolat","10":"product_tag-smoothies-frappes","11":"product_shipping_class-freeze-product","13":"entry","14":"has-media","16":"first","17":"instock","18":"taxable","19":"shipping-taxable","20":"purchasable","21":"product-type-simple","22":"has-product-nav","23":"col","24":"span_1_of_3","25":"owp-content-center","26":"owp-thumbs-layout-horizontal","27":"owp-btn-normal","28":"owp-tabs-layout-horizontal","29":"has-no-thumbnails"},"_links":{"self":[{"href":"https:\/\/los-pistoleros.com\/en\/wp-json\/wp\/v2\/product\/1498","targetHints":{"allow":["GET"]}}],"collection":[{"href":"https:\/\/los-pistoleros.com\/en\/wp-json\/wp\/v2\/product"}],"about":[{"href":"https:\/\/los-pistoleros.com\/en\/wp-json\/wp\/v2\/types\/product"}],"wp:featuredmedia":[{"embeddable":true,"href":"https:\/\/los-pistoleros.com\/en\/wp-json\/wp\/v2\/media\/21766"}],"wp:attachment":[{"href":"https:\/\/los-pistoleros.com\/en\/wp-json\/wp\/v2\/media?parent=1498"}],"wp:term":[{"taxonomy":"product_brand","embeddable":true,"href":"https:\/\/los-pistoleros.com\/en\/wp-json\/wp\/v2\/product_brand?post=1498"},{"taxonomy":"product_cat","embeddable":true,"href":"https:\/\/los-pistoleros.com\/en\/wp-json\/wp\/v2\/product_cat?post=1498"},{"taxonomy":"product_tag","embeddable":true,"href":"https:\/\/los-pistoleros.com\/en\/wp-json\/wp\/v2\/product_tag?post=1498"}],"curies":[{"name":"wp","href":"https:\/\/api.w.org\/{rel}","templated":true}]}}