{"id":1499,"date":"2022-06-17T12:19:49","date_gmt":"2022-06-17T12:19:49","guid":{"rendered":"https:\/\/los-pistoleros.ownlycake.fr\/?post_type=product&#038;p=1499"},"modified":"2026-03-20T17:00:09","modified_gmt":"2026-03-20T15:00:09","slug":"smoothie-framboise","status":"publish","type":"product","link":"https:\/\/los-pistoleros.com\/en\/product\/smoothie-framboise","title":{"rendered":"Raspberry smoothie"},"content":{"rendered":"<h1>Raspberry smoothie<\/h1>\n<p data-start=\"496\" data-end=\"640\">Discover our <strong data-start=\"512\" data-end=\"534\">smoothie framboise<\/strong>, une boisson gourmande et rafra\u00eechissante, riche en fruits pour une exp\u00e9rience naturelle et \u00e9quilibr\u00e9e.<\/p>\n<p data-start=\"642\" data-end=\"791\">Avec <strong data-start=\"647\" data-end=\"668\">75 % de framboise<\/strong>, il r\u00e9v\u00e8le toute l\u2019intensit\u00e9 du fruit, associ\u00e9 \u00e0 une touche de sucre pour un parfait \u00e9quilibre entre douceur et acidit\u00e9.<\/p>\n<p data-start=\"793\" data-end=\"896\">Facile et rapide \u00e0 pr\u00e9parer, il s\u2019int\u00e8gre parfaitement dans une offre <strong data-start=\"863\" data-end=\"895\">snacking ou boissons healthy<\/strong>.<\/p>\n<h3 data-section-id=\"1feqtug\" data-start=\"4767\" data-end=\"4799\">Conseils de pr\u00e9paration<\/h3>\n<ol data-start=\"4800\" data-end=\"4979\">\n<li data-section-id=\"3my6ko\" data-start=\"4800\" data-end=\"4839\">\n<p data-start=\"4803\" data-end=\"4839\">Verser le m\u00e9lange dans un blender.<\/p>\n<\/li>\n<li data-section-id=\"1iz48z4\" data-start=\"4840\" data-end=\"4889\">\n<p data-start=\"4843\" data-end=\"4889\">Ajouter <strong data-start=\"4851\" data-end=\"4886\">120 ml d\u2019eau<\/strong>.<\/p>\n<\/li>\n<li data-section-id=\"1wtu5gc\" data-start=\"4890\" data-end=\"4921\">\n<p data-start=\"4893\" data-end=\"4921\">Ajouter <strong data-start=\"4901\" data-end=\"4918\">3 \u00e0 4 gla\u00e7ons<\/strong>.(optionnel)<\/p>\n<\/li>\n<li data-section-id=\"1k3ghwa\" data-start=\"4922\" data-end=\"4957\">\n<p data-start=\"4925\" data-end=\"4957\">Mixer pendant <strong data-start=\"4939\" data-end=\"4954\">20 secondes<\/strong>.<\/p>\n<\/li>\n<li data-section-id=\"umvno6\" data-start=\"4958\" data-end=\"4979\">\n<p data-start=\"4961\" data-end=\"4979\">Servir bien frais.<\/p>\n<\/li>\n<\/ol>\n<p class=\"translation-block\">Ingredients: Raspberry (75%), Water, Sugar<\/p>\n<p class=\"translation-block\">Allergens: May contain traces of gluten, eggs, milk, tree nuts, soy, sesame.<\/p>\n<p class=\"translation-block\">Nutritional values per 100 g: Energy: 462 kJ \/ 109 kcal, Fat: 0.4 g, of which Saturates: &lt; 0.01 g, Carbohydrates: 24 g, of which Sugars: 22.9 g, Fibre: 1.2 g, Protein: 0.5 g, Salt: 0.01 g.<\/p>\n<p><strong data-start=\"2370\" data-end=\"2511\">Vous \u00eates un professionnel ? Proposez une boisson healthy, rapide \u00e0 pr\u00e9parer et \u00e0 forte rotation. Contactez-nous pour nos conditions B2B.<\/strong><\/p>","protected":false},"excerpt":{"rendered":"<p>Smoothie framboise riche en fruits (75%), frais et rafra\u00eechissant. Pr\u00e9paration simple, id\u00e9al pour snacking et boissons healthy.<\/p>","protected":false},"featured_media":21771,"template":"","meta":{"ocean_post_layout":"","ocean_both_sidebars_style":"","ocean_both_sidebars_content_width":0,"ocean_both_sidebars_sidebars_width":0,"ocean_sidebar":"0","ocean_second_sidebar":"0","ocean_disable_margins":"enable","ocean_add_body_class":"","ocean_shortcode_before_top_bar":"","ocean_shortcode_after_top_bar":"","ocean_shortcode_before_header":"","ocean_shortcode_after_header":"","ocean_has_shortcode":"","ocean_shortcode_after_title":"","ocean_shortcode_before_footer_widgets":"","ocean_shortcode_after_footer_widgets":"","ocean_shortcode_before_footer_bottom":"","ocean_shortcode_after_footer_bottom":"","ocean_display_top_bar":"default","ocean_display_header":"default","ocean_header_style":"","ocean_center_header_left_menu":"0","ocean_custom_header_template":"0","ocean_custom_logo":0,"ocean_custom_retina_logo":0,"ocean_custom_logo_max_width":0,"ocean_custom_logo_tablet_max_width":0,"ocean_custom_logo_mobile_max_width":0,"ocean_custom_logo_max_height":0,"ocean_custom_logo_tablet_max_height":0,"ocean_custom_logo_mobile_max_height":0,"ocean_header_custom_menu":"0","ocean_menu_typo_font_family":"0","ocean_menu_typo_font_subset":"","ocean_menu_typo_font_size":0,"ocean_menu_typo_font_size_tablet":0,"ocean_menu_typo_font_size_mobile":0,"ocean_menu_typo_font_size_unit":"px","ocean_menu_typo_font_weight":"","ocean_menu_typo_font_weight_tablet":"","ocean_menu_typo_font_weight_mobile":"","ocean_menu_typo_transform":"","ocean_menu_typo_transform_tablet":"","ocean_menu_typo_transform_mobile":"","ocean_menu_typo_line_height":0,"ocean_menu_typo_line_height_tablet":0,"ocean_menu_typo_line_height_mobile":0,"ocean_menu_typo_line_height_unit":"","ocean_menu_typo_spacing":0,"ocean_menu_typo_spacing_tablet":0,"ocean_menu_typo_spacing_mobile":0,"ocean_menu_typo_spacing_unit":"","ocean_menu_link_color":"","ocean_menu_link_color_hover":"","ocean_menu_link_color_active":"","ocean_menu_link_background":"","ocean_menu_link_hover_background":"","ocean_menu_link_active_background":"","ocean_menu_social_links_bg":"","ocean_menu_social_hover_links_bg":"","ocean_menu_social_links_color":"","ocean_menu_social_hover_links_color":"","ocean_disable_title":"default","ocean_disable_heading":"default","ocean_post_title":"","ocean_post_subheading":"","ocean_post_title_style":"","ocean_post_title_background_color":"","ocean_post_title_background":0,"ocean_post_title_bg_image_position":"","ocean_post_title_bg_image_attachment":"","ocean_post_title_bg_image_repeat":"","ocean_post_title_bg_image_size":"","ocean_post_title_height":0,"ocean_post_title_bg_overlay":0.5,"ocean_post_title_bg_overlay_color":"","ocean_disable_breadcrumbs":"default","ocean_breadcrumbs_color":"","ocean_breadcrumbs_separator_color":"","ocean_breadcrumbs_links_color":"","ocean_breadcrumbs_links_hover_color":"","ocean_display_footer_widgets":"default","ocean_display_footer_bottom":"default","ocean_custom_footer_template":"0"},"product_brand":[],"product_cat":[132,152,21],"product_tag":[170,53],"class_list":{"0":"post-1499","1":"product","2":"type-product","3":"status-publish","4":"has-post-thumbnail","6":"product_cat-boissons","7":"product_cat-fruits-rouge","8":"product_cat-smoothie-et-frappes","9":"product_tag-framboise","10":"product_tag-smoothies-frappes","11":"product_shipping_class-freeze-product","13":"entry","14":"has-media","16":"first","17":"instock","18":"taxable","19":"shipping-taxable","20":"purchasable","21":"product-type-simple","22":"has-product-nav","23":"col","24":"span_1_of_3","25":"owp-content-center","26":"owp-thumbs-layout-horizontal","27":"owp-btn-normal","28":"owp-tabs-layout-horizontal","29":"has-no-thumbnails"},"_links":{"self":[{"href":"https:\/\/los-pistoleros.com\/en\/wp-json\/wp\/v2\/product\/1499","targetHints":{"allow":["GET"]}}],"collection":[{"href":"https:\/\/los-pistoleros.com\/en\/wp-json\/wp\/v2\/product"}],"about":[{"href":"https:\/\/los-pistoleros.com\/en\/wp-json\/wp\/v2\/types\/product"}],"wp:featuredmedia":[{"embeddable":true,"href":"https:\/\/los-pistoleros.com\/en\/wp-json\/wp\/v2\/media\/21771"}],"wp:attachment":[{"href":"https:\/\/los-pistoleros.com\/en\/wp-json\/wp\/v2\/media?parent=1499"}],"wp:term":[{"taxonomy":"product_brand","embeddable":true,"href":"https:\/\/los-pistoleros.com\/en\/wp-json\/wp\/v2\/product_brand?post=1499"},{"taxonomy":"product_cat","embeddable":true,"href":"https:\/\/los-pistoleros.com\/en\/wp-json\/wp\/v2\/product_cat?post=1499"},{"taxonomy":"product_tag","embeddable":true,"href":"https:\/\/los-pistoleros.com\/en\/wp-json\/wp\/v2\/product_tag?post=1499"}],"curies":[{"name":"wp","href":"https:\/\/api.w.org\/{rel}","templated":true}]}}