{"id":1500,"date":"2022-06-17T12:20:44","date_gmt":"2022-06-17T12:20:44","guid":{"rendered":"https:\/\/los-pistoleros.ownlycake.fr\/?post_type=product&#038;p=1500"},"modified":"2026-03-20T17:09:20","modified_gmt":"2026-03-20T15:09:20","slug":"smoothie-mangue-fruitee-rafraichissante","status":"publish","type":"product","link":"https:\/\/los-pistoleros.com\/en\/product\/smoothie-mangue-fruitee-rafraichissante","title":{"rendered":"Mango smoothie"},"content":{"rendered":"<h1>Smoothie Mangue Bio<\/h1>\n<p data-start=\"523\" data-end=\"670\">Savourez notre <strong data-start=\"538\" data-end=\"561\">smoothie mangue bio<\/strong>, une boisson rafra\u00eechissante qui met en valeur toute la <strong data-start=\"618\" data-end=\"667\">douceur et l\u2019intensit\u00e9 naturelle de la mangue<\/strong>.<\/p>\n<p data-start=\"672\" data-end=\"799\">Avec <strong data-start=\"677\" data-end=\"738\">75 % de pur\u00e9e de mangue issue de l\u2019agriculture biologique<\/strong>, il offre une exp\u00e9rience fruit\u00e9e, gourmande et \u00e9quilibr\u00e9e.<\/p>\n<p data-start=\"801\" data-end=\"906\">Sa texture onctueuse et son go\u00fbt exotique en font une boisson id\u00e9ale pour une pause fra\u00eeche et naturelle.<\/p>\n<h3 data-section-id=\"1feqtug\" data-start=\"4005\" data-end=\"4037\">Conseils de pr\u00e9paration<\/h3>\n<ol data-start=\"4038\" data-end=\"4220\">\n<li data-section-id=\"3my6ko\" data-start=\"4038\" data-end=\"4077\">\n<p data-start=\"4041\" data-end=\"4077\">Verser le m\u00e9lange dans un blender.<\/p>\n<\/li>\n<li data-section-id=\"1iz48z4\" data-start=\"4078\" data-end=\"4127\">\n<p data-start=\"4081\" data-end=\"4127\">Ajouter <strong data-start=\"4089\" data-end=\"4124\">120 ml d\u2019eau<\/strong>.<\/p>\n<\/li>\n<li data-section-id=\"1wtu5gc\" data-start=\"4128\" data-end=\"4159\">\n<p data-start=\"4131\" data-end=\"4159\">Ajouter <strong data-start=\"4139\" data-end=\"4156\">3 \u00e0 4 gla\u00e7ons<\/strong>.(optionnel)<\/p>\n<\/li>\n<li data-section-id=\"1k3ghwa\" data-start=\"4160\" data-end=\"4195\">\n<p data-start=\"4163\" data-end=\"4195\">Mixer pendant <strong data-start=\"4177\" data-end=\"4192\">20 secondes<\/strong>.<\/p>\n<\/li>\n<li data-section-id=\"10z9g46\" data-start=\"4196\" data-end=\"4220\">\n<p data-start=\"4199\" data-end=\"4220\">Servir imm\u00e9diatement.<\/p>\n<\/li>\n<\/ol>\n<p class=\"translation-block\">Ingredients: Mango pur\u00e9e* (75%), Water, Sugar*. *From organic farming.<\/p>\n<p class=\"translation-block\">(May contain traces of gluten, eggs, soy, milk, tree nuts, sesame)<\/p>\n<p class=\"translation-block\">Nutritional values per 100 g: Energy: 462 kJ \/ 109 kcal, Fat: 0.4 g, of which Saturates: &lt; 0.01 g, Carbohydrates: 24 g, of which Sugars: 22.9 g, Fibre: 1.2 g, Protein: 0.5 g, Salt: 0.01 g.<\/p>\n<p><strong data-start=\"2459\" data-end=\"2644\">Are you a professional?<\/strong> Proposez une alternative healthy et tendance BIO, facile \u00e0 pr\u00e9parer et id\u00e9ale pour booster votre offre boissons. Contactez-nous pour nos conditions B2B.<\/p>","protected":false},"excerpt":{"rendered":"<p>Smoothie mangue bio riche en fruits (75%), frais et exotique. Boisson healthy facile \u00e0 pr\u00e9parer, id\u00e9ale pour snacking et coffee shop.<\/p>","protected":false},"featured_media":21774,"template":"","meta":{"ocean_post_layout":"","ocean_both_sidebars_style":"","ocean_both_sidebars_content_width":0,"ocean_both_sidebars_sidebars_width":0,"ocean_sidebar":"0","ocean_second_sidebar":"0","ocean_disable_margins":"enable","ocean_add_body_class":"","ocean_shortcode_before_top_bar":"","ocean_shortcode_after_top_bar":"","ocean_shortcode_before_header":"","ocean_shortcode_after_header":"","ocean_has_shortcode":"","ocean_shortcode_after_title":"","ocean_shortcode_before_footer_widgets":"","ocean_shortcode_after_footer_widgets":"","ocean_shortcode_before_footer_bottom":"","ocean_shortcode_after_footer_bottom":"","ocean_display_top_bar":"default","ocean_display_header":"default","ocean_header_style":"","ocean_center_header_left_menu":"0","ocean_custom_header_template":"0","ocean_custom_logo":0,"ocean_custom_retina_logo":0,"ocean_custom_logo_max_width":0,"ocean_custom_logo_tablet_max_width":0,"ocean_custom_logo_mobile_max_width":0,"ocean_custom_logo_max_height":0,"ocean_custom_logo_tablet_max_height":0,"ocean_custom_logo_mobile_max_height":0,"ocean_header_custom_menu":"0","ocean_menu_typo_font_family":"0","ocean_menu_typo_font_subset":"","ocean_menu_typo_font_size":0,"ocean_menu_typo_font_size_tablet":0,"ocean_menu_typo_font_size_mobile":0,"ocean_menu_typo_font_size_unit":"px","ocean_menu_typo_font_weight":"","ocean_menu_typo_font_weight_tablet":"","ocean_menu_typo_font_weight_mobile":"","ocean_menu_typo_transform":"","ocean_menu_typo_transform_tablet":"","ocean_menu_typo_transform_mobile":"","ocean_menu_typo_line_height":0,"ocean_menu_typo_line_height_tablet":0,"ocean_menu_typo_line_height_mobile":0,"ocean_menu_typo_line_height_unit":"","ocean_menu_typo_spacing":0,"ocean_menu_typo_spacing_tablet":0,"ocean_menu_typo_spacing_mobile":0,"ocean_menu_typo_spacing_unit":"","ocean_menu_link_color":"","ocean_menu_link_color_hover":"","ocean_menu_link_color_active":"","ocean_menu_link_background":"","ocean_menu_link_hover_background":"","ocean_menu_link_active_background":"","ocean_menu_social_links_bg":"","ocean_menu_social_hover_links_bg":"","ocean_menu_social_links_color":"","ocean_menu_social_hover_links_color":"","ocean_disable_title":"default","ocean_disable_heading":"default","ocean_post_title":"","ocean_post_subheading":"","ocean_post_title_style":"","ocean_post_title_background_color":"","ocean_post_title_background":0,"ocean_post_title_bg_image_position":"","ocean_post_title_bg_image_attachment":"","ocean_post_title_bg_image_repeat":"","ocean_post_title_bg_image_size":"","ocean_post_title_height":0,"ocean_post_title_bg_overlay":0.5,"ocean_post_title_bg_overlay_color":"","ocean_disable_breadcrumbs":"default","ocean_breadcrumbs_color":"","ocean_breadcrumbs_separator_color":"","ocean_breadcrumbs_links_color":"","ocean_breadcrumbs_links_hover_color":"","ocean_display_footer_widgets":"default","ocean_display_footer_bottom":"default","ocean_custom_footer_template":"0"},"product_brand":[],"product_cat":[130,132,151,21],"product_tag":[194,197,210,53],"class_list":{"0":"post-1500","1":"product","2":"type-product","3":"status-publish","4":"has-post-thumbnail","6":"product_cat-bio","7":"product_cat-boissons","8":"product_cat-mangue","9":"product_cat-smoothie-et-frappes","10":"product_tag-bio","11":"product_tag-exotique","12":"product_tag-mangue","13":"product_tag-smoothies-frappes","14":"product_shipping_class-freeze-product","16":"entry","17":"has-media","19":"first","20":"instock","21":"taxable","22":"shipping-taxable","23":"purchasable","24":"product-type-simple","25":"has-product-nav","26":"col","27":"span_1_of_3","28":"owp-content-center","29":"owp-thumbs-layout-horizontal","30":"owp-btn-normal","31":"owp-tabs-layout-horizontal","32":"has-no-thumbnails"},"_links":{"self":[{"href":"https:\/\/los-pistoleros.com\/en\/wp-json\/wp\/v2\/product\/1500","targetHints":{"allow":["GET"]}}],"collection":[{"href":"https:\/\/los-pistoleros.com\/en\/wp-json\/wp\/v2\/product"}],"about":[{"href":"https:\/\/los-pistoleros.com\/en\/wp-json\/wp\/v2\/types\/product"}],"wp:featuredmedia":[{"embeddable":true,"href":"https:\/\/los-pistoleros.com\/en\/wp-json\/wp\/v2\/media\/21774"}],"wp:attachment":[{"href":"https:\/\/los-pistoleros.com\/en\/wp-json\/wp\/v2\/media?parent=1500"}],"wp:term":[{"taxonomy":"product_brand","embeddable":true,"href":"https:\/\/los-pistoleros.com\/en\/wp-json\/wp\/v2\/product_brand?post=1500"},{"taxonomy":"product_cat","embeddable":true,"href":"https:\/\/los-pistoleros.com\/en\/wp-json\/wp\/v2\/product_cat?post=1500"},{"taxonomy":"product_tag","embeddable":true,"href":"https:\/\/los-pistoleros.com\/en\/wp-json\/wp\/v2\/product_tag?post=1500"}],"curies":[{"name":"wp","href":"https:\/\/api.w.org\/{rel}","templated":true}]}}