{"id":1501,"date":"2022-06-17T12:23:13","date_gmt":"2022-06-17T12:23:13","guid":{"rendered":"https:\/\/los-pistoleros.ownlycake.fr\/?post_type=product&#038;p=1501"},"modified":"2026-03-20T17:15:30","modified_gmt":"2026-03-20T15:15:30","slug":"smoothie-tropical-mangue-passion-ananas","status":"publish","type":"product","link":"https:\/\/los-pistoleros.com\/en\/product\/smoothie-tropical-mangue-passion-ananas","title":{"rendered":"Tropical Smoothie"},"content":{"rendered":"<h1>Tropical Smoothie<\/h1>\n<p data-start=\"515\" data-end=\"688\">Discover our <strong data-start=\"531\" data-end=\"552\">smoothie tropical<\/strong>, une boisson rafra\u00eechissante qui associe <strong data-start=\"594\" data-end=\"635\">mangue, ananas et fruit de la passion<\/strong> pour une v\u00e9ritable explosion de saveurs exotiques.<\/p>\n<p data-start=\"690\" data-end=\"830\">Sa recette \u00e9quilibr\u00e9e offre un m\u00e9lange parfait entre <strong data-start=\"743\" data-end=\"783\">douceur, fra\u00eecheur et l\u00e9g\u00e8re acidit\u00e9<\/strong>, id\u00e9al pour une pause fruit\u00e9e et d\u00e9paysante.<\/p>\n<p data-start=\"832\" data-end=\"937\">Facile et rapide \u00e0 pr\u00e9parer, il s\u2019int\u00e8gre parfaitement dans une offre <strong data-start=\"902\" data-end=\"936\">snacking ou boissons estivales<\/strong>.<\/p>\n<h3 data-section-id=\"1feqtug\" data-start=\"3259\" data-end=\"3291\">Conseils de pr\u00e9paration<\/h3>\n<ol data-start=\"3292\" data-end=\"3476\">\n<li data-section-id=\"3my6ko\" data-start=\"3292\" data-end=\"3331\">\n<p data-start=\"3295\" data-end=\"3331\">Verser le m\u00e9lange dans un blender.<\/p>\n<\/li>\n<li data-section-id=\"1iz48z4\" data-start=\"3332\" data-end=\"3381\">\n<p data-start=\"3335\" data-end=\"3381\">Ajouter <strong data-start=\"3343\" data-end=\"3378\">120 ml d\u2019eau<\/strong>.<\/p>\n<\/li>\n<li data-section-id=\"1wtu5gc\" data-start=\"3382\" data-end=\"3413\">\n<p data-start=\"3385\" data-end=\"3413\">Ajouter <strong data-start=\"3393\" data-end=\"3410\">3 \u00e0 4 gla\u00e7ons<\/strong>.(optionnel)<\/p>\n<\/li>\n<li data-section-id=\"3b9umx\" data-start=\"3414\" data-end=\"3454\">\n<p data-start=\"3417\" data-end=\"3454\">Mixer pendant <strong data-start=\"3431\" data-end=\"3451\">20 \u00e0 30 secondes<\/strong>.<\/p>\n<\/li>\n<li data-section-id=\"umvno6\" data-start=\"3455\" data-end=\"3476\">\n<p data-start=\"3458\" data-end=\"3476\">Servir bien frais.<\/p>\n<\/li>\n<\/ol>\n<p class=\"translation-block\">Ingredients: Water, Mango pur\u00e9e (8.5%), Pineapple (8.5%), Passion fruit juice (8.5%), Sugar, Glucose, Fresh lemon juice, Emulsifier (Amidated pectin, Locust bean gum flour, Guar gum, Dextrose).<\/p>\n<p class=\"translation-block\">Allergens: May contain traces of gluten, eggs, milk, tree nuts, soy, sesame.<\/p>\n<p class=\"translation-block\">Nutritional values per 100 g: Energy: 462 kJ \/ 109 kcal, Fat: 0.4 g, of which Saturates: &lt; 0.01 g, Carbohydrates: 24 g, of which Sugars: 22.9 g, Fibre: 1.2 g, Protein: 0.5 g, Salt: 0.01 g.<\/p>\n<p><strong data-start=\"2489\" data-end=\"2676\">Are you a professional? <\/strong>Proposez une boisson exotique et rafra\u00eechissante, facile \u00e0 pr\u00e9parer et id\u00e9ale pour dynamiser votre offre estivale. Contactez-nous pour nos conditions B2B.<\/p>","protected":false},"excerpt":{"rendered":"<p>Smoothie tropical mangue, ananas et passion. Boisson fruit\u00e9e exotique, rafra\u00eechissante et facile \u00e0 pr\u00e9parer, id\u00e9ale pour snacking.<\/p>","protected":false},"featured_media":21773,"template":"","meta":{"ocean_post_layout":"","ocean_both_sidebars_style":"","ocean_both_sidebars_content_width":0,"ocean_both_sidebars_sidebars_width":0,"ocean_sidebar":"0","ocean_second_sidebar":"0","ocean_disable_margins":"enable","ocean_add_body_class":"","ocean_shortcode_before_top_bar":"","ocean_shortcode_after_top_bar":"","ocean_shortcode_before_header":"","ocean_shortcode_after_header":"","ocean_has_shortcode":"","ocean_shortcode_after_title":"","ocean_shortcode_before_footer_widgets":"","ocean_shortcode_after_footer_widgets":"","ocean_shortcode_before_footer_bottom":"","ocean_shortcode_after_footer_bottom":"","ocean_display_top_bar":"default","ocean_display_header":"default","ocean_header_style":"","ocean_center_header_left_menu":"0","ocean_custom_header_template":"0","ocean_custom_logo":0,"ocean_custom_retina_logo":0,"ocean_custom_logo_max_width":0,"ocean_custom_logo_tablet_max_width":0,"ocean_custom_logo_mobile_max_width":0,"ocean_custom_logo_max_height":0,"ocean_custom_logo_tablet_max_height":0,"ocean_custom_logo_mobile_max_height":0,"ocean_header_custom_menu":"0","ocean_menu_typo_font_family":"0","ocean_menu_typo_font_subset":"","ocean_menu_typo_font_size":0,"ocean_menu_typo_font_size_tablet":0,"ocean_menu_typo_font_size_mobile":0,"ocean_menu_typo_font_size_unit":"px","ocean_menu_typo_font_weight":"","ocean_menu_typo_font_weight_tablet":"","ocean_menu_typo_font_weight_mobile":"","ocean_menu_typo_transform":"","ocean_menu_typo_transform_tablet":"","ocean_menu_typo_transform_mobile":"","ocean_menu_typo_line_height":0,"ocean_menu_typo_line_height_tablet":0,"ocean_menu_typo_line_height_mobile":0,"ocean_menu_typo_line_height_unit":"","ocean_menu_typo_spacing":0,"ocean_menu_typo_spacing_tablet":0,"ocean_menu_typo_spacing_mobile":0,"ocean_menu_typo_spacing_unit":"","ocean_menu_link_color":"","ocean_menu_link_color_hover":"","ocean_menu_link_color_active":"","ocean_menu_link_background":"","ocean_menu_link_hover_background":"","ocean_menu_link_active_background":"","ocean_menu_social_links_bg":"","ocean_menu_social_hover_links_bg":"","ocean_menu_social_links_color":"","ocean_menu_social_hover_links_color":"","ocean_disable_title":"default","ocean_disable_heading":"default","ocean_post_title":"","ocean_post_subheading":"","ocean_post_title_style":"","ocean_post_title_background_color":"","ocean_post_title_background":0,"ocean_post_title_bg_image_position":"","ocean_post_title_bg_image_attachment":"","ocean_post_title_bg_image_repeat":"","ocean_post_title_bg_image_size":"","ocean_post_title_height":0,"ocean_post_title_bg_overlay":0.5,"ocean_post_title_bg_overlay_color":"","ocean_disable_breadcrumbs":"default","ocean_breadcrumbs_color":"","ocean_breadcrumbs_separator_color":"","ocean_breadcrumbs_links_color":"","ocean_breadcrumbs_links_hover_color":"","ocean_display_footer_widgets":"default","ocean_display_footer_bottom":"default","ocean_custom_footer_template":"0"},"product_brand":[],"product_cat":[132,151,21],"product_tag":[211,210,184,53,199],"class_list":{"0":"post-1501","1":"product","2":"type-product","3":"status-publish","4":"has-post-thumbnail","6":"product_cat-boissons","7":"product_cat-mangue","8":"product_cat-smoothie-et-frappes","9":"product_tag-ananas","10":"product_tag-mangue","11":"product_tag-passion","12":"product_tag-smoothies-frappes","13":"product_tag-tropical","14":"product_shipping_class-freeze-product","16":"entry","17":"has-media","19":"first","20":"instock","21":"taxable","22":"shipping-taxable","23":"purchasable","24":"product-type-simple","25":"has-product-nav","26":"col","27":"span_1_of_3","28":"owp-content-center","29":"owp-thumbs-layout-horizontal","30":"owp-btn-normal","31":"owp-tabs-layout-horizontal","32":"has-no-thumbnails"},"_links":{"self":[{"href":"https:\/\/los-pistoleros.com\/en\/wp-json\/wp\/v2\/product\/1501","targetHints":{"allow":["GET"]}}],"collection":[{"href":"https:\/\/los-pistoleros.com\/en\/wp-json\/wp\/v2\/product"}],"about":[{"href":"https:\/\/los-pistoleros.com\/en\/wp-json\/wp\/v2\/types\/product"}],"wp:featuredmedia":[{"embeddable":true,"href":"https:\/\/los-pistoleros.com\/en\/wp-json\/wp\/v2\/media\/21773"}],"wp:attachment":[{"href":"https:\/\/los-pistoleros.com\/en\/wp-json\/wp\/v2\/media?parent=1501"}],"wp:term":[{"taxonomy":"product_brand","embeddable":true,"href":"https:\/\/los-pistoleros.com\/en\/wp-json\/wp\/v2\/product_brand?post=1501"},{"taxonomy":"product_cat","embeddable":true,"href":"https:\/\/los-pistoleros.com\/en\/wp-json\/wp\/v2\/product_cat?post=1501"},{"taxonomy":"product_tag","embeddable":true,"href":"https:\/\/los-pistoleros.com\/en\/wp-json\/wp\/v2\/product_tag?post=1501"}],"curies":[{"name":"wp","href":"https:\/\/api.w.org\/{rel}","templated":true}]}}