{"id":1936,"date":"2022-06-23T08:36:14","date_gmt":"2022-06-23T08:36:14","guid":{"rendered":"https:\/\/los-pistoleros.ownlycake.fr\/?post_type=product&#038;p=1936"},"modified":"2026-03-20T16:48:20","modified_gmt":"2026-03-20T14:48:20","slug":"frappe-cappuccino-caramel","status":"publish","type":"product","link":"https:\/\/los-pistoleros.com\/en\/product\/frappe-cappuccino-caramel","title":{"rendered":"Caramel cappuccino iced"},"content":{"rendered":"<h1>Frapp\u00e9 Cappuccino Caramel | Boisson Glac\u00e9e Caf\u00e9 &amp; Caramel<\/h1>\n<p data-start=\"550\" data-end=\"732\">Une pr\u00e9paration gourmande pour r\u00e9aliser facilement un <strong data-start=\"604\" data-end=\"633\">frapp\u00e9 cappuccino caramel<\/strong>, associant la richesse du <strong data-start=\"660\" data-end=\"668\">caf\u00e9<\/strong> et la douceur du <strong data-start=\"686\" data-end=\"697\">caramel<\/strong> dans une boisson glac\u00e9e onctueuse.<\/p>\n<p data-start=\"734\" data-end=\"871\">Id\u00e9al pour une pause fra\u00eeche et gourmande, ce frapp\u00e9 offre un \u00e9quilibre parfait entre <strong data-start=\"820\" data-end=\"870\">intensit\u00e9 du caf\u00e9 et douceur sucr\u00e9e du caramel<\/strong>.<\/p>\n<p data-start=\"873\" data-end=\"979\">Fabriqu\u00e9 au Cannet <strong data-start=\"882\" data-end=\"928\">\u00a0avec du lait d\u2019origine fran\u00e7aise<\/strong>, il est con\u00e7u <strong data-start=\"943\" data-end=\"978\">sans colorants ni conservateurs<\/strong>.<\/p>\n<h3 data-start=\"986\" data-end=\"1015\">Conseils de pr\u00e9paration<\/h3>\n<p data-start=\"1017\" data-end=\"1024\">Mixer :<\/p>\n<ul data-start=\"1026\" data-end=\"1102\">\n<li data-start=\"1026\" data-end=\"1053\">\n<p data-start=\"1028\" data-end=\"1053\"><strong data-start=\"1028\" data-end=\"1053\">1 pr\u00e9paration (118 g)<\/strong><\/p>\n<\/li>\n<li data-start=\"1054\" data-end=\"1074\">\n<p data-start=\"1056\" data-end=\"1074\"><strong data-start=\"1056\" data-end=\"1074\">120 ml de lait<\/strong><\/p>\n<\/li>\n<li data-start=\"1075\" data-end=\"1102\">\n<p data-start=\"1077\" data-end=\"1102\"><strong data-start=\"1077\" data-end=\"1102\">3 gla\u00e7ons (optionnel)<\/strong><\/p>\n<\/li>\n<\/ul>\n<p data-start=\"1104\" data-end=\"1161\">Mixer jusqu\u2019\u00e0 obtenir une texture frapp\u00e9e bien onctueuse.<\/p>\n<h3 data-start=\"1425\" data-end=\"1441\">Ingr\u00e9dients<\/h3>\n<p data-start=\"1443\" data-end=\"1786\">Lait demi-\u00e9cr\u00e9m\u00e9 <strong data-start=\"1460\" data-end=\"1468\">34 %<\/strong>, lait concentr\u00e9 (lait entier <strong data-start=\"1498\" data-end=\"1506\">51 %<\/strong>, sucre), caramel (sucre, sirop de glucose fructose, eau, correcteur d\u2019acidit\u00e9 <strong data-start=\"1585\" data-end=\"1593\">E524<\/strong>), sucre, cr\u00e8me liquide, lait \u00e9cr\u00e9m\u00e9 en poudre, caf\u00e9 <strong data-start=\"1646\" data-end=\"1655\">4,1 %<\/strong>, \u00e9mulsifiants (mono et diglyc\u00e9rides d\u2019acides gras, farine de graine de caroube, alginate de sodium, gomme de guar, carragh\u00e9nanes).<\/p>\n<h3>Allerg\u00e8nes<\/h3>\n<p data-start=\"1811\" data-end=\"1830\">Contient : <strong data-start=\"1822\" data-end=\"1830\">LAIT<\/strong><\/p>\n<p data-start=\"1832\" data-end=\"1908\">Peut contenir des traces de : <strong data-start=\"1862\" data-end=\"1907\">gluten, \u0153uf, fruits \u00e0 coque, soja, s\u00e9same<\/strong>.<\/p>\n<h3 data-start=\"1915\" data-end=\"1963\">Valeurs nutritionnelles moyennes pour 100 g<\/h3>\n<p data-start=\"1967\" data-end=\"1999\">\u00c9nergie : <strong data-start=\"1977\" data-end=\"1999\">1090 kJ \/ 258 kcal<\/strong><\/p>\n<p data-start=\"2002\" data-end=\"2030\">Mati\u00e8res grasses : <strong data-start=\"2021\" data-end=\"2030\">5,8 g (<\/strong>dont acides gras satur\u00e9s : <strong data-start=\"2062\" data-end=\"2071\">3,7 g)<\/strong><\/p>\n<p data-start=\"2074\" data-end=\"2095\">Glucides : <strong data-start=\"2085\" data-end=\"2095\">46,3 g (<\/strong>dont sucres : <strong data-start=\"2114\" data-end=\"2124\">44,2 g)<\/strong><\/p>\n<p data-start=\"2127\" data-end=\"2158\">Fibres alimentaires : <strong data-start=\"2149\" data-end=\"2158\">0,8 g<\/strong><\/p>\n<p data-start=\"2161\" data-end=\"2182\">Prot\u00e9ines : <strong data-start=\"2173\" data-end=\"2182\">4,9 g<\/strong><\/p>\n<p data-start=\"2185\" data-end=\"2200\">Sel : <strong data-start=\"2191\" data-end=\"2200\">0,1 g<\/strong><\/p>\n<p data-start=\"2185\" data-end=\"2200\">Vous \u00eates un professionnel ? Contactez-nous pour conna\u00eetre nos conditions de distribution.<\/p>\n<p>&nbsp;<\/p>","protected":false},"excerpt":{"rendered":"<p>Pr\u00e9paration pour frapp\u00e9 cappuccino caramel onctueux. Une boisson glac\u00e9e gourmande au caf\u00e9 et au caramel \u00e0 mixer avec du lait et des gla\u00e7ons.<\/p>","protected":false},"featured_media":21770,"template":"","meta":{"ocean_post_layout":"","ocean_both_sidebars_style":"","ocean_both_sidebars_content_width":0,"ocean_both_sidebars_sidebars_width":0,"ocean_sidebar":"0","ocean_second_sidebar":"0","ocean_disable_margins":"enable","ocean_add_body_class":"","ocean_shortcode_before_top_bar":"","ocean_shortcode_after_top_bar":"","ocean_shortcode_before_header":"","ocean_shortcode_after_header":"","ocean_has_shortcode":"","ocean_shortcode_after_title":"","ocean_shortcode_before_footer_widgets":"","ocean_shortcode_after_footer_widgets":"","ocean_shortcode_before_footer_bottom":"","ocean_shortcode_after_footer_bottom":"","ocean_display_top_bar":"default","ocean_display_header":"default","ocean_header_style":"","ocean_center_header_left_menu":"0","ocean_custom_header_template":"0","ocean_custom_logo":0,"ocean_custom_retina_logo":0,"ocean_custom_logo_max_width":0,"ocean_custom_logo_tablet_max_width":0,"ocean_custom_logo_mobile_max_width":0,"ocean_custom_logo_max_height":0,"ocean_custom_logo_tablet_max_height":0,"ocean_custom_logo_mobile_max_height":0,"ocean_header_custom_menu":"0","ocean_menu_typo_font_family":"0","ocean_menu_typo_font_subset":"","ocean_menu_typo_font_size":0,"ocean_menu_typo_font_size_tablet":0,"ocean_menu_typo_font_size_mobile":0,"ocean_menu_typo_font_size_unit":"px","ocean_menu_typo_font_weight":"","ocean_menu_typo_font_weight_tablet":"","ocean_menu_typo_font_weight_mobile":"","ocean_menu_typo_transform":"","ocean_menu_typo_transform_tablet":"","ocean_menu_typo_transform_mobile":"","ocean_menu_typo_line_height":0,"ocean_menu_typo_line_height_tablet":0,"ocean_menu_typo_line_height_mobile":0,"ocean_menu_typo_line_height_unit":"","ocean_menu_typo_spacing":0,"ocean_menu_typo_spacing_tablet":0,"ocean_menu_typo_spacing_mobile":0,"ocean_menu_typo_spacing_unit":"","ocean_menu_link_color":"","ocean_menu_link_color_hover":"","ocean_menu_link_color_active":"","ocean_menu_link_background":"","ocean_menu_link_hover_background":"","ocean_menu_link_active_background":"","ocean_menu_social_links_bg":"","ocean_menu_social_hover_links_bg":"","ocean_menu_social_links_color":"","ocean_menu_social_hover_links_color":"","ocean_disable_title":"default","ocean_disable_heading":"default","ocean_post_title":"","ocean_post_subheading":"","ocean_post_title_style":"","ocean_post_title_background_color":"","ocean_post_title_background":0,"ocean_post_title_bg_image_position":"","ocean_post_title_bg_image_attachment":"","ocean_post_title_bg_image_repeat":"","ocean_post_title_bg_image_size":"","ocean_post_title_height":0,"ocean_post_title_bg_overlay":0.5,"ocean_post_title_bg_overlay_color":"","ocean_disable_breadcrumbs":"default","ocean_breadcrumbs_color":"","ocean_breadcrumbs_separator_color":"","ocean_breadcrumbs_links_color":"","ocean_breadcrumbs_links_hover_color":"","ocean_display_footer_widgets":"default","ocean_display_footer_bottom":"default","ocean_custom_footer_template":"0"},"product_brand":[],"product_cat":[132,21],"product_tag":[208,209,166,53],"class_list":{"0":"post-1936","1":"product","2":"type-product","3":"status-publish","4":"has-post-thumbnail","6":"product_cat-boissons","7":"product_cat-smoothie-et-frappes","8":"product_tag-cafe","9":"product_tag-cappuccion","10":"product_tag-caramel","11":"product_tag-smoothies-frappes","12":"product_shipping_class-freeze-product","14":"entry","15":"has-media","17":"first","18":"instock","19":"taxable","20":"shipping-taxable","21":"purchasable","22":"product-type-simple","23":"has-product-nav","24":"col","25":"span_1_of_3","26":"owp-content-center","27":"owp-thumbs-layout-horizontal","28":"owp-btn-normal","29":"owp-tabs-layout-horizontal","30":"has-no-thumbnails"},"_links":{"self":[{"href":"https:\/\/los-pistoleros.com\/en\/wp-json\/wp\/v2\/product\/1936","targetHints":{"allow":["GET"]}}],"collection":[{"href":"https:\/\/los-pistoleros.com\/en\/wp-json\/wp\/v2\/product"}],"about":[{"href":"https:\/\/los-pistoleros.com\/en\/wp-json\/wp\/v2\/types\/product"}],"wp:featuredmedia":[{"embeddable":true,"href":"https:\/\/los-pistoleros.com\/en\/wp-json\/wp\/v2\/media\/21770"}],"wp:attachment":[{"href":"https:\/\/los-pistoleros.com\/en\/wp-json\/wp\/v2\/media?parent=1936"}],"wp:term":[{"taxonomy":"product_brand","embeddable":true,"href":"https:\/\/los-pistoleros.com\/en\/wp-json\/wp\/v2\/product_brand?post=1936"},{"taxonomy":"product_cat","embeddable":true,"href":"https:\/\/los-pistoleros.com\/en\/wp-json\/wp\/v2\/product_cat?post=1936"},{"taxonomy":"product_tag","embeddable":true,"href":"https:\/\/los-pistoleros.com\/en\/wp-json\/wp\/v2\/product_tag?post=1936"}],"curies":[{"name":"wp","href":"https:\/\/api.w.org\/{rel}","templated":true}]}}