{"id":1981,"date":"2022-06-23T10:13:02","date_gmt":"2022-06-23T10:13:02","guid":{"rendered":"https:\/\/los-pistoleros.ownlycake.fr\/?post_type=product&#038;p=1981"},"modified":"2026-03-20T15:54:02","modified_gmt":"2026-03-20T13:54:02","slug":"paleta-chocolat-cookie-glace-batonnet-artisanale","status":"publish","type":"product","link":"https:\/\/los-pistoleros.com\/en\/product\/paleta-chocolat-cookie-glace-batonnet-artisanale","title":{"rendered":"Chocolat cookie"},"content":{"rendered":"<h1>Paleta Chocolat Cookie Artisanale<\/h1>\n<p data-start=\"692\" data-end=\"860\">D\u00e9couvrez une <strong data-start=\"706\" data-end=\"743\">paleta chocolat cookie artisanale<\/strong>, un b\u00e2tonnet glac\u00e9 g\u00e9n\u00e9reux qui associe <strong data-start=\"784\" data-end=\"811\">l\u2019intensit\u00e9 du chocolat<\/strong> \u00e0 de <strong data-start=\"817\" data-end=\"859\">v\u00e9ritables \u00e9clats de cookies croquants<\/strong>.<\/p>\n<p data-start=\"862\" data-end=\"1040\">Sa texture dense (0 % d\u2019air) offre une exp\u00e9rience plus riche et gourmande qu\u2019une glace classique, avec un go\u00fbt prononc\u00e9 de cacao et une vraie m\u00e2che gr\u00e2ce aux morceaux de biscuit.<\/p>\n<p data-start=\"1042\" data-end=\"1140\">Fabriqu\u00e9e en France de mani\u00e8re artisanale, cette paleta est id\u00e9ale pour une pause dessert premium.<\/p>\n<h3 data-section-id=\"1xhxtfa\" data-start=\"1147\" data-end=\"1164\">Points forts<\/h3>\n<ul>\n<li data-start=\"1168\" data-end=\"1206\">Chocolat intense + \u00e9clats de cookies<\/li>\n<li data-start=\"1209\" data-end=\"1240\">Texture dense (<strong data-start=\"1224\" data-end=\"1237\">0 % d\u2019air<\/strong>)<\/li>\n<li data-start=\"1243\" data-end=\"1273\">Format individuel <strong data-start=\"1261\" data-end=\"1271\">113 ml<\/strong><\/li>\n<li data-start=\"1276\" data-end=\"1314\">Sans ar\u00f4me, colorant ni conservateur<\/li>\n<li data-start=\"1317\" data-end=\"1351\">Fabrication artisanale fran\u00e7aise<\/li>\n<\/ul>\n<h3 data-section-id=\"4gtzmw\" data-start=\"1358\" data-end=\"1387\">Conseils de d\u00e9gustation<\/h3>\n<p data-start=\"1389\" data-end=\"1508\">Sortir la paleta du cong\u00e9lateur et <strong data-start=\"1424\" data-end=\"1452\">laisser reposer 1 minute<\/strong> \u00e0 temp\u00e9rature ambiante pour une texture plus onctueuse.<\/p>\n<p><strong>Ingr\u00e9dients :<\/strong> Eau,<strong> Cr\u00e8me Liquide (19%)<\/strong>, Chocolat (18.6% : Cacao plein ar\u00f4me en poudre 6% comprenant 23% de beurre de cacao + sucre cristallis\u00e9 12.6%), <strong>Lait en Poudre \u00c9cr\u00e9m\u00e9, <\/strong><strong>Brisure de cookie Granola \u00ae aux p\u00e9pites de chocolat (4% : Farine de BL\u00c9, p\u00e9pites de chocolat, sucre, huile de palme, carbonate acide d&rsquo;ammonium, carbonate acide de sodium, phosphate monocalcique, sirop de glucose-fructose, sel, lactos\u00e9rum en poudre, ar\u00f4me, l\u00e9cithine de tournesol)<\/strong> sirop de glucose en poudre, \u00c9mulsifiant (Mono et Diglyc\u00e9rides d&rsquo;acides Gras, Farine de Graine de Caroube, Alginate de Sodium, Gomme de Guar, Carragh\u00e9nanes) &#8211; <strong>Contient du Lait\u00a0<\/strong><\/p>\n<h3 data-section-id=\"1mpgqvf\" data-start=\"2316\" data-end=\"2332\">Allerg\u00e8nes<\/h3>\n<p data-start=\"2334\" data-end=\"2361\">Contient : <strong data-start=\"2345\" data-end=\"2361\">LAIT, GLUTEN<\/strong><\/p>\n<p data-start=\"2363\" data-end=\"2474\">Fabriqu\u00e9 dans un laboratoire o\u00f9 sont manipul\u00e9s : <strong data-start=\"2412\" data-end=\"2473\">gluten, arachide, \u0153uf, soja, lait, fruits \u00e0 coque, s\u00e9same<\/strong>.<\/p>\n<p>Une paleta parfaite pour les amateurs de chocolat et de desserts glac\u00e9s g\u00e9n\u00e9reux.<\/p>\n<p><strong data-start=\"173\" data-end=\"255\">Vous \u00eates un professionnel ? Contactez-nous pour d\u00e9couvrir nos offres d\u00e9di\u00e9es.<\/strong><\/p>","protected":false},"excerpt":{"rendered":"<p data-start=\"4257\" data-end=\"4359\">Paleta artisanale chocolat cookie : une glace b\u00e2tonnet gourmande au chocolat avec morceaux de cookies.Une glace b\u00e2tonnet gourmande, sans air ajout\u00e9, fabriqu\u00e9e en France.<\/p>","protected":false},"featured_media":5241,"template":"","meta":{"ocean_post_layout":"","ocean_both_sidebars_style":"","ocean_both_sidebars_content_width":0,"ocean_both_sidebars_sidebars_width":0,"ocean_sidebar":"0","ocean_second_sidebar":"0","ocean_disable_margins":"enable","ocean_add_body_class":"","ocean_shortcode_before_top_bar":"","ocean_shortcode_after_top_bar":"","ocean_shortcode_before_header":"","ocean_shortcode_after_header":"","ocean_has_shortcode":"","ocean_shortcode_after_title":"","ocean_shortcode_before_footer_widgets":"","ocean_shortcode_after_footer_widgets":"","ocean_shortcode_before_footer_bottom":"","ocean_shortcode_after_footer_bottom":"","ocean_display_top_bar":"default","ocean_display_header":"default","ocean_header_style":"","ocean_center_header_left_menu":"0","ocean_custom_header_template":"0","ocean_custom_logo":0,"ocean_custom_retina_logo":0,"ocean_custom_logo_max_width":0,"ocean_custom_logo_tablet_max_width":0,"ocean_custom_logo_mobile_max_width":0,"ocean_custom_logo_max_height":0,"ocean_custom_logo_tablet_max_height":0,"ocean_custom_logo_mobile_max_height":0,"ocean_header_custom_menu":"0","ocean_menu_typo_font_family":"0","ocean_menu_typo_font_subset":"","ocean_menu_typo_font_size":0,"ocean_menu_typo_font_size_tablet":0,"ocean_menu_typo_font_size_mobile":0,"ocean_menu_typo_font_size_unit":"px","ocean_menu_typo_font_weight":"","ocean_menu_typo_font_weight_tablet":"","ocean_menu_typo_font_weight_mobile":"","ocean_menu_typo_transform":"","ocean_menu_typo_transform_tablet":"","ocean_menu_typo_transform_mobile":"","ocean_menu_typo_line_height":0,"ocean_menu_typo_line_height_tablet":0,"ocean_menu_typo_line_height_mobile":0,"ocean_menu_typo_line_height_unit":"","ocean_menu_typo_spacing":0,"ocean_menu_typo_spacing_tablet":0,"ocean_menu_typo_spacing_mobile":0,"ocean_menu_typo_spacing_unit":"","ocean_menu_link_color":"","ocean_menu_link_color_hover":"","ocean_menu_link_color_active":"","ocean_menu_link_background":"","ocean_menu_link_hover_background":"","ocean_menu_link_active_background":"","ocean_menu_social_links_bg":"","ocean_menu_social_hover_links_bg":"","ocean_menu_social_links_color":"","ocean_menu_social_hover_links_color":"","ocean_disable_title":"default","ocean_disable_heading":"default","ocean_post_title":"","ocean_post_subheading":"","ocean_post_title_style":"","ocean_post_title_background_color":"","ocean_post_title_background":0,"ocean_post_title_bg_image_position":"","ocean_post_title_bg_image_attachment":"","ocean_post_title_bg_image_repeat":"","ocean_post_title_bg_image_size":"","ocean_post_title_height":0,"ocean_post_title_bg_overlay":0.5,"ocean_post_title_bg_overlay_color":"","ocean_disable_breadcrumbs":"default","ocean_breadcrumbs_color":"","ocean_breadcrumbs_separator_color":"","ocean_breadcrumbs_links_color":"","ocean_breadcrumbs_links_hover_color":"","ocean_display_footer_widgets":"default","ocean_display_footer_bottom":"default","ocean_custom_footer_template":"0"},"product_brand":[],"product_cat":[149,134,37,19],"product_tag":[162,205,163,191,40],"class_list":{"0":"post-1981","1":"product","2":"type-product","3":"status-publish","4":"has-post-thumbnail","6":"product_cat-chocolat","7":"product_cat-glaces","8":"product_cat-les-gourmandes","9":"product_cat-paletas","10":"product_tag-chocolat","11":"product_tag-cookies","12":"product_tag-glace","13":"product_tag-glaces","14":"product_tag-paletas","15":"product_shipping_class-freeze-product","17":"entry","18":"has-media","20":"first","21":"instock","22":"taxable","23":"shipping-taxable","24":"purchasable","25":"product-type-simple","26":"has-product-nav","27":"col","28":"span_1_of_3","29":"owp-content-center","30":"owp-thumbs-layout-horizontal","31":"owp-btn-normal","32":"owp-tabs-layout-horizontal","33":"has-no-thumbnails"},"_links":{"self":[{"href":"https:\/\/los-pistoleros.com\/en\/wp-json\/wp\/v2\/product\/1981","targetHints":{"allow":["GET"]}}],"collection":[{"href":"https:\/\/los-pistoleros.com\/en\/wp-json\/wp\/v2\/product"}],"about":[{"href":"https:\/\/los-pistoleros.com\/en\/wp-json\/wp\/v2\/types\/product"}],"wp:featuredmedia":[{"embeddable":true,"href":"https:\/\/los-pistoleros.com\/en\/wp-json\/wp\/v2\/media\/5241"}],"wp:attachment":[{"href":"https:\/\/los-pistoleros.com\/en\/wp-json\/wp\/v2\/media?parent=1981"}],"wp:term":[{"taxonomy":"product_brand","embeddable":true,"href":"https:\/\/los-pistoleros.com\/en\/wp-json\/wp\/v2\/product_brand?post=1981"},{"taxonomy":"product_cat","embeddable":true,"href":"https:\/\/los-pistoleros.com\/en\/wp-json\/wp\/v2\/product_cat?post=1981"},{"taxonomy":"product_tag","embeddable":true,"href":"https:\/\/los-pistoleros.com\/en\/wp-json\/wp\/v2\/product_tag?post=1981"}],"curies":[{"name":"wp","href":"https:\/\/api.w.org\/{rel}","templated":true}]}}