{"id":1983,"date":"2022-06-23T10:14:36","date_gmt":"2022-06-23T10:14:36","guid":{"rendered":"https:\/\/los-pistoleros.ownlycake.fr\/?post_type=product&#038;p=1983"},"modified":"2026-03-20T15:36:00","modified_gmt":"2026-03-20T13:36:00","slug":"paleta-coco-pate-a-tartiner-batonnet-artisanale","status":"publish","type":"product","link":"https:\/\/los-pistoleros.com\/en\/product\/paleta-coco-pate-a-tartiner-batonnet-artisanale","title":{"rendered":"Coco P\u00e2te \u00e0 Tartiner"},"content":{"rendered":"<h1 data-start=\"597\" data-end=\"759\">Paleta Coco P\u00e2te \u00e0 Tartiner<\/h1>\n<p data-start=\"583\" data-end=\"772\">Savourez une <strong data-start=\"596\" data-end=\"638\">paleta coco p\u00e2te \u00e0 tartiner artisanale<\/strong>, un b\u00e2tonnet glac\u00e9 ultra gourmand qui associe la <strong data-start=\"688\" data-end=\"724\">douceur exotique du lait de coco<\/strong> \u00e0 une <strong data-start=\"731\" data-end=\"771\">p\u00e2te \u00e0 tartiner chocolat\u00e9e g\u00e9n\u00e9reuse<\/strong>.<\/p>\n<p data-start=\"774\" data-end=\"961\">Sa texture dense (<strong data-start=\"792\" data-end=\"805\">0 % d\u2019air<\/strong>) intensifie les saveurs et offre une exp\u00e9rience plus riche qu\u2019une glace classique, avec un parfait \u00e9quilibre entre <strong data-start=\"921\" data-end=\"960\">onctuosit\u00e9, exotisme et gourmandise<\/strong>.<\/p>\n<p data-start=\"963\" data-end=\"1078\">Fabriqu\u00e9e en France de mani\u00e8re artisanale, cette paleta est id\u00e9ale pour une pause dessert d\u00e9paysante et indulgente.<\/p>\n<h3 data-section-id=\"1xhxtfa\" data-start=\"1085\" data-end=\"1102\">Points forts<\/h3>\n<ul>\n<li data-start=\"1106\" data-end=\"1156\">Lait de coco <strong data-start=\"1119\" data-end=\"1127\">35 %<\/strong> + p\u00e2te \u00e0 tartiner <strong data-start=\"1146\" data-end=\"1154\">25 %<\/strong><\/li>\n<li data-start=\"1159\" data-end=\"1190\">Texture dense (<strong data-start=\"1174\" data-end=\"1187\">0 % d\u2019air<\/strong>)<\/li>\n<li data-start=\"1193\" data-end=\"1223\">Format individuel <strong data-start=\"1211\" data-end=\"1221\">113 ml<\/strong><\/li>\n<li data-start=\"1226\" data-end=\"1264\">Sans ar\u00f4me, colorant ni conservateur<\/li>\n<li data-start=\"1267\" data-end=\"1301\">Fabrication artisanale fran\u00e7aise<\/li>\n<\/ul>\n<h3 data-section-id=\"4gtzmw\" data-start=\"1308\" data-end=\"1337\">Conseils de d\u00e9gustation<\/h3>\n<p data-start=\"1339\" data-end=\"1460\">Sortir la paleta du cong\u00e9lateur et <strong data-start=\"1374\" data-end=\"1402\">laisser reposer 1 minute<\/strong> \u00e0 temp\u00e9rature ambiante pour r\u00e9v\u00e9ler toute son onctuosit\u00e9.<\/p>\n<p class=\"translation-block\">Ingredients: Water, Coconut milk (35%), Nocciolata (25%), Cream, Milk powder, Sugar, Glucose, Fresh lemon juice, Coconut flakes, Emulsifier (Mono- and diglycerides of fatty acids, Locust bean gum flour, Sodium alginate, Guar gum, Carrageenans)<\/p>\n<p class=\"translation-block\">Allergens: Soy, Milk, Tree nuts, Whey. May contain traces of eggs, tree nuts, soy, sesame.<\/p>\n<h3 data-section-id=\"1o8rizz\" data-start=\"1027\" data-end=\"1067\">Une glace exotique et gourmande<\/h3>\n<p data-start=\"1068\" data-end=\"1223\">La combinaison de la noix de coco et de la p\u00e2te \u00e0 tartiner offre une glace cr\u00e9meuse et savoureuse, parfaite pour les amateurs de desserts glac\u00e9s gourmands.<\/p>\n<p data-start=\"1068\" data-end=\"1223\"><strong data-start=\"2490\" data-end=\"2594\">Vous \u00eates un professionnel ? Demandez nos tarifs pros et conditions adapt\u00e9es \u00e0 votre point de vente.<\/strong><\/p>","protected":false},"excerpt":{"rendered":"<p>D\u00e9couvrez notre glace coco p\u00e2te \u00e0 tartiner : un b\u00e2tonnet glac\u00e9 gourmand associant la douceur de la noix de coco et une d\u00e9licieuse p\u00e2te \u00e0 tartiner chocolat\u00e9e, onctueuse, sans air ajout\u00e9 et fabriqu\u00e9e en France.<\/p>","protected":false},"featured_media":3276,"template":"","meta":{"ocean_post_layout":"","ocean_both_sidebars_style":"","ocean_both_sidebars_content_width":0,"ocean_both_sidebars_sidebars_width":0,"ocean_sidebar":"0","ocean_second_sidebar":"0","ocean_disable_margins":"enable","ocean_add_body_class":"","ocean_shortcode_before_top_bar":"","ocean_shortcode_after_top_bar":"","ocean_shortcode_before_header":"","ocean_shortcode_after_header":"","ocean_has_shortcode":"","ocean_shortcode_after_title":"","ocean_shortcode_before_footer_widgets":"","ocean_shortcode_after_footer_widgets":"","ocean_shortcode_before_footer_bottom":"","ocean_shortcode_after_footer_bottom":"","ocean_display_top_bar":"default","ocean_display_header":"default","ocean_header_style":"","ocean_center_header_left_menu":"0","ocean_custom_header_template":"0","ocean_custom_logo":0,"ocean_custom_retina_logo":0,"ocean_custom_logo_max_width":0,"ocean_custom_logo_tablet_max_width":0,"ocean_custom_logo_mobile_max_width":0,"ocean_custom_logo_max_height":0,"ocean_custom_logo_tablet_max_height":0,"ocean_custom_logo_mobile_max_height":0,"ocean_header_custom_menu":"0","ocean_menu_typo_font_family":"0","ocean_menu_typo_font_subset":"","ocean_menu_typo_font_size":0,"ocean_menu_typo_font_size_tablet":0,"ocean_menu_typo_font_size_mobile":0,"ocean_menu_typo_font_size_unit":"px","ocean_menu_typo_font_weight":"","ocean_menu_typo_font_weight_tablet":"","ocean_menu_typo_font_weight_mobile":"","ocean_menu_typo_transform":"","ocean_menu_typo_transform_tablet":"","ocean_menu_typo_transform_mobile":"","ocean_menu_typo_line_height":0,"ocean_menu_typo_line_height_tablet":0,"ocean_menu_typo_line_height_mobile":0,"ocean_menu_typo_line_height_unit":"","ocean_menu_typo_spacing":0,"ocean_menu_typo_spacing_tablet":0,"ocean_menu_typo_spacing_mobile":0,"ocean_menu_typo_spacing_unit":"","ocean_menu_link_color":"","ocean_menu_link_color_hover":"","ocean_menu_link_color_active":"","ocean_menu_link_background":"","ocean_menu_link_hover_background":"","ocean_menu_link_active_background":"","ocean_menu_social_links_bg":"","ocean_menu_social_hover_links_bg":"","ocean_menu_social_links_color":"","ocean_menu_social_hover_links_color":"","ocean_disable_title":"default","ocean_disable_heading":"default","ocean_post_title":"","ocean_post_subheading":"","ocean_post_title_style":"","ocean_post_title_background_color":"","ocean_post_title_background":0,"ocean_post_title_bg_image_position":"","ocean_post_title_bg_image_attachment":"","ocean_post_title_bg_image_repeat":"","ocean_post_title_bg_image_size":"","ocean_post_title_height":0,"ocean_post_title_bg_overlay":0.5,"ocean_post_title_bg_overlay_color":"","ocean_disable_breadcrumbs":"default","ocean_breadcrumbs_color":"","ocean_breadcrumbs_separator_color":"","ocean_breadcrumbs_links_color":"","ocean_breadcrumbs_links_hover_color":"","ocean_display_footer_widgets":"default","ocean_display_footer_bottom":"default","ocean_custom_footer_template":"0"},"product_brand":[],"product_cat":[149,155,154,134,37,19],"product_tag":[162,164,163,191,40],"class_list":{"0":"post-1983","1":"product","2":"type-product","3":"status-publish","4":"has-post-thumbnail","6":"product_cat-chocolat","7":"product_cat-coco","8":"product_cat-creme-glacee","9":"product_cat-glaces","10":"product_cat-les-gourmandes","11":"product_cat-paletas","12":"product_tag-chocolat","13":"product_tag-coco","14":"product_tag-glace","15":"product_tag-glaces","16":"product_tag-paletas","17":"product_shipping_class-freeze-product","19":"entry","20":"has-media","22":"first","23":"instock","24":"taxable","25":"shipping-taxable","26":"purchasable","27":"product-type-simple","28":"has-product-nav","29":"col","30":"span_1_of_3","31":"owp-content-center","32":"owp-thumbs-layout-horizontal","33":"owp-btn-normal","34":"owp-tabs-layout-horizontal","35":"has-no-thumbnails"},"_links":{"self":[{"href":"https:\/\/los-pistoleros.com\/en\/wp-json\/wp\/v2\/product\/1983","targetHints":{"allow":["GET"]}}],"collection":[{"href":"https:\/\/los-pistoleros.com\/en\/wp-json\/wp\/v2\/product"}],"about":[{"href":"https:\/\/los-pistoleros.com\/en\/wp-json\/wp\/v2\/types\/product"}],"wp:featuredmedia":[{"embeddable":true,"href":"https:\/\/los-pistoleros.com\/en\/wp-json\/wp\/v2\/media\/3276"}],"wp:attachment":[{"href":"https:\/\/los-pistoleros.com\/en\/wp-json\/wp\/v2\/media?parent=1983"}],"wp:term":[{"taxonomy":"product_brand","embeddable":true,"href":"https:\/\/los-pistoleros.com\/en\/wp-json\/wp\/v2\/product_brand?post=1983"},{"taxonomy":"product_cat","embeddable":true,"href":"https:\/\/los-pistoleros.com\/en\/wp-json\/wp\/v2\/product_cat?post=1983"},{"taxonomy":"product_tag","embeddable":true,"href":"https:\/\/los-pistoleros.com\/en\/wp-json\/wp\/v2\/product_tag?post=1983"}],"curies":[{"name":"wp","href":"https:\/\/api.w.org\/{rel}","templated":true}]}}