{"id":1989,"date":"2022-06-23T10:20:27","date_gmt":"2022-06-23T10:20:27","guid":{"rendered":"https:\/\/los-pistoleros.ownlycake.fr\/?post_type=product&#038;p=1989"},"modified":"2026-03-20T15:20:04","modified_gmt":"2026-03-20T13:20:04","slug":"paleta-framboise-glace-batonnet-artisanale","status":"publish","type":"product","link":"https:\/\/los-pistoleros.com\/en\/product\/paleta-framboise-glace-batonnet-artisanale","title":{"rendered":"Raspberry"},"content":{"rendered":"<h1>Paleta Framboise Artisanale<\/h1>\n<p data-start=\"547\" data-end=\"704\">Savourez notre <strong data-start=\"562\" data-end=\"598\">paleta artisanale \u00e0 la framboise<\/strong>, un b\u00e2tonnet glac\u00e9 <strong data-start=\"618\" data-end=\"633\">plein fruit<\/strong> qui r\u00e9v\u00e8le toute l\u2019intensit\u00e9 et l\u2019acidit\u00e9 naturelle de la framboise.<\/p>\n<p data-start=\"706\" data-end=\"959\">Chez Los Pistoleros, nous \u00e9laborons nos paletas avec des ingr\u00e9dients simples et naturels afin de pr\u00e9server la saveur authentique du fruit. Cette paleta framboise offre une note gourmande et l\u00e9g\u00e8rement acidul\u00e9e, parfaite pour se rafra\u00eechir et se r\u00e9galer.<\/p>\n<p data-start=\"961\" data-end=\"1095\">Fabriqu\u00e9e en France de mani\u00e8re artisanale, ce sorbet est <strong data-start=\"1018\" data-end=\"1058\">sans ar\u00f4me, colorant ni conservateur<\/strong> et respecte l\u2019authenticit\u00e9 du fruit.<\/p>\n<h3 data-section-id=\"1xhxtfa\" data-start=\"1102\" data-end=\"1119\">Points forts<\/h3>\n<ul>\n<li data-start=\"1123\" data-end=\"1162\">Sorbet <strong data-start=\"1130\" data-end=\"1145\">plein fruit<\/strong> \u00e0 la framboise<\/li>\n<li data-start=\"1165\" data-end=\"1208\">Texture dense et fondante (<strong data-start=\"1192\" data-end=\"1205\">0 % d\u2019air<\/strong>)<\/li>\n<li data-start=\"1211\" data-end=\"1241\">Format individuel <strong data-start=\"1229\" data-end=\"1239\">113 ml<\/strong><\/li>\n<li data-start=\"1244\" data-end=\"1282\">Sans ar\u00f4me, colorant ni conservateur<\/li>\n<li data-start=\"1285\" data-end=\"1319\">Fabrication artisanale fran\u00e7aise<\/li>\n<\/ul>\n<h3 data-section-id=\"4gtzmw\" data-start=\"1326\" data-end=\"1355\">Conseils de d\u00e9gustation<\/h3>\n<p data-start=\"1357\" data-end=\"1470\">Sortir la paleta du cong\u00e9lateur et <strong data-start=\"1392\" data-end=\"1420\">laisser reposer 1 minute<\/strong> \u00e0 temp\u00e9rature ambiante pour une texture optimale.<\/p>\n<p class=\"translation-block\">Ingredients: Raspberry (45%), Water, Sugar, Glucose, Fresh lemon juice, Emulsifier (Amidated pectin, Locust bean gum flour, Guar gum, Dextrose).<\/p>\n<p class=\"translation-block\">Allergens: May contain traces of gluten, eggs, milk, tree nuts, soy, sesame.<\/p>\n<p><strong data-start=\"2458\" data-end=\"2573\">Vous \u00eates un professionnel ? Contactez-nous pour nos tarifs pros et conditions adapt\u00e9es \u00e0 votre point de vente.<\/strong><\/p>","protected":false},"excerpt":{"rendered":"<p>D\u00e9couvrez notre paleta artisanale \u00e0 la framboise : une glace b\u00e2tonnet fruit\u00e9e et rafra\u00eechissante au go\u00fbt intense de framboise.<\/p>","protected":false},"featured_media":21558,"template":"","meta":{"ocean_post_layout":"","ocean_both_sidebars_style":"","ocean_both_sidebars_content_width":0,"ocean_both_sidebars_sidebars_width":0,"ocean_sidebar":"0","ocean_second_sidebar":"0","ocean_disable_margins":"enable","ocean_add_body_class":"","ocean_shortcode_before_top_bar":"","ocean_shortcode_after_top_bar":"","ocean_shortcode_before_header":"","ocean_shortcode_after_header":"","ocean_has_shortcode":"","ocean_shortcode_after_title":"","ocean_shortcode_before_footer_widgets":"","ocean_shortcode_after_footer_widgets":"","ocean_shortcode_before_footer_bottom":"","ocean_shortcode_after_footer_bottom":"","ocean_display_top_bar":"default","ocean_display_header":"default","ocean_header_style":"","ocean_center_header_left_menu":"0","ocean_custom_header_template":"0","ocean_custom_logo":0,"ocean_custom_retina_logo":0,"ocean_custom_logo_max_width":0,"ocean_custom_logo_tablet_max_width":0,"ocean_custom_logo_mobile_max_width":0,"ocean_custom_logo_max_height":0,"ocean_custom_logo_tablet_max_height":0,"ocean_custom_logo_mobile_max_height":0,"ocean_header_custom_menu":"0","ocean_menu_typo_font_family":"0","ocean_menu_typo_font_subset":"","ocean_menu_typo_font_size":0,"ocean_menu_typo_font_size_tablet":0,"ocean_menu_typo_font_size_mobile":0,"ocean_menu_typo_font_size_unit":"px","ocean_menu_typo_font_weight":"","ocean_menu_typo_font_weight_tablet":"","ocean_menu_typo_font_weight_mobile":"","ocean_menu_typo_transform":"","ocean_menu_typo_transform_tablet":"","ocean_menu_typo_transform_mobile":"","ocean_menu_typo_line_height":0,"ocean_menu_typo_line_height_tablet":0,"ocean_menu_typo_line_height_mobile":0,"ocean_menu_typo_line_height_unit":"","ocean_menu_typo_spacing":0,"ocean_menu_typo_spacing_tablet":0,"ocean_menu_typo_spacing_mobile":0,"ocean_menu_typo_spacing_unit":"","ocean_menu_link_color":"","ocean_menu_link_color_hover":"","ocean_menu_link_color_active":"","ocean_menu_link_background":"","ocean_menu_link_hover_background":"","ocean_menu_link_active_background":"","ocean_menu_social_links_bg":"","ocean_menu_social_hover_links_bg":"","ocean_menu_social_links_color":"","ocean_menu_social_hover_links_color":"","ocean_disable_title":"default","ocean_disable_heading":"default","ocean_post_title":"","ocean_post_subheading":"","ocean_post_title_style":"","ocean_post_title_background_color":"","ocean_post_title_background":0,"ocean_post_title_bg_image_position":"","ocean_post_title_bg_image_attachment":"","ocean_post_title_bg_image_repeat":"","ocean_post_title_bg_image_size":"","ocean_post_title_height":0,"ocean_post_title_bg_overlay":0.5,"ocean_post_title_bg_overlay_color":"","ocean_disable_breadcrumbs":"default","ocean_breadcrumbs_color":"","ocean_breadcrumbs_separator_color":"","ocean_breadcrumbs_links_color":"","ocean_breadcrumbs_links_hover_color":"","ocean_display_footer_widgets":"default","ocean_display_footer_bottom":"default","ocean_custom_footer_template":"0"},"product_brand":[],"product_cat":[35,152,134,19,153],"product_tag":[170,195,163,191,40,192],"class_list":{"0":"post-1989","1":"product","2":"type-product","3":"status-publish","4":"has-post-thumbnail","6":"product_cat-les-fruitees","7":"product_cat-fruits-rouge","8":"product_cat-glaces","9":"product_cat-paletas","10":"product_cat-sorbet","11":"product_tag-framboise","12":"product_tag-fruit","13":"product_tag-glace","14":"product_tag-glaces","15":"product_tag-paletas","16":"product_tag-sorbet","17":"product_shipping_class-freeze-product","19":"entry","20":"has-media","22":"first","23":"instock","24":"taxable","25":"shipping-taxable","26":"purchasable","27":"product-type-simple","28":"has-product-nav","29":"col","30":"span_1_of_3","31":"owp-content-center","32":"owp-thumbs-layout-horizontal","33":"owp-btn-normal","34":"owp-tabs-layout-horizontal","35":"has-no-thumbnails"},"_links":{"self":[{"href":"https:\/\/los-pistoleros.com\/en\/wp-json\/wp\/v2\/product\/1989","targetHints":{"allow":["GET"]}}],"collection":[{"href":"https:\/\/los-pistoleros.com\/en\/wp-json\/wp\/v2\/product"}],"about":[{"href":"https:\/\/los-pistoleros.com\/en\/wp-json\/wp\/v2\/types\/product"}],"wp:featuredmedia":[{"embeddable":true,"href":"https:\/\/los-pistoleros.com\/en\/wp-json\/wp\/v2\/media\/21558"}],"wp:attachment":[{"href":"https:\/\/los-pistoleros.com\/en\/wp-json\/wp\/v2\/media?parent=1989"}],"wp:term":[{"taxonomy":"product_brand","embeddable":true,"href":"https:\/\/los-pistoleros.com\/en\/wp-json\/wp\/v2\/product_brand?post=1989"},{"taxonomy":"product_cat","embeddable":true,"href":"https:\/\/los-pistoleros.com\/en\/wp-json\/wp\/v2\/product_cat?post=1989"},{"taxonomy":"product_tag","embeddable":true,"href":"https:\/\/los-pistoleros.com\/en\/wp-json\/wp\/v2\/product_tag?post=1989"}],"curies":[{"name":"wp","href":"https:\/\/api.w.org\/{rel}","templated":true}]}}