{"id":1993,"date":"2022-06-23T10:30:01","date_gmt":"2022-06-23T10:30:01","guid":{"rendered":"https:\/\/los-pistoleros.ownlycake.fr\/?post_type=product&#038;p=1993"},"modified":"2026-03-20T15:22:32","modified_gmt":"2026-03-20T13:22:32","slug":"paleta-kiwi-batonnet-kiwi-artisanale","status":"publish","type":"product","link":"https:\/\/los-pistoleros.com\/en\/product\/paleta-kiwi-batonnet-kiwi-artisanale","title":{"rendered":"Kiwi"},"content":{"rendered":"<h1>Paleta Kiwi Artisanale<\/h1>\n<p data-start=\"535\" data-end=\"676\">Savourez notre <strong data-start=\"550\" data-end=\"579\">paleta artisanale au kiwi<\/strong>, un b\u00e2tonnet glac\u00e9 <strong data-start=\"599\" data-end=\"614\">plein fruit<\/strong> qui r\u00e9v\u00e8le toute la fra\u00eecheur et la l\u00e9g\u00e8re acidit\u00e9 du kiwi.<\/p>\n<p data-start=\"678\" data-end=\"832\">Sa texture fondante et naturelle offre une exp\u00e9rience rafra\u00eechissante, id\u00e9ale pour les journ\u00e9es chaudes ou pour compl\u00e9ter votre vitrine professionnelle.<\/p>\n<p data-start=\"834\" data-end=\"981\">Fabriqu\u00e9e en France de mani\u00e8re artisanale, cette paleta est un sorbet <strong data-start=\"904\" data-end=\"944\">sans ar\u00f4me, colorant ni conservateur<\/strong>, respectant l\u2019authenticit\u00e9 du fruit.<\/p>\n<h3 data-section-id=\"1xhxtfa\" data-start=\"988\" data-end=\"1005\">Points forts<\/h3>\n<ul>\n<li data-start=\"1009\" data-end=\"1041\">Sorbet <strong data-start=\"1016\" data-end=\"1031\">plein fruit<\/strong> au kiwi<\/li>\n<li data-start=\"1044\" data-end=\"1087\">Texture dense et fondante (<strong data-start=\"1071\" data-end=\"1084\">0 % d\u2019air<\/strong>)<\/li>\n<li data-start=\"1090\" data-end=\"1120\">Format individuel <strong data-start=\"1108\" data-end=\"1118\">113 ml<\/strong><\/li>\n<li data-start=\"1123\" data-end=\"1161\">Sans ar\u00f4me, colorant ni conservateur<\/li>\n<li data-start=\"1164\" data-end=\"1198\">Fabrication artisanale fran\u00e7aise<\/li>\n<li data-section-id=\"4gtzmw\" data-start=\"1205\" data-end=\"1234\">Conseils de d\u00e9gustation<\/li>\n<\/ul>\n<p data-start=\"1236\" data-end=\"1349\">Sortir la paleta du cong\u00e9lateur et <strong data-start=\"1271\" data-end=\"1299\">laisser reposer 1 minute<\/strong> \u00e0 temp\u00e9rature ambiante pour une texture optimale.<\/p>\n<p class=\"translation-block\">Ingredients: Water, Kiwi (40%), Sugar, Glucose, Fresh lemon juice, Emulsifier (Amidated pectin, Locust bean gum flour, Guar gum, Dextrose).<\/p>\n<p>Made in a facility where gluten, peanuts, eggs, soy, milk, tree nuts and sesame are handled.<\/p>\n<p><strong data-start=\"2458\" data-end=\"2573\">Vous \u00eates un professionnel ? Contactez-nous pour nos tarifs pros et conditions adapt\u00e9es \u00e0 votre point de vente.<\/strong><\/p>","protected":false},"excerpt":{"rendered":"<p>D\u00e9couvrez notre paleta artisanale au kiwi : une glace b\u00e2tonnet fruit\u00e9e et rafra\u00eechissante au go\u00fbt intense de kiwi, naturelle et d\u00e9salt\u00e9rante.<\/p>","protected":false},"featured_media":21559,"template":"","meta":{"ocean_post_layout":"","ocean_both_sidebars_style":"","ocean_both_sidebars_content_width":0,"ocean_both_sidebars_sidebars_width":0,"ocean_sidebar":"0","ocean_second_sidebar":"0","ocean_disable_margins":"enable","ocean_add_body_class":"","ocean_shortcode_before_top_bar":"","ocean_shortcode_after_top_bar":"","ocean_shortcode_before_header":"","ocean_shortcode_after_header":"","ocean_has_shortcode":"","ocean_shortcode_after_title":"","ocean_shortcode_before_footer_widgets":"","ocean_shortcode_after_footer_widgets":"","ocean_shortcode_before_footer_bottom":"","ocean_shortcode_after_footer_bottom":"","ocean_display_top_bar":"default","ocean_display_header":"default","ocean_header_style":"","ocean_center_header_left_menu":"0","ocean_custom_header_template":"0","ocean_custom_logo":0,"ocean_custom_retina_logo":0,"ocean_custom_logo_max_width":0,"ocean_custom_logo_tablet_max_width":0,"ocean_custom_logo_mobile_max_width":0,"ocean_custom_logo_max_height":0,"ocean_custom_logo_tablet_max_height":0,"ocean_custom_logo_mobile_max_height":0,"ocean_header_custom_menu":"0","ocean_menu_typo_font_family":"0","ocean_menu_typo_font_subset":"","ocean_menu_typo_font_size":0,"ocean_menu_typo_font_size_tablet":0,"ocean_menu_typo_font_size_mobile":0,"ocean_menu_typo_font_size_unit":"px","ocean_menu_typo_font_weight":"","ocean_menu_typo_font_weight_tablet":"","ocean_menu_typo_font_weight_mobile":"","ocean_menu_typo_transform":"","ocean_menu_typo_transform_tablet":"","ocean_menu_typo_transform_mobile":"","ocean_menu_typo_line_height":0,"ocean_menu_typo_line_height_tablet":0,"ocean_menu_typo_line_height_mobile":0,"ocean_menu_typo_line_height_unit":"","ocean_menu_typo_spacing":0,"ocean_menu_typo_spacing_tablet":0,"ocean_menu_typo_spacing_mobile":0,"ocean_menu_typo_spacing_unit":"","ocean_menu_link_color":"","ocean_menu_link_color_hover":"","ocean_menu_link_color_active":"","ocean_menu_link_background":"","ocean_menu_link_hover_background":"","ocean_menu_link_active_background":"","ocean_menu_social_links_bg":"","ocean_menu_social_hover_links_bg":"","ocean_menu_social_links_color":"","ocean_menu_social_hover_links_color":"","ocean_disable_title":"default","ocean_disable_heading":"default","ocean_post_title":"","ocean_post_subheading":"","ocean_post_title_style":"","ocean_post_title_background_color":"","ocean_post_title_background":0,"ocean_post_title_bg_image_position":"","ocean_post_title_bg_image_attachment":"","ocean_post_title_bg_image_repeat":"","ocean_post_title_bg_image_size":"","ocean_post_title_height":0,"ocean_post_title_bg_overlay":0.5,"ocean_post_title_bg_overlay_color":"","ocean_disable_breadcrumbs":"default","ocean_breadcrumbs_color":"","ocean_breadcrumbs_separator_color":"","ocean_breadcrumbs_links_color":"","ocean_breadcrumbs_links_hover_color":"","ocean_display_footer_widgets":"default","ocean_display_footer_bottom":"default","ocean_custom_footer_template":"0"},"product_brand":[],"product_cat":[35,134,19,153],"product_tag":[195,163,191,198,40,192],"class_list":{"0":"post-1993","1":"product","2":"type-product","3":"status-publish","4":"has-post-thumbnail","6":"product_cat-les-fruitees","7":"product_cat-glaces","8":"product_cat-paletas","9":"product_cat-sorbet","10":"product_tag-fruit","11":"product_tag-glace","12":"product_tag-glaces","13":"product_tag-kiwi","14":"product_tag-paletas","15":"product_tag-sorbet","16":"product_shipping_class-freeze-product","18":"entry","19":"has-media","21":"first","22":"outofstock","23":"taxable","24":"shipping-taxable","25":"purchasable","26":"product-type-simple","27":"has-product-nav","28":"col","29":"span_1_of_3","30":"owp-content-center","31":"owp-thumbs-layout-horizontal","32":"owp-btn-normal","33":"owp-tabs-layout-horizontal","34":"has-no-thumbnails"},"_links":{"self":[{"href":"https:\/\/los-pistoleros.com\/en\/wp-json\/wp\/v2\/product\/1993","targetHints":{"allow":["GET"]}}],"collection":[{"href":"https:\/\/los-pistoleros.com\/en\/wp-json\/wp\/v2\/product"}],"about":[{"href":"https:\/\/los-pistoleros.com\/en\/wp-json\/wp\/v2\/types\/product"}],"wp:featuredmedia":[{"embeddable":true,"href":"https:\/\/los-pistoleros.com\/en\/wp-json\/wp\/v2\/media\/21559"}],"wp:attachment":[{"href":"https:\/\/los-pistoleros.com\/en\/wp-json\/wp\/v2\/media?parent=1993"}],"wp:term":[{"taxonomy":"product_brand","embeddable":true,"href":"https:\/\/los-pistoleros.com\/en\/wp-json\/wp\/v2\/product_brand?post=1993"},{"taxonomy":"product_cat","embeddable":true,"href":"https:\/\/los-pistoleros.com\/en\/wp-json\/wp\/v2\/product_cat?post=1993"},{"taxonomy":"product_tag","embeddable":true,"href":"https:\/\/los-pistoleros.com\/en\/wp-json\/wp\/v2\/product_tag?post=1993"}],"curies":[{"name":"wp","href":"https:\/\/api.w.org\/{rel}","templated":true}]}}