{"id":2001,"date":"2022-06-23T10:34:29","date_gmt":"2022-06-23T10:34:29","guid":{"rendered":"https:\/\/los-pistoleros.ownlycake.fr\/?post_type=product&#038;p=2001"},"modified":"2026-03-20T15:42:09","modified_gmt":"2026-03-20T13:42:09","slug":"paleta-cookies-cream-glace-batonnet-artisanale","status":"publish","type":"product","link":"https:\/\/los-pistoleros.com\/en\/product\/paleta-cookies-cream-glace-batonnet-artisanale","title":{"rendered":"Cookies &#038; Cream"},"content":{"rendered":"<h1>Paleta Cookies &amp; Cream Artisanale<\/h1>\n<p data-start=\"552\" data-end=\"731\">Savourez une <strong data-start=\"565\" data-end=\"602\">paleta cookies &amp; cream artisanale<\/strong>, un b\u00e2tonnet glac\u00e9 ultra gourmand qui associe une <strong data-start=\"653\" data-end=\"683\">base cr\u00e9meuse \u00e0 la vanille<\/strong> \u00e0 de <strong data-start=\"689\" data-end=\"730\">g\u00e9n\u00e9reuses brisures de biscuits Or\u00e9o\u00ae<\/strong>.<\/p>\n<p data-start=\"733\" data-end=\"917\">Sa texture dense (<strong data-start=\"751\" data-end=\"764\">0 % d\u2019air<\/strong>) renforce l\u2019intensit\u00e9 des saveurs et offre une exp\u00e9rience plus riche qu\u2019une glace classique, avec un parfait \u00e9quilibre entre <strong data-start=\"890\" data-end=\"916\">onctuosit\u00e9 et croquant<\/strong>.<\/p>\n<p data-start=\"919\" data-end=\"1017\">Fabriqu\u00e9e en France de mani\u00e8re artisanale, cette paleta est id\u00e9ale pour une pause dessert premium<\/p>\n<h3 data-section-id=\"1xhxtfa\" data-start=\"1024\" data-end=\"1041\">Points forts<\/h3>\n<ul>\n<li data-start=\"1045\" data-end=\"1088\">Base cr\u00e9meuse vanille + \u00e9clats de cookies<\/li>\n<li data-start=\"1091\" data-end=\"1122\">Texture dense (<strong data-start=\"1106\" data-end=\"1119\">0 % d\u2019air<\/strong>)<\/li>\n<li data-start=\"1125\" data-end=\"1155\">Format individuel <strong data-start=\"1143\" data-end=\"1153\">113 ml<\/strong><\/li>\n<li data-start=\"1158\" data-end=\"1196\">Sans ar\u00f4me, colorant ni conservateur<\/li>\n<li data-start=\"1199\" data-end=\"1233\">Fabrication artisanale fran\u00e7aise<\/li>\n<\/ul>\n<h3 data-section-id=\"4gtzmw\" data-start=\"1240\" data-end=\"1269\">Conseils de d\u00e9gustation<\/h3>\n<p data-start=\"1271\" data-end=\"1392\">Sortir la paleta du cong\u00e9lateur et <strong data-start=\"1306\" data-end=\"1334\">laisser reposer 1 minute<\/strong> \u00e0 temp\u00e9rature ambiante pour r\u00e9v\u00e9ler toute son onctuosit\u00e9.<\/p>\n<p><span style=\"font-weight: 400;\"><strong>Ingr\u00e9dients :<\/strong> Lait Demi \u00c9cr\u00e9m\u00e9, Cr\u00e8me Anglaise Vanille (15%), Or\u00e9o\u00ae (Farine et Amidon de Bl\u00e9, Huile v\u00e9g\u00e9tale de Palme, Cacao, Lecithines de Tournesol et Soja) (15%), Lait en Poudre \u00c9cr\u00e9m\u00e9, Cr\u00e8me liquide, Sucre, Glucose, \u00c9mulsifiant (Mono et Diglyc\u00e9rides d&rsquo;acides Gras, Farine de Graine de Caroube, Alginate de Sodium, Gomme de Guar, Carragh\u00e9nanes) &#8211; Contient du Lait, Gluten, Soja<\/span><\/p>\n<p><strong>Allerg\u00e8nes : <\/strong><span style=\"font-weight: 400;\">Lait, Gluten. <\/span><span style=\"font-weight: 400;\">Peut contenir des traces d\u2019\u0153uf, soja, fruits \u00e0 coque, soja, s\u00e9same<\/span><\/p>\n<p>Cette paleta associe douceur et croquant pour un dessert glac\u00e9 irr\u00e9sistible.<\/p>\n<p><strong data-start=\"2476\" data-end=\"2580\">Vous \u00eates un professionnel ? Demandez nos tarifs pros et conditions adapt\u00e9es \u00e0 votre point de vente.<\/strong><\/p>","protected":false},"excerpt":{"rendered":"<p data-start=\"3511\" data-end=\"3603\">Paleta cookies and cream artisanale : une glace b\u00e2tonnet gourmande avec morceaux de cookies. Onctueuse et croquante, sans air ajout\u00e9, fabriqu\u00e9e en France.<\/p>","protected":false},"featured_media":21757,"template":"","meta":{"ocean_post_layout":"","ocean_both_sidebars_style":"","ocean_both_sidebars_content_width":0,"ocean_both_sidebars_sidebars_width":0,"ocean_sidebar":"0","ocean_second_sidebar":"0","ocean_disable_margins":"enable","ocean_add_body_class":"","ocean_shortcode_before_top_bar":"","ocean_shortcode_after_top_bar":"","ocean_shortcode_before_header":"","ocean_shortcode_after_header":"","ocean_has_shortcode":"","ocean_shortcode_after_title":"","ocean_shortcode_before_footer_widgets":"","ocean_shortcode_after_footer_widgets":"","ocean_shortcode_before_footer_bottom":"","ocean_shortcode_after_footer_bottom":"","ocean_display_top_bar":"default","ocean_display_header":"default","ocean_header_style":"","ocean_center_header_left_menu":"0","ocean_custom_header_template":"0","ocean_custom_logo":0,"ocean_custom_retina_logo":0,"ocean_custom_logo_max_width":0,"ocean_custom_logo_tablet_max_width":0,"ocean_custom_logo_mobile_max_width":0,"ocean_custom_logo_max_height":0,"ocean_custom_logo_tablet_max_height":0,"ocean_custom_logo_mobile_max_height":0,"ocean_header_custom_menu":"0","ocean_menu_typo_font_family":"0","ocean_menu_typo_font_subset":"","ocean_menu_typo_font_size":0,"ocean_menu_typo_font_size_tablet":0,"ocean_menu_typo_font_size_mobile":0,"ocean_menu_typo_font_size_unit":"px","ocean_menu_typo_font_weight":"","ocean_menu_typo_font_weight_tablet":"","ocean_menu_typo_font_weight_mobile":"","ocean_menu_typo_transform":"","ocean_menu_typo_transform_tablet":"","ocean_menu_typo_transform_mobile":"","ocean_menu_typo_line_height":0,"ocean_menu_typo_line_height_tablet":0,"ocean_menu_typo_line_height_mobile":0,"ocean_menu_typo_line_height_unit":"","ocean_menu_typo_spacing":0,"ocean_menu_typo_spacing_tablet":0,"ocean_menu_typo_spacing_mobile":0,"ocean_menu_typo_spacing_unit":"","ocean_menu_link_color":"","ocean_menu_link_color_hover":"","ocean_menu_link_color_active":"","ocean_menu_link_background":"","ocean_menu_link_hover_background":"","ocean_menu_link_active_background":"","ocean_menu_social_links_bg":"","ocean_menu_social_hover_links_bg":"","ocean_menu_social_links_color":"","ocean_menu_social_hover_links_color":"","ocean_disable_title":"default","ocean_disable_heading":"default","ocean_post_title":"","ocean_post_subheading":"","ocean_post_title_style":"","ocean_post_title_background_color":"","ocean_post_title_background":0,"ocean_post_title_bg_image_position":"","ocean_post_title_bg_image_attachment":"","ocean_post_title_bg_image_repeat":"","ocean_post_title_bg_image_size":"","ocean_post_title_height":0,"ocean_post_title_bg_overlay":0.5,"ocean_post_title_bg_overlay_color":"","ocean_disable_breadcrumbs":"default","ocean_breadcrumbs_color":"","ocean_breadcrumbs_separator_color":"","ocean_breadcrumbs_links_color":"","ocean_breadcrumbs_links_hover_color":"","ocean_display_footer_widgets":"default","ocean_display_footer_bottom":"default","ocean_custom_footer_template":"0"},"product_brand":[],"product_cat":[150,154,134,37,19],"product_tag":[204,163,191,40],"class_list":{"0":"post-2001","1":"product","2":"type-product","3":"status-publish","4":"has-post-thumbnail","6":"product_cat-cookies-cream","7":"product_cat-creme-glacee","8":"product_cat-glaces","9":"product_cat-les-gourmandes","10":"product_cat-paletas","11":"product_tag-cookies-and-cream","12":"product_tag-glace","13":"product_tag-glaces","14":"product_tag-paletas","15":"product_shipping_class-freeze-product","17":"entry","18":"has-media","20":"first","21":"instock","22":"taxable","23":"shipping-taxable","24":"purchasable","25":"product-type-simple","26":"has-product-nav","27":"col","28":"span_1_of_3","29":"owp-content-center","30":"owp-thumbs-layout-horizontal","31":"owp-btn-normal","32":"owp-tabs-layout-horizontal","33":"has-no-thumbnails"},"_links":{"self":[{"href":"https:\/\/los-pistoleros.com\/en\/wp-json\/wp\/v2\/product\/2001","targetHints":{"allow":["GET"]}}],"collection":[{"href":"https:\/\/los-pistoleros.com\/en\/wp-json\/wp\/v2\/product"}],"about":[{"href":"https:\/\/los-pistoleros.com\/en\/wp-json\/wp\/v2\/types\/product"}],"wp:featuredmedia":[{"embeddable":true,"href":"https:\/\/los-pistoleros.com\/en\/wp-json\/wp\/v2\/media\/21757"}],"wp:attachment":[{"href":"https:\/\/los-pistoleros.com\/en\/wp-json\/wp\/v2\/media?parent=2001"}],"wp:term":[{"taxonomy":"product_brand","embeddable":true,"href":"https:\/\/los-pistoleros.com\/en\/wp-json\/wp\/v2\/product_brand?post=2001"},{"taxonomy":"product_cat","embeddable":true,"href":"https:\/\/los-pistoleros.com\/en\/wp-json\/wp\/v2\/product_cat?post=2001"},{"taxonomy":"product_tag","embeddable":true,"href":"https:\/\/los-pistoleros.com\/en\/wp-json\/wp\/v2\/product_tag?post=2001"}],"curies":[{"name":"wp","href":"https:\/\/api.w.org\/{rel}","templated":true}]}}