{"id":21536,"date":"2026-03-13T16:39:49","date_gmt":"2026-03-13T14:39:49","guid":{"rendered":"https:\/\/los-pistoleros.com\/?post_type=product&#038;p=21536"},"modified":"2026-04-16T11:18:31","modified_gmt":"2026-04-16T09:18:31","slug":"viwa-immunity-citron","status":"publish","type":"product","link":"https:\/\/los-pistoleros.com\/en\/product\/viwa-immunity-citron","title":{"rendered":"Viwa Immunity Citron"},"content":{"rendered":"<h1>Eau Vitamin\u00e9e Immunity Citron<\/h1>\n<p data-start=\"166\" data-end=\"311\">Discover <strong data-start=\"176\" data-end=\"200\">Viwa Immunity citron<\/strong>, une eau vitamin\u00e9e rafra\u00eechissante qui associe la fra\u00eecheur du citron \u00e0 un apport en vitamines essentielles.<\/p>\n<p data-start=\"313\" data-end=\"460\">Faible en calories et enrichie en vitamine C et D, cette boisson est id\u00e9ale pour une hydratation l\u00e9g\u00e8re au quotidien avec une touche fonctionnelle.<\/p>\n<h3 data-section-id=\"kccdaz\" data-start=\"1023\" data-end=\"1059\">Les atouts de cette boisson<\/h3>\n<ul>\n<li>Faible en calories<\/li>\n<li>Saveur citron fra\u00eeche<\/li>\n<li>Enrichie en vitamines C et D<\/li>\n<li>Boisson l\u00e9g\u00e8re et rafra\u00eechissante<\/li>\n<li>Alternative aux boissons sucr\u00e9es<\/li>\n<\/ul>\n<h3 data-start=\"820\" data-end=\"837\">Ingr\u00e9dients :<\/h3>\n<p data-start=\"838\" data-end=\"1316\">Eau min\u00e9rale, jus de citron \u00e0 base de concentr\u00e9 (min. 1,4%), vitamines (vitamine C, vitamine D3), acide citrique, r\u00e9gulateur d\u2019acidit\u00e9 : citrate de sodium, ar\u00f4mes, conservateurs : sorbate de potassium, benzoate de sodium, extrait de carthame, stabilisants : gomme arabique, esters glyc\u00e9riques de r\u00e9sine de bois, antioxydants : extrait riche en tocoph\u00e9rols, esters d\u2019acides gras de l\u2019acide ascorbique, colorant naturel : carot\u00e8nes, \u00e9dulcorants (glycosides de st\u00e9viol, sucralose).<\/p>\n<h3 data-start=\"1323\" data-end=\"1339\">Allerg\u00e8nes :<\/h3>\n<p data-start=\"1340\" data-end=\"1424\">Ne contient pas d\u2019allerg\u00e8nes soumis \u00e0 \u00e9tiquetage selon la r\u00e9glementation en vigueur.<\/p>\n<h3 data-start=\"1431\" data-end=\"1474\">Valeurs nutritionnelles (pour 100 ml)<\/h3>\n<ul data-start=\"1475\" data-end=\"1675\">\n<li data-start=\"1475\" data-end=\"1502\">\u00c9nergie : 1 kcal \/ 5 kJ<\/li>\n<li data-start=\"1503\" data-end=\"1529\">Mati\u00e8res grasses : 0 g (Dont acides gras satur\u00e9s : 0 g)<\/li>\n<li data-start=\"1565\" data-end=\"1585\">Glucides : 0,1 g (Dont sucres : 0,1 g)<\/li>\n<li data-start=\"1610\" data-end=\"1634\">Prot\u00e9ines : &lt; 0,06 g<\/li>\n<li data-start=\"1635\" data-end=\"1656\">Fibres : &lt; 0,01 g<\/li>\n<li data-start=\"1657\" data-end=\"1675\">Sel : &lt; 0,01 g<\/li>\n<\/ul>\n<h3 data-start=\"1682\" data-end=\"1709\">Vitamines (pour 100 ml)<\/h3>\n<ul data-start=\"1710\" data-end=\"1775\">\n<li data-start=\"1710\" data-end=\"1743\">Vitamine C : 168 mg (210% AR)<\/li>\n<li data-start=\"1744\" data-end=\"1775\">Vitamine D3 : 2 \u00b5g (40% AR)<\/li>\n<\/ul>\n<p data-start=\"647\" data-end=\"685\"><strong>Are you a professional?<\/strong> Proposez une boisson fonctionnelle et tendance, id\u00e9ale pour compl\u00e9ter une offre healthy avec un produit l\u00e9ger et attractif.<\/p>","protected":false},"excerpt":{"rendered":"<p>Eau vitamin\u00e9e Viwa Immunity citron : une boisson rafra\u00eechissante sans sucre ajout\u00e9 ni colorant, enrichie en vitamines pour soutenir l\u2019organisme.<\/p>","protected":false},"featured_media":21854,"template":"","meta":{"ocean_post_layout":"","ocean_both_sidebars_style":"","ocean_both_sidebars_content_width":0,"ocean_both_sidebars_sidebars_width":0,"ocean_sidebar":"0","ocean_second_sidebar":"0","ocean_disable_margins":"enable","ocean_add_body_class":"","ocean_shortcode_before_top_bar":"","ocean_shortcode_after_top_bar":"","ocean_shortcode_before_header":"","ocean_shortcode_after_header":"","ocean_has_shortcode":"","ocean_shortcode_after_title":"","ocean_shortcode_before_footer_widgets":"","ocean_shortcode_after_footer_widgets":"","ocean_shortcode_before_footer_bottom":"","ocean_shortcode_after_footer_bottom":"","ocean_display_top_bar":"default","ocean_display_header":"default","ocean_header_style":"","ocean_center_header_left_menu":"0","ocean_custom_header_template":"0","ocean_custom_logo":0,"ocean_custom_retina_logo":0,"ocean_custom_logo_max_width":0,"ocean_custom_logo_tablet_max_width":0,"ocean_custom_logo_mobile_max_width":0,"ocean_custom_logo_max_height":0,"ocean_custom_logo_tablet_max_height":0,"ocean_custom_logo_mobile_max_height":0,"ocean_header_custom_menu":"0","ocean_menu_typo_font_family":"0","ocean_menu_typo_font_subset":"","ocean_menu_typo_font_size":0,"ocean_menu_typo_font_size_tablet":0,"ocean_menu_typo_font_size_mobile":0,"ocean_menu_typo_font_size_unit":"px","ocean_menu_typo_font_weight":"","ocean_menu_typo_font_weight_tablet":"","ocean_menu_typo_font_weight_mobile":"","ocean_menu_typo_transform":"","ocean_menu_typo_transform_tablet":"","ocean_menu_typo_transform_mobile":"","ocean_menu_typo_line_height":0,"ocean_menu_typo_line_height_tablet":0,"ocean_menu_typo_line_height_mobile":0,"ocean_menu_typo_line_height_unit":"","ocean_menu_typo_spacing":0,"ocean_menu_typo_spacing_tablet":0,"ocean_menu_typo_spacing_mobile":0,"ocean_menu_typo_spacing_unit":"","ocean_menu_link_color":"","ocean_menu_link_color_hover":"","ocean_menu_link_color_active":"","ocean_menu_link_background":"","ocean_menu_link_hover_background":"","ocean_menu_link_active_background":"","ocean_menu_social_links_bg":"","ocean_menu_social_hover_links_bg":"","ocean_menu_social_links_color":"","ocean_menu_social_hover_links_color":"","ocean_disable_title":"default","ocean_disable_heading":"default","ocean_post_title":"","ocean_post_subheading":"","ocean_post_title_style":"","ocean_post_title_background_color":"","ocean_post_title_background":0,"ocean_post_title_bg_image_position":"","ocean_post_title_bg_image_attachment":"","ocean_post_title_bg_image_repeat":"","ocean_post_title_bg_image_size":"","ocean_post_title_height":0,"ocean_post_title_bg_overlay":0.5,"ocean_post_title_bg_overlay_color":"","ocean_disable_breadcrumbs":"default","ocean_breadcrumbs_color":"","ocean_breadcrumbs_separator_color":"","ocean_breadcrumbs_links_color":"","ocean_breadcrumbs_links_hover_color":"","ocean_display_footer_widgets":"default","ocean_display_footer_bottom":"default","ocean_custom_footer_template":"0"},"product_brand":[],"product_cat":[132,129],"product_tag":[178,173,238,239],"class_list":{"0":"post-21536","1":"product","2":"type-product","3":"status-publish","4":"has-post-thumbnail","6":"product_cat-boissons","7":"product_cat-eau-vitaminee","8":"product_tag-boisson","9":"product_tag-citron","10":"product_tag-eau","11":"product_tag-vitamines","12":"product_shipping_class-not-fresh-not-freeze","14":"entry","15":"has-media","17":"first","18":"instock","19":"taxable","20":"shipping-taxable","21":"purchasable","22":"product-type-simple","23":"has-product-nav","24":"col","25":"span_1_of_3","26":"owp-content-center","27":"owp-thumbs-layout-horizontal","28":"owp-btn-normal","29":"owp-tabs-layout-horizontal","30":"has-no-thumbnails"},"_links":{"self":[{"href":"https:\/\/los-pistoleros.com\/en\/wp-json\/wp\/v2\/product\/21536","targetHints":{"allow":["GET"]}}],"collection":[{"href":"https:\/\/los-pistoleros.com\/en\/wp-json\/wp\/v2\/product"}],"about":[{"href":"https:\/\/los-pistoleros.com\/en\/wp-json\/wp\/v2\/types\/product"}],"wp:featuredmedia":[{"embeddable":true,"href":"https:\/\/los-pistoleros.com\/en\/wp-json\/wp\/v2\/media\/21854"}],"wp:attachment":[{"href":"https:\/\/los-pistoleros.com\/en\/wp-json\/wp\/v2\/media?parent=21536"}],"wp:term":[{"taxonomy":"product_brand","embeddable":true,"href":"https:\/\/los-pistoleros.com\/en\/wp-json\/wp\/v2\/product_brand?post=21536"},{"taxonomy":"product_cat","embeddable":true,"href":"https:\/\/los-pistoleros.com\/en\/wp-json\/wp\/v2\/product_cat?post=21536"},{"taxonomy":"product_tag","embeddable":true,"href":"https:\/\/los-pistoleros.com\/en\/wp-json\/wp\/v2\/product_tag?post=21536"}],"curies":[{"name":"wp","href":"https:\/\/api.w.org\/{rel}","templated":true}]}}