{"id":21538,"date":"2026-03-13T16:47:53","date_gmt":"2026-03-13T14:47:53","guid":{"rendered":"https:\/\/los-pistoleros.com\/?post_type=product&#038;p=21538"},"modified":"2026-04-16T11:17:32","modified_gmt":"2026-04-16T09:17:32","slug":"viwa-brainboost-mangue-citron","status":"publish","type":"product","link":"https:\/\/los-pistoleros.com\/en\/product\/viwa-brainboost-mangue-citron","title":{"rendered":"Viwa Brainboost Mangue Citron"},"content":{"rendered":"<h1>Eau Vitamin\u00e9e Brainboost Mangue Citron<\/h1>\n<p data-start=\"180\" data-end=\"331\">Discover <strong data-start=\"190\" data-end=\"223\">Viwa Brainboost mangue citron<\/strong>, une eau vitamin\u00e9e rafra\u00eechissante qui associe la douceur exotique de la mangue \u00e0 la fra\u00eecheur du citron.<\/p>\n<p data-start=\"333\" data-end=\"497\">Enrichie en vitamines et extraits de plantes comme le ginkgo biloba et le th\u00e9 vert, cette boisson fonctionnelle est id\u00e9ale pour une hydratation l\u00e9g\u00e8re au quotidien.<\/p>\n<h3 data-section-id=\"lqh5d5\" data-start=\"1793\" data-end=\"1831\">Une boisson fruit\u00e9e et l\u00e9g\u00e8re<\/h3>\n<ul>\n<li data-start=\"528\" data-end=\"550\">Faible en calories<\/li>\n<li data-start=\"551\" data-end=\"586\">Saveur mangue &amp; citron exotique<\/li>\n<li data-start=\"587\" data-end=\"612\">Enrichie en vitamines<\/li>\n<li data-start=\"613\" data-end=\"671\">Contient extraits de plantes (ginkgo biloba, th\u00e9 vert)<\/li>\n<li data-start=\"672\" data-end=\"711\">Boisson hydratante et fonctionnelle<\/li>\n<\/ul>\n<h3 data-start=\"895\" data-end=\"912\">Ingr\u00e9dients :<\/h3>\n<p data-start=\"913\" data-end=\"1382\">Eau min\u00e9rale, jus de mangue \u00e0 base de concentr\u00e9 (min. 1%), jus de citron vert \u00e0 base de concentr\u00e9 (min. 0,5%), acide citrique, ar\u00f4mes, stabilisants : gomme arabique, esters glyc\u00e9riques de r\u00e9sines de bois, antioxydant : acide ascorbique, colorant naturel : carot\u00e8nes, conservateurs : sorbate de potassium, benzoate de sodium, extrait de ginkgo biloba (0,015%), extrait de th\u00e9 vert (0,015%), \u00e9dulcorants (glycosides de st\u00e9viol, sucralose), vitamines : C, B3, B6, B7, B12.<\/p>\n<h3 data-start=\"1389\" data-end=\"1405\">Allerg\u00e8nes :<\/h3>\n<p data-start=\"1406\" data-end=\"1490\">Ne contient pas d\u2019allerg\u00e8nes soumis \u00e0 \u00e9tiquetage selon la r\u00e9glementation en vigueur.<\/p>\n<h3 data-start=\"1497\" data-end=\"1540\">Valeurs nutritionnelles (pour 100 ml)<\/h3>\n<ul data-start=\"1541\" data-end=\"1740\">\n<li data-start=\"1541\" data-end=\"1568\">\u00c9nergie : 1 kcal \/ 6 kJ<\/li>\n<li data-start=\"1569\" data-end=\"1598\">Mati\u00e8res grasses : 0,01 g (Dont acides gras satur\u00e9s : 0 g)<\/li>\n<li data-start=\"1634\" data-end=\"1654\">Glucides : 0,2 g (Dont sucres : 0,2 g)<\/li>\n<li data-start=\"1679\" data-end=\"1701\">Prot\u00e9ines : 0,01 g<\/li>\n<li data-start=\"1702\" data-end=\"1721\">Fibres : 0,03 g<\/li>\n<li data-start=\"1722\" data-end=\"1740\">Sel : &lt; 0,01 g<\/li>\n<\/ul>\n<h3 data-start=\"1747\" data-end=\"1774\">Vitamines (pour 100 ml)<\/h3>\n<ul data-start=\"1775\" data-end=\"1943\">\n<li data-start=\"1775\" data-end=\"1806\">Vitamine C : 16 mg (20% AR)<\/li>\n<li data-start=\"1807\" data-end=\"1840\">Vitamine B3 : 3,2 mg (20% AR)<\/li>\n<li data-start=\"1841\" data-end=\"1875\">Vitamine B6 : 0,28 mg (20% AR)<\/li>\n<li data-start=\"1876\" data-end=\"1908\">Vitamine B7 : 10 \u00b5g (20% AR)<\/li>\n<li data-start=\"1909\" data-end=\"1943\">Vitamine B12 : 0,5 \u00b5g (20% AR)<\/li>\n<\/ul>\n<p data-start=\"718\" data-end=\"756\"><strong>Are you a professional? <\/strong>Proposez une boisson fonctionnelle innovante, id\u00e9ale pour une client\u00e8le \u00e0 la recherche de produits bien-\u00eatre et diff\u00e9renciants.<\/p>","protected":false},"excerpt":{"rendered":"<p>Eau vitamin\u00e9e Viwa Brainboost mangue citron : une boisson rafra\u00eechissante sans sucre ajout\u00e9 enrichie en vitamines.<\/p>","protected":false},"featured_media":21851,"template":"","meta":{"ocean_post_layout":"","ocean_both_sidebars_style":"","ocean_both_sidebars_content_width":0,"ocean_both_sidebars_sidebars_width":0,"ocean_sidebar":"0","ocean_second_sidebar":"0","ocean_disable_margins":"enable","ocean_add_body_class":"","ocean_shortcode_before_top_bar":"","ocean_shortcode_after_top_bar":"","ocean_shortcode_before_header":"","ocean_shortcode_after_header":"","ocean_has_shortcode":"","ocean_shortcode_after_title":"","ocean_shortcode_before_footer_widgets":"","ocean_shortcode_after_footer_widgets":"","ocean_shortcode_before_footer_bottom":"","ocean_shortcode_after_footer_bottom":"","ocean_display_top_bar":"default","ocean_display_header":"default","ocean_header_style":"","ocean_center_header_left_menu":"0","ocean_custom_header_template":"0","ocean_custom_logo":0,"ocean_custom_retina_logo":0,"ocean_custom_logo_max_width":0,"ocean_custom_logo_tablet_max_width":0,"ocean_custom_logo_mobile_max_width":0,"ocean_custom_logo_max_height":0,"ocean_custom_logo_tablet_max_height":0,"ocean_custom_logo_mobile_max_height":0,"ocean_header_custom_menu":"0","ocean_menu_typo_font_family":"0","ocean_menu_typo_font_subset":"","ocean_menu_typo_font_size":0,"ocean_menu_typo_font_size_tablet":0,"ocean_menu_typo_font_size_mobile":0,"ocean_menu_typo_font_size_unit":"px","ocean_menu_typo_font_weight":"","ocean_menu_typo_font_weight_tablet":"","ocean_menu_typo_font_weight_mobile":"","ocean_menu_typo_transform":"","ocean_menu_typo_transform_tablet":"","ocean_menu_typo_transform_mobile":"","ocean_menu_typo_line_height":0,"ocean_menu_typo_line_height_tablet":0,"ocean_menu_typo_line_height_mobile":0,"ocean_menu_typo_line_height_unit":"","ocean_menu_typo_spacing":0,"ocean_menu_typo_spacing_tablet":0,"ocean_menu_typo_spacing_mobile":0,"ocean_menu_typo_spacing_unit":"","ocean_menu_link_color":"","ocean_menu_link_color_hover":"","ocean_menu_link_color_active":"","ocean_menu_link_background":"","ocean_menu_link_hover_background":"","ocean_menu_link_active_background":"","ocean_menu_social_links_bg":"","ocean_menu_social_hover_links_bg":"","ocean_menu_social_links_color":"","ocean_menu_social_hover_links_color":"","ocean_disable_title":"default","ocean_disable_heading":"default","ocean_post_title":"","ocean_post_subheading":"","ocean_post_title_style":"","ocean_post_title_background_color":"","ocean_post_title_background":0,"ocean_post_title_bg_image_position":"","ocean_post_title_bg_image_attachment":"","ocean_post_title_bg_image_repeat":"","ocean_post_title_bg_image_size":"","ocean_post_title_height":0,"ocean_post_title_bg_overlay":0.5,"ocean_post_title_bg_overlay_color":"","ocean_disable_breadcrumbs":"default","ocean_breadcrumbs_color":"","ocean_breadcrumbs_separator_color":"","ocean_breadcrumbs_links_color":"","ocean_breadcrumbs_links_hover_color":"","ocean_display_footer_widgets":"default","ocean_display_footer_bottom":"default","ocean_custom_footer_template":"0"},"product_brand":[],"product_cat":[129],"product_tag":[178,173,238,210,239],"class_list":{"0":"post-21538","1":"product","2":"type-product","3":"status-publish","4":"has-post-thumbnail","6":"product_cat-eau-vitaminee","7":"product_tag-boisson","8":"product_tag-citron","9":"product_tag-eau","10":"product_tag-mangue","11":"product_tag-vitamines","12":"product_shipping_class-not-fresh-not-freeze","14":"entry","15":"has-media","17":"first","18":"instock","19":"taxable","20":"shipping-taxable","21":"purchasable","22":"product-type-simple","23":"has-product-nav","24":"col","25":"span_1_of_3","26":"owp-content-center","27":"owp-thumbs-layout-horizontal","28":"owp-btn-normal","29":"owp-tabs-layout-horizontal","30":"has-no-thumbnails"},"_links":{"self":[{"href":"https:\/\/los-pistoleros.com\/en\/wp-json\/wp\/v2\/product\/21538","targetHints":{"allow":["GET"]}}],"collection":[{"href":"https:\/\/los-pistoleros.com\/en\/wp-json\/wp\/v2\/product"}],"about":[{"href":"https:\/\/los-pistoleros.com\/en\/wp-json\/wp\/v2\/types\/product"}],"wp:featuredmedia":[{"embeddable":true,"href":"https:\/\/los-pistoleros.com\/en\/wp-json\/wp\/v2\/media\/21851"}],"wp:attachment":[{"href":"https:\/\/los-pistoleros.com\/en\/wp-json\/wp\/v2\/media?parent=21538"}],"wp:term":[{"taxonomy":"product_brand","embeddable":true,"href":"https:\/\/los-pistoleros.com\/en\/wp-json\/wp\/v2\/product_brand?post=21538"},{"taxonomy":"product_cat","embeddable":true,"href":"https:\/\/los-pistoleros.com\/en\/wp-json\/wp\/v2\/product_cat?post=21538"},{"taxonomy":"product_tag","embeddable":true,"href":"https:\/\/los-pistoleros.com\/en\/wp-json\/wp\/v2\/product_tag?post=21538"}],"curies":[{"name":"wp","href":"https:\/\/api.w.org\/{rel}","templated":true}]}}