{"id":21540,"date":"2026-03-13T16:57:27","date_gmt":"2026-03-13T14:57:27","guid":{"rendered":"https:\/\/los-pistoleros.com\/?post_type=product&#038;p=21540"},"modified":"2026-04-16T11:16:44","modified_gmt":"2026-04-16T09:16:44","slug":"viwa-body-protection-orange-passion","status":"publish","type":"product","link":"https:\/\/los-pistoleros.com\/en\/product\/viwa-body-protection-orange-passion","title":{"rendered":"Viwa Body Protection Orange Passion"},"content":{"rendered":"<h1>Eau Vitamin\u00e9e Body Protection Orange Passion<\/h1>\n<p data-start=\"159\" data-end=\"316\">Discover <strong data-start=\"169\" data-end=\"208\">Viwa Body Protection orange passion<\/strong>, une eau vitamin\u00e9e rafra\u00eechissante qui associe l\u2019acidit\u00e9 de l\u2019orange \u00e0 l\u2019exotisme du fruit de la passion.<\/p>\n<p data-start=\"318\" data-end=\"486\">Enrichie en vitamines, zinc et collag\u00e8ne, cette boisson fonctionnelle contribue \u00e0 une hydratation quotidienne tout en apportant une touche fruit\u00e9e l\u00e9g\u00e8re et \u00e9quilibr\u00e9e.<\/p>\n<h3 data-section-id=\"1goy7xr\" data-start=\"2595\" data-end=\"2627\">Une hydratation fruit\u00e9e<\/h3>\n<ul>\n<li>Faible en calories<\/li>\n<li>Saveur orange &amp; passion<\/li>\n<li>Enrichie en vitamines et zinc<\/li>\n<li>Contient du collag\u00e8ne<\/li>\n<li>Boisson hydratante et fonctionnelle<\/li>\n<\/ul>\n<h3 data-start=\"836\" data-end=\"853\">Ingr\u00e9dients :<\/h3>\n<p data-start=\"854\" data-end=\"1318\">Eau min\u00e9rale, jus d\u2019orange \u00e0 base de concentr\u00e9 (min. 3%), jus de carotte \u00e0 base de concentr\u00e9 (min. 1%), jus de fruit de la passion \u00e0 base de concentr\u00e9 (min. 0,5%), collag\u00e8ne hydrolys\u00e9 (0,5%), vitamines et min\u00e9raux (vitamine C, vitamine B3, vitamine B6, biotine, vitamine B12, zinc), acide citrique, ar\u00f4mes naturels, conservateurs : sorbate de potassium, benzoate de sodium, \u00e9dulcorants (sucralose, glycosides de st\u00e9viol), stabilisant : farine de graine de caroube.<\/p>\n<h3 data-start=\"1325\" data-end=\"1341\">Allerg\u00e8nes :<\/h3>\n<p data-start=\"1342\" data-end=\"1426\">Ne contient pas d\u2019allerg\u00e8nes soumis \u00e0 \u00e9tiquetage selon la r\u00e9glementation en vigueur.<\/p>\n<h3 data-start=\"1433\" data-end=\"1476\">Valeurs nutritionnelles (pour 100 ml)<\/h3>\n<ul data-start=\"1477\" data-end=\"1681\">\n<li data-start=\"1477\" data-end=\"1505\">\u00c9nergie : 4 kcal \/ 17 kJ<\/li>\n<li data-start=\"1506\" data-end=\"1535\">Mati\u00e8res grasses : 0,01 g (Dont acides gras satur\u00e9s : 0 g)<\/li>\n<li data-start=\"1571\" data-end=\"1592\">Glucides : 0,30 g (Dont sucres : 0,30 g)<\/li>\n<li data-start=\"1618\" data-end=\"1640\">Prot\u00e9ines : 0,50 g<\/li>\n<li data-start=\"1641\" data-end=\"1662\">Fibres : &lt; 0,05 g<\/li>\n<li data-start=\"1663\" data-end=\"1681\">Sel : &lt; 0,01 g<\/li>\n<\/ul>\n<h3 data-start=\"1688\" data-end=\"1726\">Vitamines &amp; min\u00e9raux (pour 100 ml)<\/h3>\n<ul data-start=\"1727\" data-end=\"1955\">\n<li data-start=\"1727\" data-end=\"1758\">Vitamine C : 16 mg (20% AR)<\/li>\n<li data-start=\"1759\" data-end=\"1792\">Vitamine B3 : 3,2 mg (20% AR)<\/li>\n<li data-start=\"1793\" data-end=\"1827\">Vitamine B6 : 0,28 mg (20% AR)<\/li>\n<li data-start=\"1828\" data-end=\"1860\">Vitamine B7 : 10 \u00b5g (20% AR)<\/li>\n<li data-start=\"1861\" data-end=\"1895\">Vitamine B12 : 0,5 \u00b5g (20% AR)<\/li>\n<li data-start=\"1896\" data-end=\"1922\">Zinc : 1,5 mg (15% AR)<\/li>\n<li data-start=\"1923\" data-end=\"1955\">Collag\u00e8ne hydrolys\u00e9 : 500 mg<\/li>\n<\/ul>\n<p data-start=\"667\" data-end=\"705\"><strong>Are you a professional?<\/strong> Proposez une boisson fonctionnelle premium, id\u00e9ale pour r\u00e9pondre aux tendances bien-\u00eatre (immunit\u00e9, beaut\u00e9, nutrition).<\/p>","protected":false},"excerpt":{"rendered":"<p>Boisson Viwa Body Protection orange passion : eau vitamin\u00e9e fruit\u00e9e sans sucre ajout\u00e9 ni colorant.<\/p>","protected":false},"featured_media":21849,"template":"","meta":{"ocean_post_layout":"","ocean_both_sidebars_style":"","ocean_both_sidebars_content_width":0,"ocean_both_sidebars_sidebars_width":0,"ocean_sidebar":"0","ocean_second_sidebar":"0","ocean_disable_margins":"enable","ocean_add_body_class":"","ocean_shortcode_before_top_bar":"","ocean_shortcode_after_top_bar":"","ocean_shortcode_before_header":"","ocean_shortcode_after_header":"","ocean_has_shortcode":"","ocean_shortcode_after_title":"","ocean_shortcode_before_footer_widgets":"","ocean_shortcode_after_footer_widgets":"","ocean_shortcode_before_footer_bottom":"","ocean_shortcode_after_footer_bottom":"","ocean_display_top_bar":"default","ocean_display_header":"default","ocean_header_style":"","ocean_center_header_left_menu":"0","ocean_custom_header_template":"0","ocean_custom_logo":0,"ocean_custom_retina_logo":0,"ocean_custom_logo_max_width":0,"ocean_custom_logo_tablet_max_width":0,"ocean_custom_logo_mobile_max_width":0,"ocean_custom_logo_max_height":0,"ocean_custom_logo_tablet_max_height":0,"ocean_custom_logo_mobile_max_height":0,"ocean_header_custom_menu":"0","ocean_menu_typo_font_family":"0","ocean_menu_typo_font_subset":"","ocean_menu_typo_font_size":0,"ocean_menu_typo_font_size_tablet":0,"ocean_menu_typo_font_size_mobile":0,"ocean_menu_typo_font_size_unit":"px","ocean_menu_typo_font_weight":"","ocean_menu_typo_font_weight_tablet":"","ocean_menu_typo_font_weight_mobile":"","ocean_menu_typo_transform":"","ocean_menu_typo_transform_tablet":"","ocean_menu_typo_transform_mobile":"","ocean_menu_typo_line_height":0,"ocean_menu_typo_line_height_tablet":0,"ocean_menu_typo_line_height_mobile":0,"ocean_menu_typo_line_height_unit":"","ocean_menu_typo_spacing":0,"ocean_menu_typo_spacing_tablet":0,"ocean_menu_typo_spacing_mobile":0,"ocean_menu_typo_spacing_unit":"","ocean_menu_link_color":"","ocean_menu_link_color_hover":"","ocean_menu_link_color_active":"","ocean_menu_link_background":"","ocean_menu_link_hover_background":"","ocean_menu_link_active_background":"","ocean_menu_social_links_bg":"","ocean_menu_social_hover_links_bg":"","ocean_menu_social_links_color":"","ocean_menu_social_hover_links_color":"","ocean_disable_title":"default","ocean_disable_heading":"default","ocean_post_title":"","ocean_post_subheading":"","ocean_post_title_style":"","ocean_post_title_background_color":"","ocean_post_title_background":0,"ocean_post_title_bg_image_position":"","ocean_post_title_bg_image_attachment":"","ocean_post_title_bg_image_repeat":"","ocean_post_title_bg_image_size":"","ocean_post_title_height":0,"ocean_post_title_bg_overlay":0.5,"ocean_post_title_bg_overlay_color":"","ocean_disable_breadcrumbs":"default","ocean_breadcrumbs_color":"","ocean_breadcrumbs_separator_color":"","ocean_breadcrumbs_links_color":"","ocean_breadcrumbs_links_hover_color":"","ocean_display_footer_widgets":"default","ocean_display_footer_bottom":"default","ocean_custom_footer_template":"0"},"product_brand":[],"product_cat":[132,129],"product_tag":[178,238,185,190,184,239],"class_list":{"0":"post-21540","1":"product","2":"type-product","3":"status-publish","4":"has-post-thumbnail","6":"product_cat-boissons","7":"product_cat-eau-vitaminee","8":"product_tag-boisson","9":"product_tag-eau","10":"product_tag-fruit-de-la-passion","11":"product_tag-orange","12":"product_tag-passion","13":"product_tag-vitamines","14":"product_shipping_class-not-fresh-not-freeze","16":"entry","17":"has-media","19":"first","20":"instock","21":"taxable","22":"shipping-taxable","23":"purchasable","24":"product-type-simple","25":"has-product-nav","26":"col","27":"span_1_of_3","28":"owp-content-center","29":"owp-thumbs-layout-horizontal","30":"owp-btn-normal","31":"owp-tabs-layout-horizontal","32":"has-no-thumbnails"},"_links":{"self":[{"href":"https:\/\/los-pistoleros.com\/en\/wp-json\/wp\/v2\/product\/21540","targetHints":{"allow":["GET"]}}],"collection":[{"href":"https:\/\/los-pistoleros.com\/en\/wp-json\/wp\/v2\/product"}],"about":[{"href":"https:\/\/los-pistoleros.com\/en\/wp-json\/wp\/v2\/types\/product"}],"wp:featuredmedia":[{"embeddable":true,"href":"https:\/\/los-pistoleros.com\/en\/wp-json\/wp\/v2\/media\/21849"}],"wp:attachment":[{"href":"https:\/\/los-pistoleros.com\/en\/wp-json\/wp\/v2\/media?parent=21540"}],"wp:term":[{"taxonomy":"product_brand","embeddable":true,"href":"https:\/\/los-pistoleros.com\/en\/wp-json\/wp\/v2\/product_brand?post=21540"},{"taxonomy":"product_cat","embeddable":true,"href":"https:\/\/los-pistoleros.com\/en\/wp-json\/wp\/v2\/product_cat?post=21540"},{"taxonomy":"product_tag","embeddable":true,"href":"https:\/\/los-pistoleros.com\/en\/wp-json\/wp\/v2\/product_tag?post=21540"}],"curies":[{"name":"wp","href":"https:\/\/api.w.org\/{rel}","templated":true}]}}