{"id":21543,"date":"2026-03-13T17:09:22","date_gmt":"2026-03-13T15:09:22","guid":{"rendered":"https:\/\/los-pistoleros.com\/?post_type=product&#038;p=21543"},"modified":"2026-04-16T11:13:01","modified_gmt":"2026-04-16T09:13:01","slug":"viwa-magnemax-goyave-orange","status":"publish","type":"product","link":"https:\/\/los-pistoleros.com\/en\/product\/viwa-magnemax-goyave-orange","title":{"rendered":"Viwa Magnemax Goyave Orange"},"content":{"rendered":"<h1>Eau Vitamin\u00e9e Magnemax Goyave Orange<\/h1>\n<p data-start=\"163\" data-end=\"313\">Savourez <strong data-start=\"172\" data-end=\"203\">Viwa Magnemax goyave orange<\/strong>, une eau vitamin\u00e9e rafra\u00eechissante qui associe la douceur exotique de la goyave \u00e0 la fra\u00eecheur de l\u2019orange.<\/p>\n<p data-start=\"315\" data-end=\"438\">Enrichie en magn\u00e9sium et en vitamines, cette boisson est id\u00e9ale pour allier hydratation, plaisir et bien-\u00eatre au quotidien.<\/p>\n<h3 data-section-id=\"1smyvef\" data-start=\"3344\" data-end=\"3383\">Une boisson exotique et l\u00e9g\u00e8re<\/h3>\n<ul>\n<li>Sans colorant<\/li>\n<li>Faible en calories<\/li>\n<li>Saveur goyave &amp; orange exotique<\/li>\n<li>Enrichie en magn\u00e9sium<\/li>\n<li>Boisson hydratante et vitamin\u00e9e<\/li>\n<\/ul>\n<ul>\n<li data-start=\"501\" data-end=\"518\">Sans colorant<\/li>\n<li data-start=\"519\" data-end=\"541\">Faible en calories<\/li>\n<li data-start=\"542\" data-end=\"577\">Saveur goyave &amp; orange exotique<\/li>\n<li data-start=\"578\" data-end=\"603\">Enrichie en magn\u00e9sium<\/li>\n<li data-start=\"604\" data-end=\"639\">Boisson hydratante et vitamin\u00e9e<\/li>\n<\/ul>\n<h3 data-start=\"829\" data-end=\"846\">Ingr\u00e9dients :<\/h3>\n<p data-start=\"847\" data-end=\"1233\">Eau min\u00e9rale, fructose, jus d\u2019orange \u00e0 base de concentr\u00e9 (min. 2,2%), jus de goyave \u00e0 base de concentr\u00e9 (min. 0,3%), acide citrique, ar\u00f4mes, conservateurs : sorbate de potassium, benzoate de sodium, vitamines et min\u00e9raux (carbonate de magn\u00e9sium, vitamine C, vitamine B3, vitamine B6, biotine, vitamine B12), \u00e9dulcorant (glycosides de st\u00e9viol), stabilisant : farine de graine de caroube.<\/p>\n<h3 data-start=\"1240\" data-end=\"1256\">Allerg\u00e8nes :<\/h3>\n<p data-start=\"1257\" data-end=\"1341\">Ne contient pas d\u2019allerg\u00e8nes soumis \u00e0 \u00e9tiquetage selon la r\u00e9glementation en vigueur.<\/p>\n<h3 data-start=\"1348\" data-end=\"1391\">Valeurs nutritionnelles (pour 100 ml)<\/h3>\n<ul data-start=\"1392\" data-end=\"1589\">\n<li data-start=\"1392\" data-end=\"1420\">\u00c9nergie : 9 kcal \/ 36 kJ<\/li>\n<li data-start=\"1421\" data-end=\"1447\">Mati\u00e8res grasses : 0 g (Dont acides gras satur\u00e9s : 0 g)<\/li>\n<li data-start=\"1483\" data-end=\"1503\">Glucides : 1,7 g (Dont sucres : 1,7 g)<\/li>\n<li data-start=\"1528\" data-end=\"1550\">Prot\u00e9ines : 0,03 g<\/li>\n<li data-start=\"1551\" data-end=\"1570\">Fibres : 0,02 g<\/li>\n<li data-start=\"1571\" data-end=\"1589\">Sel : &lt; 0,01 g<\/li>\n<\/ul>\n<h3 data-start=\"1596\" data-end=\"1634\">Vitamines &amp; min\u00e9raux (pour 100 ml)<\/h3>\n<ul data-start=\"1635\" data-end=\"1833\">\n<li data-start=\"1635\" data-end=\"1666\">Vitamine C : 16 mg (20% AR)<\/li>\n<li data-start=\"1667\" data-end=\"1700\">Vitamine B3 : 3,2 mg (20% AR)<\/li>\n<li data-start=\"1701\" data-end=\"1735\">Vitamine B6 : 0,28 mg (20% AR)<\/li>\n<li data-start=\"1736\" data-end=\"1768\">Vitamine B7 : 10 \u00b5g (20% AR)<\/li>\n<li data-start=\"1769\" data-end=\"1803\">Vitamine B12 : 0,5 \u00b5g (20% AR)<\/li>\n<li data-start=\"1804\" data-end=\"1833\">Magn\u00e9sium : 30 mg (8% AR)<\/li>\n<\/ul>\n<p data-start=\"646\" data-end=\"684\"><strong>Are you a professional?<\/strong> Proposez une boisson fonctionnelle et exotique, parfaite pour compl\u00e9ter une offre healthy avec un produit diff\u00e9renciant et attractif.<\/p>","protected":false},"excerpt":{"rendered":"<p>Eau vitamin\u00e9e Viwa Magnemax goyave orange : boisson rafra\u00eechissante sans sucre ajout\u00e9 enrichie en vitamines et min\u00e9raux.<\/p>","protected":false},"featured_media":21847,"template":"","meta":{"ocean_post_layout":"","ocean_both_sidebars_style":"","ocean_both_sidebars_content_width":0,"ocean_both_sidebars_sidebars_width":0,"ocean_sidebar":"0","ocean_second_sidebar":"0","ocean_disable_margins":"enable","ocean_add_body_class":"","ocean_shortcode_before_top_bar":"","ocean_shortcode_after_top_bar":"","ocean_shortcode_before_header":"","ocean_shortcode_after_header":"","ocean_has_shortcode":"","ocean_shortcode_after_title":"","ocean_shortcode_before_footer_widgets":"","ocean_shortcode_after_footer_widgets":"","ocean_shortcode_before_footer_bottom":"","ocean_shortcode_after_footer_bottom":"","ocean_display_top_bar":"default","ocean_display_header":"default","ocean_header_style":"","ocean_center_header_left_menu":"0","ocean_custom_header_template":"0","ocean_custom_logo":0,"ocean_custom_retina_logo":0,"ocean_custom_logo_max_width":0,"ocean_custom_logo_tablet_max_width":0,"ocean_custom_logo_mobile_max_width":0,"ocean_custom_logo_max_height":0,"ocean_custom_logo_tablet_max_height":0,"ocean_custom_logo_mobile_max_height":0,"ocean_header_custom_menu":"0","ocean_menu_typo_font_family":"0","ocean_menu_typo_font_subset":"","ocean_menu_typo_font_size":0,"ocean_menu_typo_font_size_tablet":0,"ocean_menu_typo_font_size_mobile":0,"ocean_menu_typo_font_size_unit":"px","ocean_menu_typo_font_weight":"","ocean_menu_typo_font_weight_tablet":"","ocean_menu_typo_font_weight_mobile":"","ocean_menu_typo_transform":"","ocean_menu_typo_transform_tablet":"","ocean_menu_typo_transform_mobile":"","ocean_menu_typo_line_height":0,"ocean_menu_typo_line_height_tablet":0,"ocean_menu_typo_line_height_mobile":0,"ocean_menu_typo_line_height_unit":"","ocean_menu_typo_spacing":0,"ocean_menu_typo_spacing_tablet":0,"ocean_menu_typo_spacing_mobile":0,"ocean_menu_typo_spacing_unit":"","ocean_menu_link_color":"","ocean_menu_link_color_hover":"","ocean_menu_link_color_active":"","ocean_menu_link_background":"","ocean_menu_link_hover_background":"","ocean_menu_link_active_background":"","ocean_menu_social_links_bg":"","ocean_menu_social_hover_links_bg":"","ocean_menu_social_links_color":"","ocean_menu_social_hover_links_color":"","ocean_disable_title":"default","ocean_disable_heading":"default","ocean_post_title":"","ocean_post_subheading":"","ocean_post_title_style":"","ocean_post_title_background_color":"","ocean_post_title_background":0,"ocean_post_title_bg_image_position":"","ocean_post_title_bg_image_attachment":"","ocean_post_title_bg_image_repeat":"","ocean_post_title_bg_image_size":"","ocean_post_title_height":0,"ocean_post_title_bg_overlay":0.5,"ocean_post_title_bg_overlay_color":"","ocean_disable_breadcrumbs":"default","ocean_breadcrumbs_color":"","ocean_breadcrumbs_separator_color":"","ocean_breadcrumbs_links_color":"","ocean_breadcrumbs_links_hover_color":"","ocean_display_footer_widgets":"default","ocean_display_footer_bottom":"default","ocean_custom_footer_template":"0"},"product_brand":[],"product_cat":[132,129],"product_tag":[238,248,190,239,237],"class_list":{"0":"post-21543","1":"product","2":"type-product","3":"status-publish","4":"has-post-thumbnail","6":"product_cat-boissons","7":"product_cat-eau-vitaminee","8":"product_tag-eau","9":"product_tag-goyave","10":"product_tag-orange","11":"product_tag-vitamines","12":"product_tag-viwa","13":"product_shipping_class-not-fresh-not-freeze","15":"entry","16":"has-media","18":"first","19":"instock","20":"taxable","21":"shipping-taxable","22":"purchasable","23":"product-type-simple","24":"has-product-nav","25":"col","26":"span_1_of_3","27":"owp-content-center","28":"owp-thumbs-layout-horizontal","29":"owp-btn-normal","30":"owp-tabs-layout-horizontal","31":"has-no-thumbnails"},"_links":{"self":[{"href":"https:\/\/los-pistoleros.com\/en\/wp-json\/wp\/v2\/product\/21543","targetHints":{"allow":["GET"]}}],"collection":[{"href":"https:\/\/los-pistoleros.com\/en\/wp-json\/wp\/v2\/product"}],"about":[{"href":"https:\/\/los-pistoleros.com\/en\/wp-json\/wp\/v2\/types\/product"}],"wp:featuredmedia":[{"embeddable":true,"href":"https:\/\/los-pistoleros.com\/en\/wp-json\/wp\/v2\/media\/21847"}],"wp:attachment":[{"href":"https:\/\/los-pistoleros.com\/en\/wp-json\/wp\/v2\/media?parent=21543"}],"wp:term":[{"taxonomy":"product_brand","embeddable":true,"href":"https:\/\/los-pistoleros.com\/en\/wp-json\/wp\/v2\/product_brand?post=21543"},{"taxonomy":"product_cat","embeddable":true,"href":"https:\/\/los-pistoleros.com\/en\/wp-json\/wp\/v2\/product_cat?post=21543"},{"taxonomy":"product_tag","embeddable":true,"href":"https:\/\/los-pistoleros.com\/en\/wp-json\/wp\/v2\/product_tag?post=21543"}],"curies":[{"name":"wp","href":"https:\/\/api.w.org\/{rel}","templated":true}]}}