{"id":21546,"date":"2026-03-13T17:15:07","date_gmt":"2026-03-13T15:15:07","guid":{"rendered":"https:\/\/los-pistoleros.com\/?post_type=product&#038;p=21546"},"modified":"2026-04-16T11:11:56","modified_gmt":"2026-04-16T09:11:56","slug":"viwa-electrolytes-hibiscus-mure","status":"publish","type":"product","link":"https:\/\/los-pistoleros.com\/en\/product\/viwa-electrolytes-hibiscus-mure","title":{"rendered":"Viwa \u00c9lectrolytes Hibiscus M\u00fbre"},"content":{"rendered":"<h1>Viwa \u00c9lectrolytes Hibiscus M\u00fbre<\/h1>\n<p data-start=\"176\" data-end=\"333\">Discover <strong data-start=\"186\" data-end=\"221\">Viwa \u00c9lectrolytes Hibiscus M\u00fbre<\/strong>, une eau vitamin\u00e9e rafra\u00eechissante qui associe des notes florales d\u2019hibiscus \u00e0 la douceur fruit\u00e9e de la m\u00fbre.<\/p>\n<p data-start=\"335\" data-end=\"517\">Enrichie en \u00e9lectrolytes, vitamines et min\u00e9raux, cette boisson est id\u00e9ale pour s\u2019hydrater efficacement tout au long de la journ\u00e9e, tout en profitant d\u2019une saveur originale et l\u00e9g\u00e8re.<\/p>\n<h3 data-section-id=\"igoule\" data-start=\"4130\" data-end=\"4163\">Hydratation et fra\u00eecheur<\/h3>\n<ul>\n<li>Sans sucre ajout\u00e9<\/li>\n<li>Faible en calories<\/li>\n<li>Apport en \u00e9lectrolytes<\/li>\n<li>Saveur hibiscus &amp; m\u00fbre originale<\/li>\n<li>Boisson hydratante et fonctionnelle<\/li>\n<\/ul>\n<h3 data-start=\"876\" data-end=\"893\">Ingr\u00e9dients :<\/h3>\n<p data-start=\"894\" data-end=\"1254\">Eau min\u00e9rale, jus de pomme \u00e0 base de concentr\u00e9 (0,87%), jus de framboise \u00e0 base de concentr\u00e9 (0,23%), acide citrique, ar\u00f4mes naturels, concentr\u00e9 de carotte noire, min\u00e9raux : carbonate de magn\u00e9sium, lactate de zinc, conservateurs : sorbate de potassium, benzoate de sodium, \u00e9dulcorants (sucralose, glycosides de st\u00e9viol), sel marin, vitamines : B3, B6, B7, B12.<\/p>\n<h3 data-start=\"1261\" data-end=\"1277\">Allerg\u00e8nes :<\/h3>\n<p data-start=\"1278\" data-end=\"1362\">Ne contient pas d\u2019allerg\u00e8nes soumis \u00e0 \u00e9tiquetage selon la r\u00e9glementation en vigueur.<\/p>\n<h3 data-start=\"1369\" data-end=\"1412\">Valeurs nutritionnelles (pour 100 ml)<\/h3>\n<ul data-start=\"1413\" data-end=\"1616\">\n<li data-start=\"1413\" data-end=\"1442\">\u00c9nergie : 1,9 kcal \/ 8 kJ<\/li>\n<li data-start=\"1443\" data-end=\"1472\">Mati\u00e8res grasses : 0,01 g (Dont acides gras satur\u00e9s : 0,001 g)<\/li>\n<li data-start=\"1512\" data-end=\"1532\">Glucides : 0,2 g (Dont sucres : 0,1 g)<\/li>\n<li data-start=\"1557\" data-end=\"1579\">Prot\u00e9ines : 0,01 g<\/li>\n<li data-start=\"1580\" data-end=\"1599\">Fibres : 0,01 g<\/li>\n<li data-start=\"1600\" data-end=\"1616\">Sel : 0,01 g<\/li>\n<\/ul>\n<h3 data-start=\"1623\" data-end=\"1661\">Vitamines &amp; min\u00e9raux (pour 100 ml)<\/h3>\n<ul data-start=\"1662\" data-end=\"1875\">\n<li data-start=\"1662\" data-end=\"1695\">Vitamine B3 : 2,4 mg (15% AR)<\/li>\n<li data-start=\"1696\" data-end=\"1730\">Vitamine B6 : 0,21 mg (15% AR)<\/li>\n<li data-start=\"1731\" data-end=\"1764\">Vitamine B7 : 7,5 \u00b5g (15% AR)<\/li>\n<li data-start=\"1765\" data-end=\"1800\">Vitamine B12 : 0,38 \u00b5g (15% AR)<\/li>\n<li data-start=\"1801\" data-end=\"1832\">Magn\u00e9sium : 11,3 mg (3% AR)<\/li>\n<li data-start=\"1833\" data-end=\"1857\">Zinc : 1 mg (10% AR)<\/li>\n<li data-start=\"1858\" data-end=\"1875\">Sodium : 4 mg<\/li>\n<\/ul>\n<p data-start=\"696\" data-end=\"734\"><strong>Are you a professional?<\/strong> Proposez une boisson fonctionnelle et diff\u00e9renciante, id\u00e9ale pour r\u00e9pondre \u00e0 la tendance des boissons healthy, sport et bien-\u00eatre.<\/p>","protected":false},"excerpt":{"rendered":"<p>Eau vitamin\u00e9e Viwa \u00e9lectrolytes hibiscus m\u00fbre : boisson rafra\u00eechissante sans sucre ajout\u00e9 avec \u00e9lectrolytes.<\/p>","protected":false},"featured_media":21845,"template":"","meta":{"ocean_post_layout":"","ocean_both_sidebars_style":"","ocean_both_sidebars_content_width":0,"ocean_both_sidebars_sidebars_width":0,"ocean_sidebar":"0","ocean_second_sidebar":"0","ocean_disable_margins":"enable","ocean_add_body_class":"","ocean_shortcode_before_top_bar":"","ocean_shortcode_after_top_bar":"","ocean_shortcode_before_header":"","ocean_shortcode_after_header":"","ocean_has_shortcode":"","ocean_shortcode_after_title":"","ocean_shortcode_before_footer_widgets":"","ocean_shortcode_after_footer_widgets":"","ocean_shortcode_before_footer_bottom":"","ocean_shortcode_after_footer_bottom":"","ocean_display_top_bar":"default","ocean_display_header":"default","ocean_header_style":"","ocean_center_header_left_menu":"0","ocean_custom_header_template":"0","ocean_custom_logo":0,"ocean_custom_retina_logo":0,"ocean_custom_logo_max_width":0,"ocean_custom_logo_tablet_max_width":0,"ocean_custom_logo_mobile_max_width":0,"ocean_custom_logo_max_height":0,"ocean_custom_logo_tablet_max_height":0,"ocean_custom_logo_mobile_max_height":0,"ocean_header_custom_menu":"0","ocean_menu_typo_font_family":"0","ocean_menu_typo_font_subset":"","ocean_menu_typo_font_size":0,"ocean_menu_typo_font_size_tablet":0,"ocean_menu_typo_font_size_mobile":0,"ocean_menu_typo_font_size_unit":"px","ocean_menu_typo_font_weight":"","ocean_menu_typo_font_weight_tablet":"","ocean_menu_typo_font_weight_mobile":"","ocean_menu_typo_transform":"","ocean_menu_typo_transform_tablet":"","ocean_menu_typo_transform_mobile":"","ocean_menu_typo_line_height":0,"ocean_menu_typo_line_height_tablet":0,"ocean_menu_typo_line_height_mobile":0,"ocean_menu_typo_line_height_unit":"","ocean_menu_typo_spacing":0,"ocean_menu_typo_spacing_tablet":0,"ocean_menu_typo_spacing_mobile":0,"ocean_menu_typo_spacing_unit":"","ocean_menu_link_color":"","ocean_menu_link_color_hover":"","ocean_menu_link_color_active":"","ocean_menu_link_background":"","ocean_menu_link_hover_background":"","ocean_menu_link_active_background":"","ocean_menu_social_links_bg":"","ocean_menu_social_hover_links_bg":"","ocean_menu_social_links_color":"","ocean_menu_social_hover_links_color":"","ocean_disable_title":"default","ocean_disable_heading":"default","ocean_post_title":"","ocean_post_subheading":"","ocean_post_title_style":"","ocean_post_title_background_color":"","ocean_post_title_background":0,"ocean_post_title_bg_image_position":"","ocean_post_title_bg_image_attachment":"","ocean_post_title_bg_image_repeat":"","ocean_post_title_bg_image_size":"","ocean_post_title_height":0,"ocean_post_title_bg_overlay":0.5,"ocean_post_title_bg_overlay_color":"","ocean_disable_breadcrumbs":"default","ocean_breadcrumbs_color":"","ocean_breadcrumbs_separator_color":"","ocean_breadcrumbs_links_color":"","ocean_breadcrumbs_links_hover_color":"","ocean_display_footer_widgets":"default","ocean_display_footer_bottom":"default","ocean_custom_footer_template":"0"},"product_brand":[],"product_cat":[132,129],"product_tag":[178,238,246,247,239],"class_list":{"0":"post-21546","1":"product","2":"type-product","3":"status-publish","4":"has-post-thumbnail","6":"product_cat-boissons","7":"product_cat-eau-vitaminee","8":"product_tag-boisson","9":"product_tag-eau","10":"product_tag-hibiscus","11":"product_tag-mure","12":"product_tag-vitamines","13":"product_shipping_class-not-fresh-not-freeze","15":"entry","16":"has-media","18":"first","19":"instock","20":"taxable","21":"shipping-taxable","22":"purchasable","23":"product-type-simple","24":"has-product-nav","25":"col","26":"span_1_of_3","27":"owp-content-center","28":"owp-thumbs-layout-horizontal","29":"owp-btn-normal","30":"owp-tabs-layout-horizontal","31":"has-no-thumbnails"},"_links":{"self":[{"href":"https:\/\/los-pistoleros.com\/en\/wp-json\/wp\/v2\/product\/21546","targetHints":{"allow":["GET"]}}],"collection":[{"href":"https:\/\/los-pistoleros.com\/en\/wp-json\/wp\/v2\/product"}],"about":[{"href":"https:\/\/los-pistoleros.com\/en\/wp-json\/wp\/v2\/types\/product"}],"wp:featuredmedia":[{"embeddable":true,"href":"https:\/\/los-pistoleros.com\/en\/wp-json\/wp\/v2\/media\/21845"}],"wp:attachment":[{"href":"https:\/\/los-pistoleros.com\/en\/wp-json\/wp\/v2\/media?parent=21546"}],"wp:term":[{"taxonomy":"product_brand","embeddable":true,"href":"https:\/\/los-pistoleros.com\/en\/wp-json\/wp\/v2\/product_brand?post=21546"},{"taxonomy":"product_cat","embeddable":true,"href":"https:\/\/los-pistoleros.com\/en\/wp-json\/wp\/v2\/product_cat?post=21546"},{"taxonomy":"product_tag","embeddable":true,"href":"https:\/\/los-pistoleros.com\/en\/wp-json\/wp\/v2\/product_tag?post=21546"}],"curies":[{"name":"wp","href":"https:\/\/api.w.org\/{rel}","templated":true}]}}