{"id":21551,"date":"2026-03-13T17:39:55","date_gmt":"2026-03-13T15:39:55","guid":{"rendered":"https:\/\/los-pistoleros.com\/?post_type=product&#038;p=21551"},"modified":"2026-04-16T11:00:05","modified_gmt":"2026-04-16T09:00:05","slug":"viwa-ice-tea-mangue","status":"publish","type":"product","link":"https:\/\/los-pistoleros.com\/en\/product\/viwa-ice-tea-mangue","title":{"rendered":"Viwa Ice Tea Mangue"},"content":{"rendered":"<h1>Ice Tea Mangue<\/h1>\n<p data-start=\"150\" data-end=\"284\">Discover <strong data-start=\"160\" data-end=\"183\">Viwa Ice Tea mangue<\/strong>, un th\u00e9 glac\u00e9 rafra\u00eechissant qui associe la l\u00e9g\u00e8ret\u00e9 du th\u00e9 blanc \u00e0 une saveur exotique de mangue.<\/p>\n<p data-start=\"286\" data-end=\"438\">Sans sucre ajout\u00e9 et enrichi en vitamines, cette boisson offre une alternative l\u00e9g\u00e8re et fruit\u00e9e, id\u00e9ale pour se d\u00e9salt\u00e9rer \u00e0 tout moment de la journ\u00e9e.<\/p>\n<h3 data-section-id=\"lqh5d5\" data-start=\"5315\" data-end=\"5353\">Une boisson fruit\u00e9e et l\u00e9g\u00e8re<\/h3>\n<ul>\n<li>Sans sucre ajout\u00e9<\/li>\n<li>Faible en calories<\/li>\n<li>Saveur mangue exotique<\/li>\n<li>Boisson rafra\u00eechissante<\/li>\n<li>Enrichi en vitamines<\/li>\n<\/ul>\n<h3>Ingr\u00e9dients :<\/h3>\n<p>Eau min\u00e9rale, extrait de th\u00e9 blanc (0,24%), acide citrique, antioxydant (acide ascorbique), ar\u00f4mes naturels, conservateurs : sorbate de potassium, benzoate de sodium, r\u00e9gulateur d\u2019acidit\u00e9 : citrate de sodium, \u00e9dulcorants (glycosides de st\u00e9viol, sucralose), vitamines : C, D3, B3, B6, B7, B12.<\/p>\n<h3 data-start=\"1102\" data-end=\"1118\">Allerg\u00e8nes :<\/h3>\n<p data-start=\"1119\" data-end=\"1203\">Ne contient pas d\u2019allerg\u00e8nes soumis \u00e0 \u00e9tiquetage selon la r\u00e9glementation en vigueur.<\/p>\n<h3 data-start=\"1210\" data-end=\"1253\">Valeurs nutritionnelles (pour 100 ml)<\/h3>\n<ul data-start=\"1254\" data-end=\"1459\">\n<li data-start=\"1254\" data-end=\"1285\">\u00c9nergie : 1,5 kcal \/ 6,6 kJ<\/li>\n<li data-start=\"1286\" data-end=\"1312\">Mati\u00e8res grasses : 0 g (Dont acides gras satur\u00e9s : 0 g)<\/li>\n<li data-start=\"1348\" data-end=\"1370\">Glucides : &lt; 0,1 g (Dont sucres : &lt; 0,01 g)<\/li>\n<li data-start=\"1398\" data-end=\"1417\">Fibres : 0,02 g<\/li>\n<li data-start=\"1418\" data-end=\"1442\">Prot\u00e9ines : &lt; 0,01 g<\/li>\n<li data-start=\"1443\" data-end=\"1459\">Sel : 0,01 g<\/li>\n<\/ul>\n<h3 data-start=\"1466\" data-end=\"1493\">Vitamines (pour 100 ml)<\/h3>\n<ul data-start=\"1494\" data-end=\"1695\">\n<li data-start=\"1494\" data-end=\"1526\">Vitamine C : 84 mg (105% AR)<\/li>\n<li data-start=\"1527\" data-end=\"1558\">Vitamine D3 : 2 \u00b5g (40% AR)<\/li>\n<li data-start=\"1559\" data-end=\"1592\">Vitamine B3 : 3,2 mg (20% AR)<\/li>\n<li data-start=\"1593\" data-end=\"1627\">Vitamine B6 : 0,28 mg (20% AR)<\/li>\n<li data-start=\"1628\" data-end=\"1660\">Vitamine B7 : 10 \u00b5g (20% AR)<\/li>\n<li data-start=\"1661\" data-end=\"1695\">Vitamine B12 : 0,5 \u00b5g (20% AR)<\/li>\n<\/ul>\n<p data-start=\"593\" data-end=\"631\"><strong>Are you a professional?<\/strong> Proposez une boisson healthy et exotique, parfaite pour diversifier votre offre avec une alternative sans sucre, tendance et \u00e0 forte rotation.<\/p>","protected":false},"excerpt":{"rendered":"<p>Ice tea mangue Viwa : th\u00e9 glac\u00e9 fruit\u00e9 et rafra\u00eechissant sans sucre ajout\u00e9.<\/p>","protected":false},"featured_media":21840,"template":"","meta":{"ocean_post_layout":"","ocean_both_sidebars_style":"","ocean_both_sidebars_content_width":0,"ocean_both_sidebars_sidebars_width":0,"ocean_sidebar":"0","ocean_second_sidebar":"0","ocean_disable_margins":"enable","ocean_add_body_class":"","ocean_shortcode_before_top_bar":"","ocean_shortcode_after_top_bar":"","ocean_shortcode_before_header":"","ocean_shortcode_after_header":"","ocean_has_shortcode":"","ocean_shortcode_after_title":"","ocean_shortcode_before_footer_widgets":"","ocean_shortcode_after_footer_widgets":"","ocean_shortcode_before_footer_bottom":"","ocean_shortcode_after_footer_bottom":"","ocean_display_top_bar":"default","ocean_display_header":"default","ocean_header_style":"","ocean_center_header_left_menu":"0","ocean_custom_header_template":"0","ocean_custom_logo":0,"ocean_custom_retina_logo":0,"ocean_custom_logo_max_width":0,"ocean_custom_logo_tablet_max_width":0,"ocean_custom_logo_mobile_max_width":0,"ocean_custom_logo_max_height":0,"ocean_custom_logo_tablet_max_height":0,"ocean_custom_logo_mobile_max_height":0,"ocean_header_custom_menu":"0","ocean_menu_typo_font_family":"0","ocean_menu_typo_font_subset":"","ocean_menu_typo_font_size":0,"ocean_menu_typo_font_size_tablet":0,"ocean_menu_typo_font_size_mobile":0,"ocean_menu_typo_font_size_unit":"px","ocean_menu_typo_font_weight":"","ocean_menu_typo_font_weight_tablet":"","ocean_menu_typo_font_weight_mobile":"","ocean_menu_typo_transform":"","ocean_menu_typo_transform_tablet":"","ocean_menu_typo_transform_mobile":"","ocean_menu_typo_line_height":0,"ocean_menu_typo_line_height_tablet":0,"ocean_menu_typo_line_height_mobile":0,"ocean_menu_typo_line_height_unit":"","ocean_menu_typo_spacing":0,"ocean_menu_typo_spacing_tablet":0,"ocean_menu_typo_spacing_mobile":0,"ocean_menu_typo_spacing_unit":"","ocean_menu_link_color":"","ocean_menu_link_color_hover":"","ocean_menu_link_color_active":"","ocean_menu_link_background":"","ocean_menu_link_hover_background":"","ocean_menu_link_active_background":"","ocean_menu_social_links_bg":"","ocean_menu_social_hover_links_bg":"","ocean_menu_social_links_color":"","ocean_menu_social_hover_links_color":"","ocean_disable_title":"default","ocean_disable_heading":"default","ocean_post_title":"","ocean_post_subheading":"","ocean_post_title_style":"","ocean_post_title_background_color":"","ocean_post_title_background":0,"ocean_post_title_bg_image_position":"","ocean_post_title_bg_image_attachment":"","ocean_post_title_bg_image_repeat":"","ocean_post_title_bg_image_size":"","ocean_post_title_height":0,"ocean_post_title_bg_overlay":0.5,"ocean_post_title_bg_overlay_color":"","ocean_disable_breadcrumbs":"default","ocean_breadcrumbs_color":"","ocean_breadcrumbs_separator_color":"","ocean_breadcrumbs_links_color":"","ocean_breadcrumbs_links_hover_color":"","ocean_display_footer_widgets":"default","ocean_display_footer_bottom":"default","ocean_custom_footer_template":"0"},"product_brand":[],"product_cat":[132,129],"product_tag":[238,228,244,210,241,243,239,237],"class_list":{"0":"post-21551","1":"product","2":"type-product","3":"status-publish","4":"has-post-thumbnail","6":"product_cat-boissons","7":"product_cat-eau-vitaminee","8":"product_tag-eau","9":"product_tag-froid","10":"product_tag-ice-tea","11":"product_tag-mangue","12":"product_tag-the","13":"product_tag-the-blanc","14":"product_tag-vitamines","15":"product_tag-viwa","16":"product_shipping_class-not-fresh-not-freeze","18":"entry","19":"has-media","21":"first","22":"instock","23":"taxable","24":"shipping-taxable","25":"purchasable","26":"product-type-simple","27":"has-product-nav","28":"col","29":"span_1_of_3","30":"owp-content-center","31":"owp-thumbs-layout-horizontal","32":"owp-btn-normal","33":"owp-tabs-layout-horizontal","34":"has-no-thumbnails"},"_links":{"self":[{"href":"https:\/\/los-pistoleros.com\/en\/wp-json\/wp\/v2\/product\/21551","targetHints":{"allow":["GET"]}}],"collection":[{"href":"https:\/\/los-pistoleros.com\/en\/wp-json\/wp\/v2\/product"}],"about":[{"href":"https:\/\/los-pistoleros.com\/en\/wp-json\/wp\/v2\/types\/product"}],"wp:featuredmedia":[{"embeddable":true,"href":"https:\/\/los-pistoleros.com\/en\/wp-json\/wp\/v2\/media\/21840"}],"wp:attachment":[{"href":"https:\/\/los-pistoleros.com\/en\/wp-json\/wp\/v2\/media?parent=21551"}],"wp:term":[{"taxonomy":"product_brand","embeddable":true,"href":"https:\/\/los-pistoleros.com\/en\/wp-json\/wp\/v2\/product_brand?post=21551"},{"taxonomy":"product_cat","embeddable":true,"href":"https:\/\/los-pistoleros.com\/en\/wp-json\/wp\/v2\/product_cat?post=21551"},{"taxonomy":"product_tag","embeddable":true,"href":"https:\/\/los-pistoleros.com\/en\/wp-json\/wp\/v2\/product_tag?post=21551"}],"curies":[{"name":"wp","href":"https:\/\/api.w.org\/{rel}","templated":true}]}}