{"id":21626,"date":"2026-03-17T15:13:38","date_gmt":"2026-03-17T13:13:38","guid":{"rendered":"https:\/\/los-pistoleros.com\/?post_type=product&#038;p=21626"},"modified":"2026-03-19T13:12:30","modified_gmt":"2026-03-19T11:12:30","slug":"madeleine-fourree-chocolat-noisette","status":"publish","type":"product","link":"https:\/\/los-pistoleros.com\/en\/product\/madeleine-fourree-chocolat-noisette","title":{"rendered":"Madeleine Fourr\u00e9e Chocolat Noisette"},"content":{"rendered":"<h1 data-start=\"445\" data-end=\"480\">Madeleine Fourr\u00e9e Chocolat Noisette<\/h1>\n<p data-start=\"563\" data-end=\"695\">D\u00e9couvrez une <strong data-start=\"577\" data-end=\"634\">madeleine moelleuse au c\u0153ur fondant chocolat noisette<\/strong>, une valeur s\u00fbre pour les amateurs de douceurs gourmandes.<\/p>\n<p data-start=\"697\" data-end=\"826\">Son <strong data-start=\"701\" data-end=\"726\">c\u0153ur riche et fondant<\/strong> apporte une intensit\u00e9 chocolat\u00e9e irr\u00e9sistible, parfaitement \u00e9quilibr\u00e9e par la douceur de la p\u00e2te.<\/p>\n<p data-start=\"828\" data-end=\"977\">Avec son <strong data-start=\"837\" data-end=\"865\">format individuel de 51g<\/strong>, elle est id\u00e9ale pour une consommation rapide, en dessert, au go\u00fbter ou en accompagnement d\u2019une boisson chaude.<\/p>\n<h3 data-section-id=\"1l6s5ny\" data-start=\"713\" data-end=\"741\">Une pause gourmande<\/h3>\n<ul>\n<li data-start=\"744\" data-end=\"763\">Texture moelleuse<\/li>\n<li data-start=\"766\" data-end=\"798\">C\u0153ur fondant chocolat noisette<\/li>\n<li data-start=\"801\" data-end=\"824\">Format individuel 51g<\/li>\n<li data-start=\"827\" data-end=\"855\">Id\u00e9al en dessert ou go\u00fbter<\/li>\n<\/ul>\n<h3 data-section-id=\"dn8twn\" data-start=\"1212\" data-end=\"1257\">Conseils de pr\u00e9paration \/ d\u00e9cong\u00e9lation<\/h3>\n<p data-start=\"1261\" data-end=\"1282\">\u00c0 consommer apr\u00e8s : <strong data-start=\"1287\" data-end=\"1316\">5 minutes au four \u00e0 200\u00b0C <\/strong>ou <strong data-start=\"1326\" data-end=\"1348\">6 \u00e0 8 heures \u00e0 4\u00b0C <\/strong>ou <strong data-start=\"1358\" data-end=\"1397\">2 \u00e0 4 heures \u00e0 temp\u00e9rature ambiante<\/strong><\/p>\n<p data-start=\"1403\" data-end=\"1425\"><strong data-start=\"1403\" data-end=\"1423\">DDM secondaire : <\/strong>5 jours \u00e0 temp\u00e9rature ambiante (&lt; 25\u00b0C) ou 25 jours entre 0 et 4\u00b0C<\/p>\n<p><strong>Ingr\u00e9dients :<\/strong> Farine de bl\u00e9, \u0153ufs, sucre, huile v\u00e9g\u00e9tale, chocolat, noisette, lait.<\/p>\n<p><b>Allerg\u00e8nes : <strong data-start=\"1758\" data-end=\"1795\">GLUTEN, \u0152UF, LAIT, FRUITS \u00c0 COQUE . <\/strong><\/b>Peut contenir des traces de soja et s\u00e9same.<\/p>\n<p><strong data-start=\"2239\" data-end=\"2424\">Vous \u00eates un professionnel ? Contactez-nous pour nos conditions B2B.<\/strong><\/p>","protected":false},"excerpt":{"rendered":"<p>Madeleine moelleuse avec c\u0153ur fondant chocolat noisette. Format 51g, gourmande et pratique, id\u00e9ale pour snacking et pause sucr\u00e9e.<\/p>","protected":false},"featured_media":21697,"template":"","meta":{"ocean_post_layout":"","ocean_both_sidebars_style":"","ocean_both_sidebars_content_width":0,"ocean_both_sidebars_sidebars_width":0,"ocean_sidebar":"0","ocean_second_sidebar":"0","ocean_disable_margins":"enable","ocean_add_body_class":"","ocean_shortcode_before_top_bar":"","ocean_shortcode_after_top_bar":"","ocean_shortcode_before_header":"","ocean_shortcode_after_header":"","ocean_has_shortcode":"","ocean_shortcode_after_title":"","ocean_shortcode_before_footer_widgets":"","ocean_shortcode_after_footer_widgets":"","ocean_shortcode_before_footer_bottom":"","ocean_shortcode_after_footer_bottom":"","ocean_display_top_bar":"default","ocean_display_header":"default","ocean_header_style":"","ocean_center_header_left_menu":"0","ocean_custom_header_template":"0","ocean_custom_logo":0,"ocean_custom_retina_logo":0,"ocean_custom_logo_max_width":0,"ocean_custom_logo_tablet_max_width":0,"ocean_custom_logo_mobile_max_width":0,"ocean_custom_logo_max_height":0,"ocean_custom_logo_tablet_max_height":0,"ocean_custom_logo_mobile_max_height":0,"ocean_header_custom_menu":"0","ocean_menu_typo_font_family":"0","ocean_menu_typo_font_subset":"","ocean_menu_typo_font_size":0,"ocean_menu_typo_font_size_tablet":0,"ocean_menu_typo_font_size_mobile":0,"ocean_menu_typo_font_size_unit":"px","ocean_menu_typo_font_weight":"","ocean_menu_typo_font_weight_tablet":"","ocean_menu_typo_font_weight_mobile":"","ocean_menu_typo_transform":"","ocean_menu_typo_transform_tablet":"","ocean_menu_typo_transform_mobile":"","ocean_menu_typo_line_height":0,"ocean_menu_typo_line_height_tablet":0,"ocean_menu_typo_line_height_mobile":0,"ocean_menu_typo_line_height_unit":"","ocean_menu_typo_spacing":0,"ocean_menu_typo_spacing_tablet":0,"ocean_menu_typo_spacing_mobile":0,"ocean_menu_typo_spacing_unit":"","ocean_menu_link_color":"","ocean_menu_link_color_hover":"","ocean_menu_link_color_active":"","ocean_menu_link_background":"","ocean_menu_link_hover_background":"","ocean_menu_link_active_background":"","ocean_menu_social_links_bg":"","ocean_menu_social_hover_links_bg":"","ocean_menu_social_links_color":"","ocean_menu_social_hover_links_color":"","ocean_disable_title":"default","ocean_disable_heading":"default","ocean_post_title":"","ocean_post_subheading":"","ocean_post_title_style":"","ocean_post_title_background_color":"","ocean_post_title_background":0,"ocean_post_title_bg_image_position":"","ocean_post_title_bg_image_attachment":"","ocean_post_title_bg_image_repeat":"","ocean_post_title_bg_image_size":"","ocean_post_title_height":0,"ocean_post_title_bg_overlay":0.5,"ocean_post_title_bg_overlay_color":"","ocean_disable_breadcrumbs":"default","ocean_breadcrumbs_color":"","ocean_breadcrumbs_separator_color":"","ocean_breadcrumbs_links_color":"","ocean_breadcrumbs_links_hover_color":"","ocean_display_footer_widgets":"default","ocean_display_footer_bottom":"default","ocean_custom_footer_template":"0"},"product_brand":[],"product_cat":[146,46],"product_tag":[162,169,52],"class_list":{"0":"post-21626","1":"product","2":"type-product","3":"status-publish","4":"has-post-thumbnail","6":"product_cat-madeleines","7":"product_cat-patisseries","8":"product_tag-chocolat","9":"product_tag-madeleine","10":"product_tag-patisseries","12":"entry","13":"has-media","15":"first","16":"outofstock","17":"taxable","18":"shipping-taxable","19":"purchasable","20":"product-type-simple","21":"has-product-nav","22":"col","23":"span_1_of_3","24":"owp-content-center","25":"owp-thumbs-layout-horizontal","26":"owp-btn-normal","27":"owp-tabs-layout-horizontal","28":"has-no-thumbnails"},"_links":{"self":[{"href":"https:\/\/los-pistoleros.com\/en\/wp-json\/wp\/v2\/product\/21626","targetHints":{"allow":["GET"]}}],"collection":[{"href":"https:\/\/los-pistoleros.com\/en\/wp-json\/wp\/v2\/product"}],"about":[{"href":"https:\/\/los-pistoleros.com\/en\/wp-json\/wp\/v2\/types\/product"}],"wp:featuredmedia":[{"embeddable":true,"href":"https:\/\/los-pistoleros.com\/en\/wp-json\/wp\/v2\/media\/21697"}],"wp:attachment":[{"href":"https:\/\/los-pistoleros.com\/en\/wp-json\/wp\/v2\/media?parent=21626"}],"wp:term":[{"taxonomy":"product_brand","embeddable":true,"href":"https:\/\/los-pistoleros.com\/en\/wp-json\/wp\/v2\/product_brand?post=21626"},{"taxonomy":"product_cat","embeddable":true,"href":"https:\/\/los-pistoleros.com\/en\/wp-json\/wp\/v2\/product_cat?post=21626"},{"taxonomy":"product_tag","embeddable":true,"href":"https:\/\/los-pistoleros.com\/en\/wp-json\/wp\/v2\/product_tag?post=21626"}],"curies":[{"name":"wp","href":"https:\/\/api.w.org\/{rel}","templated":true}]}}