{"id":21631,"date":"2026-03-17T15:19:31","date_gmt":"2026-03-17T13:19:31","guid":{"rendered":"https:\/\/los-pistoleros.com\/?post_type=product&#038;p=21631"},"modified":"2026-03-19T13:09:39","modified_gmt":"2026-03-19T11:09:39","slug":"gaufre-de-liege-sucre-perle","status":"publish","type":"product","link":"https:\/\/los-pistoleros.com\/en\/product\/gaufre-de-liege-sucre-perle","title":{"rendered":"Gaufre de Li\u00e8ge Perl\u00e9e de Sucre"},"content":{"rendered":"<h1 data-start=\"1985\" data-end=\"2016\">Gaufre de Li\u00e8ge Perl\u00e9e de Sucre<\/h1>\n<p data-start=\"498\" data-end=\"661\">D\u00e9couvrez la <strong data-start=\"511\" data-end=\"530\">gaufre de Li\u00e8ge<\/strong>, une sp\u00e9cialit\u00e9 belge incontournable, reconnue pour sa <strong data-start=\"586\" data-end=\"607\">texture moelleuse<\/strong> et ses <strong data-start=\"615\" data-end=\"658\">perles de sucre l\u00e9g\u00e8rement caram\u00e9lis\u00e9es<\/strong>.<\/p>\n<p data-start=\"663\" data-end=\"780\">Chaque bouch\u00e9e offre un \u00e9quilibre parfait entre fondant et croustillant, pour une exp\u00e9rience gourmande authentique.<\/p>\n<p data-start=\"782\" data-end=\"883\">Avec son <strong data-start=\"791\" data-end=\"805\">format 90g<\/strong>, elle est id\u00e9ale pour une consommation sur le pouce, en dessert ou au go\u00fbter.<\/p>\n<h3 data-section-id=\"1mpvs11\" data-start=\"2208\" data-end=\"2241\">Une sp\u00e9cialit\u00e9 gourmande<\/h3>\n<ul>\n<li data-start=\"2244\" data-end=\"2280\">Texture moelleuse et croustillante<\/li>\n<li data-start=\"2283\" data-end=\"2307\">Sucre perl\u00e9 caram\u00e9lis\u00e9<\/li>\n<li data-start=\"2310\" data-end=\"2322\">Format 90g<\/li>\n<li data-start=\"2325\" data-end=\"2342\">Id\u00e9al au go\u00fbter<\/li>\n<li data-start=\"2325\" data-end=\"2342\">Recette traditionnelle belge<\/li>\n<\/ul>\n<p data-start=\"2325\" data-end=\"2342\"><strong>Conseils de pr\u00e9paration :<\/strong> \u00a0A 180<span class=\"s2\">\u00b0<\/span>C pendant 3 \u00e0 5 minutes, ou toast\u00e9 dans le gaufrier ou la presse<\/p>\n<p class=\"p1\">DDM secondaire : 5 semaines \u00e0 temp\u00e9rature ambiante<\/p>\n<p><strong>Ingr\u00e9dients :<\/strong>Farine de bl\u00e9, sucre perl\u00e9, beurre, \u0153ufs, levure.<\/p>\n<p><b>Allerg\u00e8nes : <strong data-start=\"1583\" data-end=\"1604\">GLUTEN, \u0152UF, LAIT <\/strong><\/b>Peut contenir des traces de fruits \u00e0 coque, soja, s\u00e9same.<\/p>","protected":false},"excerpt":{"rendered":"<p>Gaufre de Li\u00e8ge moelleuse avec sucre perl\u00e9 caram\u00e9lis\u00e9. Format 90g, gourmande et pratique, id\u00e9ale pour vos go\u00fbter.<\/p>","protected":false},"featured_media":21701,"template":"","meta":{"ocean_post_layout":"","ocean_both_sidebars_style":"","ocean_both_sidebars_content_width":0,"ocean_both_sidebars_sidebars_width":0,"ocean_sidebar":"0","ocean_second_sidebar":"0","ocean_disable_margins":"enable","ocean_add_body_class":"","ocean_shortcode_before_top_bar":"","ocean_shortcode_after_top_bar":"","ocean_shortcode_before_header":"","ocean_shortcode_after_header":"","ocean_has_shortcode":"","ocean_shortcode_after_title":"","ocean_shortcode_before_footer_widgets":"","ocean_shortcode_after_footer_widgets":"","ocean_shortcode_before_footer_bottom":"","ocean_shortcode_after_footer_bottom":"","ocean_display_top_bar":"default","ocean_display_header":"default","ocean_header_style":"","ocean_center_header_left_menu":"0","ocean_custom_header_template":"0","ocean_custom_logo":0,"ocean_custom_retina_logo":0,"ocean_custom_logo_max_width":0,"ocean_custom_logo_tablet_max_width":0,"ocean_custom_logo_mobile_max_width":0,"ocean_custom_logo_max_height":0,"ocean_custom_logo_tablet_max_height":0,"ocean_custom_logo_mobile_max_height":0,"ocean_header_custom_menu":"0","ocean_menu_typo_font_family":"0","ocean_menu_typo_font_subset":"","ocean_menu_typo_font_size":0,"ocean_menu_typo_font_size_tablet":0,"ocean_menu_typo_font_size_mobile":0,"ocean_menu_typo_font_size_unit":"px","ocean_menu_typo_font_weight":"","ocean_menu_typo_font_weight_tablet":"","ocean_menu_typo_font_weight_mobile":"","ocean_menu_typo_transform":"","ocean_menu_typo_transform_tablet":"","ocean_menu_typo_transform_mobile":"","ocean_menu_typo_line_height":0,"ocean_menu_typo_line_height_tablet":0,"ocean_menu_typo_line_height_mobile":0,"ocean_menu_typo_line_height_unit":"","ocean_menu_typo_spacing":0,"ocean_menu_typo_spacing_tablet":0,"ocean_menu_typo_spacing_mobile":0,"ocean_menu_typo_spacing_unit":"","ocean_menu_link_color":"","ocean_menu_link_color_hover":"","ocean_menu_link_color_active":"","ocean_menu_link_background":"","ocean_menu_link_hover_background":"","ocean_menu_link_active_background":"","ocean_menu_social_links_bg":"","ocean_menu_social_hover_links_bg":"","ocean_menu_social_links_color":"","ocean_menu_social_hover_links_color":"","ocean_disable_title":"default","ocean_disable_heading":"default","ocean_post_title":"","ocean_post_subheading":"","ocean_post_title_style":"","ocean_post_title_background_color":"","ocean_post_title_background":0,"ocean_post_title_bg_image_position":"","ocean_post_title_bg_image_attachment":"","ocean_post_title_bg_image_repeat":"","ocean_post_title_bg_image_size":"","ocean_post_title_height":0,"ocean_post_title_bg_overlay":0.5,"ocean_post_title_bg_overlay_color":"","ocean_disable_breadcrumbs":"default","ocean_breadcrumbs_color":"","ocean_breadcrumbs_separator_color":"","ocean_breadcrumbs_links_color":"","ocean_breadcrumbs_links_hover_color":"","ocean_display_footer_widgets":"default","ocean_display_footer_bottom":"default","ocean_custom_footer_template":"0"},"product_brand":[],"product_cat":[145,46],"product_tag":[171,52],"class_list":{"0":"post-21631","1":"product","2":"type-product","3":"status-publish","4":"has-post-thumbnail","6":"product_cat-gaufres","7":"product_cat-patisseries","8":"product_tag-gaufre","9":"product_tag-patisseries","11":"entry","12":"has-media","14":"first","15":"outofstock","16":"taxable","17":"shipping-taxable","18":"purchasable","19":"product-type-simple","20":"has-product-nav","21":"col","22":"span_1_of_3","23":"owp-content-center","24":"owp-thumbs-layout-horizontal","25":"owp-btn-normal","26":"owp-tabs-layout-horizontal","27":"has-no-thumbnails"},"_links":{"self":[{"href":"https:\/\/los-pistoleros.com\/en\/wp-json\/wp\/v2\/product\/21631","targetHints":{"allow":["GET"]}}],"collection":[{"href":"https:\/\/los-pistoleros.com\/en\/wp-json\/wp\/v2\/product"}],"about":[{"href":"https:\/\/los-pistoleros.com\/en\/wp-json\/wp\/v2\/types\/product"}],"wp:featuredmedia":[{"embeddable":true,"href":"https:\/\/los-pistoleros.com\/en\/wp-json\/wp\/v2\/media\/21701"}],"wp:attachment":[{"href":"https:\/\/los-pistoleros.com\/en\/wp-json\/wp\/v2\/media?parent=21631"}],"wp:term":[{"taxonomy":"product_brand","embeddable":true,"href":"https:\/\/los-pistoleros.com\/en\/wp-json\/wp\/v2\/product_brand?post=21631"},{"taxonomy":"product_cat","embeddable":true,"href":"https:\/\/los-pistoleros.com\/en\/wp-json\/wp\/v2\/product_cat?post=21631"},{"taxonomy":"product_tag","embeddable":true,"href":"https:\/\/los-pistoleros.com\/en\/wp-json\/wp\/v2\/product_tag?post=21631"}],"curies":[{"name":"wp","href":"https:\/\/api.w.org\/{rel}","templated":true}]}}