{"id":21638,"date":"2026-03-17T15:42:41","date_gmt":"2026-03-17T13:42:41","guid":{"rendered":"https:\/\/los-pistoleros.com\/?post_type=product&#038;p=21638"},"modified":"2026-03-19T15:13:56","modified_gmt":"2026-03-19T13:13:56","slug":"gateau-rond-chocolat","status":"publish","type":"product","link":"https:\/\/los-pistoleros.com\/en\/product\/gateau-rond-chocolat","title":{"rendered":"G\u00e2teau Rond Chocolat"},"content":{"rendered":"<h1 data-start=\"3297\" data-end=\"3317\">G\u00e2teau Rond Chocolat<\/h1>\n<p data-start=\"539\" data-end=\"660\">Discover our <strong data-start=\"555\" data-end=\"582\">g\u00e2teau rond au chocolat<\/strong>, un dessert g\u00e9n\u00e9reux \u00e0 la <strong data-start=\"609\" data-end=\"627\">saveur intense<\/strong> et \u00e0 la <strong data-start=\"636\" data-end=\"657\">texture moelleuse<\/strong>.<\/p>\n<p data-start=\"662\" data-end=\"801\">Pr\u00e9d\u00e9coup\u00e9 en <strong data-start=\"676\" data-end=\"688\">12 parts<\/strong>, il est parfaitement adapt\u00e9 \u00e0 une utilisation en restauration, permettant un <strong data-start=\"766\" data-end=\"798\">service rapide et sans perte<\/strong>.<\/p>\n<p data-start=\"803\" data-end=\"964\">Ce grand classique du dessert s\u00e9duit par son go\u00fbt riche en chocolat et sa simplicit\u00e9, id\u00e9al pour une pause gourmande ou pour compl\u00e9ter une offre snacking sucr\u00e9e.<\/p>\n<h3 data-section-id=\"j9mfwa\" data-start=\"3482\" data-end=\"3512\">Un classique gourmand<\/h3>\n<ul>\n<li data-start=\"3515\" data-end=\"3540\">Saveur chocolat intense<\/li>\n<li data-start=\"3543\" data-end=\"3562\">Texture moelleuse<\/li>\n<li data-start=\"3543\" data-end=\"3562\">Dessert g\u00e9n\u00e9reux<\/li>\n<li data-start=\"3586\" data-end=\"3604\">Id\u00e9al \u00e0 partager<\/li>\n<li data-start=\"3586\" data-end=\"3604\">Pr\u00e9d\u00e9coup\u00e9 en 12 parts<\/li>\n<\/ul>\n<h3 data-section-id=\"dn8twn\" data-start=\"1216\" data-end=\"1261\">Conseils de pr\u00e9paration \/ d\u00e9cong\u00e9lation<\/h3>\n<p data-start=\"1265\" data-end=\"1282\">D\u00e9cong\u00e9lation : <strong data-start=\"1287\" data-end=\"1327\">8 \u00e0 12 heures au froid positif (4\u00b0C) <\/strong>ou <strong data-start=\"1337\" data-end=\"1376\">4 \u00e0 6 heures \u00e0 temp\u00e9rature ambiante<\/strong><\/p>\n<p data-start=\"1334\" data-end=\"1378\"><strong data-start=\"1382\" data-end=\"1432\">DDM secondaire : 48h \u00e0 4\u00b0C apr\u00e8s d\u00e9cong\u00e9lation<\/strong><\/p>\n<p><strong>Ingr\u00e9dients :<\/strong> Farine, \u0153ufs, sucre, chocolat, beurre.<\/p>\n<p><b>Allerg\u00e8nes : <strong data-start=\"1692\" data-end=\"1713\">GLUTEN, \u0152UF, LAIT. <\/strong><\/b>Peut contenir des traces de fruits \u00e0 coque, soja, s\u00e9same.<\/p>\n<p><strong data-start=\"2137\" data-end=\"2267\">Vous \u00eates un professionnel ? Demandez nos tarifs et conditions adapt\u00e9s \u00e0 votre activit\u00e9 (restauration, coffee shop, snacking).<\/strong><\/p>","protected":false},"excerpt":{"rendered":"<p>G\u00e2teau rond au chocolat moelleux et intense, pr\u00e9d\u00e9coup\u00e9 en 12 parts. Dessert gourmand, pratique et id\u00e9al pour la restauration.<\/p>","protected":false},"featured_media":21698,"template":"","meta":{"ocean_post_layout":"","ocean_both_sidebars_style":"","ocean_both_sidebars_content_width":0,"ocean_both_sidebars_sidebars_width":0,"ocean_sidebar":"0","ocean_second_sidebar":"0","ocean_disable_margins":"enable","ocean_add_body_class":"","ocean_shortcode_before_top_bar":"","ocean_shortcode_after_top_bar":"","ocean_shortcode_before_header":"","ocean_shortcode_after_header":"","ocean_has_shortcode":"","ocean_shortcode_after_title":"","ocean_shortcode_before_footer_widgets":"","ocean_shortcode_after_footer_widgets":"","ocean_shortcode_before_footer_bottom":"","ocean_shortcode_after_footer_bottom":"","ocean_display_top_bar":"default","ocean_display_header":"default","ocean_header_style":"","ocean_center_header_left_menu":"0","ocean_custom_header_template":"0","ocean_custom_logo":0,"ocean_custom_retina_logo":0,"ocean_custom_logo_max_width":0,"ocean_custom_logo_tablet_max_width":0,"ocean_custom_logo_mobile_max_width":0,"ocean_custom_logo_max_height":0,"ocean_custom_logo_tablet_max_height":0,"ocean_custom_logo_mobile_max_height":0,"ocean_header_custom_menu":"0","ocean_menu_typo_font_family":"0","ocean_menu_typo_font_subset":"","ocean_menu_typo_font_size":0,"ocean_menu_typo_font_size_tablet":0,"ocean_menu_typo_font_size_mobile":0,"ocean_menu_typo_font_size_unit":"px","ocean_menu_typo_font_weight":"","ocean_menu_typo_font_weight_tablet":"","ocean_menu_typo_font_weight_mobile":"","ocean_menu_typo_transform":"","ocean_menu_typo_transform_tablet":"","ocean_menu_typo_transform_mobile":"","ocean_menu_typo_line_height":0,"ocean_menu_typo_line_height_tablet":0,"ocean_menu_typo_line_height_mobile":0,"ocean_menu_typo_line_height_unit":"","ocean_menu_typo_spacing":0,"ocean_menu_typo_spacing_tablet":0,"ocean_menu_typo_spacing_mobile":0,"ocean_menu_typo_spacing_unit":"","ocean_menu_link_color":"","ocean_menu_link_color_hover":"","ocean_menu_link_color_active":"","ocean_menu_link_background":"","ocean_menu_link_hover_background":"","ocean_menu_link_active_background":"","ocean_menu_social_links_bg":"","ocean_menu_social_hover_links_bg":"","ocean_menu_social_links_color":"","ocean_menu_social_hover_links_color":"","ocean_disable_title":"default","ocean_disable_heading":"default","ocean_post_title":"","ocean_post_subheading":"","ocean_post_title_style":"","ocean_post_title_background_color":"","ocean_post_title_background":0,"ocean_post_title_bg_image_position":"","ocean_post_title_bg_image_attachment":"","ocean_post_title_bg_image_repeat":"","ocean_post_title_bg_image_size":"","ocean_post_title_height":0,"ocean_post_title_bg_overlay":0.5,"ocean_post_title_bg_overlay_color":"","ocean_disable_breadcrumbs":"default","ocean_breadcrumbs_color":"","ocean_breadcrumbs_separator_color":"","ocean_breadcrumbs_links_color":"","ocean_breadcrumbs_links_hover_color":"","ocean_display_footer_widgets":"default","ocean_display_footer_bottom":"default","ocean_custom_footer_template":"0"},"product_brand":[],"product_cat":[147,46],"product_tag":[162,172,52],"class_list":{"0":"post-21638","1":"product","2":"type-product","3":"status-publish","4":"has-post-thumbnail","6":"product_cat-gateaux","7":"product_cat-patisseries","8":"product_tag-chocolat","9":"product_tag-gateau","10":"product_tag-patisseries","12":"entry","13":"has-media","15":"first","16":"outofstock","17":"taxable","18":"shipping-taxable","19":"product-type-simple","20":"has-product-nav","21":"col","22":"span_1_of_3","23":"owp-content-center","24":"owp-thumbs-layout-horizontal","25":"owp-btn-normal","26":"owp-tabs-layout-horizontal","27":"has-no-thumbnails"},"_links":{"self":[{"href":"https:\/\/los-pistoleros.com\/en\/wp-json\/wp\/v2\/product\/21638","targetHints":{"allow":["GET"]}}],"collection":[{"href":"https:\/\/los-pistoleros.com\/en\/wp-json\/wp\/v2\/product"}],"about":[{"href":"https:\/\/los-pistoleros.com\/en\/wp-json\/wp\/v2\/types\/product"}],"wp:featuredmedia":[{"embeddable":true,"href":"https:\/\/los-pistoleros.com\/en\/wp-json\/wp\/v2\/media\/21698"}],"wp:attachment":[{"href":"https:\/\/los-pistoleros.com\/en\/wp-json\/wp\/v2\/media?parent=21638"}],"wp:term":[{"taxonomy":"product_brand","embeddable":true,"href":"https:\/\/los-pistoleros.com\/en\/wp-json\/wp\/v2\/product_brand?post=21638"},{"taxonomy":"product_cat","embeddable":true,"href":"https:\/\/los-pistoleros.com\/en\/wp-json\/wp\/v2\/product_cat?post=21638"},{"taxonomy":"product_tag","embeddable":true,"href":"https:\/\/los-pistoleros.com\/en\/wp-json\/wp\/v2\/product_tag?post=21638"}],"curies":[{"name":"wp","href":"https:\/\/api.w.org\/{rel}","templated":true}]}}