{"id":21839,"date":"2026-03-31T14:43:52","date_gmt":"2026-03-31T12:43:52","guid":{"rendered":"https:\/\/los-pistoleros.com\/?post_type=product&#038;p=21839"},"modified":"2026-04-02T16:27:01","modified_gmt":"2026-04-02T14:27:01","slug":"paleta-yaourt-fraise","status":"publish","type":"product","link":"https:\/\/los-pistoleros.com\/en\/product\/paleta-yaourt-fraise","title":{"rendered":"Paleta Yaourt Fraise"},"content":{"rendered":"<h1 data-start=\"336\" data-end=\"358\"><strong>Paleta Yaourt Fraise<\/strong><\/h1>\n<p data-start=\"360\" data-end=\"481\"><strong>Nouveau !<\/strong><\/p>\n<p data-start=\"360\" data-end=\"481\">D\u00e9couvrez la <strong data-start=\"373\" data-end=\"397\">paleta yaourt fraise<\/strong>, une glace onctueuse associant la douceur du yaourt et la fra\u00eecheur de la fraise.<\/p>\n<p data-start=\"483\" data-end=\"562\">Une recette gourmande et \u00e9quilibr\u00e9e, parfaite pour une pause rafra\u00eechissante.<\/p>\n<p><strong>Ingr\u00e9dients :<\/strong> Yaourt, fraise, sucre.<\/p>\n<p><b>Allerg\u00e8nes : <\/b>Peut contenir des traces de\u00a0 gluten, \u0153uf, lait, fruits \u00e0 coque, soja, s\u00e9same.<\/p>\n<h3 data-start=\"623\" data-end=\"661\">Une paleta douce et fruit\u00e9e<\/h3>\n<p data-start=\"662\" data-end=\"741\">Recette onctueuse<br data-start=\"679\" data-end=\"682\" \/>Saveur fraise naturelle<br data-start=\"705\" data-end=\"708\" \/>Texture cr\u00e9meuse<br data-start=\"724\" data-end=\"727\" \/>Id\u00e9al en \u00e9t\u00e9<\/p>","protected":false},"excerpt":{"rendered":"<p>Paleta yaourt fraise : glace b\u00e2tonnet onctueuse au yaourt et \u00e0 la fraise.<\/p>","protected":false},"featured_media":0,"template":"","meta":{"content-type":"","ocean_post_layout":"","ocean_both_sidebars_style":"","ocean_both_sidebars_content_width":0,"ocean_both_sidebars_sidebars_width":0,"ocean_sidebar":"0","ocean_second_sidebar":"0","ocean_disable_margins":"enable","ocean_add_body_class":"","ocean_shortcode_before_top_bar":"","ocean_shortcode_after_top_bar":"","ocean_shortcode_before_header":"","ocean_shortcode_after_header":"","ocean_has_shortcode":"","ocean_shortcode_after_title":"","ocean_shortcode_before_footer_widgets":"","ocean_shortcode_after_footer_widgets":"","ocean_shortcode_before_footer_bottom":"","ocean_shortcode_after_footer_bottom":"","ocean_display_top_bar":"default","ocean_display_header":"default","ocean_header_style":"","ocean_center_header_left_menu":"0","ocean_custom_header_template":"0","ocean_custom_logo":0,"ocean_custom_retina_logo":0,"ocean_custom_logo_max_width":0,"ocean_custom_logo_tablet_max_width":0,"ocean_custom_logo_mobile_max_width":0,"ocean_custom_logo_max_height":0,"ocean_custom_logo_tablet_max_height":0,"ocean_custom_logo_mobile_max_height":0,"ocean_header_custom_menu":"0","ocean_menu_typo_font_family":"0","ocean_menu_typo_font_subset":"","ocean_menu_typo_font_size":0,"ocean_menu_typo_font_size_tablet":0,"ocean_menu_typo_font_size_mobile":0,"ocean_menu_typo_font_size_unit":"px","ocean_menu_typo_font_weight":"","ocean_menu_typo_font_weight_tablet":"","ocean_menu_typo_font_weight_mobile":"","ocean_menu_typo_transform":"","ocean_menu_typo_transform_tablet":"","ocean_menu_typo_transform_mobile":"","ocean_menu_typo_line_height":0,"ocean_menu_typo_line_height_tablet":0,"ocean_menu_typo_line_height_mobile":0,"ocean_menu_typo_line_height_unit":"","ocean_menu_typo_spacing":0,"ocean_menu_typo_spacing_tablet":0,"ocean_menu_typo_spacing_mobile":0,"ocean_menu_typo_spacing_unit":"","ocean_menu_link_color":"","ocean_menu_link_color_hover":"","ocean_menu_link_color_active":"","ocean_menu_link_background":"","ocean_menu_link_hover_background":"","ocean_menu_link_active_background":"","ocean_menu_social_links_bg":"","ocean_menu_social_hover_links_bg":"","ocean_menu_social_links_color":"","ocean_menu_social_hover_links_color":"","ocean_disable_title":"default","ocean_disable_heading":"default","ocean_post_title":"","ocean_post_subheading":"","ocean_post_title_style":"","ocean_post_title_background_color":"","ocean_post_title_background":0,"ocean_post_title_bg_image_position":"","ocean_post_title_bg_image_attachment":"","ocean_post_title_bg_image_repeat":"","ocean_post_title_bg_image_size":"","ocean_post_title_height":0,"ocean_post_title_bg_overlay":0.5,"ocean_post_title_bg_overlay_color":"","ocean_disable_breadcrumbs":"default","ocean_breadcrumbs_color":"","ocean_breadcrumbs_separator_color":"","ocean_breadcrumbs_links_color":"","ocean_breadcrumbs_links_hover_color":"","ocean_display_footer_widgets":"default","ocean_display_footer_bottom":"default","ocean_custom_footer_template":"0"},"product_brand":[],"product_cat":[154,152,35,37,19],"product_tag":[],"class_list":{"0":"post-21839","1":"product","2":"type-product","3":"status-publish","5":"product_cat-creme-glacee","6":"product_cat-fruits-rouge","7":"product_cat-les-fruitees","8":"product_cat-les-gourmandes","9":"product_cat-paletas","11":"entry","13":"first","14":"instock","15":"taxable","16":"shipping-taxable","17":"purchasable","18":"product-type-simple","19":"has-product-nav","20":"col","21":"span_1_of_3","22":"owp-content-center","23":"owp-thumbs-layout-horizontal","24":"owp-btn-normal","25":"owp-tabs-layout-horizontal","26":"has-no-thumbnails"},"_links":{"self":[{"href":"https:\/\/los-pistoleros.com\/en\/wp-json\/wp\/v2\/product\/21839","targetHints":{"allow":["GET"]}}],"collection":[{"href":"https:\/\/los-pistoleros.com\/en\/wp-json\/wp\/v2\/product"}],"about":[{"href":"https:\/\/los-pistoleros.com\/en\/wp-json\/wp\/v2\/types\/product"}],"wp:attachment":[{"href":"https:\/\/los-pistoleros.com\/en\/wp-json\/wp\/v2\/media?parent=21839"}],"wp:term":[{"taxonomy":"product_brand","embeddable":true,"href":"https:\/\/los-pistoleros.com\/en\/wp-json\/wp\/v2\/product_brand?post=21839"},{"taxonomy":"product_cat","embeddable":true,"href":"https:\/\/los-pistoleros.com\/en\/wp-json\/wp\/v2\/product_cat?post=21839"},{"taxonomy":"product_tag","embeddable":true,"href":"https:\/\/los-pistoleros.com\/en\/wp-json\/wp\/v2\/product_tag?post=21839"}],"curies":[{"name":"wp","href":"https:\/\/api.w.org\/{rel}","templated":true}]}}