{"id":21841,"date":"2026-03-31T16:39:04","date_gmt":"2026-03-31T14:39:04","guid":{"rendered":"https:\/\/los-pistoleros.com\/?post_type=product&#038;p=21841"},"modified":"2026-04-02T16:26:50","modified_gmt":"2026-04-02T14:26:50","slug":"paleta-peche","status":"publish","type":"product","link":"https:\/\/los-pistoleros.com\/en\/product\/paleta-peche","title":{"rendered":"Paleta P\u00eache"},"content":{"rendered":"<h1 data-start=\"960\" data-end=\"974\">Paleta P\u00eache<\/h1>\n<p data-start=\"976\" data-end=\"1057\"><strong>Nouveau !<\/strong><\/p>\n<p data-start=\"976\" data-end=\"1057\">Savourez la <strong data-start=\"988\" data-end=\"1004\">paleta p\u00eache<\/strong>, une glace rafra\u00eechissante au go\u00fbt doux et fruit\u00e9.<\/p>\n<p data-start=\"1059\" data-end=\"1122\">Parfaite pour se d\u00e9salt\u00e9rer avec une touche sucr\u00e9e naturelle.<\/p>\n<p><strong>Ingr\u00e9dients :<\/strong> P\u00eache, eau, sucre.<\/p>\n<p><b>Allerg\u00e8nes : <\/b>Peut contenir des traces de\u00a0 gluten, \u0153uf, lait, fruits \u00e0 coque, soja, s\u00e9same.<\/p>\n<h3 data-start=\"1179\" data-end=\"1218\" data-section-id=\"1q0bhm0\">Une glace fra\u00eeche et fruit\u00e9e<\/h3>\n<p data-start=\"1219\" data-end=\"1284\">Saveur p\u00eache<br data-start=\"1231\" data-end=\"1234\" \/>Glace l\u00e9g\u00e8re<br data-start=\"1246\" data-end=\"1249\" \/>Rafra\u00eechissante<br data-start=\"1264\" data-end=\"1267\" \/>Format pratique<\/p>","protected":false},"excerpt":{"rendered":"<p data-start=\"872\" data-end=\"944\">Paleta p\u00eache : glace b\u00e2tonnet rafra\u00eechissante au go\u00fbt fruit\u00e9 de p\u00eache.<\/p>","protected":false},"featured_media":0,"template":"","meta":{"content-type":"","ocean_post_layout":"","ocean_both_sidebars_style":"","ocean_both_sidebars_content_width":0,"ocean_both_sidebars_sidebars_width":0,"ocean_sidebar":"0","ocean_second_sidebar":"0","ocean_disable_margins":"enable","ocean_add_body_class":"","ocean_shortcode_before_top_bar":"","ocean_shortcode_after_top_bar":"","ocean_shortcode_before_header":"","ocean_shortcode_after_header":"","ocean_has_shortcode":"","ocean_shortcode_after_title":"","ocean_shortcode_before_footer_widgets":"","ocean_shortcode_after_footer_widgets":"","ocean_shortcode_before_footer_bottom":"","ocean_shortcode_after_footer_bottom":"","ocean_display_top_bar":"default","ocean_display_header":"default","ocean_header_style":"","ocean_center_header_left_menu":"0","ocean_custom_header_template":"0","ocean_custom_logo":0,"ocean_custom_retina_logo":0,"ocean_custom_logo_max_width":0,"ocean_custom_logo_tablet_max_width":0,"ocean_custom_logo_mobile_max_width":0,"ocean_custom_logo_max_height":0,"ocean_custom_logo_tablet_max_height":0,"ocean_custom_logo_mobile_max_height":0,"ocean_header_custom_menu":"0","ocean_menu_typo_font_family":"0","ocean_menu_typo_font_subset":"","ocean_menu_typo_font_size":0,"ocean_menu_typo_font_size_tablet":0,"ocean_menu_typo_font_size_mobile":0,"ocean_menu_typo_font_size_unit":"px","ocean_menu_typo_font_weight":"","ocean_menu_typo_font_weight_tablet":"","ocean_menu_typo_font_weight_mobile":"","ocean_menu_typo_transform":"","ocean_menu_typo_transform_tablet":"","ocean_menu_typo_transform_mobile":"","ocean_menu_typo_line_height":0,"ocean_menu_typo_line_height_tablet":0,"ocean_menu_typo_line_height_mobile":0,"ocean_menu_typo_line_height_unit":"","ocean_menu_typo_spacing":0,"ocean_menu_typo_spacing_tablet":0,"ocean_menu_typo_spacing_mobile":0,"ocean_menu_typo_spacing_unit":"","ocean_menu_link_color":"","ocean_menu_link_color_hover":"","ocean_menu_link_color_active":"","ocean_menu_link_background":"","ocean_menu_link_hover_background":"","ocean_menu_link_active_background":"","ocean_menu_social_links_bg":"","ocean_menu_social_hover_links_bg":"","ocean_menu_social_links_color":"","ocean_menu_social_hover_links_color":"","ocean_disable_title":"default","ocean_disable_heading":"default","ocean_post_title":"","ocean_post_subheading":"","ocean_post_title_style":"","ocean_post_title_background_color":"","ocean_post_title_background":0,"ocean_post_title_bg_image_position":"","ocean_post_title_bg_image_attachment":"","ocean_post_title_bg_image_repeat":"","ocean_post_title_bg_image_size":"","ocean_post_title_height":0,"ocean_post_title_bg_overlay":0.5,"ocean_post_title_bg_overlay_color":"","ocean_disable_breadcrumbs":"default","ocean_breadcrumbs_color":"","ocean_breadcrumbs_separator_color":"","ocean_breadcrumbs_links_color":"","ocean_breadcrumbs_links_hover_color":"","ocean_display_footer_widgets":"default","ocean_display_footer_bottom":"default","ocean_custom_footer_template":"0"},"product_brand":[],"product_cat":[153,35,19],"product_tag":[],"class_list":{"0":"post-21841","1":"product","2":"type-product","3":"status-publish","5":"product_cat-sorbet","6":"product_cat-les-fruitees","7":"product_cat-paletas","9":"entry","11":"first","12":"instock","13":"taxable","14":"shipping-taxable","15":"purchasable","16":"product-type-simple","17":"has-product-nav","18":"col","19":"span_1_of_3","20":"owp-content-center","21":"owp-thumbs-layout-horizontal","22":"owp-btn-normal","23":"owp-tabs-layout-horizontal","24":"has-no-thumbnails"},"_links":{"self":[{"href":"https:\/\/los-pistoleros.com\/en\/wp-json\/wp\/v2\/product\/21841","targetHints":{"allow":["GET"]}}],"collection":[{"href":"https:\/\/los-pistoleros.com\/en\/wp-json\/wp\/v2\/product"}],"about":[{"href":"https:\/\/los-pistoleros.com\/en\/wp-json\/wp\/v2\/types\/product"}],"wp:attachment":[{"href":"https:\/\/los-pistoleros.com\/en\/wp-json\/wp\/v2\/media?parent=21841"}],"wp:term":[{"taxonomy":"product_brand","embeddable":true,"href":"https:\/\/los-pistoleros.com\/en\/wp-json\/wp\/v2\/product_brand?post=21841"},{"taxonomy":"product_cat","embeddable":true,"href":"https:\/\/los-pistoleros.com\/en\/wp-json\/wp\/v2\/product_cat?post=21841"},{"taxonomy":"product_tag","embeddable":true,"href":"https:\/\/los-pistoleros.com\/en\/wp-json\/wp\/v2\/product_tag?post=21841"}],"curies":[{"name":"wp","href":"https:\/\/api.w.org\/{rel}","templated":true}]}}