{"id":21892,"date":"2026-04-13T14:47:08","date_gmt":"2026-04-13T12:47:08","guid":{"rendered":"https:\/\/los-pistoleros.com\/?post_type=product&#038;p=21892"},"modified":"2026-04-13T15:04:05","modified_gmt":"2026-04-13T13:04:05","slug":"paleta-cerise-griotte","status":"publish","type":"product","link":"https:\/\/los-pistoleros.com\/en\/product\/paleta-cerise-griotte","title":{"rendered":"Cerise Griotte"},"content":{"rendered":"<h1 data-section-id=\"27gnxc\" data-start=\"68\" data-end=\"102\"><span role=\"text\"><strong data-start=\"71\" data-end=\"102\">Paleta Cerise Griotte\u00a0<\/strong><\/span><\/h1>\n<p data-start=\"104\" data-end=\"322\">D\u00e9couvrez la paleta cerise griotte, un sorbet plein fruit intens\u00e9ment parfum\u00e9, \u00e9labor\u00e9 \u00e0 partir de pur\u00e9e de cerises griottes. Une recette \u00e0 la fois douce et l\u00e9g\u00e8rement acidul\u00e9e, parfaite pour une pause rafra\u00eechissante.<\/p>\n<p data-start=\"324\" data-end=\"400\">Fabriqu\u00e9e en France, cette paleta met en avant le go\u00fbt authentique du fruit.<\/p>\n<p data-start=\"446\" data-end=\"578\">Avec 50 % de pur\u00e9e de cerises griottes, elle offre une saveur riche et naturelle, id\u00e9ale pour les amateurs de fruits rouges.<\/p>\n<h3 data-section-id=\"ua3tg6\" data-start=\"585\" data-end=\"606\"><span role=\"text\"><strong data-start=\"589\" data-end=\"606\">Les + produit<\/strong><\/span><\/h3>\n<ul data-start=\"608\" data-end=\"759\">\n<li data-section-id=\"3oz3fy\" data-start=\"608\" data-end=\"643\">50 % de pur\u00e9e de cerise griotte<\/li>\n<li data-section-id=\"nk8yfr\" data-start=\"644\" data-end=\"666\">Fruit sorbet<\/li>\n<li data-section-id=\"1njs2uc\" data-start=\"667\" data-end=\"708\">Saveur intense et l\u00e9g\u00e8rement acidul\u00e9e<\/li>\n<li data-section-id=\"hbfr2r\" data-start=\"709\" data-end=\"736\">Format individuel 112 g<\/li>\n<li data-section-id=\"r43299\" data-start=\"737\" data-end=\"759\">Fabriqu\u00e9 en France<\/li>\n<\/ul>\n<h3 data-section-id=\"1iy5qd8\" data-start=\"766\" data-end=\"785\"><span role=\"text\"><strong data-start=\"770\" data-end=\"785\">Ingr\u00e9dients<\/strong><\/span><\/h3>\n<p data-start=\"787\" data-end=\"976\">Pur\u00e9e de cerises griottes (50 % : griottes, sucre), eau, sucre cristallis\u00e9, sirop de glucose en poudre, jus de citron vert, stabilisants (farine de caroube, gomme guar, gomme de cellulose).<\/p>\n<h3 data-section-id=\"lsupif\" data-start=\"983\" data-end=\"1001\"><span role=\"text\"><strong data-start=\"987\" data-end=\"1001\">Allerg\u00e8nes<\/strong><\/span><\/h3>\n<p data-start=\"1003\" data-end=\"1093\">Peut contenir des traces de : gluten, arachides, \u0153ufs, soja, lait, fruits \u00e0 coque, s\u00e9same.<\/p>\n<h3 data-section-id=\"ego4ye\" data-start=\"1100\" data-end=\"1144\"><span role=\"text\"><strong data-start=\"1104\" data-end=\"1144\">Valeurs nutritionnelles (pour 100 g)<\/strong><\/span><\/h3>\n<ul data-start=\"1146\" data-end=\"1343\">\n<li data-section-id=\"1cyus8u\" data-start=\"1146\" data-end=\"1176\">\u00c9nergie : 98 kcal \/ 418 kJ<\/li>\n<li data-section-id=\"cn2i1m\" data-start=\"1177\" data-end=\"1203\">Mati\u00e8res grasses : 0 g<\/li>\n<li data-section-id=\"5sg5jl\" data-start=\"1204\" data-end=\"1238\">dont acides gras satur\u00e9s : 0 g<\/li>\n<li data-section-id=\"1ce8msm\" data-start=\"1239\" data-end=\"1260\">Glucides : 23,8 g<\/li>\n<li data-section-id=\"4ab0pf\" data-start=\"1261\" data-end=\"1285\">dont sucres : 18,3 g<\/li>\n<li data-section-id=\"x5t6nn\" data-start=\"1286\" data-end=\"1304\">Fibres : 0,3 g<\/li>\n<li data-section-id=\"64tcvy\" data-start=\"1305\" data-end=\"1326\">Prot\u00e9ines : 0,6 g<\/li>\n<li data-section-id=\"9ivmgi\" data-start=\"1327\" data-end=\"1343\">Sel : 0,01 g<\/li>\n<\/ul>","protected":false},"excerpt":{"rendered":"<p>Paleta cerise griotte 112g, sorbet plein fruit riche en pur\u00e9e de cerises. Saveur intense et rafra\u00eechissante, fabriqu\u00e9e en France.<\/p>","protected":false},"featured_media":21893,"template":"","meta":{"content-type":"","ocean_post_layout":"","ocean_both_sidebars_style":"","ocean_both_sidebars_content_width":0,"ocean_both_sidebars_sidebars_width":0,"ocean_sidebar":"0","ocean_second_sidebar":"0","ocean_disable_margins":"enable","ocean_add_body_class":"","ocean_shortcode_before_top_bar":"","ocean_shortcode_after_top_bar":"","ocean_shortcode_before_header":"","ocean_shortcode_after_header":"","ocean_has_shortcode":"","ocean_shortcode_after_title":"","ocean_shortcode_before_footer_widgets":"","ocean_shortcode_after_footer_widgets":"","ocean_shortcode_before_footer_bottom":"","ocean_shortcode_after_footer_bottom":"","ocean_display_top_bar":"default","ocean_display_header":"default","ocean_header_style":"","ocean_center_header_left_menu":"0","ocean_custom_header_template":"0","ocean_custom_logo":0,"ocean_custom_retina_logo":0,"ocean_custom_logo_max_width":0,"ocean_custom_logo_tablet_max_width":0,"ocean_custom_logo_mobile_max_width":0,"ocean_custom_logo_max_height":0,"ocean_custom_logo_tablet_max_height":0,"ocean_custom_logo_mobile_max_height":0,"ocean_header_custom_menu":"0","ocean_menu_typo_font_family":"0","ocean_menu_typo_font_subset":"","ocean_menu_typo_font_size":0,"ocean_menu_typo_font_size_tablet":0,"ocean_menu_typo_font_size_mobile":0,"ocean_menu_typo_font_size_unit":"px","ocean_menu_typo_font_weight":"","ocean_menu_typo_font_weight_tablet":"","ocean_menu_typo_font_weight_mobile":"","ocean_menu_typo_transform":"","ocean_menu_typo_transform_tablet":"","ocean_menu_typo_transform_mobile":"","ocean_menu_typo_line_height":0,"ocean_menu_typo_line_height_tablet":0,"ocean_menu_typo_line_height_mobile":0,"ocean_menu_typo_line_height_unit":"","ocean_menu_typo_spacing":0,"ocean_menu_typo_spacing_tablet":0,"ocean_menu_typo_spacing_mobile":0,"ocean_menu_typo_spacing_unit":"","ocean_menu_link_color":"","ocean_menu_link_color_hover":"","ocean_menu_link_color_active":"","ocean_menu_link_background":"","ocean_menu_link_hover_background":"","ocean_menu_link_active_background":"","ocean_menu_social_links_bg":"","ocean_menu_social_hover_links_bg":"","ocean_menu_social_links_color":"","ocean_menu_social_hover_links_color":"","ocean_disable_title":"default","ocean_disable_heading":"default","ocean_post_title":"","ocean_post_subheading":"","ocean_post_title_style":"","ocean_post_title_background_color":"","ocean_post_title_background":0,"ocean_post_title_bg_image_position":"","ocean_post_title_bg_image_attachment":"","ocean_post_title_bg_image_repeat":"","ocean_post_title_bg_image_size":"","ocean_post_title_height":0,"ocean_post_title_bg_overlay":0.5,"ocean_post_title_bg_overlay_color":"","ocean_disable_breadcrumbs":"default","ocean_breadcrumbs_color":"","ocean_breadcrumbs_separator_color":"","ocean_breadcrumbs_links_color":"","ocean_breadcrumbs_links_hover_color":"","ocean_display_footer_widgets":"default","ocean_display_footer_bottom":"default","ocean_custom_footer_template":"0"},"product_brand":[],"product_cat":[152,134,153,35,19],"product_tag":[270,195,269,264,40],"class_list":{"0":"post-21892","1":"product","2":"type-product","3":"status-publish","4":"has-post-thumbnail","6":"product_cat-fruits-rouge","7":"product_cat-glaces","8":"product_cat-sorbet","9":"product_cat-les-fruitees","10":"product_cat-paletas","11":"product_tag-cerise","12":"product_tag-fruit","13":"product_tag-fruit-rouge","14":"product_tag-fruite","15":"product_tag-paletas","17":"entry","18":"has-media","20":"first","21":"instock","22":"taxable","23":"shipping-taxable","24":"purchasable","25":"product-type-simple","26":"has-product-nav","27":"col","28":"span_1_of_3","29":"owp-content-center","30":"owp-thumbs-layout-horizontal","31":"owp-btn-normal","32":"owp-tabs-layout-horizontal","33":"has-no-thumbnails"},"_links":{"self":[{"href":"https:\/\/los-pistoleros.com\/en\/wp-json\/wp\/v2\/product\/21892","targetHints":{"allow":["GET"]}}],"collection":[{"href":"https:\/\/los-pistoleros.com\/en\/wp-json\/wp\/v2\/product"}],"about":[{"href":"https:\/\/los-pistoleros.com\/en\/wp-json\/wp\/v2\/types\/product"}],"wp:featuredmedia":[{"embeddable":true,"href":"https:\/\/los-pistoleros.com\/en\/wp-json\/wp\/v2\/media\/21893"}],"wp:attachment":[{"href":"https:\/\/los-pistoleros.com\/en\/wp-json\/wp\/v2\/media?parent=21892"}],"wp:term":[{"taxonomy":"product_brand","embeddable":true,"href":"https:\/\/los-pistoleros.com\/en\/wp-json\/wp\/v2\/product_brand?post=21892"},{"taxonomy":"product_cat","embeddable":true,"href":"https:\/\/los-pistoleros.com\/en\/wp-json\/wp\/v2\/product_cat?post=21892"},{"taxonomy":"product_tag","embeddable":true,"href":"https:\/\/los-pistoleros.com\/en\/wp-json\/wp\/v2\/product_tag?post=21892"}],"curies":[{"name":"wp","href":"https:\/\/api.w.org\/{rel}","templated":true}]}}