{"id":21894,"date":"2026-04-13T15:26:09","date_gmt":"2026-04-13T13:26:09","guid":{"rendered":"https:\/\/los-pistoleros.com\/?post_type=product&#038;p=21894"},"modified":"2026-04-13T15:28:31","modified_gmt":"2026-04-13T13:28:31","slug":"paleta-pistache-chocolat-au-lait","status":"publish","type":"product","link":"https:\/\/los-pistoleros.com\/en\/product\/paleta-pistache-chocolat-au-lait","title":{"rendered":"Pistache Chocolat Au Lait"},"content":{"rendered":"<h1 data-section-id=\"k9haje\" data-start=\"70\" data-end=\"107\"><span role=\"text\"><strong data-start=\"73\" data-end=\"107\">Paleta Pistache Chocolat\u00a0<\/strong><\/span><\/h1>\n<p data-start=\"109\" data-end=\"329\">D\u00e9couvrez la paleta pistache chocolat, une glace gourmande associant une cr\u00e8me glac\u00e9e \u00e0 la pistache \u00e0 un c\u0153ur fondant de chocolat au lait. Une recette g\u00e9n\u00e9reuse qui allie intensit\u00e9 et douceur pour une exp\u00e9rience premium.<\/p>\n<p data-start=\"331\" data-end=\"463\">Fabriqu\u00e9e en France, cette paleta s\u00e9duit par son \u00e9quilibre entre la saveur authentique de la pistache et la gourmandise du chocolat.<\/p>\n<p data-start=\"510\" data-end=\"681\">Avec sa p\u00e2te pure de pistache et son c\u0153ur chocolat\u00e9 fondant, cette paleta offre une texture cr\u00e9meuse et un go\u00fbt riche, id\u00e9al pour les amateurs de desserts glac\u00e9s g\u00e9n\u00e9reux.<\/p>\n<h3 data-section-id=\"ua3tg6\" data-start=\"688\" data-end=\"709\"><span role=\"text\"><strong data-start=\"692\" data-end=\"709\">Les + produit<\/strong><\/span><\/h3>\n<ul data-start=\"711\" data-end=\"870\">\n<li data-section-id=\"1luc3n6\" data-start=\"711\" data-end=\"747\">Cr\u00e8me glac\u00e9e \u00e0 la pistache (6 %)<\/li>\n<li data-section-id=\"noxvl2\" data-start=\"748\" data-end=\"784\">C\u0153ur fondant au chocolat au lait<\/li>\n<li data-section-id=\"1f2966n\" data-start=\"785\" data-end=\"819\">Texture onctueuse et gourmande<\/li>\n<li data-section-id=\"h9d4no\" data-start=\"820\" data-end=\"847\">Format individuel 115 g<\/li>\n<li data-section-id=\"r43299\" data-start=\"848\" data-end=\"870\">Fabriqu\u00e9 en France<\/li>\n<\/ul>\n<h3 data-section-id=\"1iy5qd8\" data-start=\"877\" data-end=\"896\"><span role=\"text\"><strong data-start=\"881\" data-end=\"896\">Ingr\u00e9dients<\/strong><\/span><\/h3>\n<p data-start=\"898\" data-end=\"1214\">Eau, cr\u00e8me liquide, chocolat au lait (31 % de cacao = 13 %), sucre cristallis\u00e9, lait demi-\u00e9cr\u00e9m\u00e9, lait \u00e9cr\u00e9m\u00e9 en poudre, p\u00e2te pure de pistache naturelle (6 %), sirop de glucose en poudre, \u00e9mulsifiants (mono- et diglyc\u00e9rides d\u2019acides gras, farine de graines de caroube, alginate de sodium, gomme guar, carragh\u00e9nanes).<\/p>\n<h3 data-section-id=\"lsupif\" data-start=\"1221\" data-end=\"1239\"><span role=\"text\"><strong data-start=\"1225\" data-end=\"1239\">Allerg\u00e8nes<\/strong><\/span><\/h3>\n<ul data-start=\"1241\" data-end=\"1369\">\n<li data-section-id=\"1edy8g2\" data-start=\"1241\" data-end=\"1281\">Contient : <strong data-start=\"1254\" data-end=\"1279\">lait, cr\u00e8me, pistache<\/strong><\/li>\n<li data-section-id=\"hqkky0\" data-start=\"1282\" data-end=\"1369\">Peut contenir des traces de : gluten, arachides, \u0153ufs, soja, fruits \u00e0 coque, s\u00e9same<\/li>\n<\/ul>\n<h3 data-section-id=\"ego4ye\" data-start=\"1376\" data-end=\"1420\"><span role=\"text\"><strong data-start=\"1380\" data-end=\"1420\">Valeurs nutritionnelles (pour 100 g)<\/strong><\/span><\/h3>\n<ul data-start=\"1422\" data-end=\"1619\">\n<li data-section-id=\"sw961w\" data-start=\"1422\" data-end=\"1453\">\u00c9nergie : 235 kcal \/ 983 kJ<\/li>\n<li data-section-id=\"1qagtex\" data-start=\"1454\" data-end=\"1481\">Mati\u00e8res grasses : 12 g<\/li>\n<li data-section-id=\"5o7x93\" data-start=\"1482\" data-end=\"1516\">dont acides gras satur\u00e9s : 6 g<\/li>\n<li data-section-id=\"1bgkstr\" data-start=\"1517\" data-end=\"1538\">Glucides : 26,4 g<\/li>\n<li data-section-id=\"cjyqm7\" data-start=\"1539\" data-end=\"1563\">dont sucres : 21,5 g<\/li>\n<li data-section-id=\"x77xf5\" data-start=\"1564\" data-end=\"1582\">Fibres : 0,1 g<\/li>\n<li data-section-id=\"1snq0gx\" data-start=\"1583\" data-end=\"1602\">Prot\u00e9ines : 5 g<\/li>\n<li data-section-id=\"8vjd8z\" data-start=\"1603\" data-end=\"1619\">Sel : 0,11 g<\/li>\n<\/ul>","protected":false},"excerpt":{"rendered":"<p>Paleta pistache chocolat 115g, glace gourmande avec c\u0153ur fondant au chocolat. Recette premium fabriqu\u00e9e en France, id\u00e9ale pour une pause plaisir.<\/p>","protected":false},"featured_media":21895,"template":"","meta":{"content-type":"","ocean_post_layout":"","ocean_both_sidebars_style":"","ocean_both_sidebars_content_width":0,"ocean_both_sidebars_sidebars_width":0,"ocean_sidebar":"0","ocean_second_sidebar":"0","ocean_disable_margins":"enable","ocean_add_body_class":"","ocean_shortcode_before_top_bar":"","ocean_shortcode_after_top_bar":"","ocean_shortcode_before_header":"","ocean_shortcode_after_header":"","ocean_has_shortcode":"","ocean_shortcode_after_title":"","ocean_shortcode_before_footer_widgets":"","ocean_shortcode_after_footer_widgets":"","ocean_shortcode_before_footer_bottom":"","ocean_shortcode_after_footer_bottom":"","ocean_display_top_bar":"default","ocean_display_header":"default","ocean_header_style":"","ocean_center_header_left_menu":"0","ocean_custom_header_template":"0","ocean_custom_logo":0,"ocean_custom_retina_logo":0,"ocean_custom_logo_max_width":0,"ocean_custom_logo_tablet_max_width":0,"ocean_custom_logo_mobile_max_width":0,"ocean_custom_logo_max_height":0,"ocean_custom_logo_tablet_max_height":0,"ocean_custom_logo_mobile_max_height":0,"ocean_header_custom_menu":"0","ocean_menu_typo_font_family":"0","ocean_menu_typo_font_subset":"","ocean_menu_typo_font_size":0,"ocean_menu_typo_font_size_tablet":0,"ocean_menu_typo_font_size_mobile":0,"ocean_menu_typo_font_size_unit":"px","ocean_menu_typo_font_weight":"","ocean_menu_typo_font_weight_tablet":"","ocean_menu_typo_font_weight_mobile":"","ocean_menu_typo_transform":"","ocean_menu_typo_transform_tablet":"","ocean_menu_typo_transform_mobile":"","ocean_menu_typo_line_height":0,"ocean_menu_typo_line_height_tablet":0,"ocean_menu_typo_line_height_mobile":0,"ocean_menu_typo_line_height_unit":"","ocean_menu_typo_spacing":0,"ocean_menu_typo_spacing_tablet":0,"ocean_menu_typo_spacing_mobile":0,"ocean_menu_typo_spacing_unit":"","ocean_menu_link_color":"","ocean_menu_link_color_hover":"","ocean_menu_link_color_active":"","ocean_menu_link_background":"","ocean_menu_link_hover_background":"","ocean_menu_link_active_background":"","ocean_menu_social_links_bg":"","ocean_menu_social_hover_links_bg":"","ocean_menu_social_links_color":"","ocean_menu_social_hover_links_color":"","ocean_disable_title":"default","ocean_disable_heading":"default","ocean_post_title":"","ocean_post_subheading":"","ocean_post_title_style":"","ocean_post_title_background_color":"","ocean_post_title_background":0,"ocean_post_title_bg_image_position":"","ocean_post_title_bg_image_attachment":"","ocean_post_title_bg_image_repeat":"","ocean_post_title_bg_image_size":"","ocean_post_title_height":0,"ocean_post_title_bg_overlay":0.5,"ocean_post_title_bg_overlay_color":"","ocean_disable_breadcrumbs":"default","ocean_breadcrumbs_color":"","ocean_breadcrumbs_separator_color":"","ocean_breadcrumbs_links_color":"","ocean_breadcrumbs_links_hover_color":"","ocean_display_footer_widgets":"default","ocean_display_footer_bottom":"default","ocean_custom_footer_template":"0"},"product_brand":[],"product_cat":[149,134,37,19],"product_tag":[162,191,265,40,271],"class_list":{"0":"post-21894","1":"product","2":"type-product","3":"status-publish","4":"has-post-thumbnail","6":"product_cat-chocolat","7":"product_cat-glaces","8":"product_cat-les-gourmandes","9":"product_cat-paletas","10":"product_tag-chocolat","11":"product_tag-glaces","12":"product_tag-gourmande","13":"product_tag-paletas","14":"product_tag-pistache","16":"entry","17":"has-media","19":"first","20":"instock","21":"taxable","22":"shipping-taxable","23":"purchasable","24":"product-type-simple","25":"has-product-nav","26":"col","27":"span_1_of_3","28":"owp-content-center","29":"owp-thumbs-layout-horizontal","30":"owp-btn-normal","31":"owp-tabs-layout-horizontal","32":"has-no-thumbnails"},"_links":{"self":[{"href":"https:\/\/los-pistoleros.com\/en\/wp-json\/wp\/v2\/product\/21894","targetHints":{"allow":["GET"]}}],"collection":[{"href":"https:\/\/los-pistoleros.com\/en\/wp-json\/wp\/v2\/product"}],"about":[{"href":"https:\/\/los-pistoleros.com\/en\/wp-json\/wp\/v2\/types\/product"}],"wp:featuredmedia":[{"embeddable":true,"href":"https:\/\/los-pistoleros.com\/en\/wp-json\/wp\/v2\/media\/21895"}],"wp:attachment":[{"href":"https:\/\/los-pistoleros.com\/en\/wp-json\/wp\/v2\/media?parent=21894"}],"wp:term":[{"taxonomy":"product_brand","embeddable":true,"href":"https:\/\/los-pistoleros.com\/en\/wp-json\/wp\/v2\/product_brand?post=21894"},{"taxonomy":"product_cat","embeddable":true,"href":"https:\/\/los-pistoleros.com\/en\/wp-json\/wp\/v2\/product_cat?post=21894"},{"taxonomy":"product_tag","embeddable":true,"href":"https:\/\/los-pistoleros.com\/en\/wp-json\/wp\/v2\/product_tag?post=21894"}],"curies":[{"name":"wp","href":"https:\/\/api.w.org\/{rel}","templated":true}]}}