{"id":21896,"date":"2026-04-13T15:46:21","date_gmt":"2026-04-13T13:46:21","guid":{"rendered":"https:\/\/los-pistoleros.com\/?post_type=product&#038;p=21896"},"modified":"2026-04-13T15:53:39","modified_gmt":"2026-04-13T13:53:39","slug":"paleta-vanille-chocolat-au-lait","status":"publish","type":"product","link":"https:\/\/los-pistoleros.com\/en\/product\/paleta-vanille-chocolat-au-lait","title":{"rendered":"Vanille Chocolat Au Lait"},"content":{"rendered":"<h2 data-section-id=\"1obela6\" data-start=\"70\" data-end=\"106\"><span role=\"text\"><strong data-start=\"73\" data-end=\"106\">Paleta Vanille Chocolat\u00a0<\/strong><\/span><\/h2>\n<p data-start=\"108\" data-end=\"323\">D\u00e9couvrez la paleta vanille chocolat, une glace gourmande qui associe une cr\u00e8me glac\u00e9e \u00e0 la vanille Bourbon \u00e0 un c\u0153ur fondant de chocolat au lait. Une recette classique et g\u00e9n\u00e9reuse, parfaite pour une pause plaisir.<\/p>\n<p data-start=\"325\" data-end=\"411\">Fabriqu\u00e9e en France, cette paleta s\u00e9duit par son \u00e9quilibre entre douceur et intensit\u00e9.<\/p>\n<p data-start=\"460\" data-end=\"625\">Gr\u00e2ce \u00e0 sa vanille Bourbon et son c\u0153ur chocolat fondant, cette paleta offre une texture cr\u00e9meuse et un go\u00fbt riche, id\u00e9al pour les amateurs de recettes intemporelles.<\/p>\n<h3 data-section-id=\"ua3tg6\" data-start=\"632\" data-end=\"653\"><span role=\"text\"><strong data-start=\"636\" data-end=\"653\">Les + produit<\/strong><\/span><\/h3>\n<ul data-start=\"655\" data-end=\"823\">\n<li data-section-id=\"k94x44\" data-start=\"655\" data-end=\"700\">Cr\u00e8me glac\u00e9e \u00e0 la vanille Bourbon (2,3 %)<\/li>\n<li data-section-id=\"noxvl2\" data-start=\"701\" data-end=\"737\">C\u0153ur fondant au chocolat au lait<\/li>\n<li data-section-id=\"1f2966n\" data-start=\"738\" data-end=\"772\">Texture onctueuse et gourmande<\/li>\n<li data-section-id=\"h9d4no\" data-start=\"773\" data-end=\"800\">Format individuel 115 g<\/li>\n<li data-section-id=\"r43299\" data-start=\"801\" data-end=\"823\">Fabriqu\u00e9 en France<\/li>\n<\/ul>\n<h3 data-section-id=\"1iy5qd8\" data-start=\"830\" data-end=\"849\"><span role=\"text\"><strong data-start=\"834\" data-end=\"849\">Ingr\u00e9dients<\/strong><\/span><\/h3>\n<p data-start=\"851\" data-end=\"1190\">Eau, cr\u00e8me liquide, lait concentr\u00e9 sucr\u00e9 entier, chocolat au lait (31 % de cacao = 13 %), lait demi-\u00e9cr\u00e9m\u00e9, sucre cristallis\u00e9, sirop de glucose en poudre, lait \u00e9cr\u00e9m\u00e9 en poudre, p\u00e2te de vanille Bourbon (2,3 %), \u00e9mulsifiants (mono- et diglyc\u00e9rides d\u2019acides gras, farine de graines de caroube, alginate de sodium, gomme guar, carragh\u00e9nanes).<\/p>\n<h3 data-section-id=\"lsupif\" data-start=\"1197\" data-end=\"1215\"><span role=\"text\"><strong data-start=\"1201\" data-end=\"1215\">Allerg\u00e8nes<\/strong><\/span><\/h3>\n<ul data-start=\"1217\" data-end=\"1335\">\n<li data-section-id=\"1tyemu7\" data-start=\"1217\" data-end=\"1247\">Contient : <strong data-start=\"1230\" data-end=\"1245\">lait, cr\u00e8me<\/strong><\/li>\n<li data-section-id=\"hqkky0\" data-start=\"1248\" data-end=\"1335\">Peut contenir des traces de : gluten, arachides, \u0153ufs, soja, fruits \u00e0 coque, s\u00e9same<\/li>\n<\/ul>\n<h3 data-section-id=\"ego4ye\" data-start=\"1342\" data-end=\"1386\"><span role=\"text\"><strong data-start=\"1346\" data-end=\"1386\">Valeurs nutritionnelles (pour 100 g)<\/strong><\/span><\/h3>\n<ul data-start=\"1388\" data-end=\"1591\">\n<li data-section-id=\"1vvdzjb\" data-start=\"1388\" data-end=\"1419\">\u00c9nergie : 221 kcal \/ 994 kJ<\/li>\n<li data-section-id=\"jzvtz2\" data-start=\"1420\" data-end=\"1449\">Mati\u00e8res grasses : 10,9 g<\/li>\n<li data-section-id=\"6hac9a\" data-start=\"1450\" data-end=\"1486\">dont acides gras satur\u00e9s : 6,5 g<\/li>\n<li data-section-id=\"asqwo1\" data-start=\"1487\" data-end=\"1508\">Glucides : 25,9 g<\/li>\n<li data-section-id=\"cng3ss\" data-start=\"1509\" data-end=\"1533\">dont sucres : 21,6 g<\/li>\n<li data-section-id=\"x77xf5\" data-start=\"1534\" data-end=\"1552\">Fibres : 0,1 g<\/li>\n<li data-section-id=\"fjzb7c\" data-start=\"1553\" data-end=\"1574\">Prot\u00e9ines : 4,4 g<\/li>\n<li data-section-id=\"8wa8cw\" data-start=\"1575\" data-end=\"1591\">Sel : 0,12 g<\/li>\n<\/ul>","protected":false},"excerpt":{"rendered":"<p>Paleta Vanille Chocolat\u00a0 D\u00e9couvrez la paleta vanille chocolat, une glace gourmande qui associe une cr\u00e8me glac\u00e9e \u00e0 la vanille Bourbon \u00e0 un c\u0153ur fondant de chocolat au lait. Une recette classique et g\u00e9n\u00e9reuse, parfaite pour une pause plaisir. Fabriqu\u00e9e en France, cette paleta s\u00e9duit par son \u00e9quilibre entre douceur et intensit\u00e9. Gr\u00e2ce \u00e0 sa vanille Bourbon et son c\u0153ur chocolat fondant, cette paleta offre une texture cr\u00e9meuse et un go\u00fbt riche, id\u00e9al pour les amateurs de recettes intemporelles. Les + produit Cr\u00e8me glac\u00e9e \u00e0 la vanille Bourbon (2,3 %) C\u0153ur fondant au chocolat au lait Texture onctueuse et gourmande Format individuel 115 g Fabriqu\u00e9 en France Ingr\u00e9dients Eau, cr\u00e8me liquide, lait concentr\u00e9 sucr\u00e9 entier, chocolat au lait (31 % de cacao = 13 %), lait demi-\u00e9cr\u00e9m\u00e9, sucre cristallis\u00e9, sirop de glucose en poudre, lait \u00e9cr\u00e9m\u00e9 en poudre, p\u00e2te de vanille Bourbon (2,3 %), \u00e9mulsifiants (mono- et diglyc\u00e9rides d\u2019acides gras, farine de graines de caroube, alginate de sodium, gomme guar, carragh\u00e9nanes). Allerg\u00e8nes Contient : lait, cr\u00e8me Peut contenir des traces de : gluten, arachides, \u0153ufs, soja, fruits \u00e0 coque, s\u00e9same Valeurs nutritionnelles (pour 100 g) \u00c9nergie : 221 kcal \/ 994 kJ Mati\u00e8res grasses : 10,9 g dont acides gras satur\u00e9s : 6,5 g Glucides : 25,9 g dont sucres : 21,6 g Fibres : 0,1 g Prot\u00e9ines : 4,4 g Sel : 0,12 g<\/p>","protected":false},"featured_media":21897,"template":"","meta":{"content-type":"","ocean_post_layout":"","ocean_both_sidebars_style":"","ocean_both_sidebars_content_width":0,"ocean_both_sidebars_sidebars_width":0,"ocean_sidebar":"0","ocean_second_sidebar":"0","ocean_disable_margins":"enable","ocean_add_body_class":"","ocean_shortcode_before_top_bar":"","ocean_shortcode_after_top_bar":"","ocean_shortcode_before_header":"","ocean_shortcode_after_header":"","ocean_has_shortcode":"","ocean_shortcode_after_title":"","ocean_shortcode_before_footer_widgets":"","ocean_shortcode_after_footer_widgets":"","ocean_shortcode_before_footer_bottom":"","ocean_shortcode_after_footer_bottom":"","ocean_display_top_bar":"default","ocean_display_header":"default","ocean_header_style":"","ocean_center_header_left_menu":"0","ocean_custom_header_template":"0","ocean_custom_logo":0,"ocean_custom_retina_logo":0,"ocean_custom_logo_max_width":0,"ocean_custom_logo_tablet_max_width":0,"ocean_custom_logo_mobile_max_width":0,"ocean_custom_logo_max_height":0,"ocean_custom_logo_tablet_max_height":0,"ocean_custom_logo_mobile_max_height":0,"ocean_header_custom_menu":"0","ocean_menu_typo_font_family":"0","ocean_menu_typo_font_subset":"","ocean_menu_typo_font_size":0,"ocean_menu_typo_font_size_tablet":0,"ocean_menu_typo_font_size_mobile":0,"ocean_menu_typo_font_size_unit":"px","ocean_menu_typo_font_weight":"","ocean_menu_typo_font_weight_tablet":"","ocean_menu_typo_font_weight_mobile":"","ocean_menu_typo_transform":"","ocean_menu_typo_transform_tablet":"","ocean_menu_typo_transform_mobile":"","ocean_menu_typo_line_height":0,"ocean_menu_typo_line_height_tablet":0,"ocean_menu_typo_line_height_mobile":0,"ocean_menu_typo_line_height_unit":"","ocean_menu_typo_spacing":0,"ocean_menu_typo_spacing_tablet":0,"ocean_menu_typo_spacing_mobile":0,"ocean_menu_typo_spacing_unit":"","ocean_menu_link_color":"","ocean_menu_link_color_hover":"","ocean_menu_link_color_active":"","ocean_menu_link_background":"","ocean_menu_link_hover_background":"","ocean_menu_link_active_background":"","ocean_menu_social_links_bg":"","ocean_menu_social_hover_links_bg":"","ocean_menu_social_links_color":"","ocean_menu_social_hover_links_color":"","ocean_disable_title":"default","ocean_disable_heading":"default","ocean_post_title":"","ocean_post_subheading":"","ocean_post_title_style":"","ocean_post_title_background_color":"","ocean_post_title_background":0,"ocean_post_title_bg_image_position":"","ocean_post_title_bg_image_attachment":"","ocean_post_title_bg_image_repeat":"","ocean_post_title_bg_image_size":"","ocean_post_title_height":0,"ocean_post_title_bg_overlay":0.5,"ocean_post_title_bg_overlay_color":"","ocean_disable_breadcrumbs":"default","ocean_breadcrumbs_color":"","ocean_breadcrumbs_separator_color":"","ocean_breadcrumbs_links_color":"","ocean_breadcrumbs_links_hover_color":"","ocean_display_footer_widgets":"default","ocean_display_footer_bottom":"default","ocean_custom_footer_template":"0"},"product_brand":[],"product_cat":[149,134,37,19],"product_tag":[162,191,265,40,165],"class_list":{"0":"post-21896","1":"product","2":"type-product","3":"status-publish","4":"has-post-thumbnail","6":"product_cat-chocolat","7":"product_cat-glaces","8":"product_cat-les-gourmandes","9":"product_cat-paletas","10":"product_tag-chocolat","11":"product_tag-glaces","12":"product_tag-gourmande","13":"product_tag-paletas","14":"product_tag-vanille","16":"entry","17":"has-media","19":"first","20":"instock","21":"taxable","22":"shipping-taxable","23":"purchasable","24":"product-type-simple","25":"has-product-nav","26":"col","27":"span_1_of_3","28":"owp-content-center","29":"owp-thumbs-layout-horizontal","30":"owp-btn-normal","31":"owp-tabs-layout-horizontal","32":"has-no-thumbnails"},"_links":{"self":[{"href":"https:\/\/los-pistoleros.com\/en\/wp-json\/wp\/v2\/product\/21896","targetHints":{"allow":["GET"]}}],"collection":[{"href":"https:\/\/los-pistoleros.com\/en\/wp-json\/wp\/v2\/product"}],"about":[{"href":"https:\/\/los-pistoleros.com\/en\/wp-json\/wp\/v2\/types\/product"}],"wp:featuredmedia":[{"embeddable":true,"href":"https:\/\/los-pistoleros.com\/en\/wp-json\/wp\/v2\/media\/21897"}],"wp:attachment":[{"href":"https:\/\/los-pistoleros.com\/en\/wp-json\/wp\/v2\/media?parent=21896"}],"wp:term":[{"taxonomy":"product_brand","embeddable":true,"href":"https:\/\/los-pistoleros.com\/en\/wp-json\/wp\/v2\/product_brand?post=21896"},{"taxonomy":"product_cat","embeddable":true,"href":"https:\/\/los-pistoleros.com\/en\/wp-json\/wp\/v2\/product_cat?post=21896"},{"taxonomy":"product_tag","embeddable":true,"href":"https:\/\/los-pistoleros.com\/en\/wp-json\/wp\/v2\/product_tag?post=21896"}],"curies":[{"name":"wp","href":"https:\/\/api.w.org\/{rel}","templated":true}]}}