{"id":2910,"date":"2022-06-24T07:44:09","date_gmt":"2022-06-24T07:44:09","guid":{"rendered":"https:\/\/los-pistoleros.ownlycake.fr\/?post_type=product&#038;p=2910"},"modified":"2026-04-02T15:32:46","modified_gmt":"2026-04-02T13:32:46","slug":"maxxi-circus","status":"publish","type":"product","link":"https:\/\/los-pistoleros.com\/en\/product\/maxxi-circus","title":{"rendered":"Maxxi circus"},"content":{"rendered":"<h2 data-start=\"84\" data-end=\"139\"><span role=\"text\"><strong data-start=\"87\" data-end=\"139\">Glace \u00e0 l\u2019Eau Fraise Orange Citron 100 ml (87 g)<\/strong><\/span><\/h2>\n<p data-start=\"141\" data-end=\"299\">D\u00e9couvrez une glace \u00e0 l\u2019eau aux saveurs fruit\u00e9es de fraise, orange et citron. Un m\u00e9lange rafra\u00eechissant et \u00e9quilibr\u00e9, id\u00e9al pour une pause fra\u00eecheur estivale.<\/p>\n<p data-start=\"301\" data-end=\"419\">Avec ses notes \u00e0 la fois sucr\u00e9es et acidul\u00e9es, cette glace est parfaite pour se d\u00e9salt\u00e9rer tout au long de la journ\u00e9e.<\/p>\n<p data-start=\"472\" data-end=\"649\">L\u2019association de la fraise, de l\u2019orange et du citron offre une exp\u00e9rience gustative compl\u00e8te : douceur, fra\u00eecheur et l\u00e9g\u00e8re acidit\u00e9. Une alternative l\u00e9g\u00e8re aux glaces cr\u00e9meuses.<\/p>\n<h3 data-start=\"656\" data-end=\"677\"><span role=\"text\"><strong data-start=\"660\" data-end=\"677\">Les + produit<\/strong><\/span><\/h3>\n<ul data-start=\"679\" data-end=\"848\">\n<li data-start=\"679\" data-end=\"737\">M\u00e9lange de 3 saveurs fruit\u00e9es (fraise, orange, citron)<\/li>\n<li data-start=\"738\" data-end=\"778\">Glace \u00e0 l\u2019eau l\u00e9g\u00e8re et d\u00e9salt\u00e9rante<\/li>\n<li data-start=\"779\" data-end=\"805\">Format individuel 87 g<\/li>\n<li data-start=\"806\" data-end=\"848\">Id\u00e9al pour l\u2019\u00e9t\u00e9 et la vente impulsive<\/li>\n<\/ul>\n<h3 data-start=\"855\" data-end=\"874\"><span role=\"text\"><strong data-start=\"859\" data-end=\"874\">Ingr\u00e9dients :\u00a0<\/strong><\/span><\/h3>\n<p data-start=\"876\" data-end=\"1134\">Eau, sucre, sirop de glucose, pur\u00e9e de fraise (4%), jus d\u2019orange \u00e0 base de concentr\u00e9 (3%), jus de citron \u00e0 base de concentr\u00e9 (1,6%), \u00e9paississant (pectine), stabilisant (gomme de caroube), colorants (b\u00e9tanine, carot\u00e8nes), ar\u00f4mes, acidifiant (acide citrique).<\/p>\n<h3 data-start=\"1141\" data-end=\"1159\"><span role=\"text\"><strong data-start=\"1145\" data-end=\"1159\">Allerg\u00e8nes :\u00a0<\/strong><\/span><\/h3>\n<p data-start=\"1161\" data-end=\"1245\">Peut contenir des traces de : gluten, \u0153ufs, lait, soja, arachides et fruits \u00e0 coque.<\/p>\n<h3 data-start=\"1252\" data-end=\"1296\"><span role=\"text\"><strong data-start=\"1256\" data-end=\"1296\">Valeurs nutritionnelles (pour 100 g)<\/strong><\/span><\/h3>\n<ul data-start=\"1298\" data-end=\"1485\">\n<li data-start=\"1298\" data-end=\"1328\">\u00c9nergie : 82 kcal \/ 347 kJ<\/li>\n<li data-start=\"1329\" data-end=\"1358\">Mati\u00e8res grasses : 0,03 g (dont acides gras satur\u00e9s : 0,01 g)<\/li>\n<li data-start=\"1397\" data-end=\"1419\">Glucides : 20,06 g (dont sucres : 18,15 g)<\/li>\n<li data-start=\"1446\" data-end=\"1468\">Prot\u00e9ines : 0,08 g<\/li>\n<li data-start=\"1469\" data-end=\"1485\">Sel : 0,01 g<\/li>\n<\/ul>\n<p><strong>Vous \u00eates professionnel ? :<\/strong> Une r\u00e9f\u00e9rence fruit\u00e9e et color\u00e9e qui attire l\u2019\u0153il en vitrine, id\u00e9ale pour dynamiser les ventes estivales avec une offre rafra\u00eechissante et accessible.<\/p>","protected":false},"excerpt":{"rendered":"<p>Le Maxxi Circus la glace \u00e0 l\u2019eau fraise orange citron 87g, rafra\u00eechissante et fruit\u00e9e. Id\u00e9ale pour l\u2019\u00e9t\u00e9, l\u00e9g\u00e8re et d\u00e9salt\u00e9rante.<\/p>","protected":false},"featured_media":21871,"template":"","meta":{"content-type":"","ocean_post_layout":"","ocean_both_sidebars_style":"","ocean_both_sidebars_content_width":0,"ocean_both_sidebars_sidebars_width":0,"ocean_sidebar":"0","ocean_second_sidebar":"0","ocean_disable_margins":"enable","ocean_add_body_class":"","ocean_shortcode_before_top_bar":"","ocean_shortcode_after_top_bar":"","ocean_shortcode_before_header":"","ocean_shortcode_after_header":"","ocean_has_shortcode":"","ocean_shortcode_after_title":"","ocean_shortcode_before_footer_widgets":"","ocean_shortcode_after_footer_widgets":"","ocean_shortcode_before_footer_bottom":"","ocean_shortcode_after_footer_bottom":"","ocean_display_top_bar":"default","ocean_display_header":"default","ocean_header_style":"","ocean_center_header_left_menu":"0","ocean_custom_header_template":"0","ocean_custom_logo":0,"ocean_custom_retina_logo":0,"ocean_custom_logo_max_width":0,"ocean_custom_logo_tablet_max_width":0,"ocean_custom_logo_mobile_max_width":0,"ocean_custom_logo_max_height":0,"ocean_custom_logo_tablet_max_height":0,"ocean_custom_logo_mobile_max_height":0,"ocean_header_custom_menu":"0","ocean_menu_typo_font_family":"0","ocean_menu_typo_font_subset":"","ocean_menu_typo_font_size":0,"ocean_menu_typo_font_size_tablet":0,"ocean_menu_typo_font_size_mobile":0,"ocean_menu_typo_font_size_unit":"px","ocean_menu_typo_font_weight":"","ocean_menu_typo_font_weight_tablet":"","ocean_menu_typo_font_weight_mobile":"","ocean_menu_typo_transform":"","ocean_menu_typo_transform_tablet":"","ocean_menu_typo_transform_mobile":"","ocean_menu_typo_line_height":0,"ocean_menu_typo_line_height_tablet":0,"ocean_menu_typo_line_height_mobile":0,"ocean_menu_typo_line_height_unit":"","ocean_menu_typo_spacing":0,"ocean_menu_typo_spacing_tablet":0,"ocean_menu_typo_spacing_mobile":0,"ocean_menu_typo_spacing_unit":"","ocean_menu_link_color":"","ocean_menu_link_color_hover":"","ocean_menu_link_color_active":"","ocean_menu_link_background":"","ocean_menu_link_hover_background":"","ocean_menu_link_active_background":"","ocean_menu_social_links_bg":"","ocean_menu_social_hover_links_bg":"","ocean_menu_social_links_color":"","ocean_menu_social_hover_links_color":"","ocean_disable_title":"default","ocean_disable_heading":"default","ocean_post_title":"","ocean_post_subheading":"","ocean_post_title_style":"","ocean_post_title_background_color":"","ocean_post_title_background":0,"ocean_post_title_bg_image_position":"","ocean_post_title_bg_image_attachment":"","ocean_post_title_bg_image_repeat":"","ocean_post_title_bg_image_size":"","ocean_post_title_height":0,"ocean_post_title_bg_overlay":0.5,"ocean_post_title_bg_overlay_color":"","ocean_disable_breadcrumbs":"default","ocean_breadcrumbs_color":"","ocean_breadcrumbs_separator_color":"","ocean_breadcrumbs_links_color":"","ocean_breadcrumbs_links_hover_color":"","ocean_display_footer_widgets":"default","ocean_display_footer_bottom":"default","ocean_custom_footer_template":"0"},"product_brand":[],"product_cat":[134,38],"product_tag":[173,207,193,163,206,262,190],"class_list":{"0":"post-2910","1":"product","2":"type-product","3":"status-publish","4":"has-post-thumbnail","6":"product_cat-glaces","7":"product_cat-gamme-enfants","8":"product_tag-citron","9":"product_tag-enfant","10":"product_tag-fraise","11":"product_tag-glace","12":"product_tag-glace-a-leau","13":"product_tag-maxxi-circus","14":"product_tag-orange","15":"product_shipping_class-freeze-product","17":"entry","18":"has-media","20":"first","21":"instock","22":"taxable","23":"shipping-taxable","24":"purchasable","25":"product-type-simple","26":"has-product-nav","27":"col","28":"span_1_of_3","29":"owp-content-center","30":"owp-thumbs-layout-horizontal","31":"owp-btn-normal","32":"owp-tabs-layout-horizontal","33":"has-no-thumbnails"},"_links":{"self":[{"href":"https:\/\/los-pistoleros.com\/en\/wp-json\/wp\/v2\/product\/2910","targetHints":{"allow":["GET"]}}],"collection":[{"href":"https:\/\/los-pistoleros.com\/en\/wp-json\/wp\/v2\/product"}],"about":[{"href":"https:\/\/los-pistoleros.com\/en\/wp-json\/wp\/v2\/types\/product"}],"wp:featuredmedia":[{"embeddable":true,"href":"https:\/\/los-pistoleros.com\/en\/wp-json\/wp\/v2\/media\/21871"}],"wp:attachment":[{"href":"https:\/\/los-pistoleros.com\/en\/wp-json\/wp\/v2\/media?parent=2910"}],"wp:term":[{"taxonomy":"product_brand","embeddable":true,"href":"https:\/\/los-pistoleros.com\/en\/wp-json\/wp\/v2\/product_brand?post=2910"},{"taxonomy":"product_cat","embeddable":true,"href":"https:\/\/los-pistoleros.com\/en\/wp-json\/wp\/v2\/product_cat?post=2910"},{"taxonomy":"product_tag","embeddable":true,"href":"https:\/\/los-pistoleros.com\/en\/wp-json\/wp\/v2\/product_tag?post=2910"}],"curies":[{"name":"wp","href":"https:\/\/api.w.org\/{rel}","templated":true}]}}