{"id":3335,"date":"2022-06-24T15:49:24","date_gmt":"2022-06-24T15:49:24","guid":{"rendered":"https:\/\/los-pistoleros.ownlycake.fr\/?post_type=product&#038;p=3335"},"modified":"2026-03-20T15:38:21","modified_gmt":"2026-03-20T13:38:21","slug":"paleta-menthe-chocolat-glace-batonnet-artisanale","status":"publish","type":"product","link":"https:\/\/los-pistoleros.com\/en\/product\/paleta-menthe-chocolat-glace-batonnet-artisanale","title":{"rendered":"Mint filled with chocolate"},"content":{"rendered":"<h1>Paleta Menthe Chocolat Artisanale<\/h1>\n<p data-start=\"584\" data-end=\"737\">D\u00e9couvrez une <strong data-start=\"598\" data-end=\"635\">paleta menthe chocolat artisanale<\/strong>, un b\u00e2tonnet glac\u00e9 qui associe la <strong data-start=\"670\" data-end=\"706\">fra\u00eecheur naturelle de la menthe<\/strong> \u00e0 <strong data-start=\"709\" data-end=\"736\">l\u2019intensit\u00e9 du chocolat<\/strong>.<\/p>\n<p data-start=\"739\" data-end=\"902\">Sa texture dense (<strong data-start=\"757\" data-end=\"770\">0 % d\u2019air<\/strong>) offre une exp\u00e9rience plus riche et gourmande qu\u2019une glace classique, avec un \u00e9quilibre parfait entre <strong data-start=\"873\" data-end=\"901\">fra\u00eecheur et gourmandise<\/strong>.<\/p>\n<p data-start=\"904\" data-end=\"1031\">Fabriqu\u00e9e en France de mani\u00e8re artisanale, cette paleta est id\u00e9ale pour une pause dessert \u00e0 la fois rafra\u00eechissante et intense.<\/p>\n<h3 data-section-id=\"1xhxtfa\" data-start=\"1038\" data-end=\"1055\">Points forts<\/h3>\n<ul>\n<li data-start=\"1059\" data-end=\"1106\">Association menthe fra\u00eeche &amp; chocolat intense<\/li>\n<li data-start=\"1109\" data-end=\"1140\">Texture dense (<strong data-start=\"1124\" data-end=\"1137\">0 % d\u2019air<\/strong>)<\/li>\n<li data-start=\"1143\" data-end=\"1173\">Format individuel <strong data-start=\"1161\" data-end=\"1171\">113 ml<\/strong><\/li>\n<li data-start=\"1176\" data-end=\"1214\">Sans ar\u00f4me, colorant ni conservateur<\/li>\n<li data-start=\"1217\" data-end=\"1251\">Fabrication artisanale fran\u00e7aise<\/li>\n<\/ul>\n<h2>Conseils de d\u00e9gustation<\/h2>\n<p data-start=\"1289\" data-end=\"1411\">Sortir la paleta du cong\u00e9lateur et <strong data-start=\"1324\" data-end=\"1352\">laisser reposer 1 minute<\/strong> \u00e0 temp\u00e9rature ambiante pour r\u00e9v\u00e9ler pleinement les ar\u00f4mes.<\/p>\n<p class=\"translation-block\">Ingredients: Water, Chocolate (25%), Cream, Milk powder, Sugar, Glucose, Natural mint extract (1.4%), Emulsifier (Mono- and diglycerides of fatty acids, Locust bean gum flour, Sodium alginate, Guar gum, Carrageenans) \u2013 Contains milk<\/p>\n<p class=\"translation-block\">Allergens: Milk. May contain traces of gluten, eggs, tree nuts, soy, sesame.<\/p>\n<p data-start=\"5421\" data-end=\"5526\">La combinaison de menthe rafra\u00eechissante et de chocolat intense offre une paleta \u00e9quilibr\u00e9e et gourmande.<\/p>\n<p data-start=\"5421\" data-end=\"5526\"><strong data-start=\"2350\" data-end=\"2454\">Vous \u00eates un professionnel ? Demandez nos tarifs pros et conditions adapt\u00e9es \u00e0 votre point de vente.<\/strong><\/p>","protected":false},"excerpt":{"rendered":"<p>Paleta artisanale menthe chocolat : une glace b\u00e2tonnet rafra\u00eechissante avec \u00e9clats de chocolat,\u00a0sans air ajout\u00e9, fabriqu\u00e9e en France.<\/p>","protected":false},"featured_media":3291,"template":"","meta":{"ocean_post_layout":"","ocean_both_sidebars_style":"","ocean_both_sidebars_content_width":0,"ocean_both_sidebars_sidebars_width":0,"ocean_sidebar":"0","ocean_second_sidebar":"0","ocean_disable_margins":"enable","ocean_add_body_class":"","ocean_shortcode_before_top_bar":"","ocean_shortcode_after_top_bar":"","ocean_shortcode_before_header":"","ocean_shortcode_after_header":"","ocean_has_shortcode":"","ocean_shortcode_after_title":"","ocean_shortcode_before_footer_widgets":"","ocean_shortcode_after_footer_widgets":"","ocean_shortcode_before_footer_bottom":"","ocean_shortcode_after_footer_bottom":"","ocean_display_top_bar":"default","ocean_display_header":"default","ocean_header_style":"","ocean_center_header_left_menu":"0","ocean_custom_header_template":"0","ocean_custom_logo":0,"ocean_custom_retina_logo":0,"ocean_custom_logo_max_width":0,"ocean_custom_logo_tablet_max_width":0,"ocean_custom_logo_mobile_max_width":0,"ocean_custom_logo_max_height":0,"ocean_custom_logo_tablet_max_height":0,"ocean_custom_logo_mobile_max_height":0,"ocean_header_custom_menu":"0","ocean_menu_typo_font_family":"0","ocean_menu_typo_font_subset":"","ocean_menu_typo_font_size":0,"ocean_menu_typo_font_size_tablet":0,"ocean_menu_typo_font_size_mobile":0,"ocean_menu_typo_font_size_unit":"px","ocean_menu_typo_font_weight":"","ocean_menu_typo_font_weight_tablet":"","ocean_menu_typo_font_weight_mobile":"","ocean_menu_typo_transform":"","ocean_menu_typo_transform_tablet":"","ocean_menu_typo_transform_mobile":"","ocean_menu_typo_line_height":0,"ocean_menu_typo_line_height_tablet":0,"ocean_menu_typo_line_height_mobile":0,"ocean_menu_typo_line_height_unit":"","ocean_menu_typo_spacing":0,"ocean_menu_typo_spacing_tablet":0,"ocean_menu_typo_spacing_mobile":0,"ocean_menu_typo_spacing_unit":"","ocean_menu_link_color":"","ocean_menu_link_color_hover":"","ocean_menu_link_color_active":"","ocean_menu_link_background":"","ocean_menu_link_hover_background":"","ocean_menu_link_active_background":"","ocean_menu_social_links_bg":"","ocean_menu_social_hover_links_bg":"","ocean_menu_social_links_color":"","ocean_menu_social_hover_links_color":"","ocean_disable_title":"default","ocean_disable_heading":"default","ocean_post_title":"","ocean_post_subheading":"","ocean_post_title_style":"","ocean_post_title_background_color":"","ocean_post_title_background":0,"ocean_post_title_bg_image_position":"","ocean_post_title_bg_image_attachment":"","ocean_post_title_bg_image_repeat":"","ocean_post_title_bg_image_size":"","ocean_post_title_height":0,"ocean_post_title_bg_overlay":0.5,"ocean_post_title_bg_overlay_color":"","ocean_disable_breadcrumbs":"default","ocean_breadcrumbs_color":"","ocean_breadcrumbs_separator_color":"","ocean_breadcrumbs_links_color":"","ocean_breadcrumbs_links_hover_color":"","ocean_display_footer_widgets":"default","ocean_display_footer_bottom":"default","ocean_custom_footer_template":"0"},"product_brand":[],"product_cat":[149,154,134,37,19],"product_tag":[203,163,191,202,40],"class_list":{"0":"post-3335","1":"product","2":"type-product","3":"status-publish","4":"has-post-thumbnail","6":"product_cat-chocolat","7":"product_cat-creme-glacee","8":"product_cat-glaces","9":"product_cat-les-gourmandes","10":"product_cat-paletas","11":"product_tag-choco","12":"product_tag-glace","13":"product_tag-glaces","14":"product_tag-menthe","15":"product_tag-paletas","16":"product_shipping_class-freeze-product","18":"entry","19":"has-media","21":"first","22":"instock","23":"taxable","24":"shipping-taxable","25":"purchasable","26":"product-type-simple","27":"has-product-nav","28":"col","29":"span_1_of_3","30":"owp-content-center","31":"owp-thumbs-layout-horizontal","32":"owp-btn-normal","33":"owp-tabs-layout-horizontal","34":"has-no-thumbnails"},"_links":{"self":[{"href":"https:\/\/los-pistoleros.com\/en\/wp-json\/wp\/v2\/product\/3335","targetHints":{"allow":["GET"]}}],"collection":[{"href":"https:\/\/los-pistoleros.com\/en\/wp-json\/wp\/v2\/product"}],"about":[{"href":"https:\/\/los-pistoleros.com\/en\/wp-json\/wp\/v2\/types\/product"}],"wp:featuredmedia":[{"embeddable":true,"href":"https:\/\/los-pistoleros.com\/en\/wp-json\/wp\/v2\/media\/3291"}],"wp:attachment":[{"href":"https:\/\/los-pistoleros.com\/en\/wp-json\/wp\/v2\/media?parent=3335"}],"wp:term":[{"taxonomy":"product_brand","embeddable":true,"href":"https:\/\/los-pistoleros.com\/en\/wp-json\/wp\/v2\/product_brand?post=3335"},{"taxonomy":"product_cat","embeddable":true,"href":"https:\/\/los-pistoleros.com\/en\/wp-json\/wp\/v2\/product_cat?post=3335"},{"taxonomy":"product_tag","embeddable":true,"href":"https:\/\/los-pistoleros.com\/en\/wp-json\/wp\/v2\/product_tag?post=3335"}],"curies":[{"name":"wp","href":"https:\/\/api.w.org\/{rel}","templated":true}]}}