{"id":3336,"date":"2022-06-24T15:55:40","date_gmt":"2022-06-24T15:55:40","guid":{"rendered":"https:\/\/los-pistoleros.ownlycake.fr\/?post_type=product&#038;p=3336"},"modified":"2026-03-20T13:30:49","modified_gmt":"2026-03-20T11:30:49","slug":"glace-fraise-bio-artisanale","status":"publish","type":"product","link":"https:\/\/los-pistoleros.com\/en\/product\/glace-fraise-bio-artisanale","title":{"rendered":"Organic strawberry"},"content":{"rendered":"<h1>Glace Artisanale \u00e0 la Fraise Bio<\/h1>\n<p data-start=\"587\" data-end=\"787\">Savourez toute la <strong data-start=\"605\" data-end=\"657\">fra\u00eecheur d\u2019une glace artisanale \u00e0 la fraise bio<\/strong>, \u00e9labor\u00e9e avec de <strong data-start=\"676\" data-end=\"710\">v\u00e9ritables fraises biologiques<\/strong>soigneusement s\u00e9lectionn\u00e9es pour leur go\u00fbt intense et naturellement sucr\u00e9.<\/p>\n<p data-start=\"789\" data-end=\"1029\">Chez Los Pistoleros, nous privil\u00e9gions des <strong data-start=\"832\" data-end=\"867\">ingr\u00e9dients simples et naturels<\/strong> afin de cr\u00e9er une glace authentique, fruit\u00e9e et rafra\u00eechissante. Chaque bouch\u00e9e r\u00e9v\u00e8le la saveur pure de la fraise pour un moment gourmand et plein de fra\u00eecheur.<\/p>\n<p data-start=\"1031\" data-end=\"1128\">Cette glace \u00e0 la fraise bio est id\u00e9ale pour les amateurs de desserts fruit\u00e9s, l\u00e9gers et naturels.<\/p>\n<h3 data-section-id=\"1xhxtfa\" data-start=\"1135\" data-end=\"1152\">Points forts :<\/h3>\n<ul>\n<li data-start=\"1156\" data-end=\"1196\">Sorbet plein fruit \u00e0 la fraise bio<\/li>\n<li data-start=\"1199\" data-end=\"1233\">Recette artisanale fran\u00e7aise<\/li>\n<li data-start=\"1236\" data-end=\"1278\">Sans ar\u00f4mes artificiels ni colorants<\/li>\n<li data-start=\"1281\" data-end=\"1316\">Texture onctueuse et go\u00fbt intense<\/li>\n<li data-start=\"1319\" data-end=\"1373\">Convient aux amateurs de desserts l\u00e9gers et naturels<\/li>\n<\/ul>\n<h3 data-section-id=\"4gtzmw\" data-start=\"1380\" data-end=\"1409\">Conseils de d\u00e9gustation :<\/h3>\n<p data-start=\"1411\" data-end=\"1523\">Sortir la glace du cong\u00e9lateur et <strong data-start=\"1445\" data-end=\"1473\">laisser reposer 1 minute<\/strong> \u00e0 temp\u00e9rature ambiante pour une texture optimale.<\/p>\n<p data-start=\"1279\" data-end=\"1376\"><strong>Ingr\u00e9dients :<\/strong> Fraises biologiques, lait*, cr\u00e8me*, sucre*, stabilisant naturel.<\/p>\n<p data-start=\"1772\" data-end=\"1806\">*Issu de l\u2019agriculture biologique<\/p>\n<p data-section-id=\"1mpgqvf\" data-start=\"1813\" data-end=\"1829\"><strong>Allerg\u00e8nes :<\/strong>\u00a0<strong data-start=\"1842\" data-end=\"1857\">lait, cr\u00e8me<\/strong>.<br data-start=\"1858\" data-end=\"1861\" \/>Peut contenir des traces de : <strong data-start=\"1891\" data-end=\"1936\">gluten, \u0153uf, fruits \u00e0 coque, soja, s\u00e9same<\/strong>.<\/p>\n<p><strong data-start=\"2458\" data-end=\"2573\">Vous \u00eates un professionnel ? Contactez-nous pour nos tarifs pros et conditions adapt\u00e9es \u00e0 votre point de vente.<\/strong><\/p>\n<p data-start=\"1279\" data-end=\"1376\">","protected":false},"excerpt":{"rendered":"<p>D\u00e9couvrez notre glace artisanale \u00e0 la fraise bio : une recette naturelle, gourmande et rafra\u00eechissante r\u00e9alis\u00e9e avec de vraies fraises biologiques. Une glace fruit\u00e9e et authentique sign\u00e9e Los Pistoleros.<\/p>","protected":false},"featured_media":21762,"template":"","meta":{"ocean_post_layout":"","ocean_both_sidebars_style":"","ocean_both_sidebars_content_width":0,"ocean_both_sidebars_sidebars_width":0,"ocean_sidebar":"0","ocean_second_sidebar":"0","ocean_disable_margins":"enable","ocean_add_body_class":"","ocean_shortcode_before_top_bar":"","ocean_shortcode_after_top_bar":"","ocean_shortcode_before_header":"","ocean_shortcode_after_header":"","ocean_has_shortcode":"","ocean_shortcode_after_title":"","ocean_shortcode_before_footer_widgets":"","ocean_shortcode_after_footer_widgets":"","ocean_shortcode_before_footer_bottom":"","ocean_shortcode_after_footer_bottom":"","ocean_display_top_bar":"default","ocean_display_header":"default","ocean_header_style":"","ocean_center_header_left_menu":"0","ocean_custom_header_template":"0","ocean_custom_logo":0,"ocean_custom_retina_logo":0,"ocean_custom_logo_max_width":0,"ocean_custom_logo_tablet_max_width":0,"ocean_custom_logo_mobile_max_width":0,"ocean_custom_logo_max_height":0,"ocean_custom_logo_tablet_max_height":0,"ocean_custom_logo_mobile_max_height":0,"ocean_header_custom_menu":"0","ocean_menu_typo_font_family":"0","ocean_menu_typo_font_subset":"","ocean_menu_typo_font_size":0,"ocean_menu_typo_font_size_tablet":0,"ocean_menu_typo_font_size_mobile":0,"ocean_menu_typo_font_size_unit":"px","ocean_menu_typo_font_weight":"","ocean_menu_typo_font_weight_tablet":"","ocean_menu_typo_font_weight_mobile":"","ocean_menu_typo_transform":"","ocean_menu_typo_transform_tablet":"","ocean_menu_typo_transform_mobile":"","ocean_menu_typo_line_height":0,"ocean_menu_typo_line_height_tablet":0,"ocean_menu_typo_line_height_mobile":0,"ocean_menu_typo_line_height_unit":"","ocean_menu_typo_spacing":0,"ocean_menu_typo_spacing_tablet":0,"ocean_menu_typo_spacing_mobile":0,"ocean_menu_typo_spacing_unit":"","ocean_menu_link_color":"","ocean_menu_link_color_hover":"","ocean_menu_link_color_active":"","ocean_menu_link_background":"","ocean_menu_link_hover_background":"","ocean_menu_link_active_background":"","ocean_menu_social_links_bg":"","ocean_menu_social_hover_links_bg":"","ocean_menu_social_links_color":"","ocean_menu_social_hover_links_color":"","ocean_disable_title":"default","ocean_disable_heading":"default","ocean_post_title":"","ocean_post_subheading":"","ocean_post_title_style":"","ocean_post_title_background_color":"","ocean_post_title_background":0,"ocean_post_title_bg_image_position":"","ocean_post_title_bg_image_attachment":"","ocean_post_title_bg_image_repeat":"","ocean_post_title_bg_image_size":"","ocean_post_title_height":0,"ocean_post_title_bg_overlay":0.5,"ocean_post_title_bg_overlay_color":"","ocean_disable_breadcrumbs":"default","ocean_breadcrumbs_color":"","ocean_breadcrumbs_separator_color":"","ocean_breadcrumbs_links_color":"","ocean_breadcrumbs_links_hover_color":"","ocean_display_footer_widgets":"default","ocean_display_footer_bottom":"default","ocean_custom_footer_template":"0"},"product_brand":[],"product_cat":[130,35,152,134,19,153],"product_tag":[194,193,195,191,40,192],"class_list":{"0":"post-3336","1":"product","2":"type-product","3":"status-publish","4":"has-post-thumbnail","6":"product_cat-bio","7":"product_cat-les-fruitees","8":"product_cat-fruits-rouge","9":"product_cat-glaces","10":"product_cat-paletas","11":"product_cat-sorbet","12":"product_tag-bio","13":"product_tag-fraise","14":"product_tag-fruit","15":"product_tag-glaces","16":"product_tag-paletas","17":"product_tag-sorbet","18":"product_shipping_class-freeze-product","20":"entry","21":"has-media","23":"first","24":"instock","25":"taxable","26":"shipping-taxable","27":"purchasable","28":"product-type-simple","29":"has-product-nav","30":"col","31":"span_1_of_3","32":"owp-content-center","33":"owp-thumbs-layout-horizontal","34":"owp-btn-normal","35":"owp-tabs-layout-horizontal","36":"has-no-thumbnails"},"_links":{"self":[{"href":"https:\/\/los-pistoleros.com\/en\/wp-json\/wp\/v2\/product\/3336","targetHints":{"allow":["GET"]}}],"collection":[{"href":"https:\/\/los-pistoleros.com\/en\/wp-json\/wp\/v2\/product"}],"about":[{"href":"https:\/\/los-pistoleros.com\/en\/wp-json\/wp\/v2\/types\/product"}],"wp:featuredmedia":[{"embeddable":true,"href":"https:\/\/los-pistoleros.com\/en\/wp-json\/wp\/v2\/media\/21762"}],"wp:attachment":[{"href":"https:\/\/los-pistoleros.com\/en\/wp-json\/wp\/v2\/media?parent=3336"}],"wp:term":[{"taxonomy":"product_brand","embeddable":true,"href":"https:\/\/los-pistoleros.com\/en\/wp-json\/wp\/v2\/product_brand?post=3336"},{"taxonomy":"product_cat","embeddable":true,"href":"https:\/\/los-pistoleros.com\/en\/wp-json\/wp\/v2\/product_cat?post=3336"},{"taxonomy":"product_tag","embeddable":true,"href":"https:\/\/los-pistoleros.com\/en\/wp-json\/wp\/v2\/product_tag?post=3336"}],"curies":[{"name":"wp","href":"https:\/\/api.w.org\/{rel}","templated":true}]}}