{"id":3403,"date":"2022-06-26T15:12:05","date_gmt":"2022-06-26T15:12:05","guid":{"rendered":"https:\/\/los-pistoleros.ownlycake.fr\/?post_type=product&#038;p=3403"},"modified":"2026-03-20T15:33:18","modified_gmt":"2026-03-20T13:33:18","slug":"paleta-banane-pate-a-tartiner-glace-batonnet-artisanal","status":"publish","type":"product","link":"https:\/\/los-pistoleros.com\/en\/product\/paleta-banane-pate-a-tartiner-glace-batonnet-artisanal","title":{"rendered":"Banane p\u00e2te \u00e0 tartiner"},"content":{"rendered":"<h1>Paleta Banane P\u00e2te \u00e0 Tartiner<\/h1>\n<p data-start=\"596\" data-end=\"793\">D\u00e9couvrez une <strong data-start=\"610\" data-end=\"654\">paleta banane p\u00e2te \u00e0 tartiner artisanale<\/strong>, un b\u00e2tonnet glac\u00e9 ultra gourmand qui associe la <strong data-start=\"704\" data-end=\"738\">douceur naturelle de la banane<\/strong> \u00e0 une <strong data-start=\"745\" data-end=\"792\">p\u00e2te \u00e0 tartiner chocolat noisette g\u00e9n\u00e9reuse<\/strong>.<\/p>\n<p data-start=\"795\" data-end=\"979\">Sa texture dense (<strong data-start=\"813\" data-end=\"826\">0 % d\u2019air<\/strong>) intensifie les saveurs et offre une exp\u00e9rience plus riche qu\u2019une glace classique, avec un parfait \u00e9quilibre entre <strong data-start=\"942\" data-end=\"978\">fruit, onctuosit\u00e9 et gourmandise<\/strong>.<\/p>\n<p data-start=\"981\" data-end=\"1099\">Fabriqu\u00e9e en France de mani\u00e8re artisanale, cette paleta est id\u00e9ale pour une pause dessert r\u00e9confortante et savoureuse.<\/p>\n<h3 data-section-id=\"1xhxtfa\" data-start=\"1106\" data-end=\"1123\">Points forts<\/h3>\n<ul>\n<li data-start=\"1127\" data-end=\"1171\">Banane <strong data-start=\"1134\" data-end=\"1142\">40 %<\/strong> + p\u00e2te \u00e0 tartiner <strong data-start=\"1161\" data-end=\"1169\">25 %<\/strong><\/li>\n<li data-start=\"1174\" data-end=\"1205\">Texture dense (<strong data-start=\"1189\" data-end=\"1202\">0 % d\u2019air<\/strong>)<\/li>\n<li data-start=\"1208\" data-end=\"1238\">Format individuel <strong data-start=\"1226\" data-end=\"1236\">113 ml<\/strong><\/li>\n<li data-start=\"1241\" data-end=\"1279\">Sans ar\u00f4me, colorant ni conservateur<\/li>\n<li data-start=\"1282\" data-end=\"1316\">Fabrication artisanale fran\u00e7aise<\/li>\n<\/ul>\n<h3 data-section-id=\"4gtzmw\" data-start=\"1323\" data-end=\"1352\">Conseils de d\u00e9gustation<\/h3>\n<p data-start=\"1354\" data-end=\"1475\">Sortir la paleta du cong\u00e9lateur et <strong data-start=\"1389\" data-end=\"1417\">laisser reposer 1 minute<\/strong> \u00e0 temp\u00e9rature ambiante pour r\u00e9v\u00e9ler toute son onctuosit\u00e9.<\/p>\n<p class=\"translation-block\">Ingredients: Banana (40%), Chocolate hazelnut spread (rapeseed and palm vegetable oils, cocoa, sunflower lecithin) (25%), Water, Sugar, Cream, Skimmed milk powder, Glucose, Fresh lemon juice, Emulsifier (Mono- and diglycerides of fatty acids, Locust bean gum flour, Sodium alginate, Guar gum, Carrageenans) \u2013 Contains soy, milk, tree nuts, whey<\/p>\n<p class=\"translation-block\">Allergens: Soy, Milk, Tree nuts, Whey. May contain traces of eggs, tree nuts, soy, sesame.<\/p>\n<p>Une combinaison parfaite pour les amateurs de desserts glac\u00e9s g\u00e9n\u00e9reux et r\u00e9confortants.<\/p>\n<p><strong data-start=\"2556\" data-end=\"2660\">Vous \u00eates un professionnel ? Demandez nos tarifs pros et conditions adapt\u00e9es \u00e0 votre point de vente.<\/strong><\/p>","protected":false},"excerpt":{"rendered":"<p>Paleta banane p\u00e2te \u00e0 tartiner : une glace b\u00e2tonnet gourmande associant la douceur de la banane et une p\u00e2te \u00e0 tartiner chocolat\u00e9e, onctueuse, sans air ajout\u00e9 et fabriqu\u00e9e en France.<\/p>","protected":false},"featured_media":21562,"template":"","meta":{"ocean_post_layout":"","ocean_both_sidebars_style":"","ocean_both_sidebars_content_width":0,"ocean_both_sidebars_sidebars_width":0,"ocean_sidebar":"0","ocean_second_sidebar":"0","ocean_disable_margins":"enable","ocean_add_body_class":"","ocean_shortcode_before_top_bar":"","ocean_shortcode_after_top_bar":"","ocean_shortcode_before_header":"","ocean_shortcode_after_header":"","ocean_has_shortcode":"","ocean_shortcode_after_title":"","ocean_shortcode_before_footer_widgets":"","ocean_shortcode_after_footer_widgets":"","ocean_shortcode_before_footer_bottom":"","ocean_shortcode_after_footer_bottom":"","ocean_display_top_bar":"default","ocean_display_header":"default","ocean_header_style":"","ocean_center_header_left_menu":"0","ocean_custom_header_template":"0","ocean_custom_logo":0,"ocean_custom_retina_logo":0,"ocean_custom_logo_max_width":0,"ocean_custom_logo_tablet_max_width":0,"ocean_custom_logo_mobile_max_width":0,"ocean_custom_logo_max_height":0,"ocean_custom_logo_tablet_max_height":0,"ocean_custom_logo_mobile_max_height":0,"ocean_header_custom_menu":"0","ocean_menu_typo_font_family":"0","ocean_menu_typo_font_subset":"","ocean_menu_typo_font_size":0,"ocean_menu_typo_font_size_tablet":0,"ocean_menu_typo_font_size_mobile":0,"ocean_menu_typo_font_size_unit":"px","ocean_menu_typo_font_weight":"","ocean_menu_typo_font_weight_tablet":"","ocean_menu_typo_font_weight_mobile":"","ocean_menu_typo_transform":"","ocean_menu_typo_transform_tablet":"","ocean_menu_typo_transform_mobile":"","ocean_menu_typo_line_height":0,"ocean_menu_typo_line_height_tablet":0,"ocean_menu_typo_line_height_mobile":0,"ocean_menu_typo_line_height_unit":"","ocean_menu_typo_spacing":0,"ocean_menu_typo_spacing_tablet":0,"ocean_menu_typo_spacing_mobile":0,"ocean_menu_typo_spacing_unit":"","ocean_menu_link_color":"","ocean_menu_link_color_hover":"","ocean_menu_link_color_active":"","ocean_menu_link_background":"","ocean_menu_link_hover_background":"","ocean_menu_link_active_background":"","ocean_menu_social_links_bg":"","ocean_menu_social_hover_links_bg":"","ocean_menu_social_links_color":"","ocean_menu_social_hover_links_color":"","ocean_disable_title":"default","ocean_disable_heading":"default","ocean_post_title":"","ocean_post_subheading":"","ocean_post_title_style":"","ocean_post_title_background_color":"","ocean_post_title_background":0,"ocean_post_title_bg_image_position":"","ocean_post_title_bg_image_attachment":"","ocean_post_title_bg_image_repeat":"","ocean_post_title_bg_image_size":"","ocean_post_title_height":0,"ocean_post_title_bg_overlay":0.5,"ocean_post_title_bg_overlay_color":"","ocean_disable_breadcrumbs":"default","ocean_breadcrumbs_color":"","ocean_breadcrumbs_separator_color":"","ocean_breadcrumbs_links_color":"","ocean_breadcrumbs_links_hover_color":"","ocean_display_footer_widgets":"default","ocean_display_footer_bottom":"default","ocean_custom_footer_template":"0"},"product_brand":[],"product_cat":[149,154,134,37,19],"product_tag":[161,162,195,163,191,40],"class_list":{"0":"post-3403","1":"product","2":"type-product","3":"status-publish","4":"has-post-thumbnail","6":"product_cat-chocolat","7":"product_cat-creme-glacee","8":"product_cat-glaces","9":"product_cat-les-gourmandes","10":"product_cat-paletas","11":"product_tag-banane","12":"product_tag-chocolat","13":"product_tag-fruit","14":"product_tag-glace","15":"product_tag-glaces","16":"product_tag-paletas","17":"product_shipping_class-freeze-product","19":"entry","20":"has-media","22":"first","23":"instock","24":"taxable","25":"shipping-taxable","26":"purchasable","27":"product-type-simple","28":"has-product-nav","29":"col","30":"span_1_of_3","31":"owp-content-center","32":"owp-thumbs-layout-horizontal","33":"owp-btn-normal","34":"owp-tabs-layout-horizontal","35":"has-no-thumbnails"},"_links":{"self":[{"href":"https:\/\/los-pistoleros.com\/en\/wp-json\/wp\/v2\/product\/3403","targetHints":{"allow":["GET"]}}],"collection":[{"href":"https:\/\/los-pistoleros.com\/en\/wp-json\/wp\/v2\/product"}],"about":[{"href":"https:\/\/los-pistoleros.com\/en\/wp-json\/wp\/v2\/types\/product"}],"wp:featuredmedia":[{"embeddable":true,"href":"https:\/\/los-pistoleros.com\/en\/wp-json\/wp\/v2\/media\/21562"}],"wp:attachment":[{"href":"https:\/\/los-pistoleros.com\/en\/wp-json\/wp\/v2\/media?parent=3403"}],"wp:term":[{"taxonomy":"product_brand","embeddable":true,"href":"https:\/\/los-pistoleros.com\/en\/wp-json\/wp\/v2\/product_brand?post=3403"},{"taxonomy":"product_cat","embeddable":true,"href":"https:\/\/los-pistoleros.com\/en\/wp-json\/wp\/v2\/product_cat?post=3403"},{"taxonomy":"product_tag","embeddable":true,"href":"https:\/\/los-pistoleros.com\/en\/wp-json\/wp\/v2\/product_tag?post=3403"}],"curies":[{"name":"wp","href":"https:\/\/api.w.org\/{rel}","templated":true}]}}