{"id":4558,"date":"2022-10-31T10:06:26","date_gmt":"2022-10-31T10:06:26","guid":{"rendered":"https:\/\/los-pistoleros.com?post_type=product&#038;p=4558"},"modified":"2026-03-19T11:48:06","modified_gmt":"2026-03-19T09:48:06","slug":"beignet-chocolat-noisette-160g","status":"publish","type":"product","link":"https:\/\/los-pistoleros.com\/en\/product\/beignet-chocolat-noisette-160g","title":{"rendered":"Beignet Fourr\u00e9 P\u00e2te \u00e0 Tartiner Chocolat Noisette"},"content":{"rendered":"<h1>Maxxi Beignet \u2013 Chocolat Noisette<\/h1>\n<h3 data-start=\"759\" data-end=\"818\">Maxxi Beignet pr\u00eat \u00e0 cuire \u2013 Format individuel gourmand<\/h3>\n<p data-start=\"615\" data-end=\"754\">Craquez pour le Maxxi Beignet fourr\u00e9 chocolat noisette, un format 160g moelleux et g\u00e9n\u00e9reusement garni d\u2019un c\u0153ur fondant cacao et noisette.<\/p>\n<p data-start=\"756\" data-end=\"879\">Son format individuel en fait une solution id\u00e9ale pour une pause gourmande, un dessert rapide ou une offre snacking sucr\u00e9e.<\/p>\n<p data-start=\"932\" data-end=\"962\">Disponible en trois recettes :<\/p>\n<ul data-start=\"963\" data-end=\"1040\">\n<li data-start=\"963\" data-end=\"980\">\n<p data-start=\"965\" data-end=\"980\">Nature \u2013 120g<\/p>\n<\/li>\n<li data-start=\"981\" data-end=\"1004\">\n<p data-start=\"983\" data-end=\"1004\">Fourr\u00e9 Pomme \u2013 160g<\/p>\n<\/li>\n<li data-start=\"1005\" data-end=\"1040\">\n<p data-start=\"1007\" data-end=\"1040\">Fourr\u00e9 Chocolat Noisette \u2013 160g<\/p>\n<\/li>\n<\/ul>\n<p data-start=\"1042\" data-end=\"1152\">Son format individuel et son c\u0153ur fondant en font un produit parfait pour les amateurs de douceurs moelleuses.<\/p>\n<h3 data-start=\"1159\" data-end=\"1189\">Conseils de pr\u00e9paration<\/h3>\n<p data-start=\"1191\" data-end=\"1217\">Pour un r\u00e9sultat optimal :<\/p>\n<ul data-start=\"1219\" data-end=\"1326\">\n<li data-start=\"1219\" data-end=\"1258\">\n<p data-start=\"1221\" data-end=\"1258\">8 minutes \u00e0 four chaud (200\u00b0C)<br data-start=\"1251\" data-end=\"1254\" \/>ou<\/p>\n<\/li>\n<li data-start=\"1259\" data-end=\"1286\">\n<p data-start=\"1261\" data-end=\"1286\">6 \u00e0 8 heures \u00e0 4\u00b0C<br data-start=\"1279\" data-end=\"1282\" \/>ou<\/p>\n<\/li>\n<li data-start=\"1287\" data-end=\"1326\">\n<p data-start=\"1289\" data-end=\"1326\">2 \u00e0 4 heures \u00e0 temp\u00e9rature ambiante<\/p>\n<\/li>\n<\/ul>\n<p data-start=\"1328\" data-end=\"1380\">Apr\u00e8s d\u00e9cong\u00e9lation :<br data-start=\"1349\" data-end=\"1352\" \/>DDM secondaire de 48h \u00e0 4\u00b0C<\/p>\n<h3 data-start=\"121\" data-end=\"137\">Ingr\u00e9dients<\/h3>\n<p data-start=\"139\" data-end=\"670\">Farine de <strong data-start=\"149\" data-end=\"156\">BL\u00c9<\/strong>, eau, fourrage cr\u00e8me <strong data-start=\"178\" data-end=\"190\">NOISETTE<\/strong> et cacao 25 % (sucre, huile de tournesol, <strong data-start=\"233\" data-end=\"246\">NOISETTES<\/strong> 8 %, cacao \u00e9cr\u00e9m\u00e9 en poudre 8 %, lait \u00e9cr\u00e9m\u00e9 en poudre, \u00e9mulsifiant : l\u00e9cithine de <strong data-start=\"330\" data-end=\"338\">SOJA<\/strong> (E322), ar\u00f4mes), sucre, huile de palme, levure de bi\u00e8re, \u0153ufs pasteuris\u00e9s, sel, <strong data-start=\"419\" data-end=\"430\">LACTOSE<\/strong>, lactos\u00e9rum en poudre, \u00e9mulsifiants : E471, E472e, huiles v\u00e9g\u00e9tales (palme, colza, tournesol), gluten de <strong data-start=\"536\" data-end=\"543\">BL\u00c9<\/strong>, dextrose, blanc d\u2019<strong data-start=\"563\" data-end=\"570\">\u0152UF<\/strong> en poudre, ar\u00f4mes, agents de traitement de la farine (E300, E920), antiagglom\u00e9rant : E170, enzymes.<\/p>\n<h3 data-start=\"677\" data-end=\"692\">Allerg\u00e8nes<\/h3>\n<p data-start=\"694\" data-end=\"822\">Contient : <strong data-start=\"705\" data-end=\"743\">BL\u00c9, \u0152UF, LACTOSE, SOJA, NOISETTES<\/strong><br data-start=\"743\" data-end=\"746\" \/>Peut contenir des traces de : <strong data-start=\"776\" data-end=\"821\">MOUTARDE, S\u00c9SAME et autres fruits \u00e0 coque<\/strong>.<\/p>\n<p data-start=\"1328\" data-end=\"1380\">Vous \u00eates un professionnel ? Contactez-nous pour recevoir nos conditions revendeurs.<\/p>","protected":false},"excerpt":{"rendered":"<p>Maxxi Beignet chocolat noisette 160g. Pr\u00eat \u00e0 cuire, format individuel gourmand.<\/p>\n<p>&nbsp;<\/p>","protected":false},"featured_media":21695,"template":"","meta":{"ocean_post_layout":"","ocean_both_sidebars_style":"","ocean_both_sidebars_content_width":0,"ocean_both_sidebars_sidebars_width":0,"ocean_sidebar":"0","ocean_second_sidebar":"0","ocean_disable_margins":"enable","ocean_add_body_class":"","ocean_shortcode_before_top_bar":"","ocean_shortcode_after_top_bar":"","ocean_shortcode_before_header":"","ocean_shortcode_after_header":"","ocean_has_shortcode":"","ocean_shortcode_after_title":"","ocean_shortcode_before_footer_widgets":"","ocean_shortcode_after_footer_widgets":"","ocean_shortcode_before_footer_bottom":"","ocean_shortcode_after_footer_bottom":"","ocean_display_top_bar":"default","ocean_display_header":"default","ocean_header_style":"","ocean_center_header_left_menu":"0","ocean_custom_header_template":"0","ocean_custom_logo":0,"ocean_custom_retina_logo":0,"ocean_custom_logo_max_width":0,"ocean_custom_logo_tablet_max_width":0,"ocean_custom_logo_mobile_max_width":0,"ocean_custom_logo_max_height":0,"ocean_custom_logo_tablet_max_height":0,"ocean_custom_logo_mobile_max_height":0,"ocean_header_custom_menu":"0","ocean_menu_typo_font_family":"0","ocean_menu_typo_font_subset":"","ocean_menu_typo_font_size":0,"ocean_menu_typo_font_size_tablet":0,"ocean_menu_typo_font_size_mobile":0,"ocean_menu_typo_font_size_unit":"px","ocean_menu_typo_font_weight":"","ocean_menu_typo_font_weight_tablet":"","ocean_menu_typo_font_weight_mobile":"","ocean_menu_typo_transform":"","ocean_menu_typo_transform_tablet":"","ocean_menu_typo_transform_mobile":"","ocean_menu_typo_line_height":0,"ocean_menu_typo_line_height_tablet":0,"ocean_menu_typo_line_height_mobile":0,"ocean_menu_typo_line_height_unit":"","ocean_menu_typo_spacing":0,"ocean_menu_typo_spacing_tablet":0,"ocean_menu_typo_spacing_mobile":0,"ocean_menu_typo_spacing_unit":"","ocean_menu_link_color":"","ocean_menu_link_color_hover":"","ocean_menu_link_color_active":"","ocean_menu_link_background":"","ocean_menu_link_hover_background":"","ocean_menu_link_active_background":"","ocean_menu_social_links_bg":"","ocean_menu_social_hover_links_bg":"","ocean_menu_social_links_color":"","ocean_menu_social_hover_links_color":"","ocean_disable_title":"default","ocean_disable_heading":"default","ocean_post_title":"","ocean_post_subheading":"","ocean_post_title_style":"","ocean_post_title_background_color":"","ocean_post_title_background":0,"ocean_post_title_bg_image_position":"","ocean_post_title_bg_image_attachment":"","ocean_post_title_bg_image_repeat":"","ocean_post_title_bg_image_size":"","ocean_post_title_height":0,"ocean_post_title_bg_overlay":0.5,"ocean_post_title_bg_overlay_color":"","ocean_disable_breadcrumbs":"default","ocean_breadcrumbs_color":"","ocean_breadcrumbs_separator_color":"","ocean_breadcrumbs_links_color":"","ocean_breadcrumbs_links_hover_color":"","ocean_display_footer_widgets":"default","ocean_display_footer_bottom":"default","ocean_custom_footer_template":"0"},"product_brand":[],"product_cat":[45,149,46],"product_tag":[156,52],"class_list":{"0":"post-4558","1":"product","2":"type-product","3":"status-publish","4":"has-post-thumbnail","6":"product_cat-beignets","7":"product_cat-chocolat","8":"product_cat-patisseries","9":"product_tag-beignet","10":"product_tag-patisseries","12":"entry","13":"has-media","15":"first","16":"instock","17":"taxable","18":"shipping-taxable","19":"purchasable","20":"product-type-simple","21":"has-product-nav","22":"col","23":"span_1_of_3","24":"owp-content-center","25":"owp-thumbs-layout-horizontal","26":"owp-btn-normal","27":"owp-tabs-layout-horizontal","28":"has-no-thumbnails"},"_links":{"self":[{"href":"https:\/\/los-pistoleros.com\/en\/wp-json\/wp\/v2\/product\/4558","targetHints":{"allow":["GET"]}}],"collection":[{"href":"https:\/\/los-pistoleros.com\/en\/wp-json\/wp\/v2\/product"}],"about":[{"href":"https:\/\/los-pistoleros.com\/en\/wp-json\/wp\/v2\/types\/product"}],"wp:featuredmedia":[{"embeddable":true,"href":"https:\/\/los-pistoleros.com\/en\/wp-json\/wp\/v2\/media\/21695"}],"wp:attachment":[{"href":"https:\/\/los-pistoleros.com\/en\/wp-json\/wp\/v2\/media?parent=4558"}],"wp:term":[{"taxonomy":"product_brand","embeddable":true,"href":"https:\/\/los-pistoleros.com\/en\/wp-json\/wp\/v2\/product_brand?post=4558"},{"taxonomy":"product_cat","embeddable":true,"href":"https:\/\/los-pistoleros.com\/en\/wp-json\/wp\/v2\/product_cat?post=4558"},{"taxonomy":"product_tag","embeddable":true,"href":"https:\/\/los-pistoleros.com\/en\/wp-json\/wp\/v2\/product_tag?post=4558"}],"curies":[{"name":"wp","href":"https:\/\/api.w.org\/{rel}","templated":true}]}}