{"id":4561,"date":"2022-10-31T10:23:39","date_gmt":"2022-10-31T10:23:39","guid":{"rendered":"https:\/\/los-pistoleros.com?post_type=product&#038;p=4561"},"modified":"2026-03-19T11:51:20","modified_gmt":"2026-03-19T09:51:20","slug":"beignet-pomme-160g","status":"publish","type":"product","link":"https:\/\/los-pistoleros.com\/en\/product\/beignet-pomme-160g","title":{"rendered":"Beignet Fourr\u00e9 Pommes"},"content":{"rendered":"<h1>Maxxi Beignet \u2013 Pomme<\/h1>\n<h3 data-start=\"655\" data-end=\"702\">Beignet Fourr\u00e9 Pomme 160g \u2013 Pause gourmande<\/h3>\n<p data-start=\"704\" data-end=\"824\">Craquez pour le Maxxi Beignet fourr\u00e9 pomme, un format 160g moelleux, g\u00e9n\u00e9reusement garni d\u2019un c\u0153ur fondant aux pommes.<\/p>\n<p data-start=\"826\" data-end=\"897\">Id\u00e9al pour un dessert rapide, une pause sucr\u00e9e ou un snacking gourmand.<\/p>\n<p data-start=\"932\" data-end=\"962\">Disponible en trois recettes :<\/p>\n<ul data-start=\"963\" data-end=\"1040\">\n<li data-start=\"963\" data-end=\"980\">\n<p data-start=\"965\" data-end=\"980\">Nature \u2013 120g<\/p>\n<\/li>\n<li data-start=\"981\" data-end=\"1004\">\n<p data-start=\"983\" data-end=\"1004\">Fourr\u00e9 Pomme \u2013 160g<\/p>\n<\/li>\n<li data-start=\"1005\" data-end=\"1040\">\n<p data-start=\"1007\" data-end=\"1040\">Fourr\u00e9 Chocolat Noisette \u2013 160g<\/p>\n<\/li>\n<\/ul>\n<p data-start=\"1042\" data-end=\"1152\">Son format individuel et son c\u0153ur fondant en font un produit parfait pour les amateurs de douceurs moelleuses.<\/p>\n<h3 data-start=\"904\" data-end=\"934\">Conseils de pr\u00e9paration<\/h3>\n<ul data-start=\"936\" data-end=\"1060\">\n<li data-start=\"936\" data-end=\"975\">\n<p data-start=\"938\" data-end=\"975\">8 minutes \u00e0 four chaud (200\u00b0C)<br data-start=\"968\" data-end=\"971\" \/>ou<\/p>\n<\/li>\n<li data-start=\"976\" data-end=\"1020\">\n<p data-start=\"978\" data-end=\"1020\">6 \u00e0 8 heures au r\u00e9frig\u00e9rateur (4\u00b0C)<br data-start=\"1013\" data-end=\"1016\" \/>ou<\/p>\n<\/li>\n<li data-start=\"1021\" data-end=\"1060\">\n<p data-start=\"1023\" data-end=\"1060\">2 \u00e0 4 heures \u00e0 temp\u00e9rature ambiante<\/p>\n<\/li>\n<\/ul>\n<p data-start=\"1062\" data-end=\"1109\">Apr\u00e8s d\u00e9cong\u00e9lation : DDM secondaire 48h \u00e0 4\u00b0C.<\/p>\n<h3 data-start=\"326\" data-end=\"343\">Ingr\u00e9dients<\/h3>\n<p data-start=\"345\" data-end=\"924\">Farine de <strong data-start=\"355\" data-end=\"362\">BL\u00c9<\/strong>, eau, fourrage pomme 25 % (pur\u00e9e de pommes 50 %, sirop de glucose-fructose, sucre, eau, amidon de ma\u00efs modifi\u00e9 (E1422), acidifiant : acide citrique (E330), conservateur : sorbate de potassium (E202), antioxydant : acide ascorbique (E300), ar\u00f4me), sucre, huile de palme, levure de bi\u00e8re, \u0153ufs pasteuris\u00e9s, sel, <strong data-start=\"673\" data-end=\"684\">LACTOSE<\/strong>, lactos\u00e9rum en poudre, \u00e9mulsifiants : E471, E472e, huiles v\u00e9g\u00e9tales (palme, colza, tournesol), gluten de <strong data-start=\"790\" data-end=\"797\">BL\u00c9<\/strong>, dextrose, blanc d\u2019<strong data-start=\"817\" data-end=\"824\">\u0152UF<\/strong> en poudre, ar\u00f4mes, agents de traitement de la farine (E300, E920), antia gglom\u00e9rant : E170, enzymes.<\/p>\n<h3 data-start=\"931\" data-end=\"947\">Allerg\u00e8nes<\/h3>\n<p data-start=\"949\" data-end=\"1077\">Contient : <strong data-start=\"960\" data-end=\"981\">BL\u00c9, \u0152UF, LACTOSE<\/strong><br data-start=\"981\" data-end=\"984\" \/>Peut contenir des traces de : <strong data-start=\"1014\" data-end=\"1076\">MOUTARDE, SOJA, S\u00c9SAME, NOISETTES et autres fruits \u00e0 coque<\/strong>.<\/p>\n<p data-start=\"1062\" data-end=\"1109\">Vous \u00eates un professionnel ? Contactez-nous pour conna\u00eetre nos conditions de distribution.<\/p>","protected":false},"excerpt":{"rendered":"<p>Beignet fourr\u00e9 pomme 160g. C\u0153ur fondant aux pommes, format individuel gourmand. Pr\u00eat \u00e0 cuire.<\/p>","protected":false},"featured_media":21694,"template":"","meta":{"ocean_post_layout":"","ocean_both_sidebars_style":"","ocean_both_sidebars_content_width":0,"ocean_both_sidebars_sidebars_width":0,"ocean_sidebar":"0","ocean_second_sidebar":"0","ocean_disable_margins":"enable","ocean_add_body_class":"","ocean_shortcode_before_top_bar":"","ocean_shortcode_after_top_bar":"","ocean_shortcode_before_header":"","ocean_shortcode_after_header":"","ocean_has_shortcode":"","ocean_shortcode_after_title":"","ocean_shortcode_before_footer_widgets":"","ocean_shortcode_after_footer_widgets":"","ocean_shortcode_before_footer_bottom":"","ocean_shortcode_after_footer_bottom":"","ocean_display_top_bar":"default","ocean_display_header":"default","ocean_header_style":"","ocean_center_header_left_menu":"0","ocean_custom_header_template":"0","ocean_custom_logo":0,"ocean_custom_retina_logo":0,"ocean_custom_logo_max_width":0,"ocean_custom_logo_tablet_max_width":0,"ocean_custom_logo_mobile_max_width":0,"ocean_custom_logo_max_height":0,"ocean_custom_logo_tablet_max_height":0,"ocean_custom_logo_mobile_max_height":0,"ocean_header_custom_menu":"0","ocean_menu_typo_font_family":"0","ocean_menu_typo_font_subset":"","ocean_menu_typo_font_size":0,"ocean_menu_typo_font_size_tablet":0,"ocean_menu_typo_font_size_mobile":0,"ocean_menu_typo_font_size_unit":"px","ocean_menu_typo_font_weight":"","ocean_menu_typo_font_weight_tablet":"","ocean_menu_typo_font_weight_mobile":"","ocean_menu_typo_transform":"","ocean_menu_typo_transform_tablet":"","ocean_menu_typo_transform_mobile":"","ocean_menu_typo_line_height":0,"ocean_menu_typo_line_height_tablet":0,"ocean_menu_typo_line_height_mobile":0,"ocean_menu_typo_line_height_unit":"","ocean_menu_typo_spacing":0,"ocean_menu_typo_spacing_tablet":0,"ocean_menu_typo_spacing_mobile":0,"ocean_menu_typo_spacing_unit":"","ocean_menu_link_color":"","ocean_menu_link_color_hover":"","ocean_menu_link_color_active":"","ocean_menu_link_background":"","ocean_menu_link_hover_background":"","ocean_menu_link_active_background":"","ocean_menu_social_links_bg":"","ocean_menu_social_hover_links_bg":"","ocean_menu_social_links_color":"","ocean_menu_social_hover_links_color":"","ocean_disable_title":"default","ocean_disable_heading":"default","ocean_post_title":"","ocean_post_subheading":"","ocean_post_title_style":"","ocean_post_title_background_color":"","ocean_post_title_background":0,"ocean_post_title_bg_image_position":"","ocean_post_title_bg_image_attachment":"","ocean_post_title_bg_image_repeat":"","ocean_post_title_bg_image_size":"","ocean_post_title_height":0,"ocean_post_title_bg_overlay":0.5,"ocean_post_title_bg_overlay_color":"","ocean_disable_breadcrumbs":"default","ocean_breadcrumbs_color":"","ocean_breadcrumbs_separator_color":"","ocean_breadcrumbs_links_color":"","ocean_breadcrumbs_links_hover_color":"","ocean_display_footer_widgets":"default","ocean_display_footer_bottom":"default","ocean_custom_footer_template":"0"},"product_brand":[],"product_cat":[45,46],"product_tag":[156,52],"class_list":{"0":"post-4561","1":"product","2":"type-product","3":"status-publish","4":"has-post-thumbnail","6":"product_cat-beignets","7":"product_cat-patisseries","8":"product_tag-beignet","9":"product_tag-patisseries","11":"entry","12":"has-media","14":"first","15":"instock","16":"sale","17":"taxable","18":"shipping-taxable","19":"purchasable","20":"product-type-simple","21":"has-product-nav","22":"col","23":"span_1_of_3","24":"owp-content-center","25":"owp-thumbs-layout-horizontal","26":"owp-btn-normal","27":"owp-tabs-layout-horizontal","28":"has-no-thumbnails"},"_links":{"self":[{"href":"https:\/\/los-pistoleros.com\/en\/wp-json\/wp\/v2\/product\/4561","targetHints":{"allow":["GET"]}}],"collection":[{"href":"https:\/\/los-pistoleros.com\/en\/wp-json\/wp\/v2\/product"}],"about":[{"href":"https:\/\/los-pistoleros.com\/en\/wp-json\/wp\/v2\/types\/product"}],"wp:featuredmedia":[{"embeddable":true,"href":"https:\/\/los-pistoleros.com\/en\/wp-json\/wp\/v2\/media\/21694"}],"wp:attachment":[{"href":"https:\/\/los-pistoleros.com\/en\/wp-json\/wp\/v2\/media?parent=4561"}],"wp:term":[{"taxonomy":"product_brand","embeddable":true,"href":"https:\/\/los-pistoleros.com\/en\/wp-json\/wp\/v2\/product_brand?post=4561"},{"taxonomy":"product_cat","embeddable":true,"href":"https:\/\/los-pistoleros.com\/en\/wp-json\/wp\/v2\/product_cat?post=4561"},{"taxonomy":"product_tag","embeddable":true,"href":"https:\/\/los-pistoleros.com\/en\/wp-json\/wp\/v2\/product_tag?post=4561"}],"curies":[{"name":"wp","href":"https:\/\/api.w.org\/{rel}","templated":true}]}}