{"id":4562,"date":"2022-10-31T10:27:04","date_gmt":"2022-10-31T10:27:04","guid":{"rendered":"https:\/\/los-pistoleros.com?post_type=product&#038;p=4562"},"modified":"2026-03-19T11:56:20","modified_gmt":"2026-03-19T09:56:20","slug":"beignet-nature-120g","status":"publish","type":"product","link":"https:\/\/los-pistoleros.com\/en\/product\/beignet-nature-120g","title":{"rendered":"Beignet Nature"},"content":{"rendered":"<h3 data-start=\"658\" data-end=\"719\">Beignet Nature 120g \u2013 Pause gourmande simple et moelleuse<\/h3>\n<p data-start=\"721\" data-end=\"859\">D\u00e9couvrez le Maxxi Beignet Nature, un format individuel de 120g, moelleux et g\u00e9n\u00e9reux, parfait pour une pause sucr\u00e9e ou un dessert rapide.<\/p>\n<p data-start=\"932\" data-end=\"962\">Disponible en trois recettes :<\/p>\n<ul data-start=\"963\" data-end=\"1040\">\n<li data-start=\"963\" data-end=\"980\">\n<p data-start=\"965\" data-end=\"980\">Nature \u2013 120g<\/p>\n<\/li>\n<li data-start=\"981\" data-end=\"1004\">\n<p data-start=\"983\" data-end=\"1004\">Fourr\u00e9 Pomme \u2013 160g<\/p>\n<\/li>\n<li data-start=\"1005\" data-end=\"1040\">\n<p data-start=\"1007\" data-end=\"1040\">Fourr\u00e9 Chocolat Noisette \u2013 160g<\/p>\n<\/li>\n<\/ul>\n<h3 data-start=\"866\" data-end=\"896\">Conseils de pr\u00e9paration<\/h3>\n<p data-start=\"898\" data-end=\"926\">Pour un r\u00e9sultat optimal :<\/p>\n<ul data-start=\"928\" data-end=\"1052\">\n<li data-start=\"928\" data-end=\"967\">\n<p data-start=\"930\" data-end=\"967\">8 minutes \u00e0 four chaud (200\u00b0C)<br data-start=\"960\" data-end=\"963\" \/>ou<\/p>\n<\/li>\n<li data-start=\"968\" data-end=\"1012\">\n<p data-start=\"970\" data-end=\"1012\">6 \u00e0 8 heures au r\u00e9frig\u00e9rateur (4\u00b0C)<br data-start=\"1005\" data-end=\"1008\" \/>ou<\/p>\n<\/li>\n<li data-start=\"1013\" data-end=\"1052\">\n<p data-start=\"1015\" data-end=\"1052\">2 \u00e0 4 heures \u00e0 temp\u00e9rature ambiante<\/p>\n<\/li>\n<\/ul>\n<p data-start=\"1054\" data-end=\"1101\">DDM secondaire : 48h \u00e0 4\u00b0C apr\u00e8s d\u00e9cong\u00e9lation.<\/p>\n<h3 data-start=\"108\" data-end=\"124\">Ingr\u00e9dients<\/h3>\n<p data-start=\"126\" data-end=\"468\">Farine de <strong data-start=\"136\" data-end=\"143\">BL\u00c9<\/strong>, eau, sucre, huile de palme, levure de bi\u00e8re, <strong data-start=\"190\" data-end=\"198\">\u0152UFS<\/strong> pasteuris\u00e9s, sel, <strong data-start=\"217\" data-end=\"228\">LACTOSE<\/strong>, lactos\u00e9rum en poudre, \u00e9mulsifiants : E471, E472e, huiles v\u00e9g\u00e9tales (palme, colza, tournesol), gluten de <strong data-start=\"334\" data-end=\"341\">BL\u00c9<\/strong>, dextrose, blanc d\u2019<strong data-start=\"361\" data-end=\"368\">\u0152UF<\/strong> en poudre, ar\u00f4mes, agents de traitement de la farine (E300, E920), anti agglom\u00e9rant : E170, enzymes.<\/p>\n<h3 data-start=\"475\" data-end=\"490\">Allerg\u00e8nes<\/h3>\n<p data-start=\"492\" data-end=\"620\">Contient : <strong data-start=\"503\" data-end=\"524\">BL\u00c9, \u0152UF, LACTOSE<\/strong><br data-start=\"524\" data-end=\"527\" \/>Peut contenir des traces de : <strong data-start=\"557\" data-end=\"619\">MOUTARDE, SOJA, S\u00c9SAME, NOISETTES et autres fruits \u00e0 coque<\/strong>.<\/p>\n<p data-start=\"1054\" data-end=\"1101\">Vous \u00eates un professionnel ? Contactez-nous pour conna\u00eetre nos conditions de distribution.<\/p>\n<p data-start=\"721\" data-end=\"859\">","protected":false},"excerpt":{"rendered":"<p>Beignet Nature 120g, moelleux et g\u00e9n\u00e9reux. Format individuel pr\u00eat \u00e0 cuire.<\/p>","protected":false},"featured_media":21700,"template":"","meta":{"ocean_post_layout":"","ocean_both_sidebars_style":"","ocean_both_sidebars_content_width":0,"ocean_both_sidebars_sidebars_width":0,"ocean_sidebar":"0","ocean_second_sidebar":"0","ocean_disable_margins":"enable","ocean_add_body_class":"","ocean_shortcode_before_top_bar":"","ocean_shortcode_after_top_bar":"","ocean_shortcode_before_header":"","ocean_shortcode_after_header":"","ocean_has_shortcode":"","ocean_shortcode_after_title":"","ocean_shortcode_before_footer_widgets":"","ocean_shortcode_after_footer_widgets":"","ocean_shortcode_before_footer_bottom":"","ocean_shortcode_after_footer_bottom":"","ocean_display_top_bar":"default","ocean_display_header":"default","ocean_header_style":"","ocean_center_header_left_menu":"0","ocean_custom_header_template":"0","ocean_custom_logo":0,"ocean_custom_retina_logo":0,"ocean_custom_logo_max_width":0,"ocean_custom_logo_tablet_max_width":0,"ocean_custom_logo_mobile_max_width":0,"ocean_custom_logo_max_height":0,"ocean_custom_logo_tablet_max_height":0,"ocean_custom_logo_mobile_max_height":0,"ocean_header_custom_menu":"0","ocean_menu_typo_font_family":"0","ocean_menu_typo_font_subset":"","ocean_menu_typo_font_size":0,"ocean_menu_typo_font_size_tablet":0,"ocean_menu_typo_font_size_mobile":0,"ocean_menu_typo_font_size_unit":"px","ocean_menu_typo_font_weight":"","ocean_menu_typo_font_weight_tablet":"","ocean_menu_typo_font_weight_mobile":"","ocean_menu_typo_transform":"","ocean_menu_typo_transform_tablet":"","ocean_menu_typo_transform_mobile":"","ocean_menu_typo_line_height":0,"ocean_menu_typo_line_height_tablet":0,"ocean_menu_typo_line_height_mobile":0,"ocean_menu_typo_line_height_unit":"","ocean_menu_typo_spacing":0,"ocean_menu_typo_spacing_tablet":0,"ocean_menu_typo_spacing_mobile":0,"ocean_menu_typo_spacing_unit":"","ocean_menu_link_color":"","ocean_menu_link_color_hover":"","ocean_menu_link_color_active":"","ocean_menu_link_background":"","ocean_menu_link_hover_background":"","ocean_menu_link_active_background":"","ocean_menu_social_links_bg":"","ocean_menu_social_hover_links_bg":"","ocean_menu_social_links_color":"","ocean_menu_social_hover_links_color":"","ocean_disable_title":"default","ocean_disable_heading":"default","ocean_post_title":"","ocean_post_subheading":"","ocean_post_title_style":"","ocean_post_title_background_color":"","ocean_post_title_background":0,"ocean_post_title_bg_image_position":"","ocean_post_title_bg_image_attachment":"","ocean_post_title_bg_image_repeat":"","ocean_post_title_bg_image_size":"","ocean_post_title_height":0,"ocean_post_title_bg_overlay":0.5,"ocean_post_title_bg_overlay_color":"","ocean_disable_breadcrumbs":"default","ocean_breadcrumbs_color":"","ocean_breadcrumbs_separator_color":"","ocean_breadcrumbs_links_color":"","ocean_breadcrumbs_links_hover_color":"","ocean_display_footer_widgets":"default","ocean_display_footer_bottom":"default","ocean_custom_footer_template":"0"},"product_brand":[],"product_cat":[45,46],"product_tag":[156,52],"class_list":{"0":"post-4562","1":"product","2":"type-product","3":"status-publish","4":"has-post-thumbnail","6":"product_cat-beignets","7":"product_cat-patisseries","8":"product_tag-beignet","9":"product_tag-patisseries","11":"entry","12":"has-media","14":"first","15":"instock","16":"taxable","17":"shipping-taxable","18":"purchasable","19":"product-type-simple","20":"has-product-nav","21":"col","22":"span_1_of_3","23":"owp-content-center","24":"owp-thumbs-layout-horizontal","25":"owp-btn-normal","26":"owp-tabs-layout-horizontal","27":"has-no-thumbnails"},"_links":{"self":[{"href":"https:\/\/los-pistoleros.com\/en\/wp-json\/wp\/v2\/product\/4562","targetHints":{"allow":["GET"]}}],"collection":[{"href":"https:\/\/los-pistoleros.com\/en\/wp-json\/wp\/v2\/product"}],"about":[{"href":"https:\/\/los-pistoleros.com\/en\/wp-json\/wp\/v2\/types\/product"}],"wp:featuredmedia":[{"embeddable":true,"href":"https:\/\/los-pistoleros.com\/en\/wp-json\/wp\/v2\/media\/21700"}],"wp:attachment":[{"href":"https:\/\/los-pistoleros.com\/en\/wp-json\/wp\/v2\/media?parent=4562"}],"wp:term":[{"taxonomy":"product_brand","embeddable":true,"href":"https:\/\/los-pistoleros.com\/en\/wp-json\/wp\/v2\/product_brand?post=4562"},{"taxonomy":"product_cat","embeddable":true,"href":"https:\/\/los-pistoleros.com\/en\/wp-json\/wp\/v2\/product_cat?post=4562"},{"taxonomy":"product_tag","embeddable":true,"href":"https:\/\/los-pistoleros.com\/en\/wp-json\/wp\/v2\/product_tag?post=4562"}],"curies":[{"name":"wp","href":"https:\/\/api.w.org\/{rel}","templated":true}]}}