{"id":5307,"date":"2023-05-05T07:55:12","date_gmt":"2023-05-05T07:55:12","guid":{"rendered":"https:\/\/los-pistoleros.com?post_type=product&#038;p=5307"},"modified":"2026-03-19T12:13:10","modified_gmt":"2026-03-19T10:13:10","slug":"muffin-vanille-noisette","status":"publish","type":"product","link":"https:\/\/los-pistoleros.com\/en\/product\/muffin-vanille-noisette","title":{"rendered":"Muffin Vanille Fourrage Choco-Noisette"},"content":{"rendered":"<h1>Muffin Vanille Fourr\u00e9 &amp; P\u00e9pites Chocolat<\/h1>\n<p data-start=\"576\" data-end=\"751\">Un muffin moelleux \u00e0 la vanille, g\u00e9n\u00e9reusement fourr\u00e9 choco-noisette (15,5 %) et d\u00e9cor\u00e9 de p\u00e9pites de chocolat noir (5 %).<br data-start=\"698\" data-end=\"701\" \/>Un format individuel id\u00e9al pour le snacking sucr\u00e9.<\/p>\n<h3 data-start=\"758\" data-end=\"788\">Conseils de pr\u00e9paration<\/h3>\n<p data-start=\"790\" data-end=\"817\">Pour une texture optimale :<\/p>\n<ul data-start=\"819\" data-end=\"943\">\n<li data-start=\"819\" data-end=\"858\">\n<p data-start=\"821\" data-end=\"858\">8 minutes \u00e0 four chaud (200\u00b0C)<br data-start=\"851\" data-end=\"854\" \/>ou<\/p>\n<\/li>\n<li data-start=\"859\" data-end=\"903\">\n<p data-start=\"861\" data-end=\"903\">6 \u00e0 8 heures au r\u00e9frig\u00e9rateur (4\u00b0C)<br data-start=\"896\" data-end=\"899\" \/>ou<\/p>\n<\/li>\n<li data-start=\"904\" data-end=\"943\">\n<p data-start=\"906\" data-end=\"943\">2 \u00e0 4 heures \u00e0 temp\u00e9rature ambiante<\/p>\n<\/li>\n<\/ul>\n<p data-start=\"945\" data-end=\"992\">DDM secondaire : 48h \u00e0 4\u00b0C apr\u00e8s d\u00e9cong\u00e9lation.<\/p>\n<h3 data-start=\"1124\" data-end=\"1140\">Ingr\u00e9dients<\/h3>\n<p data-start=\"1142\" data-end=\"1869\">Farine [farine de froment (<strong data-start=\"1169\" data-end=\"1179\">GLUTEN<\/strong>), agent de traitement de la farine : E300, malt de bl\u00e9 (<strong data-start=\"1236\" data-end=\"1246\">GLUTEN<\/strong>)], <strong data-start=\"1250\" data-end=\"1258\">\u0152UFS<\/strong>, sucre, fourrage <strong data-start=\"1276\" data-end=\"1289\">NOISETTES<\/strong> 15,5 % [sucre, huile v\u00e9g\u00e9tale (tournesol, beurre de cacao), <strong data-start=\"1350\" data-end=\"1363\">NOISETTES<\/strong> 13 %, cacao maigre, <strong data-start=\"1384\" data-end=\"1392\">LAIT<\/strong> entier en poudre, lactos\u00e9rum en poudre (<strong data-start=\"1433\" data-end=\"1441\">LAIT<\/strong>), \u00e9mulsifiant : l\u00e9cithine de tournesol, ar\u00f4me], huile de colza, p\u00e9pites de chocolat 5 % [sucre, masse de cacao, beurre de cacao, \u00e9mulsifiant : l\u00e9cithine de <strong data-start=\"1598\" data-end=\"1606\">SOJA<\/strong>, ar\u00f4me naturel de vanille], stabilisants (E422, E415), amidon modifi\u00e9 (ma\u00efs), lactos\u00e9rum en poudre (<strong data-start=\"1707\" data-end=\"1715\">LAIT<\/strong>), poudres \u00e0 lever (E450, E500), amidon de bl\u00e9 (<strong data-start=\"1763\" data-end=\"1773\">GLUTEN<\/strong>), ar\u00f4mes, sel, prot\u00e9ines de bl\u00e9 (<strong data-start=\"1807\" data-end=\"1817\">GLUTEN<\/strong>), poudre de <strong data-start=\"1830\" data-end=\"1838\">LAIT<\/strong> \u00e9cr\u00e9m\u00e9, prot\u00e9ines de <strong data-start=\"1860\" data-end=\"1868\">LAIT<\/strong>.<\/p>\n<h3 data-start=\"1876\" data-end=\"1892\">Allerg\u00e8nes<\/h3>\n<p data-start=\"1894\" data-end=\"2012\">Contient : <strong data-start=\"1905\" data-end=\"1943\">GLUTEN, \u0152UF, LAIT, NOISETTES, SOJA<\/strong><br data-start=\"1943\" data-end=\"1946\" \/>Peut contenir des traces de : <strong data-start=\"1976\" data-end=\"2011\">S\u00c9SAME et autres fruits \u00e0 coque<\/strong>.<\/p>\n<h3 data-start=\"2019\" data-end=\"2066\">Valeurs nutritionnelles moyennes pour 100g<\/h3>\n<p data-start=\"2070\" data-end=\"2100\">\u00c9nergie : 1909 kJ \/ 456 kcal<\/p>\n<p data-start=\"2103\" data-end=\"2128\">Mati\u00e8res grasses : 23 g (dont acides gras satur\u00e9s : 3,3 g)<\/p>\n<p data-start=\"2170\" data-end=\"2187\">Glucides : 56 g (dont sucres : 31 g)<\/p>\n<p data-start=\"2215\" data-end=\"2234\">Prot\u00e9ines : 5,3 g<\/p>\n<p data-start=\"2237\" data-end=\"2250\">Sel : 1,1 g<\/p>\n<p data-start=\"2237\" data-end=\"2250\">Vous \u00eates un professionnel ? Contactez-nous pour recevoir nos conditions revendeurs.<\/p>\n","protected":false},"excerpt":{"rendered":"<p>Muffin vanille 95g fourr\u00e9 choco-noisette (15,5 %) avec p\u00e9pites de chocolat noir. Moelleux et gourmand. Pr\u00eat apr\u00e8s four ou d\u00e9cong\u00e9lation.<\/p>","protected":false},"featured_media":21707,"template":"","meta":{"content-type":"","ocean_post_layout":"","ocean_both_sidebars_style":"","ocean_both_sidebars_content_width":0,"ocean_both_sidebars_sidebars_width":0,"ocean_sidebar":"0","ocean_second_sidebar":"0","ocean_disable_margins":"enable","ocean_add_body_class":"","ocean_shortcode_before_top_bar":"","ocean_shortcode_after_top_bar":"","ocean_shortcode_before_header":"","ocean_shortcode_after_header":"","ocean_has_shortcode":"","ocean_shortcode_after_title":"","ocean_shortcode_before_footer_widgets":"","ocean_shortcode_after_footer_widgets":"","ocean_shortcode_before_footer_bottom":"","ocean_shortcode_after_footer_bottom":"","ocean_display_top_bar":"default","ocean_display_header":"default","ocean_header_style":"","ocean_center_header_left_menu":"0","ocean_custom_header_template":"0","ocean_custom_logo":0,"ocean_custom_retina_logo":0,"ocean_custom_logo_max_width":0,"ocean_custom_logo_tablet_max_width":0,"ocean_custom_logo_mobile_max_width":0,"ocean_custom_logo_max_height":0,"ocean_custom_logo_tablet_max_height":0,"ocean_custom_logo_mobile_max_height":0,"ocean_header_custom_menu":"0","ocean_menu_typo_font_family":"0","ocean_menu_typo_font_subset":"","ocean_menu_typo_font_size":0,"ocean_menu_typo_font_size_tablet":0,"ocean_menu_typo_font_size_mobile":0,"ocean_menu_typo_font_size_unit":"px","ocean_menu_typo_font_weight":"","ocean_menu_typo_font_weight_tablet":"","ocean_menu_typo_font_weight_mobile":"","ocean_menu_typo_transform":"","ocean_menu_typo_transform_tablet":"","ocean_menu_typo_transform_mobile":"","ocean_menu_typo_line_height":0,"ocean_menu_typo_line_height_tablet":0,"ocean_menu_typo_line_height_mobile":0,"ocean_menu_typo_line_height_unit":"","ocean_menu_typo_spacing":0,"ocean_menu_typo_spacing_tablet":0,"ocean_menu_typo_spacing_mobile":0,"ocean_menu_typo_spacing_unit":"","ocean_menu_link_color":"","ocean_menu_link_color_hover":"","ocean_menu_link_color_active":"","ocean_menu_link_background":"","ocean_menu_link_hover_background":"","ocean_menu_link_active_background":"","ocean_menu_social_links_bg":"","ocean_menu_social_hover_links_bg":"","ocean_menu_social_links_color":"","ocean_menu_social_hover_links_color":"","ocean_disable_title":"default","ocean_disable_heading":"default","ocean_post_title":"","ocean_post_subheading":"","ocean_post_title_style":"","ocean_post_title_background_color":"","ocean_post_title_background":0,"ocean_post_title_bg_image_position":"","ocean_post_title_bg_image_attachment":"","ocean_post_title_bg_image_repeat":"","ocean_post_title_bg_image_size":"","ocean_post_title_height":0,"ocean_post_title_bg_overlay":0.5,"ocean_post_title_bg_overlay_color":"","ocean_disable_breadcrumbs":"default","ocean_breadcrumbs_color":"","ocean_breadcrumbs_separator_color":"","ocean_breadcrumbs_links_color":"","ocean_breadcrumbs_links_hover_color":"","ocean_display_footer_widgets":"default","ocean_display_footer_bottom":"default","ocean_custom_footer_template":"0"},"product_brand":[],"product_cat":[149,143,46],"product_tag":[158,52],"class_list":{"0":"post-5307","1":"product","2":"type-product","3":"status-publish","4":"has-post-thumbnail","6":"product_cat-chocolat","7":"product_cat-muffins","8":"product_cat-patisseries","9":"product_tag-muffin","10":"product_tag-patisseries","12":"entry","13":"has-media","15":"first","16":"instock","17":"taxable","18":"shipping-taxable","19":"purchasable","20":"product-type-simple","21":"has-product-nav","22":"col","23":"span_1_of_3","24":"owp-content-center","25":"owp-thumbs-layout-horizontal","26":"owp-btn-normal","27":"owp-tabs-layout-horizontal","28":"has-no-thumbnails"},"_links":{"self":[{"href":"https:\/\/los-pistoleros.com\/en\/wp-json\/wp\/v2\/product\/5307","targetHints":{"allow":["GET"]}}],"collection":[{"href":"https:\/\/los-pistoleros.com\/en\/wp-json\/wp\/v2\/product"}],"about":[{"href":"https:\/\/los-pistoleros.com\/en\/wp-json\/wp\/v2\/types\/product"}],"wp:featuredmedia":[{"embeddable":true,"href":"https:\/\/los-pistoleros.com\/en\/wp-json\/wp\/v2\/media\/21707"}],"wp:attachment":[{"href":"https:\/\/los-pistoleros.com\/en\/wp-json\/wp\/v2\/media?parent=5307"}],"wp:term":[{"taxonomy":"product_brand","embeddable":true,"href":"https:\/\/los-pistoleros.com\/en\/wp-json\/wp\/v2\/product_brand?post=5307"},{"taxonomy":"product_cat","embeddable":true,"href":"https:\/\/los-pistoleros.com\/en\/wp-json\/wp\/v2\/product_cat?post=5307"},{"taxonomy":"product_tag","embeddable":true,"href":"https:\/\/los-pistoleros.com\/en\/wp-json\/wp\/v2\/product_tag?post=5307"}],"curies":[{"name":"wp","href":"https:\/\/api.w.org\/{rel}","templated":true}]}}