{"id":5311,"date":"2023-05-05T08:10:07","date_gmt":"2023-05-05T08:10:07","guid":{"rendered":"https:\/\/los-pistoleros.com?post_type=product&#038;p=5311"},"modified":"2026-03-19T12:18:32","modified_gmt":"2026-03-19T10:18:32","slug":"brownie-chocolat-pepites-noisettes-83g","status":"publish","type":"product","link":"https:\/\/los-pistoleros.com\/en\/product\/brownie-chocolat-pepites-noisettes-83g","title":{"rendered":"Brownie Chocolat P\u00e9pites &#038; \u00c9clats de Noisettes"},"content":{"rendered":"<h1>Brownie Chocolat P\u00e9pites &amp; Noisettes<\/h1>\n<p data-start=\"602\" data-end=\"761\">D\u00e9couvrez le brownie individuel 83g aux p\u00e9pites de chocolat et d\u00e9cor \u00e9clats de noisettes.<br data-start=\"691\" data-end=\"694\" \/>Moelleux et g\u00e9n\u00e9reux, il est id\u00e9al pour une pause gourmande rapide.<\/p>\n<p data-start=\"763\" data-end=\"862\">Sans huile de palme et sans conservateurs, il se d\u00e9guste facilement apr\u00e8s une courte d\u00e9cong\u00e9lation.<\/p>\n<h3 data-start=\"869\" data-end=\"899\">Conseils de pr\u00e9paration<\/h3>\n<p data-start=\"901\" data-end=\"918\">D\u00e9cong\u00e9lation : 45 minutes \u00e0 temp\u00e9rature ambiante<\/p>\n<p data-start=\"901\" data-end=\"918\">Produit pr\u00eat \u00e0 consommer apr\u00e8s d\u00e9cong\u00e9lation.<\/p>\n<h3 data-start=\"1128\" data-end=\"1144\">Ingr\u00e9dients<\/h3>\n<p data-start=\"1146\" data-end=\"1477\">Sucre, chocolat 21 % [dont 7 % de p\u00e9pites de chocolat (sucre, masse de cacao, beurre de cacao, \u00e9mulsifiant : l\u00e9cithines de <strong data-start=\"1269\" data-end=\"1277\">SOJA<\/strong>, ar\u00f4me naturel de vanille)], <strong data-start=\"1307\" data-end=\"1315\">\u0152UFS<\/strong>, huile de colza, farine de <strong data-start=\"1343\" data-end=\"1350\">BL\u00c9<\/strong> (<strong data-start=\"1352\" data-end=\"1362\">GLUTEN<\/strong>), cacao maigre en poudre, stabilisant (E422), beurre concentr\u00e9 (<strong data-start=\"1427\" data-end=\"1435\">LAIT<\/strong>), \u00e9mulsifiant : E471, sel, ar\u00f4me naturel.<\/p>\n<h3 data-start=\"1484\" data-end=\"1500\">Allerg\u00e8nes<\/h3>\n<p data-start=\"1502\" data-end=\"1608\">Contient : <strong data-start=\"1513\" data-end=\"1546\">\u0152UF, BL\u00c9 (GLUTEN), LAIT, SOJA<\/strong><br data-start=\"1546\" data-end=\"1549\" \/>Peut contenir des traces de : <strong data-start=\"1579\" data-end=\"1607\">S\u00c9SAME et fruits \u00e0 coque<\/strong>.<\/p>\n<h3 data-start=\"1615\" data-end=\"1662\">Valeurs nutritionnelles moyennes pour 100g<\/h3>\n<p data-start=\"1666\" data-end=\"1696\">\u00c9nergie : 1921 kJ \/ 460 kcal<\/p>\n<p data-start=\"1666\" data-end=\"1696\">Mati\u00e8res grasses : 26 g (dont acides gras satur\u00e9s : 7,3 g)<\/p>\n<p data-start=\"1766\" data-end=\"1783\">Glucides : 50 g (dont sucres : 37 g)<\/p>\n<p data-start=\"1811\" data-end=\"1830\">Prot\u00e9ines : 5,0 g<\/p>\n<p data-start=\"1833\" data-end=\"1846\">Sel : 0,5 g<\/p>\n","protected":false},"excerpt":{"rendered":"<p>Brownie 83g aux p\u00e9pites de chocolat et \u00e9clats de noisettes. Sans huile de palme, sans conservateurs. Emballage individuel. D\u00e9cong\u00e9lation 45 min.<\/p>","protected":false},"featured_media":21708,"template":"","meta":{"ocean_post_layout":"","ocean_both_sidebars_style":"","ocean_both_sidebars_content_width":0,"ocean_both_sidebars_sidebars_width":0,"ocean_sidebar":"0","ocean_second_sidebar":"0","ocean_disable_margins":"enable","ocean_add_body_class":"","ocean_shortcode_before_top_bar":"","ocean_shortcode_after_top_bar":"","ocean_shortcode_before_header":"","ocean_shortcode_after_header":"","ocean_has_shortcode":"","ocean_shortcode_after_title":"","ocean_shortcode_before_footer_widgets":"","ocean_shortcode_after_footer_widgets":"","ocean_shortcode_before_footer_bottom":"","ocean_shortcode_after_footer_bottom":"","ocean_display_top_bar":"default","ocean_display_header":"default","ocean_header_style":"","ocean_center_header_left_menu":"0","ocean_custom_header_template":"0","ocean_custom_logo":0,"ocean_custom_retina_logo":0,"ocean_custom_logo_max_width":0,"ocean_custom_logo_tablet_max_width":0,"ocean_custom_logo_mobile_max_width":0,"ocean_custom_logo_max_height":0,"ocean_custom_logo_tablet_max_height":0,"ocean_custom_logo_mobile_max_height":0,"ocean_header_custom_menu":"0","ocean_menu_typo_font_family":"0","ocean_menu_typo_font_subset":"","ocean_menu_typo_font_size":0,"ocean_menu_typo_font_size_tablet":0,"ocean_menu_typo_font_size_mobile":0,"ocean_menu_typo_font_size_unit":"px","ocean_menu_typo_font_weight":"","ocean_menu_typo_font_weight_tablet":"","ocean_menu_typo_font_weight_mobile":"","ocean_menu_typo_transform":"","ocean_menu_typo_transform_tablet":"","ocean_menu_typo_transform_mobile":"","ocean_menu_typo_line_height":0,"ocean_menu_typo_line_height_tablet":0,"ocean_menu_typo_line_height_mobile":0,"ocean_menu_typo_line_height_unit":"","ocean_menu_typo_spacing":0,"ocean_menu_typo_spacing_tablet":0,"ocean_menu_typo_spacing_mobile":0,"ocean_menu_typo_spacing_unit":"","ocean_menu_link_color":"","ocean_menu_link_color_hover":"","ocean_menu_link_color_active":"","ocean_menu_link_background":"","ocean_menu_link_hover_background":"","ocean_menu_link_active_background":"","ocean_menu_social_links_bg":"","ocean_menu_social_hover_links_bg":"","ocean_menu_social_links_color":"","ocean_menu_social_hover_links_color":"","ocean_disable_title":"default","ocean_disable_heading":"default","ocean_post_title":"","ocean_post_subheading":"","ocean_post_title_style":"","ocean_post_title_background_color":"","ocean_post_title_background":0,"ocean_post_title_bg_image_position":"","ocean_post_title_bg_image_attachment":"","ocean_post_title_bg_image_repeat":"","ocean_post_title_bg_image_size":"","ocean_post_title_height":0,"ocean_post_title_bg_overlay":0.5,"ocean_post_title_bg_overlay_color":"","ocean_disable_breadcrumbs":"default","ocean_breadcrumbs_color":"","ocean_breadcrumbs_separator_color":"","ocean_breadcrumbs_links_color":"","ocean_breadcrumbs_links_hover_color":"","ocean_display_footer_widgets":"default","ocean_display_footer_bottom":"default","ocean_custom_footer_template":"0"},"product_brand":[],"product_cat":[144,149,46],"product_tag":[157,52],"class_list":{"0":"post-5311","1":"product","2":"type-product","3":"status-publish","4":"has-post-thumbnail","6":"product_cat-brownies","7":"product_cat-chocolat","8":"product_cat-patisseries","9":"product_tag-brownie","10":"product_tag-patisseries","12":"entry","13":"has-media","15":"first","16":"instock","17":"taxable","18":"shipping-taxable","19":"purchasable","20":"product-type-simple","21":"has-product-nav","22":"col","23":"span_1_of_3","24":"owp-content-center","25":"owp-thumbs-layout-horizontal","26":"owp-btn-normal","27":"owp-tabs-layout-horizontal","28":"has-no-thumbnails"},"_links":{"self":[{"href":"https:\/\/los-pistoleros.com\/en\/wp-json\/wp\/v2\/product\/5311","targetHints":{"allow":["GET"]}}],"collection":[{"href":"https:\/\/los-pistoleros.com\/en\/wp-json\/wp\/v2\/product"}],"about":[{"href":"https:\/\/los-pistoleros.com\/en\/wp-json\/wp\/v2\/types\/product"}],"wp:featuredmedia":[{"embeddable":true,"href":"https:\/\/los-pistoleros.com\/en\/wp-json\/wp\/v2\/media\/21708"}],"wp:attachment":[{"href":"https:\/\/los-pistoleros.com\/en\/wp-json\/wp\/v2\/media?parent=5311"}],"wp:term":[{"taxonomy":"product_brand","embeddable":true,"href":"https:\/\/los-pistoleros.com\/en\/wp-json\/wp\/v2\/product_brand?post=5311"},{"taxonomy":"product_cat","embeddable":true,"href":"https:\/\/los-pistoleros.com\/en\/wp-json\/wp\/v2\/product_cat?post=5311"},{"taxonomy":"product_tag","embeddable":true,"href":"https:\/\/los-pistoleros.com\/en\/wp-json\/wp\/v2\/product_tag?post=5311"}],"curies":[{"name":"wp","href":"https:\/\/api.w.org\/{rel}","templated":true}]}}